{"id":15559,"date":"2025-01-19T14:41:01","date_gmt":"2025-01-19T14:41:01","guid":{"rendered":"https:\/\/www.hydraulic-cylinders.net\/product\/bucket-cylinder-for-lovol-middle-excavator-fr220\/"},"modified":"2025-01-19T14:41:03","modified_gmt":"2025-01-19T14:41:03","slug":"bucket-cylinder-for-lovol-middle-excavator-fr220","status":"publish","type":"product","link":"https:\/\/www.hydraulic-cylinders.net\/es\/producto\/bucket-cylinder-for-lovol-middle-excavator-fr220\/","title":{"rendered":"Cilindro de cuchar\u00f3n para excavadora intermedia Lovol FR220"},"content":{"rendered":"<h1>Cilindro de cuchar\u00f3n para excavadora intermedia Lovol FR220<\/h1>\n<h2>Introducci\u00f3n<\/h2>\n<p>El cilindro de la cuchara para la excavadora intermedia Lovol FR220 es un cilindro hidr\u00e1ulico de dise\u00f1o espec\u00edfico que se utiliza para controlar el movimiento de la cuchara en maquinaria pesada como excavadoras, retroexcavadoras y cargadoras frontales. Su funci\u00f3n principal es permitir que la cuchara se eleve, baje e incline, facilitando la manipulaci\u00f3n de materiales. En el sistema hidr\u00e1ulico, el cilindro controla el movimiento preciso de la cuchara modificando la presi\u00f3n del aceite hidr\u00e1ulico, lo que permite a los operadores manipular objetos pesados \u200b\u200bcon eficiencia y adaptarse a entornos de trabajo complejos y diversos requisitos operativos.<\/p>\n<p><img loading=\"lazy\" decoding=\"async\" src=\"https:\/\/www.hydraulic-cylinders.net\/wp-content\/uploads\/2025\/01\/songte-company-2.webp\" alt=\"Cilindro de cuchar\u00f3n para excavadora intermedia Lovol FR220\" width=\"600\" height=\"400\"><\/p>\n<h2>Caracter\u00edsticas<\/h2>\n<ul>\n<li>\n<h3>Alta resistencia y durabilidad<\/h3>\n<p>El cilindro del cuchar\u00f3n generalmente est\u00e1 hecho de acero o aluminio de alta resistencia, que puede soportar alta presi\u00f3n y cargas pesadas y est\u00e1 dise\u00f1ado para soportar el desgaste y la corrosi\u00f3n, extendiendo as\u00ed su vida \u00fatil.<\/p>\n<\/li>\n<li>\n<h3>Operaci\u00f3n hidr\u00e1ulica eficiente<\/h3>\n<p>El cilindro del cuchar\u00f3n utiliza la presi\u00f3n del aceite hidr\u00e1ulico para lograr una extensi\u00f3n y contracci\u00f3n suaves, responder r\u00e1pidamente a los comandos de control, proporcionar una fuerte fuerza de empuje y tracci\u00f3n y es adecuado para manipular objetos pesados \u200b\u200b\u200b\u200by tareas operativas complejas.<\/p>\n<\/li>\n<li>\n<h3>Varios tipos<\/h3>\n<p>El cilindro del cuchar\u00f3n puede ser de simple efecto (hidr\u00e1ulico en una sola direcci\u00f3n) o de doble efecto (hidr\u00e1ulico en ambas direcciones), seg\u00fan las necesidades operativas. Algunos modelos son telesc\u00f3picos, lo que permite una mayor extensi\u00f3n sin aumentar las dimensiones externas, lo que los hace ideales para aplicaciones con espacio limitado.<\/p>\n<\/li>\n<li>\n<h3>Reemplazo directo<\/h3>\n<p>Nuestro producto puede sustituir perfectamente a estos cilindros hidr\u00e1ulicos.<\/p>\n<p>        <img loading=\"lazy\" decoding=\"async\" src=\"https:\/\/www.hydraulic-cylinders.net\/wp-content\/uploads\/2025\/01\/songte-cylinder-head-with-all-kinds-excavator-models.webp\" alt=\"Reemplazo del cilindro del cuchar\u00f3n\" width=\"600\" height=\"400\">\n    <\/li>\n<li>\n<h3>Ampliamente utilizado en diversas aplicaciones<\/h3>\n<p>El cilindro del cuchar\u00f3n se utiliza ampliamente en diversas aplicaciones, como equipos de construcci\u00f3n, maquinaria agr\u00edcola, excavadoras y cargadores frontales.<\/p>\n<\/li>\n<\/ul>\n<h2>Consideraciones de dise\u00f1o y criterios de selecci\u00f3n<\/h2>\n<ul>\n<li>\n<h3>Capacidad de carga<\/h3>\n<p>El cilindro del cuchar\u00f3n debe estar dise\u00f1ado para soportar cargas de alta presi\u00f3n y cargas pesadas y ser capaz de soportar el desgaste y la corrosi\u00f3n para prolongar su vida \u00fatil.<\/p>\n<\/li>\n<li>\n<h3>Sellado y durabilidad<\/h3>\n<p>El cilindro del cuchar\u00f3n debe estar dise\u00f1ado con sellos de alta calidad, como sellos de pist\u00f3n y de v\u00e1stago, fabricados con materiales resistentes al desgaste como poliuretano y caucho de nitrilo. El cuerpo del cilindro y la superficie del extremo de la rosca deben recibir un tratamiento fino para mejorar la resistencia al desgaste. Es necesario lubricarlo regularmente.<\/p>\n<p>        <img loading=\"lazy\" decoding=\"async\" src=\"https:\/\/www.hydraulic-cylinders.net\/wp-content\/uploads\/2025\/01\/songte-oil-pipes-and-spare-parts.webp\" alt=\"Repuestos para cilindros de cuchara\" width=\"600\" height=\"400\">\n    <\/li>\n<li>\n<h3>Seguridad y mantenimiento<\/h3>\n<p>El cilindro del cuchar\u00f3n debe revisarse y mantenerse regularmente para evitar posibles problemas. Una instalaci\u00f3n, lubricaci\u00f3n y ajuste adecuados son esenciales para garantizar la longevidad del producto. Se deben proporcionar instrucciones de alineaci\u00f3n durante la instalaci\u00f3n y utilizar soportes de instalaci\u00f3n adecuados para asegurar el cilindro.<\/p>\n<p>        <img loading=\"lazy\" decoding=\"async\" src=\"https:\/\/www.hydraulic-cylinders.net\/wp-content\/uploads\/2025\/01\/songte-chushion-collar.webp\" alt=\"Instalaci\u00f3n del cilindro del cuchar\u00f3n\" width=\"600\" height=\"400\">\n    <\/li>\n<\/ul>\n<h2>Aplicaci\u00f3n<\/h2>\n<p>El cilindro de cubo se puede utilizar en diversas aplicaciones, incluidas, entre otras:<\/p>\n<ul>\n<li>Equipo de construcci\u00f3n: esencial para excavar, cargar y mover tierra o escombros en excavadoras y retroexcavadoras.<\/li>\n<li>Maquinaria agr\u00edcola: se utiliza en cargadoras frontales para recoger, levantar y transportar tierra, heno y otros materiales.<\/li>\n<li>Excavadoras: el cilindro del cuchar\u00f3n permite que \u00e9ste penetre en el suelo para realizar la acci\u00f3n de excavaci\u00f3n.<\/li>\n<li>Cargadores frontales: ayudan a levantar y descargar mercanc\u00edas de manera eficaz.<\/li>\n<\/ul>\n<h2>Consideraciones de seguridad y factores ambientales<\/h2>\n<p>Al utilizar el cilindro del cuchar\u00f3n, se deben tomar medidas de seguridad para evitar posibles peligros. El cilindro debe utilizarse seg\u00fan las instrucciones proporcionadas. La eliminaci\u00f3n adecuada del aceite hidr\u00e1ulico usado es fundamental para la protecci\u00f3n del medio ambiente.<\/p>\n<h2>Diagn\u00f3stico y soluci\u00f3n de problemas<\/h2>\n<p>Algunos problemas comunes que pueden surgir al usar el cilindro del cuchar\u00f3n incluyen fugas de aceite, fuerza de empuje insuficiente y lentitud de movimiento. Las revisiones y el mantenimiento regulares pueden ayudar a prevenir estos problemas. Si ocurren problemas, se pueden diagnosticar y solucionar reemplazando los sellos desgastados, limpiando el cilindro y ajustando las posiciones de instalaci\u00f3n y los soportes.<\/p>\n<p><img loading=\"lazy\" decoding=\"async\" src=\"https:\/\/www.hydraulic-cylinders.net\/wp-content\/uploads\/2025\/01\/songte-bushings-with-all-kinds-of-excavator-models.webp\" alt=\"Soluci\u00f3n de problemas del cilindro del cuchar\u00f3n\" width=\"600\" height=\"400\"><\/p>\n<h2>Acerca de nuestra empresa<\/h2>\n<p>Somos fabricantes de repuestos para cilindros hidr\u00e1ulicos. Ofrecemos una gama completa de productos y nos hemos convertido en uno de los principales fabricantes y distribuidores mayoristas de cilindros hidr\u00e1ulicos en el mercado nacional e internacional. Nos adherimos al principio de excelencia en calidad, nos basamos en la estrategia de gesti\u00f3n de producci\u00f3n industrializada de nuestro taller de fabricaci\u00f3n de alta calidad, mejoramos continuamente la plataforma de fabricaci\u00f3n y la calidad de nuestros productos, y contamos con una s\u00f3lida capacidad creativa. Satisfacemos las diversas necesidades de nuestros clientes con alta eficiencia, precisi\u00f3n y calidad.<\/p>\n<p><img loading=\"lazy\" decoding=\"async\" src=\"https:\/\/hzpt.com\/wp-content\/uploads\/2024\/11\/songte-company-1.webp\" alt=\"Nuestra empresa\" width=\"600\" height=\"400\"><\/p>\n<h3>Nuestra Empresa Ofrece:<\/h3>\n<ul>\n<li>Profesionalismo<\/li>\n<li>Certificaci\u00f3n Internacional<\/li>\n<li>Servicios de personalizaci\u00f3n<\/li>\n<li>Equipos de producci\u00f3n avanzados<\/li>\n<li>Servicio postventa<\/li>\n<\/ul>\n<p>Al organizar el art\u00edculo de manera l\u00f3gica y utilizar subt\u00edtulos, im\u00e1genes o gr\u00e1ficos relevantes y un lenguaje claro y conciso que sea adecuado para lectores con diferentes niveles de conocimiento t\u00e9cnico, esperamos brindarles a los lectores una comprensi\u00f3n integral del cilindro del cuchar\u00f3n para excavadora intermedia Lovol FR220 y los productos y servicios de nuestra empresa.<\/p>\n<p>Autor: lyl.<\/p>","protected":false},"excerpt":{"rendered":"<p>Bucket Cylinder For Lovol Middle Excavator FR220 Introduction A bucket cylinder for Lovol middle excavator FR220 is a specifically designed hydraulic cylinder used to control the movement of the bucket in heavy-duty machinery such as excavators, backhoe loaders, and front-end loaders. Its main function is to enable the bucket to lift, lower, and tilt, making [&hellip;]<\/p>","protected":false},"featured_media":14778,"comment_status":"open","ping_status":"closed","template":"","meta":{"_et_pb_use_builder":"","_et_pb_old_content":"","_et_gb_content_width":""},"product_brand":[],"product_cat":[1494],"product_tag":[1495,1496],"class_list":{"0":"post-15559","1":"product","2":"type-product","3":"status-publish","4":"has-post-thumbnail","6":"product_cat-bucket-cylinders","7":"product_tag-bucket-cylinders","8":"product_tag-hydraulic-cylinders","10":"first","11":"instock","12":"shipping-taxable","13":"product-type-simple"},"amp_enabled":true,"_links":{"self":[{"href":"https:\/\/www.hydraulic-cylinders.net\/es\/wp-json\/wp\/v2\/product\/15559","targetHints":{"allow":["GET"]}}],"collection":[{"href":"https:\/\/www.hydraulic-cylinders.net\/es\/wp-json\/wp\/v2\/product"}],"about":[{"href":"https:\/\/www.hydraulic-cylinders.net\/es\/wp-json\/wp\/v2\/types\/product"}],"replies":[{"embeddable":true,"href":"https:\/\/www.hydraulic-cylinders.net\/es\/wp-json\/wp\/v2\/comments?post=15559"}],"wp:featuredmedia":[{"embeddable":true,"href":"https:\/\/www.hydraulic-cylinders.net\/es\/wp-json\/wp\/v2\/media\/14778"}],"wp:attachment":[{"href":"https:\/\/www.hydraulic-cylinders.net\/es\/wp-json\/wp\/v2\/media?parent=15559"}],"wp:term":[{"taxonomy":"product_brand","embeddable":true,"href":"https:\/\/www.hydraulic-cylinders.net\/es\/wp-json\/wp\/v2\/product_brand?post=15559"},{"taxonomy":"product_cat","embeddable":true,"href":"https:\/\/www.hydraulic-cylinders.net\/es\/wp-json\/wp\/v2\/product_cat?post=15559"},{"taxonomy":"product_tag","embeddable":true,"href":"https:\/\/www.hydraulic-cylinders.net\/es\/wp-json\/wp\/v2\/product_tag?post=15559"}],"curies":[{"name":"wp","href":"https:\/\/api.w.org\/{rel}","templated":true}]}}