{"id":15561,"date":"2025-01-19T14:41:09","date_gmt":"2025-01-19T14:41:09","guid":{"rendered":"https:\/\/www.hydraulic-cylinders.net\/product\/bucket-cylinder-for-lovol-middle-excavator-fr260\/"},"modified":"2025-01-19T14:41:11","modified_gmt":"2025-01-19T14:41:11","slug":"bucket-cylinder-for-lovol-middle-excavator-fr260","status":"publish","type":"product","link":"https:\/\/www.hydraulic-cylinders.net\/es\/producto\/bucket-cylinder-for-lovol-middle-excavator-fr260\/","title":{"rendered":"Cilindro de cuchar\u00f3n para excavadora intermedia Lovol FR260"},"content":{"rendered":"<h1>Cilindro de cuchar\u00f3n para excavadora intermedia Lovol FR260<\/h1>\n<h2>Introducci\u00f3n<\/h2>\n<p>El cilindro del cuchar\u00f3n para la excavadora intermedia Lovol FR260 es un cilindro hidr\u00e1ulico especializado, dise\u00f1ado para controlar el movimiento del cuchar\u00f3n en maquinaria pesada como excavadoras, retroexcavadoras y cargadoras frontales. Su funci\u00f3n principal es permitir que el cuchar\u00f3n se eleve, baje e incline, facilitando diversas tareas de manipulaci\u00f3n de materiales. En el sistema hidr\u00e1ulico, el cilindro del cuchar\u00f3n controla con precisi\u00f3n el movimiento del cuchar\u00f3n mediante cambios en la presi\u00f3n del aceite hidr\u00e1ulico, lo que permite a los operadores manipular cargas pesadas con eficiencia y adaptarse a entornos de trabajo complejos y diversos requisitos operativos.<\/p>\n<p><img loading=\"lazy\" decoding=\"async\" src=\"https:\/\/www.hydraulic-cylinders.net\/wp-content\/uploads\/2025\/01\/songte-company-2.webp\" alt=\"Cilindro de cuchar\u00f3n para excavadora intermedia Lovol FR260\" height=\"300\" width=\"400\"><\/p>\n<h2>Caracter\u00edsticas<\/h2>\n<ul>\n<li>Alta resistencia y durabilidad: Fabricado generalmente en acero o aluminio de alta resistencia, soporta alta presi\u00f3n y cargas pesadas, adapt\u00e1ndose a entornos de trabajo hostiles. Su dise\u00f1o considera la resistencia al desgaste y a la corrosi\u00f3n, lo que prolonga su vida \u00fatil.<\/li>\n<li>Operaci\u00f3n hidr\u00e1ulica eficiente: Se logran movimientos suaves de extensi\u00f3n y contracci\u00f3n utilizando presi\u00f3n de aceite hidr\u00e1ulico, lo que proporciona fuertes fuerzas de empuje y tracci\u00f3n y una respuesta r\u00e1pida a los comandos de control, lo que lo hace adecuado para manipular cargas pesadas y tareas de trabajo complejas.<\/li>\n<li>Diversos tipos: Se pueden seleccionar cilindros de simple efecto (hidr\u00e1ulicos en una sola direcci\u00f3n) o de doble efecto (hidr\u00e1ulicos en ambas direcciones) seg\u00fan las necesidades operativas. Algunos modelos son telesc\u00f3picos, lo que permite una mayor extensi\u00f3n sin aumentar las dimensiones externas, lo que los hace ideales para aplicaciones con espacio limitado.<\/li>\n<li>Puede reemplazar otros cilindros hidr\u00e1ulicos: Nuestros productos pueden reemplazar perfectamente otros cilindros hidr\u00e1ulicos.<\/li>\n<\/ul>\n<p><img loading=\"lazy\" decoding=\"async\" src=\"https:\/\/www.hydraulic-cylinders.net\/wp-content\/uploads\/2025\/01\/songte-cylinder-head-with-all-kinds-excavator-models.webp\" alt=\"Cilindro de cuchar\u00f3n para excavadora intermedia Lovol FR260\" height=\"300\" width=\"400\"><\/p>\n<h2>Aplicaciones<\/h2>\n<p>El cilindro del cuchar\u00f3n para la excavadora intermedia Lovol FR260 se usa ampliamente en diversas maquinarias pesadas, entre ellas:<\/p>\n<ul>\n<li>Equipos de construcci\u00f3n: En las excavadoras, son esenciales para excavar, cargar y mover tierra o escombros. En las retroexcavadoras, el cilindro del cuchar\u00f3n facilita tanto la excavaci\u00f3n como la elevaci\u00f3n. <\/li>\n<li>Maquinaria agr\u00edcola: Se utiliza en cargadoras frontales para recoger, levantar y transportar tierra, heno y otros materiales. <\/li>\n<li>Excavadoras: El cilindro del cuchar\u00f3n permite la acci\u00f3n de excavaci\u00f3n al permitir que el cuchar\u00f3n penetre en el suelo. <\/li>\n<li>Cargadores: En los cargadores frontales, ayudan a levantar e inclinar las cargas de manera eficaz.<\/li>\n<\/ul>\n<h2>Consideraciones de dise\u00f1o y criterios de selecci\u00f3n<\/h2>\n<p>Al dise\u00f1ar el cilindro del cuchar\u00f3n para la excavadora intermedia Lovol FR260, se consideraron varios factores, incluidos:<\/p>\n<ul>\n<li>capacidad de carga<\/li>\n<li>Rendimiento de sellado<\/li>\n<li>Durabilidad<\/li>\n<li>Seguridad<\/li>\n<li>Mantenibilidad<\/li>\n<\/ul>\n<p><img loading=\"lazy\" decoding=\"async\" src=\"https:\/\/www.hydraulic-cylinders.net\/wp-content\/uploads\/2025\/01\/songte-oil-pipes-and-spare-parts.webp\" alt=\"Cilindro de cuchar\u00f3n para excavadora intermedia Lovol FR260\" height=\"300\" width=\"400\"><\/p>\n<h2>Sellado y lubricaci\u00f3n<\/h2>\n<p>Diversos componentes de sellado, como sellos de pist\u00f3n, sellos de v\u00e1stago, etc., se seleccionan cuidadosamente y est\u00e1n fabricados con materiales resistentes al desgaste como poliuretano y caucho de nitrilo. El cuerpo del cilindro y las superficies de los extremos de las roscas se procesan con precisi\u00f3n para mejorar la resistencia al desgaste. Se requiere la adici\u00f3n regular de aceite hidr\u00e1ulico para la lubricaci\u00f3n.<\/p>\n<h2>Medidas de inspecci\u00f3n y mantenimiento preventivo<\/h2>\n<p>Se deben realizar inspecciones peri\u00f3dicas y actividades de mantenimiento preventivo, como lubricaci\u00f3n, reemplazo de sellos y verificaci\u00f3n de calibraci\u00f3n, para garantizar un rendimiento \u00f3ptimo. La alineaci\u00f3n e instalaci\u00f3n correctas del cilindro son esenciales, y se deben utilizar soportes de montaje adecuados para asegurarlo. Los procedimientos recomendados de inspecci\u00f3n, reparaci\u00f3n y reemplazo, as\u00ed como los servicios de reemplazo de piezas y reconstrucci\u00f3n, pueden prolongar la vida \u00fatil del cilindro.<\/p>\n<p><img loading=\"lazy\" decoding=\"async\" src=\"https:\/\/www.hydraulic-cylinders.net\/wp-content\/uploads\/2025\/01\/songte-chushion-collar.webp\" alt=\"Cilindro de cuchar\u00f3n para excavadora intermedia Lovol FR260\" height=\"300\" width=\"400\"><\/p>\n<h2>Consideraciones de seguridad y medio ambiente<\/h2>\n<p>Al utilizar el cilindro del cuchar\u00f3n para la excavadora intermedia Lovol FR260, se deben tomar medidas de seguridad para garantizar un funcionamiento seguro. El cilindro debe desecharse de forma respetuosa con el medio ambiente despu\u00e9s de su uso.<\/p>\n<h2>Soluci\u00f3n de problemas y problemas comunes<\/h2>\n<p>Los problemas comunes con el cilindro del cuchar\u00f3n de la excavadora intermedia Lovol FR260 incluyen fugas, fuerza de empuje o tracci\u00f3n insuficiente y da\u00f1os en los sellos. Se deben proporcionar consejos y soluciones para facilitar el diagn\u00f3stico y la resoluci\u00f3n de problemas, y se deben sugerir medidas preventivas para minimizar posibles problemas.<\/p>\n<p><img loading=\"lazy\" decoding=\"async\" src=\"https:\/\/www.hydraulic-cylinders.net\/wp-content\/uploads\/2025\/01\/songte-bushings-with-all-kinds-of-excavator-models.webp\" alt=\"Cilindro de cuchar\u00f3n para excavadora intermedia Lovol FR260\" height=\"300\" width=\"400\"><\/p>\n<h2>Sobre nosotros<\/h2>\n<p>Somos fabricantes de repuestos para cilindros hidr\u00e1ulicos. Nuestra empresa ofrece una amplia gama de productos, lo que nos convierte en uno de los principales fabricantes y mayoristas de cilindros hidr\u00e1ulicos en el mercado nacional e internacional. Aplicamos un excelente control de calidad y estrategias de gesti\u00f3n de la producci\u00f3n industrializadas basadas en talleres de fabricaci\u00f3n de alta calidad, mejorando continuamente nuestras plataformas de fabricaci\u00f3n y l\u00edneas de producci\u00f3n de alta calidad. Tenemos una s\u00f3lida capacidad para crear productos de alta eficiencia, precisi\u00f3n y calidad, satisfaciendo las diversas necesidades de nuestros clientes. <\/p>\n<p><img loading=\"lazy\" decoding=\"async\" src=\"https:\/\/hzpt.com\/wp-content\/uploads\/2024\/11\/songte-company-1.webp\" alt=\"Cilindro de cuchar\u00f3n para excavadora intermedia Lovol FR260\" height=\"300\" width=\"400\"><\/p>\n<h3>Profesionalismo<\/h3>\n<p>Nuestra empresa cuenta con t\u00e9cnicos profesionales y tecnolog\u00eda avanzada en la industria de cilindros hidr\u00e1ulicos, garantizando productos y servicios de alta calidad que satisfagan las necesidades de nuestros clientes.<\/p>\n<h3>Certificaci\u00f3n Internacional<\/h3>\n<p>Nuestra empresa ha superado diversas certificaciones internacionales, como ISO9001, CE y T\u00dcV. Garantizamos productos y servicios de alta calidad a nuestros clientes.<\/p>\n<h3>Servicios de personalizaci\u00f3n<\/h3>\n<p>Ofrecemos servicios personalizados para nuestros productos para satisfacer los diferentes requisitos de los clientes.<\/p>\n<h3>Equipos de producci\u00f3n<\/h3>\n<p>Nuestra empresa cuenta con un conjunto completo de equipos de producci\u00f3n y prueba digitales de alta gama para garantizar la calidad de nuestros productos.<\/p>\n<h3>Servicio postventa<\/h3>\n<p>Nuestra empresa ofrece un sistema integral de servicio posventa para garantizar la satisfacci\u00f3n del cliente.<\/p>\n<p>Autor: lyl<\/p>","protected":false},"excerpt":{"rendered":"<p>Bucket Cylinder For Lovol Middle Excavator FR260 Introduction The Bucket Cylinder for Lovol Middle Excavator FR260 is a specialized hydraulic cylinder designed to control the movement of the shovel bucket in heavy machinery such as excavators, backhoe excavators, and front loaders. Its main function is to allow the bucket to lift, lower, and tilt, facilitating [&hellip;]<\/p>","protected":false},"featured_media":14773,"comment_status":"open","ping_status":"closed","template":"","meta":{"_et_pb_use_builder":"","_et_pb_old_content":"","_et_gb_content_width":""},"product_brand":[],"product_cat":[1494],"product_tag":[1495,1496],"class_list":{"0":"post-15561","1":"product","2":"type-product","3":"status-publish","4":"has-post-thumbnail","6":"product_cat-bucket-cylinders","7":"product_tag-bucket-cylinders","8":"product_tag-hydraulic-cylinders","10":"first","11":"instock","12":"shipping-taxable","13":"product-type-simple"},"amp_enabled":true,"_links":{"self":[{"href":"https:\/\/www.hydraulic-cylinders.net\/es\/wp-json\/wp\/v2\/product\/15561","targetHints":{"allow":["GET"]}}],"collection":[{"href":"https:\/\/www.hydraulic-cylinders.net\/es\/wp-json\/wp\/v2\/product"}],"about":[{"href":"https:\/\/www.hydraulic-cylinders.net\/es\/wp-json\/wp\/v2\/types\/product"}],"replies":[{"embeddable":true,"href":"https:\/\/www.hydraulic-cylinders.net\/es\/wp-json\/wp\/v2\/comments?post=15561"}],"wp:featuredmedia":[{"embeddable":true,"href":"https:\/\/www.hydraulic-cylinders.net\/es\/wp-json\/wp\/v2\/media\/14773"}],"wp:attachment":[{"href":"https:\/\/www.hydraulic-cylinders.net\/es\/wp-json\/wp\/v2\/media?parent=15561"}],"wp:term":[{"taxonomy":"product_brand","embeddable":true,"href":"https:\/\/www.hydraulic-cylinders.net\/es\/wp-json\/wp\/v2\/product_brand?post=15561"},{"taxonomy":"product_cat","embeddable":true,"href":"https:\/\/www.hydraulic-cylinders.net\/es\/wp-json\/wp\/v2\/product_cat?post=15561"},{"taxonomy":"product_tag","embeddable":true,"href":"https:\/\/www.hydraulic-cylinders.net\/es\/wp-json\/wp\/v2\/product_tag?post=15561"}],"curies":[{"name":"wp","href":"https:\/\/api.w.org\/{rel}","templated":true}]}}