{"id":15567,"date":"2025-01-19T14:41:33","date_gmt":"2025-01-19T14:41:33","guid":{"rendered":"https:\/\/www.hydraulic-cylinders.net\/product\/bucket-cylinder-for-liugong-small-excavator-clg908c-908d\/"},"modified":"2025-01-19T14:41:35","modified_gmt":"2025-01-19T14:41:35","slug":"bucket-cylinder-for-liugong-small-excavator-clg908c-908d","status":"publish","type":"product","link":"https:\/\/www.hydraulic-cylinders.net\/es\/producto\/bucket-cylinder-for-liugong-small-excavator-clg908c-908d\/","title":{"rendered":"Cilindro de cuchar\u00f3n para excavadora peque\u00f1a Liugong CLG908C\/908D"},"content":{"rendered":"<h1>Cilindro de cuchar\u00f3n para excavadora peque\u00f1a Liugong CLG908C\/908D<\/h1>\n<h2>Introducci\u00f3n<\/h2>\n<p>El cilindro del cuchar\u00f3n para la excavadora peque\u00f1a Liugong CLG908C\/908D es un cilindro hidr\u00e1ulico especializado, dise\u00f1ado para controlar el movimiento del cuchar\u00f3n en maquinaria pesada como excavadoras, retroexcavadoras y cargadoras frontales. Su funci\u00f3n principal es permitir que el cuchar\u00f3n se eleve, baje e incline, facilitando diversas tareas de manipulaci\u00f3n de materiales. En el sistema hidr\u00e1ulico, el cilindro del cuchar\u00f3n controla los movimientos precisos del cuchar\u00f3n mediante cambios en la presi\u00f3n del aceite hidr\u00e1ulico, lo que permite a los operadores manipular cargas pesadas con eficiencia y adaptarse a entornos de trabajo complejos y diversos requisitos operativos.<\/p>\n<p><img decoding=\"async\" src=\"https:\/\/www.hydraulic-cylinders.net\/wp-content\/uploads\/2025\/01\/songte-company-2.webp\" alt=\"Imagen del cilindro del cubo\"><\/p>\n<h2>Caracter\u00edsticas<\/h2>\n<ul>\n<li>Alta resistencia y durabilidad: generalmente fabricado en acero o aluminio de alta resistencia, capaz de soportar alta presi\u00f3n y cargas pesadas, adecuado para entornos de trabajo hostiles, dise\u00f1ado teniendo en cuenta la resistencia al desgaste y la resistencia a la corrosi\u00f3n, lo que extiende la vida \u00fatil.<\/li>\n<li>Operaci\u00f3n hidr\u00e1ulica eficiente: utiliza la presi\u00f3n del aceite hidr\u00e1ulico para lograr acciones suaves de extensi\u00f3n y contracci\u00f3n, capaz de responder r\u00e1pidamente a los comandos de control, proporcionando poderosas fuerzas de empuje y tracci\u00f3n, adecuado para manipular cargas pesadas y tareas operativas complejas.<\/li>\n<li>Diversos tipos: Se pueden seleccionar cilindros de simple efecto (hidr\u00e1ulico en una sola direcci\u00f3n) o de doble efecto (hidr\u00e1ulico en dos direcciones) seg\u00fan las necesidades operativas. Algunos modelos son telesc\u00f3picos, lo que permite una mayor extensi\u00f3n sin aumentar las dimensiones externas, ideal para espacios reducidos.<\/li>\n<li>Se puede personalizar: nuestros productos pueden sustituir perfectamente a estos cilindros hidr\u00e1ulicos.<\/li>\n<\/ul>\n<p><img decoding=\"async\" src=\"https:\/\/www.hydraulic-cylinders.net\/wp-content\/uploads\/2025\/01\/songte-cylinder-head-with-all-kinds-excavator-models.webp\" alt=\"Imagen del cilindro del cubo\"><\/p>\n<h2>Aplicaciones<\/h2>\n<p>El cilindro del cuchar\u00f3n para la excavadora peque\u00f1a Liugong CLG908C\/908D se puede utilizar en diversas aplicaciones, entre ellas:<\/p>\n<h3>Equipos de construcci\u00f3n<\/h3>\n<p>En las excavadoras, son fundamentales para excavar, cargar y mover tierra o escombros. En las retroexcavadoras, los cilindros del cuchar\u00f3n ayudan tanto en la excavaci\u00f3n como en la elevaci\u00f3n. <\/p>\n<h3>Maquinaria agr\u00edcola<\/h3>\n<p>Se utiliza en cargadoras frontales para recoger, levantar y transportar tierra, heno y otros materiales. En las excavadoras, el cilindro del cuchar\u00f3n facilita la excavaci\u00f3n al permitir que el cuchar\u00f3n penetre en el suelo. En las cargadoras frontales, ayuda a levantar e inclinar la mercanc\u00eda eficazmente.<\/p>\n<p><img decoding=\"async\" src=\"https:\/\/www.hydraulic-cylinders.net\/wp-content\/uploads\/2025\/01\/songte-bushings-with-all-kinds-of-excavator-models.webp\" alt=\"Imagen del cilindro del cubo\"><\/p>\n<h2>Consideraciones de dise\u00f1o y criterios de selecci\u00f3n<\/h2>\n<ul>\n<li>Capacidad de carga: El cilindro debe tener la resistencia para soportar el peso de la carga que est\u00e1 destinado a soportar.<\/li>\n<li>Sellado: Se utilizan diversos componentes de sellado, como sellos de pist\u00f3n, sellos de varilla, etc., para evitar fugas de fluido hidr\u00e1ulico y garantizar que el cilindro funcione sin problemas.<\/li>\n<li>Durabilidad: El cilindro debe estar fabricado con materiales de alta calidad que puedan soportar el uso frecuente y la exposici\u00f3n a entornos hostiles.<\/li>\n<li>Seguridad: El dise\u00f1o del cilindro debe tener en cuenta la seguridad de los operadores y de las personas cercanas.<\/li>\n<li>Mantenimiento: El cilindro debe estar dise\u00f1ado de manera que sea f\u00e1cil de mantener y reparar, con f\u00e1cil acceso a todas las partes que puedan necesitar reemplazo.<\/li>\n<\/ul>\n<p><img decoding=\"async\" src=\"https:\/\/www.hydraulic-cylinders.net\/wp-content\/uploads\/2025\/01\/songte-oil-pipes-and-spare-parts.webp\" alt=\"Imagen del cilindro del cubo\"><\/p>\n<h2>Sellado y lubricaci\u00f3n<\/h2>\n<p>Se utilizan diversos componentes de sellado, como sellos de pist\u00f3n y de v\u00e1stago, para evitar fugas de fluido hidr\u00e1ulico y garantizar el buen funcionamiento del cilindro. Se recomienda utilizar aceite hidr\u00e1ulico de alta calidad y a\u00f1adir regularmente la cantidad adecuada para lubricar el cilindro.<\/p>\n<h2>Inspecci\u00f3n y mantenimiento preventivo<\/h2>\n<p>La inspecci\u00f3n regular y el mantenimiento preventivo son esenciales para prolongar la vida \u00fatil del cilindro del cuchar\u00f3n de la excavadora peque\u00f1a Liugong CLG908C\/908D. Las tareas de mantenimiento m\u00e1s comunes incluyen:<\/p>\n<ul>\n<li>Inspecciones regulares<\/li>\n<li>Lubricaci\u00f3n adecuada<\/li>\n<li>Reemplazo del sello<\/li>\n<li>Comprobaci\u00f3n de calibraci\u00f3n<\/li>\n<\/ul>\n<p>Una instalaci\u00f3n, lubricaci\u00f3n y ajuste adecuados son esenciales para garantizar el funcionamiento seguro y eficiente del cilindro. Durante la instalaci\u00f3n, se recomienda alinearlo correctamente y utilizar soportes de montaje adecuados para asegurarlo. Tambi\u00e9n recomendamos seguir los procedimientos recomendados de inspecci\u00f3n, reparaci\u00f3n y reemplazo para prolongar la vida \u00fatil del cilindro.<\/p>\n<p><img decoding=\"async\" src=\"https:\/\/www.hydraulic-cylinders.net\/wp-content\/uploads\/2025\/01\/songte-chushion-collar.webp\" alt=\"Imagen del cilindro del cubo\"><\/p>\n<h2>Consideraciones de seguridad y factores ambientales<\/h2>\n<p>Al utilizar el cilindro del cuchar\u00f3n para la excavadora peque\u00f1a Liugong CLG908C\/908D, es importante seguir las precauciones de seguridad para evitar lesiones o da\u00f1os al equipo. La correcta eliminaci\u00f3n del aceite hidr\u00e1ulico y otros fluidos es esencial para reducir el impacto ambiental.<\/p>\n<h2>Soluci\u00f3n de problemas y problemas comunes<\/h2>\n<p>Los problemas comunes asociados con el cilindro del cuchar\u00f3n de la excavadora peque\u00f1a Liugong CLG908C\/908D incluyen fugas de fluido hidr\u00e1ulico, fuerza insuficiente y ruidos anormales. Se recomienda inspeccionar y mantener el cilindro regularmente para evitar estos problemas. Si ocurre alg\u00fan problema, se recomienda consultar el manual del fabricante o consultar con un profesional para su correcta resoluci\u00f3n y reparaci\u00f3n.<\/p>\n<h2>Acerca de nuestra empresa<\/h2>\n<p>Somos un fabricante y distribuidor mayorista l\u00edder de cilindros hidr\u00e1ulicos en el mercado nacional e internacional. Ofrecemos una gama completa de cilindros hidr\u00e1ulicos de alta calidad, as\u00ed como servicios personalizados para satisfacer las diversas necesidades de nuestros clientes. Nuestra empresa se basa en los principios de alta eficiencia, precisi\u00f3n y calidad para brindar a nuestros clientes una experiencia satisfactoria. Contamos con una s\u00f3lida capacidad de creaci\u00f3n de valor, talento tecnol\u00f3gico, equipos de fabricaci\u00f3n digital de alta gama y sistemas de prueba profesionales que nos permiten mejorar continuamente la calidad y la capacidad de producci\u00f3n de nuestros productos, y ofrecer a nuestros clientes los mejores productos y servicios.<\/p>\n<p><img decoding=\"async\" src=\"https:\/\/hzpt.com\/wp-content\/uploads\/2024\/11\/songte-company-1.webp\" alt=\"Imagen del cilindro del cubo\"><\/p>\n<h3>Profesionalismo<\/h3>\n<p>Nuestra empresa cuenta con un equipo de profesionales experimentados que trabajan para ofrecer productos y servicios de alta calidad a nuestros clientes. Contamos con expertos internos que gestionan todos los aspectos de nuestras operaciones, incluyendo el dise\u00f1o, la producci\u00f3n, el control de calidad y la atenci\u00f3n al cliente.<\/p>\n<h3>Certificaci\u00f3n Internacional<\/h3>\n<p>Nuestra empresa ha obtenido diversas certificaciones internacionales como ISO 9001 y CE para garantizar la calidad de nuestros productos y servicios.<\/p>\n<h3>Servicios de personalizaci\u00f3n<\/h3>\n<p>Ofrecemos servicios personalizados para satisfacer las necesidades y requisitos espec\u00edficos de nuestros clientes. Nuestros servicios de personalizaci\u00f3n nos han permitido obtener una ventaja competitiva en el mercado.<\/p>\n<h3>Equipos de producci\u00f3n<\/h3>\n<p>Nuestra empresa cuenta con equipos de producci\u00f3n avanzados y un equipo de fabricaci\u00f3n profesional que nos permite producir cilindros hidr\u00e1ulicos de alta calidad que satisfacen las necesidades del cliente.<\/p>\n<h3>Servicio postventa<\/h3>\n<p>Nuestra empresa ofrece un servicio posventa confiable para garantizar la satisfacci\u00f3n de nuestros clientes con nuestros productos. Ofrecemos servicios de reparaci\u00f3n y reemplazo para prolongar su vida \u00fatil. <\/p>\n<p>Autor: lyl<\/p>","protected":false},"excerpt":{"rendered":"<p>Bucket Cylinder For Liugong Small Excavator CLG908C\/908D Introduction The Bucket Cylinder for Liugong Small Excavator CLG908C\/908D is a specialized hydraulic cylinder designed to control the movement of the bucket in heavy machinery such as excavators, backhoe loaders, and front loaders. Its main function is to enable the bucket to lift, lower, and tilt, making it [&hellip;]<\/p>","protected":false},"featured_media":14789,"comment_status":"open","ping_status":"closed","template":"","meta":{"_et_pb_use_builder":"","_et_pb_old_content":"","_et_gb_content_width":""},"product_brand":[],"product_cat":[1494],"product_tag":[1495,1496],"class_list":{"0":"post-15567","1":"product","2":"type-product","3":"status-publish","4":"has-post-thumbnail","6":"product_cat-bucket-cylinders","7":"product_tag-bucket-cylinders","8":"product_tag-hydraulic-cylinders","10":"first","11":"instock","12":"shipping-taxable","13":"product-type-simple"},"amp_enabled":true,"_links":{"self":[{"href":"https:\/\/www.hydraulic-cylinders.net\/es\/wp-json\/wp\/v2\/product\/15567","targetHints":{"allow":["GET"]}}],"collection":[{"href":"https:\/\/www.hydraulic-cylinders.net\/es\/wp-json\/wp\/v2\/product"}],"about":[{"href":"https:\/\/www.hydraulic-cylinders.net\/es\/wp-json\/wp\/v2\/types\/product"}],"replies":[{"embeddable":true,"href":"https:\/\/www.hydraulic-cylinders.net\/es\/wp-json\/wp\/v2\/comments?post=15567"}],"wp:featuredmedia":[{"embeddable":true,"href":"https:\/\/www.hydraulic-cylinders.net\/es\/wp-json\/wp\/v2\/media\/14789"}],"wp:attachment":[{"href":"https:\/\/www.hydraulic-cylinders.net\/es\/wp-json\/wp\/v2\/media?parent=15567"}],"wp:term":[{"taxonomy":"product_brand","embeddable":true,"href":"https:\/\/www.hydraulic-cylinders.net\/es\/wp-json\/wp\/v2\/product_brand?post=15567"},{"taxonomy":"product_cat","embeddable":true,"href":"https:\/\/www.hydraulic-cylinders.net\/es\/wp-json\/wp\/v2\/product_cat?post=15567"},{"taxonomy":"product_tag","embeddable":true,"href":"https:\/\/www.hydraulic-cylinders.net\/es\/wp-json\/wp\/v2\/product_tag?post=15567"}],"curies":[{"name":"wp","href":"https:\/\/api.w.org\/{rel}","templated":true}]}}