{"id":15571,"date":"2025-01-19T14:41:55","date_gmt":"2025-01-19T14:41:55","guid":{"rendered":"https:\/\/www.hydraulic-cylinders.net\/product\/bucket-cylinder-for-liugong-small-excavator-clg9045d-907\/"},"modified":"2025-01-19T14:41:57","modified_gmt":"2025-01-19T14:41:57","slug":"bucket-cylinder-for-liugong-small-excavator-clg9045d-907","status":"publish","type":"product","link":"https:\/\/www.hydraulic-cylinders.net\/es\/producto\/bucket-cylinder-for-liugong-small-excavator-clg9045d-907\/","title":{"rendered":"Cilindro de cuchar\u00f3n para excavadora peque\u00f1a Liugong CLG9045D\/907"},"content":{"rendered":"<h2>Cilindro de cuchar\u00f3n para excavadora peque\u00f1a Liugong CLG9045D\/907<\/h2>\n<h3>Introducci\u00f3n<\/h3>\n<p>Un cilindro de cuchar\u00f3n es un cilindro hidr\u00e1ulico especialmente dise\u00f1ado que se utiliza principalmente para controlar el movimiento del cuchar\u00f3n en maquinaria pesada como excavadoras, retroexcavadoras y cargadoras frontales. Su funci\u00f3n principal es permitir la elevaci\u00f3n, el descenso y la inclinaci\u00f3n del cuchar\u00f3n, facilitando diversas tareas de movimiento de materiales. En el sistema hidr\u00e1ulico, el cilindro del cuchar\u00f3n controla con precisi\u00f3n los movimientos del cuchar\u00f3n mediante cambios en la presi\u00f3n hidr\u00e1ulica, lo que permite al operador manipular cargas pesadas de forma eficiente y adaptarse a entornos de trabajo complejos y a diversos requisitos.<\/p>\n<p><img decoding=\"async\" src=\"https:\/\/www.hydraulic-cylinders.net\/wp-content\/uploads\/2025\/01\/songte-company-2.webp\" alt=\"Imagen del cilindro del cubo\"><\/p>\n<h3>Caracter\u00edsticas<\/h3>\n<ul>\n<li>Alta resistencia y durabilidad: Fabricado generalmente en acero o aluminio de alta resistencia, soporta alta presi\u00f3n y cargas pesadas, adapt\u00e1ndose a entornos de trabajo hostiles. Su dise\u00f1o considera la resistencia al desgaste y a la corrosi\u00f3n, lo que prolonga su vida \u00fatil.<\/li>\n<li>Operaci\u00f3n hidr\u00e1ulica eficiente: utiliza presi\u00f3n de aceite hidr\u00e1ulico para lograr una extensi\u00f3n y retracci\u00f3n suaves, puede responder r\u00e1pidamente a los comandos de control, proporcionar poderosas fuerzas de empuje y tracci\u00f3n, adecuado para manipular cargas pesadas y tareas laborales complejas.<\/li>\n<li>Diversos tipos: Se pueden seleccionar cilindros de simple efecto (hidr\u00e1ulicos en una direcci\u00f3n) o doble efecto (hidr\u00e1ulicos en dos direcciones) seg\u00fan las necesidades para satisfacer diferentes requisitos operativos. Algunos modelos son telesc\u00f3picos, lo que permite una mayor extensi\u00f3n sin aumentar las dimensiones externas y es adecuado para aplicaciones con espacio limitado.<\/li>\n<li>Productos reemplazables: Nuestros productos pueden reemplazar perfectamente estos cilindros hidr\u00e1ulicos.<\/li>\n<li>Aplicaci\u00f3n espec\u00edfica: Se utilizan en equipos de construcci\u00f3n como excavadoras, cargadoras frontales y retroexcavadoras. En maquinaria agr\u00edcola, se utilizan para cargadoras frontales, excavaciones y transporte de tierra, heno y otros materiales.<\/li>\n<\/ul>\n<p><img decoding=\"async\" src=\"https:\/\/www.hydraulic-cylinders.net\/wp-content\/uploads\/2025\/01\/songte-cylinder-head-with-all-kinds-excavator-models.webp\" alt=\"Imagen del cilindro del cubo\"><\/p>\n<h3>Consideraciones de dise\u00f1o y criterios de selecci\u00f3n<\/h3>\n<ul>\n<li>Capacidad de carga: El cilindro debe ser capaz de soportar la carga a la que estar\u00e1 sometido.<\/li>\n<li>Sellado: Diversos sellos, como los de pist\u00f3n y v\u00e1stago, utilizan materiales resistentes al desgaste como poliuretano y caucho de nitrilo. El cuerpo del cilindro y las superficies roscadas de los extremos est\u00e1n finamente procesados \u200b\u200bpara mejorar la resistencia al desgaste.<\/li>\n<li>Durabilidad: Fabricado con materiales de alta resistencia dise\u00f1ados para soportar entornos de trabajo hostiles y uso prolongado.<\/li>\n<li>Seguridad: Se deben tener en cuenta la seguridad del operador y del entorno circundante, como proporcionar v\u00e1lvulas de seguridad y v\u00e1lvulas de alivio de presi\u00f3n.<\/li>\n<li>Mantenimiento: El cilindro debe estar dise\u00f1ado teniendo en mente un f\u00e1cil mantenimiento, como un f\u00e1cil desmontaje y montaje de piezas y un f\u00e1cil reemplazo de sellos y otros componentes.<\/li>\n<\/ul>\n<p><img decoding=\"async\" src=\"https:\/\/www.hydraulic-cylinders.net\/wp-content\/uploads\/2025\/01\/songte-oil-pipes-and-spare-parts.webp\" alt=\"Imagen del cilindro del cubo\"><\/p>\n<h3>Sellado y lubricaci\u00f3n<\/h3>\n<p>Se utilizan diversos sellos, como sellos de pist\u00f3n, sellos de v\u00e1stago, etc., para evitar fugas de aceite hidr\u00e1ulico. Se emplean materiales resistentes al desgaste como poliuretano y caucho de nitrilo. El cuerpo del cilindro y las superficies roscadas de los extremos se procesan con precisi\u00f3n para mejorar la resistencia al desgaste. Es necesario a\u00f1adir regularmente la cantidad adecuada de aceite hidr\u00e1ulico para la lubricaci\u00f3n.<\/p>\n<h3>Mantenimiento y reparaci\u00f3n<\/h3>\n<p>Se deben realizar inspecciones peri\u00f3dicas y medidas de mantenimiento preventivo, como lubricaci\u00f3n, reemplazo de sellos y verificaci\u00f3n de calibraci\u00f3n. Una instalaci\u00f3n, lubricaci\u00f3n y ajuste adecuados son cruciales. Se recomienda alinear el cilindro correctamente y utilizar soportes de instalaci\u00f3n adecuados para asegurarlo. Tambi\u00e9n se recomienda seguir los procedimientos recomendados de inspecci\u00f3n, reparaci\u00f3n y reemplazo, y proporcionar repuestos y servicios de reconstrucci\u00f3n para prolongar la vida \u00fatil del cilindro.<\/p>\n<p><img decoding=\"async\" src=\"https:\/\/www.hydraulic-cylinders.net\/wp-content\/uploads\/2025\/01\/songte-chushion-collar.webp\" alt=\"Imagen del cilindro del cubo\"><\/p>\n<h3>Consideraciones de seguridad y factores ambientales<\/h3>\n<p>Al utilizar el cilindro, se deben tomar medidas de seguridad para proteger al operador y al entorno circundante, como el uso de v\u00e1lvulas de seguridad y de alivio de presi\u00f3n. Tambi\u00e9n se deben considerar factores ambientales como la temperatura, la humedad y las sustancias corrosivas.<\/p>\n<h3>Soluci\u00f3n de problemas y problemas comunes<\/h3>\n<p>Los problemas comunes con los cilindros de cuchar\u00f3n incluyen fugas, varillas dobladas y sellos da\u00f1ados. Se deben proporcionar consejos y soluciones para la resoluci\u00f3n de problemas que ayuden al lector a diagnosticar y resolver los problemas eficazmente. Tambi\u00e9n se deben sugerir medidas preventivas para minimizar posibles problemas.<\/p>\n<p><img decoding=\"async\" src=\"https:\/\/www.hydraulic-cylinders.net\/wp-content\/uploads\/2025\/01\/songte-bushings-with-all-kinds-of-excavator-models.webp\" alt=\"Imagen del cilindro del cubo\"><\/p>\n<h3>Acerca de nuestra empresa<\/h3>\n<p>Somos fabricantes de cilindros hidr\u00e1ulicos de repuesto con una gama completa de productos, convirti\u00e9ndonos en uno de los principales fabricantes y distribuidores mayoristas de cilindros hidr\u00e1ulicos en el mercado nacional e internacional. Nos adherimos al principio de excelente calidad y nos basamos en una estrategia de gesti\u00f3n de producci\u00f3n industrializada de sofisticados talleres de fabricaci\u00f3n. La empresa mejora continuamente la plataforma de fabricaci\u00f3n de nuestros talleres, perfecciona la cadena de producci\u00f3n de calidad de los productos y cuenta con una s\u00f3lida capacidad de creaci\u00f3n. Ofrecemos productos eficientes, de alta precisi\u00f3n y alta calidad que satisfacen las diversas necesidades de nuestros clientes.<\/p>\n<ul>\n<li>Profesionalismo: Contamos con un equipo de ingenieros y t\u00e9cnicos profesionales que pueden brindar a los clientes las mejores soluciones.<\/li>\n<li>Certificaci\u00f3n internacional: Nuestros productos han pasado varias certificaciones internacionales, como ISO9001, CE y TUV.<\/li>\n<li>Servicio de personalizaci\u00f3n: Brindamos servicios de personalizaci\u00f3n para satisfacer las necesidades espec\u00edficas de los clientes.<\/li>\n<li>Equipo de producci\u00f3n: Contamos con instalaciones de producci\u00f3n avanzadas, que incluyen centros de mecanizado CNC, rectificadoras de precisi\u00f3n y equipos de prueba de cilindros hidr\u00e1ulicos.<\/li>\n<li>Servicio postventa: Brindamos servicio postventa profesional y soporte t\u00e9cnico para garantizar la satisfacci\u00f3n del cliente.<\/li>\n<\/ul>\n<p><img decoding=\"async\" src=\"https:\/\/hzpt.com\/wp-content\/uploads\/2024\/11\/songte-company-1.webp\" alt=\"Imagen del cilindro del cubo\"><\/p>\n<p>Autor: lyl.<\/p>","protected":false},"excerpt":{"rendered":"<p>Bucket Cylinder For Liugong Small Excavator CLG9045D\/907 Introduction A bucket cylinder is a specially designed hydraulic cylinder that is mainly used to control the movement of a bucket in heavy machinery such as excavators, backhoes, and front-end loaders. Its primary function is to enable the bucket to be raised, lowered, and tilted, making it easier [&hellip;]<\/p>","protected":false},"featured_media":14784,"comment_status":"open","ping_status":"closed","template":"","meta":{"_et_pb_use_builder":"","_et_pb_old_content":"","_et_gb_content_width":""},"product_brand":[],"product_cat":[1494],"product_tag":[1495,1496],"class_list":{"0":"post-15571","1":"product","2":"type-product","3":"status-publish","4":"has-post-thumbnail","6":"product_cat-bucket-cylinders","7":"product_tag-bucket-cylinders","8":"product_tag-hydraulic-cylinders","10":"first","11":"instock","12":"shipping-taxable","13":"product-type-simple"},"amp_enabled":true,"_links":{"self":[{"href":"https:\/\/www.hydraulic-cylinders.net\/es\/wp-json\/wp\/v2\/product\/15571","targetHints":{"allow":["GET"]}}],"collection":[{"href":"https:\/\/www.hydraulic-cylinders.net\/es\/wp-json\/wp\/v2\/product"}],"about":[{"href":"https:\/\/www.hydraulic-cylinders.net\/es\/wp-json\/wp\/v2\/types\/product"}],"replies":[{"embeddable":true,"href":"https:\/\/www.hydraulic-cylinders.net\/es\/wp-json\/wp\/v2\/comments?post=15571"}],"wp:featuredmedia":[{"embeddable":true,"href":"https:\/\/www.hydraulic-cylinders.net\/es\/wp-json\/wp\/v2\/media\/14784"}],"wp:attachment":[{"href":"https:\/\/www.hydraulic-cylinders.net\/es\/wp-json\/wp\/v2\/media?parent=15571"}],"wp:term":[{"taxonomy":"product_brand","embeddable":true,"href":"https:\/\/www.hydraulic-cylinders.net\/es\/wp-json\/wp\/v2\/product_brand?post=15571"},{"taxonomy":"product_cat","embeddable":true,"href":"https:\/\/www.hydraulic-cylinders.net\/es\/wp-json\/wp\/v2\/product_cat?post=15571"},{"taxonomy":"product_tag","embeddable":true,"href":"https:\/\/www.hydraulic-cylinders.net\/es\/wp-json\/wp\/v2\/product_tag?post=15571"}],"curies":[{"name":"wp","href":"https:\/\/api.w.org\/{rel}","templated":true}]}}