{"id":15574,"date":"2025-01-19T14:42:07","date_gmt":"2025-01-19T14:42:07","guid":{"rendered":"https:\/\/www.hydraulic-cylinders.net\/product\/bucket-cylinder-for-liugong-small-excavator-clg916d-918e\/"},"modified":"2025-01-19T14:42:09","modified_gmt":"2025-01-19T14:42:09","slug":"bucket-cylinder-for-liugong-small-excavator-clg916d-918e","status":"publish","type":"product","link":"https:\/\/www.hydraulic-cylinders.net\/es\/producto\/bucket-cylinder-for-liugong-small-excavator-clg916d-918e\/","title":{"rendered":"Cilindro de cuchar\u00f3n para excavadora peque\u00f1a Liugong CLG916D\/918E"},"content":{"rendered":"<h1>Cilindro de cuchar\u00f3n para excavadora peque\u00f1a Liugong CLG916D\/918E<\/h1>\n<h2>Introducci\u00f3n<\/h2>\n<p>El cilindro del cuchar\u00f3n para la excavadora peque\u00f1a Liugong CLG916D\/918E es un cilindro hidr\u00e1ulico especializado, dise\u00f1ado para controlar el movimiento del cuchar\u00f3n en maquinaria pesada como excavadoras, retroexcavadoras y cargadoras frontales. Su funci\u00f3n principal es permitir que el cuchar\u00f3n se eleve, baje e incline, facilitando as\u00ed diversas tareas de manipulaci\u00f3n de materiales. En el sistema hidr\u00e1ulico, el cilindro del cuchar\u00f3n logra un control preciso del cuchar\u00f3n variando la presi\u00f3n del aceite hidr\u00e1ulico, lo que permite a los operadores manipular cargas pesadas con eficiencia, adaptarse a entornos de trabajo complejos y satisfacer diversas necesidades operativas.<\/p>\n<p><img decoding=\"async\" src=\"https:\/\/www.hydraulic-cylinders.net\/wp-content\/uploads\/2025\/01\/songte-company-2.webp\" alt=\"Cilindro hidr\u00e1ulico\"><\/p>\n<h2>Caracter\u00edsticas<\/h2>\n<ul>\n<li>\n<h3>Alta resistencia y durabilidad<\/h3>\n<p>El cilindro del cuchar\u00f3n generalmente est\u00e1 hecho de acero o aluminio de alta resistencia, que puede soportar alta presi\u00f3n y cargas pesadas, y est\u00e1 dise\u00f1ado teniendo en cuenta la resistencia al desgaste y la corrosi\u00f3n para extender su vida \u00fatil.<\/p>\n<\/li>\n<li>\n<h3>Operaci\u00f3n hidr\u00e1ulica eficiente<\/h3>\n<p>Al utilizar la presi\u00f3n del aceite hidr\u00e1ulico para lograr un movimiento telesc\u00f3pico suave, el cilindro del cuchar\u00f3n puede responder r\u00e1pidamente a los comandos de control y proporcionar empuje y tracci\u00f3n potentes, lo que lo hace adecuado para manipular cargas pesadas y tareas operativas complejas.<\/p>\n<\/li>\n<li>\n<h3>Diversos tipos<\/h3>\n<p>El cilindro del cuchar\u00f3n puede ser de simple efecto (hidr\u00e1ulico en una sola direcci\u00f3n) o de doble efecto (hidr\u00e1ulico en ambas direcciones), seg\u00fan las necesidades operativas. Algunos modelos son telesc\u00f3picos, lo que permite una mayor extensi\u00f3n sin aumentar las dimensiones externas, ideal para aplicaciones con espacio limitado.<\/p>\n<\/li>\n<li>\n<h3>Reemplazo perfecto<\/h3>\n<p>Nuestro cilindro de cubo puede reemplazar perfectamente estos cilindros hidr\u00e1ulicos y ofrecemos una variedad de productos para satisfacer las diferentes necesidades de los clientes. <\/p>\n<\/li>\n<li>\n<h3>Aplicaciones<\/h3>\n<p>El cilindro de cuchar\u00f3n se utiliza ampliamente en diversas industrias, como equipos de construcci\u00f3n, maquinaria agr\u00edcola, excavadoras y cargadoras. Sus aplicaciones incluyen:<\/p>\n<ul>\n<li>Equipo de construcci\u00f3n: Es esencial para las excavadoras al excavar, cargar y mover tierra o escombros. En las retroexcavadoras, el cilindro del cuchar\u00f3n facilita tanto la excavaci\u00f3n como la elevaci\u00f3n.<\/li>\n<li>Maquinaria agr\u00edcola: Se utiliza en cargadoras frontales para recoger, levantar y transportar tierra, heno y otros materiales.<\/li>\n<li>Excavadoras: El cilindro del cuchar\u00f3n permite la excavaci\u00f3n al permitir que el cuchar\u00f3n penetre en el suelo.<\/li>\n<li>Cargadores: En los cargadores frontales, ayuda a levantar y descargar mercanc\u00edas de manera eficaz.<\/li>\n<\/ul>\n<\/li>\n<\/ul>\n<h2>Consideraciones de dise\u00f1o y criterios de selecci\u00f3n<\/h2>\n<p>El dise\u00f1o y los criterios de selecci\u00f3n del cilindro de cangilones son cruciales para su rendimiento. Los factores clave incluyen:<\/p>\n<ul>\n<li>\n<h3>capacidad de carga<\/h3>\n<p>Los cilindros de los cangilones deben estar dise\u00f1ados para soportar las cargas m\u00e1ximas que encontrar\u00e1n en su entorno operativo.<\/p>\n<\/li>\n<li>\n<h3>Caza de focas<\/h3>\n<p>El cilindro del cuchar\u00f3n debe tener un sellado adecuado para evitar fugas de aceite hidr\u00e1ulico y garantizar un funcionamiento eficiente.<\/p>\n<\/li>\n<li>\n<h3>Durabilidad<\/h3>\n<p>El cilindro del cuchar\u00f3n debe estar fabricado con materiales duraderos que puedan soportar los rigores de las operaciones de maquinaria pesada y las condiciones ambientales adversas.<\/p>\n<\/li>\n<li>\n<h3>Seguridad<\/h3>\n<p>El cilindro del cuchar\u00f3n debe estar dise\u00f1ado teniendo en cuenta la seguridad para evitar accidentes y minimizar los riesgos para los operadores y otro personal.<\/p>\n<\/li>\n<li>\n<h3>Mantenimiento<\/h3>\n<p>El cilindro del cuchar\u00f3n debe ser f\u00e1cil de mantener, con piezas de repuesto y servicios de reparaci\u00f3n f\u00e1cilmente disponibles.<\/p>\n<\/li>\n<\/ul>\n<p><img decoding=\"async\" src=\"https:\/\/www.hydraulic-cylinders.net\/wp-content\/uploads\/2025\/01\/songte-oil-pipes-and-spare-parts.webp\" alt=\"Piezas de cilindros hidr\u00e1ulicos\"><\/p>\n<h2>Sellado y lubricaci\u00f3n<\/h2>\n<p>El cilindro del cuchar\u00f3n utiliza diversos componentes de sellado, como sellos de pist\u00f3n, sellos de v\u00e1stago, etc., fabricados con materiales resistentes al desgaste como poliuretano y caucho de nitrilo, para garantizar un sellado adecuado y prolongar su vida \u00fatil. El cuerpo del cilindro y las superficies roscadas de los extremos se someten a un procesamiento fino para mejorar la resistencia al desgaste. El cilindro del cuchar\u00f3n requiere lubricaci\u00f3n regular con la cantidad adecuada de aceite hidr\u00e1ulico para garantizar un funcionamiento suave.<\/p>\n<h2>Mantenimiento y reparaci\u00f3n<\/h2>\n<p>La inspecci\u00f3n regular, la lubricaci\u00f3n adecuada, el reemplazo de sellos y la verificaci\u00f3n de la calibraci\u00f3n son tareas comunes de mantenimiento para los cilindros de cangilones. La instalaci\u00f3n, lubricaci\u00f3n y ajuste correctos son vitales para el rendimiento del cilindro. Durante la instalaci\u00f3n, se deben seguir las instrucciones de alineaci\u00f3n correctas y el cilindro debe fijarse con los soportes de montaje adecuados. Recomendamos realizar inspecciones, reparaciones y reemplazos programados para prolongar la vida \u00fatil del cilindro.<\/p>\n<p><img decoding=\"async\" src=\"https:\/\/www.hydraulic-cylinders.net\/wp-content\/uploads\/2025\/01\/songte-chushion-collar.webp\" alt=\"Piezas de cilindros hidr\u00e1ulicos\"><\/p>\n<h2>Consideraciones de seguridad y factores ambientales<\/h2>\n<p>Operar el cilindro del cuchar\u00f3n de forma segura es fundamental para prevenir accidentes. Los operadores deben seguir las normas de seguridad y los procedimientos de mantenimiento para garantizar una operaci\u00f3n segura. Adem\u00e1s, deben tenerse en cuenta las normativas ambientales al seleccionar y desechar los aceites hidr\u00e1ulicos y otros materiales utilizados en los cilindros del cuchar\u00f3n.<\/p>\n<h2>Diagn\u00f3stico y soluci\u00f3n de problemas<\/h2>\n<p>El cilindro del cuchar\u00f3n puede presentar diversos problemas operativos, como fugas, funcionamiento lento o ruidos anormales. La resoluci\u00f3n de problemas y el diagn\u00f3stico pueden ayudar a identificar la causa ra\u00edz de estos problemas y ofrecer soluciones adecuadas. Tambi\u00e9n se pueden tomar medidas preventivas para minimizar la posibilidad de problemas operativos.<\/p>\n<p><img decoding=\"async\" src=\"https:\/\/www.hydraulic-cylinders.net\/wp-content\/uploads\/2025\/01\/songte-bushings-with-all-kinds-of-excavator-models.webp\" alt=\"Piezas de cilindros hidr\u00e1ulicos\"><\/p>\n<h2>Acerca de nuestra empresa<\/h2>\n<p>Somos un fabricante y distribuidor mayorista l\u00edder de cilindros hidr\u00e1ulicos en los mercados nacional e internacional. Ofrecemos una gama completa de productos para satisfacer las necesidades de nuestros clientes. Nos adherimos a los principios de excelente calidad y nos basamos en la estrategia de gesti\u00f3n de producci\u00f3n industrializada de un taller de fabricaci\u00f3n sofisticado. Nuestra empresa mejora continuamente la plataforma de fabricaci\u00f3n del taller, optimiza la l\u00ednea de producci\u00f3n de calidad del producto y cuenta con una s\u00f3lida capacidad de producci\u00f3n. Nuestros productos satisfacen las necesidades de nuestros clientes con alta eficiencia, precisi\u00f3n y calidad.<\/p>\n<ul>\n<li>\n<h3>Profesionalismo<\/h3>\n<p>Nuestra empresa cuenta con un equipo de profesionales altamente calificados con muchos a\u00f1os de experiencia en dise\u00f1o, producci\u00f3n y ventas de cilindros hidr\u00e1ulicos.<\/p>\n<\/li>\n<li>\n<h3>Certificaci\u00f3n Internacional<\/h3>\n<p>Nuestros productos han pasado la certificaci\u00f3n de calidad internacional, como ISO 9001, garantizando los m\u00e1s altos est\u00e1ndares de calidad.<\/p>\n<\/li>\n<li>\n<h3>Servicios personalizados<\/h3>\n<p>Nuestra empresa ofrece servicios de dise\u00f1o y producci\u00f3n de cilindros hidr\u00e1ulicos personalizados para satisfacer los requisitos espec\u00edficos de los clientes.<\/p>\n<\/li>\n<li>\n<h3>Equipos de producci\u00f3n avanzados<\/h3>\n<p>Nuestra empresa emplea equipos de producci\u00f3n avanzados para la producci\u00f3n de cilindros hidr\u00e1ulicos para garantizar una alta precisi\u00f3n y una excelente calidad.<\/p>\n<\/li>\n<li>\n<h3>Servicio postventa<\/h3>\n<p>Nuestra empresa ofrece un servicio posventa integral, que incluye servicios de reparaci\u00f3n, reemplazo y reconstrucci\u00f3n, para garantizar la satisfacci\u00f3n del cliente.<\/p>\n<\/li>\n<\/ul>\n<p><img decoding=\"async\" src=\"https:\/\/hzpt.com\/wp-content\/uploads\/2024\/11\/songte-company-1.webp\" alt=\"Producci\u00f3n de cilindros hidr\u00e1ulicos\"><\/p>\n<p>Autor: lyl.<\/p>","protected":false},"excerpt":{"rendered":"<p>Bucket Cylinder For Liugong Small Excavator CLG916D\/918E Introduction The bucket cylinder for Liugong small excavator CLG916D\/918E is a specialized hydraulic cylinder designed to control the movement of the bucket in heavy machinery such as excavators, backhoe loaders, and front-end loaders. Its main function is to enable the bucket to lift, lower, and tilt, thereby facilitating [&hellip;]<\/p>","protected":false},"featured_media":14778,"comment_status":"open","ping_status":"closed","template":"","meta":{"_et_pb_use_builder":"","_et_pb_old_content":"","_et_gb_content_width":""},"product_brand":[],"product_cat":[1494],"product_tag":[1495,1496],"class_list":{"0":"post-15574","1":"product","2":"type-product","3":"status-publish","4":"has-post-thumbnail","6":"product_cat-bucket-cylinders","7":"product_tag-bucket-cylinders","8":"product_tag-hydraulic-cylinders","10":"first","11":"instock","12":"shipping-taxable","13":"product-type-simple"},"amp_enabled":true,"_links":{"self":[{"href":"https:\/\/www.hydraulic-cylinders.net\/es\/wp-json\/wp\/v2\/product\/15574","targetHints":{"allow":["GET"]}}],"collection":[{"href":"https:\/\/www.hydraulic-cylinders.net\/es\/wp-json\/wp\/v2\/product"}],"about":[{"href":"https:\/\/www.hydraulic-cylinders.net\/es\/wp-json\/wp\/v2\/types\/product"}],"replies":[{"embeddable":true,"href":"https:\/\/www.hydraulic-cylinders.net\/es\/wp-json\/wp\/v2\/comments?post=15574"}],"wp:featuredmedia":[{"embeddable":true,"href":"https:\/\/www.hydraulic-cylinders.net\/es\/wp-json\/wp\/v2\/media\/14778"}],"wp:attachment":[{"href":"https:\/\/www.hydraulic-cylinders.net\/es\/wp-json\/wp\/v2\/media?parent=15574"}],"wp:term":[{"taxonomy":"product_brand","embeddable":true,"href":"https:\/\/www.hydraulic-cylinders.net\/es\/wp-json\/wp\/v2\/product_brand?post=15574"},{"taxonomy":"product_cat","embeddable":true,"href":"https:\/\/www.hydraulic-cylinders.net\/es\/wp-json\/wp\/v2\/product_cat?post=15574"},{"taxonomy":"product_tag","embeddable":true,"href":"https:\/\/www.hydraulic-cylinders.net\/es\/wp-json\/wp\/v2\/product_tag?post=15574"}],"curies":[{"name":"wp","href":"https:\/\/api.w.org\/{rel}","templated":true}]}}