{"id":15578,"date":"2025-01-19T14:42:24","date_gmt":"2025-01-19T14:42:24","guid":{"rendered":"https:\/\/www.hydraulic-cylinders.net\/product\/bucket-cylinder-for-liugong-middle-excavator-clg925d-925e\/"},"modified":"2025-01-19T14:42:26","modified_gmt":"2025-01-19T14:42:26","slug":"bucket-cylinder-for-liugong-middle-excavator-clg925d-925e","status":"publish","type":"product","link":"https:\/\/www.hydraulic-cylinders.net\/es\/producto\/bucket-cylinder-for-liugong-middle-excavator-clg925d-925e\/","title":{"rendered":"Cilindro de cuchar\u00f3n para excavadora intermedia Liugong CLG925D\/925E"},"content":{"rendered":"<h1>Cilindro de cuchar\u00f3n para excavadora intermedia Liugong CLG925D\/925E<\/h1>\n<h2>Introducci\u00f3n<\/h2>\n<p>El cilindro del cuchar\u00f3n es un cilindro hidr\u00e1ulico especialmente dise\u00f1ado que se utiliza principalmente para controlar el movimiento del cuchar\u00f3n en maquinaria pesada como excavadoras, retroexcavadoras y cargadoras frontales. Su funci\u00f3n principal es permitir que el cuchar\u00f3n se eleve, baje e incline, facilitando diversas tareas de manipulaci\u00f3n de materiales. En el sistema hidr\u00e1ulico, el cilindro del cuchar\u00f3n logra un control preciso del cuchar\u00f3n mediante cambios en la presi\u00f3n del aceite hidr\u00e1ulico, lo que permite a los operadores manipular cargas pesadas con eficiencia y adaptarse a entornos de trabajo complejos y a diversos requisitos.<\/p>\n<p><img decoding=\"async\" src=\"https:\/\/www.hydraulic-cylinders.net\/wp-content\/uploads\/2025\/01\/songte-company-2.webp\" alt=\"Cilindro de cubo\"><\/p>\n<h2>Caracter\u00edsticas<\/h2>\n<ul>\n<li>\n<h3>Alta resistencia y durabilidad:<\/h3>\n<p> Generalmente fabricado en acero o aluminio de alta resistencia, soporta alta presi\u00f3n y cargas pesadas, adapt\u00e1ndose a entornos de trabajo hostiles. Su dise\u00f1o optimiza la resistencia al desgaste y a la corrosi\u00f3n, lo que prolonga su vida \u00fatil.<\/li>\n<li>\n<h3>Operaci\u00f3n hidr\u00e1ulica eficiente:<\/h3>\n<p> La acci\u00f3n telesc\u00f3pica suave se logra mediante el uso de presi\u00f3n de aceite hidr\u00e1ulico, que puede responder r\u00e1pidamente a los comandos de control, proporcionando fuertes fuerzas de empuje y tracci\u00f3n, adecuadas para manipular cargas pesadas y tareas laborales complejas.<\/li>\n<li>\n<h3>Diversos tipos:<\/h3>\n<p> Se pueden seleccionar cilindros de simple efecto (hidr\u00e1ulicos en una sola direcci\u00f3n) o de doble efecto (hidr\u00e1ulicos en ambas direcciones) seg\u00fan las necesidades operativas. Algunos modelos son telesc\u00f3picos, lo que permite una mayor extensi\u00f3n sin aumentar las dimensiones externas, ideal para aplicaciones con espacio limitado.<\/li>\n<li>\n<h3>Nuestra capacidad para producir este producto:<\/h3>\n<p> Nuestro producto puede sustituir perfectamente a estos cilindros hidr\u00e1ulicos.<\/li>\n<\/ul>\n<p><img decoding=\"async\" src=\"https:\/\/www.hydraulic-cylinders.net\/wp-content\/uploads\/2025\/01\/songte-cylinder-head-with-all-kinds-excavator-models.webp\" alt=\"Producto\"><\/p>\n<h2>Aplicaciones<\/h2>\n<p>El cilindro del cuchar\u00f3n es esencial para excavar, cargar y mover tierra o escombros en equipos de construcci\u00f3n como excavadoras y retroexcavadoras. Adem\u00e1s, se utiliza en cargadoras frontales para elevar y descargar mercanc\u00edas eficazmente. Algunas de sus aplicaciones espec\u00edficas son:<\/p>\n<ul>\n<li>\n<h3>Equipos de construcci\u00f3n:<\/h3>\n<p> Los cilindros del cuchar\u00f3n son cruciales para excavar, cargar y mover tierra o escombros en excavadoras y retroexcavadoras. El cilindro del cuchar\u00f3n ayuda tanto a excavar como a levantar en las retroexcavadoras.<\/li>\n<li>\n<h3>Maquinaria agr\u00edcola:<\/h3>\n<p> Se utiliza en cargadores frontales para levantar y transportar tierra, heno y otros materiales.<\/li>\n<li>\n<h3>Excavadoras:<\/h3>\n<p> El cilindro del cuchar\u00f3n permite la acci\u00f3n de excavaci\u00f3n al permitir que el cuchar\u00f3n penetre en el suelo.<\/li>\n<li>\n<h3>Cargadores frontales:<\/h3>\n<p> Ayudan a levantar e inclinar la carga de manera eficaz.<\/li>\n<\/ul>\n<h2>Consideraciones de dise\u00f1o y criterios de selecci\u00f3n<\/h2>\n<h3>Consideraciones de dise\u00f1o:<\/h3>\n<ul>\n<li>\n<h4>Capacidad de carga:<\/h4>\n<p> El cilindro del cuchar\u00f3n debe poder soportar la capacidad de carga requerida sin fallar.<\/li>\n<li>\n<h4>Caza de focas:<\/h4>\n<p> El cilindro debe estar debidamente sellado para evitar cualquier fuga de l\u00edquido hidr\u00e1ulico.<\/li>\n<li>\n<h4>Durabilidad:<\/h4>\n<p> El cilindro debe estar dise\u00f1ado para soportar duras condiciones de trabajo y ser resistente al desgaste y la corrosi\u00f3n.<\/li>\n<li>\n<h4>Seguridad:<\/h4>\n<p> El cilindro debe estar dise\u00f1ado para garantizar la seguridad del operador y del entorno.<\/li>\n<li>\n<h4>Mantenimiento:<\/h4>\n<p> El cilindro debe estar dise\u00f1ado para facilitar su mantenimiento y reparaci\u00f3n.<\/li>\n<\/ul>\n<p><img decoding=\"async\" src=\"https:\/\/www.hydraulic-cylinders.net\/wp-content\/uploads\/2025\/01\/songte-oil-pipes-and-spare-parts.webp\" alt=\"Productos\"><\/p>\n<h3>Sellado y lubricaci\u00f3n:<\/h3>\n<p>Se utilizan diversos componentes de sellado, como sellos de pist\u00f3n y de v\u00e1stago, para evitar fugas de fluido hidr\u00e1ulico. Los sellos est\u00e1n fabricados con materiales resistentes al desgaste, como poliuretano y caucho de nitrilo. El cuerpo del cilindro y la superficie del extremo roscado est\u00e1n finamente procesados \u200b\u200bpara mejorar la resistencia al desgaste. Es necesaria una lubricaci\u00f3n regular con aceite hidr\u00e1ulico adecuado para garantizar un funcionamiento correcto.<\/p>\n<h3>Mantenimiento y reparaci\u00f3n:<\/h3>\n<p>La inspecci\u00f3n regular, la lubricaci\u00f3n adecuada, el reemplazo de sellos y las comprobaciones de calibraci\u00f3n son algunas de las tareas de mantenimiento m\u00e1s comunes. Una instalaci\u00f3n, lubricaci\u00f3n y ajuste adecuados son cruciales para prolongar la vida \u00fatil del cilindro del cuchar\u00f3n. La correcta alineaci\u00f3n del cilindro es fundamental durante la instalaci\u00f3n, y se deben utilizar soportes de instalaci\u00f3n adecuados para asegurarlo. Se recomiendan los procedimientos de inspecci\u00f3n, reparaci\u00f3n, reemplazo, reemplazo de piezas y servicios de reconstrucci\u00f3n para prolongar la vida \u00fatil del cilindro.<\/p>\n<p><img decoding=\"async\" src=\"https:\/\/www.hydraulic-cylinders.net\/wp-content\/uploads\/2025\/01\/songte-chushion-collar.webp\" alt=\"Productos\"><\/p>\n<h2>Consideraciones de seguridad y factores ambientales<\/h2>\n<p>Los cilindros de cangilones deben operarse con seguridad y se deben tomar las medidas de seguridad adecuadas durante su uso. Esto incluye seguir las normas de seguridad, como usar equipo de protecci\u00f3n personal y asegurar el buen estado del equipo hidr\u00e1ulico. Tambi\u00e9n se deben tener en cuenta factores ambientales como la temperatura, la humedad y la corrosi\u00f3n al operar los cilindros de cangilones.<\/p>\n<h2>Soluci\u00f3n de problemas y problemas comunes<\/h2>\n<p>Los siguientes son algunos problemas comunes que pueden ocurrir al utilizar cilindros de cangilones:<\/p>\n<ul>\n<li>\n<h3>Fuga de fluido hidr\u00e1ulico:<\/h3>\n<p> Esto puede deberse al desgaste de los sellos u otros componentes.<\/li>\n<li>\n<h3>Mal funcionamiento del cilindro:<\/h3>\n<p> El cilindro puede no funcionar correctamente debido a varios motivos, como una presi\u00f3n hidr\u00e1ulica baja o un pist\u00f3n da\u00f1ado.<\/li>\n<li>\n<h3>Ruido y vibraci\u00f3n:<\/h3>\n<p> Esto puede deberse a una instalaci\u00f3n incorrecta, componentes desgastados o contaminaci\u00f3n del fluido hidr\u00e1ulico.<\/li>\n<\/ul>\n<p>Una inspecci\u00f3n y un mantenimiento preventivo adecuados pueden ayudar a identificar y prevenir estos problemas. Si se detecta un problema, se deben tomar las medidas de diagn\u00f3stico y reparaci\u00f3n adecuadas para resolverlo.<\/p>\n<p><img decoding=\"async\" src=\"https:\/\/www.hydraulic-cylinders.net\/wp-content\/uploads\/2025\/01\/songte-bushings-with-all-kinds-of-excavator-models.webp\" alt=\"Productos\"><\/p>\n<h2>Acerca de nuestra empresa<\/h2>\n<p>Somos fabricantes de cilindros hidr\u00e1ulicos y nuestra gama de productos es muy completa. Somos uno de los principales fabricantes y distribuidores mayoristas de cilindros hidr\u00e1ulicos en el mercado nacional e internacional. Nos basamos en una estrategia de excelente calidad y en la gesti\u00f3n de la producci\u00f3n industrializada de nuestros sofisticados talleres. Nuestra empresa ha mejorado continuamente la plataforma de fabricaci\u00f3n de nuestros talleres mediante la aplicaci\u00f3n de talento t\u00e9cnico, equipos de fabricaci\u00f3n digitales de alta gama y sistemas de prueba profesionales, ha perfeccionado la l\u00ednea de producci\u00f3n de calidad y cuenta con una s\u00f3lida capacidad creativa. Ofrecemos a nuestros clientes productos de alta eficiencia, precisi\u00f3n y calidad para satisfacer sus diversas necesidades.<\/p>\n<p><img decoding=\"async\" src=\"https:\/\/hzpt.com\/wp-content\/uploads\/2024\/11\/songte-company-1.webp\" alt=\"Compa\u00f1\u00eda\"><\/p>\n<h3>Profesionalismo:<\/h3>\n<p>Nuestra empresa cuenta con un equipo de profesionales experimentados y expertos en sus respectivas \u00e1reas. Brindamos a nuestros clientes servicios y soporte t\u00e9cnico de alta calidad para garantizar la satisfacci\u00f3n de sus necesidades.<\/p>\n<h3>Certificaci\u00f3n Internacional:<\/h3>\n<p>Nuestros productos est\u00e1n certificados por organizaciones internacionales de control de calidad como ISO y CE, garantizando un alto nivel de garant\u00eda y calidad.<\/p>\n<h3>Servicios de personalizaci\u00f3n:<\/h3>\n<p>Proporcionamos a nuestros clientes cilindros hidr\u00e1ulicos personalizados y les apoyamos con orientaci\u00f3n t\u00e9cnica y soporte durante todo el proceso.<\/p>\n<h3>Equipo de producci\u00f3n:<\/h3>\n<p>Nuestra empresa dispone de una gama de equipos de producci\u00f3n avanzados, entre los que se incluyen tornos CNC, centros de mecanizado y equipos de prueba, entre otros.<\/p>\n<h3>Servicio postventa:<\/h3>\n<p>Brindamos a nuestros clientes servicio y soporte postventa para garantizar su satisfacci\u00f3n con nuestros productos.<\/p>\n<p><img decoding=\"async\" src=\"https:\/\/www.hydraulic-cylinders.net\/wp-content\/uploads\/2025\/01\/songte-company-3.webp\" alt=\"Compa\u00f1\u00eda\"><\/p>\n<h2>Autor: lyl<\/h2>","protected":false},"excerpt":{"rendered":"<p>Bucket Cylinder for Liugong Middle Excavator CLG925D\/925E Introduction The bucket cylinder is a specially designed hydraulic cylinder primarily used to control the movement of the bucket in heavy machinery such as excavators, backhoe loaders, and front-end loaders. Its main function is to enable the bucket to lift, lower, and tilt, making it easier to perform [&hellip;]<\/p>","protected":false},"featured_media":14769,"comment_status":"open","ping_status":"closed","template":"","meta":{"_et_pb_use_builder":"","_et_pb_old_content":"","_et_gb_content_width":""},"product_brand":[],"product_cat":[1494],"product_tag":[1495,1496],"class_list":{"0":"post-15578","1":"product","2":"type-product","3":"status-publish","4":"has-post-thumbnail","6":"product_cat-bucket-cylinders","7":"product_tag-bucket-cylinders","8":"product_tag-hydraulic-cylinders","10":"first","11":"instock","12":"shipping-taxable","13":"product-type-simple"},"amp_enabled":true,"_links":{"self":[{"href":"https:\/\/www.hydraulic-cylinders.net\/es\/wp-json\/wp\/v2\/product\/15578","targetHints":{"allow":["GET"]}}],"collection":[{"href":"https:\/\/www.hydraulic-cylinders.net\/es\/wp-json\/wp\/v2\/product"}],"about":[{"href":"https:\/\/www.hydraulic-cylinders.net\/es\/wp-json\/wp\/v2\/types\/product"}],"replies":[{"embeddable":true,"href":"https:\/\/www.hydraulic-cylinders.net\/es\/wp-json\/wp\/v2\/comments?post=15578"}],"wp:featuredmedia":[{"embeddable":true,"href":"https:\/\/www.hydraulic-cylinders.net\/es\/wp-json\/wp\/v2\/media\/14769"}],"wp:attachment":[{"href":"https:\/\/www.hydraulic-cylinders.net\/es\/wp-json\/wp\/v2\/media?parent=15578"}],"wp:term":[{"taxonomy":"product_brand","embeddable":true,"href":"https:\/\/www.hydraulic-cylinders.net\/es\/wp-json\/wp\/v2\/product_brand?post=15578"},{"taxonomy":"product_cat","embeddable":true,"href":"https:\/\/www.hydraulic-cylinders.net\/es\/wp-json\/wp\/v2\/product_cat?post=15578"},{"taxonomy":"product_tag","embeddable":true,"href":"https:\/\/www.hydraulic-cylinders.net\/es\/wp-json\/wp\/v2\/product_tag?post=15578"}],"curies":[{"name":"wp","href":"https:\/\/api.w.org\/{rel}","templated":true}]}}