{"id":15589,"date":"2025-01-19T14:43:13","date_gmt":"2025-01-19T14:43:13","guid":{"rendered":"https:\/\/www.hydraulic-cylinders.net\/product\/bucket-cylinder-for-liugong-large-excavator-clg950e\/"},"modified":"2025-01-19T14:43:15","modified_gmt":"2025-01-19T14:43:15","slug":"bucket-cylinder-for-liugong-large-excavator-clg950e","status":"publish","type":"product","link":"https:\/\/www.hydraulic-cylinders.net\/es\/producto\/bucket-cylinder-for-liugong-large-excavator-clg950e\/","title":{"rendered":"Cilindro de cuchar\u00f3n para excavadora grande Liugong CLG950E"},"content":{"rendered":"<h1>Cilindro de cuchar\u00f3n para excavadora grande Liugong CLG950E<\/h1>\n<h2>Introducci\u00f3n<\/h2>\n<p>El cilindro del cuchar\u00f3n para la excavadora grande Liugong CLG950E es un cilindro hidr\u00e1ulico especialmente dise\u00f1ado para controlar el movimiento del cuchar\u00f3n en maquinaria pesada como excavadoras, retroexcavadoras y cargadoras frontales. Su funci\u00f3n principal es permitir la elevaci\u00f3n, el descenso y la inclinaci\u00f3n del cuchar\u00f3n, facilitando la manipulaci\u00f3n de materiales. En el sistema hidr\u00e1ulico, el cilindro del cuchar\u00f3n logra un control preciso del cuchar\u00f3n aprovechando los cambios de presi\u00f3n del aceite hidr\u00e1ulico, lo que permite a los operadores manipular cargas pesadas con eficiencia y adaptarse a entornos de trabajo complejos y diversas exigencias operativas.<\/p>\n<p><img decoding=\"async\" src=\"https:\/\/www.hydraulic-cylinders.net\/wp-content\/uploads\/2025\/01\/songte-company-2.webp\"><\/p>\n<h2>Caracter\u00edsticas<\/h2>\n<ul>\n<li>Alta resistencia y durabilidad: Fabricado generalmente en acero o aluminio de alta resistencia, el cilindro del cuchar\u00f3n puede soportar alta presi\u00f3n y cargas pesadas, adapt\u00e1ndose a entornos de trabajo hostiles. Su dise\u00f1o considera la resistencia al desgaste y a la corrosi\u00f3n, lo que prolonga su vida \u00fatil.<\/li>\n<li>Operaci\u00f3n hidr\u00e1ulica eficiente: al utilizar la presi\u00f3n del aceite hidr\u00e1ulico, el cilindro del cuchar\u00f3n logra acciones suaves de extensi\u00f3n y retracci\u00f3n, lo que permite una respuesta r\u00e1pida a los comandos de control y proporciona poderosas fuerzas de empuje y tracci\u00f3n, adecuadas para manipular cargas pesadas y tareas operativas complejas.<\/li>\n<li>M\u00faltiples tipos: El cilindro del cuchar\u00f3n puede elegirse entre simple efecto (energ\u00eda hidr\u00e1ulica en una sola direcci\u00f3n) o doble efecto (energ\u00eda hidr\u00e1ulica en ambas direcciones) para satisfacer diferentes requisitos operativos. Algunos modelos son telesc\u00f3picos, lo que permite una mayor extensi\u00f3n sin aumentar las dimensiones externas, ideal para aplicaciones con espacio limitado.<\/li>\n<li>Reemplazo perfecto: Nuestros productos pueden reemplazar perfectamente los cilindros hidr\u00e1ulicos existentes. Ofrecemos una amplia gama de opciones para satisfacer diversas necesidades.<\/li>\n<\/ul>\n<p><img decoding=\"async\" src=\"https:\/\/www.hydraulic-cylinders.net\/wp-content\/uploads\/2025\/01\/songte-cylinder-head-with-all-kinds-excavator-models.webp\"><\/p>\n<h2>Aplicaciones<\/h2>\n<ul>\n<li>Equipos de construcci\u00f3n: Presentes en excavadoras, son cruciales para excavar, cargar y mover tierra o escombros. En las retroexcavadoras, el cilindro del cuchar\u00f3n facilita tanto la excavaci\u00f3n como la elevaci\u00f3n.<\/li>\n<li>Maquinaria agr\u00edcola: Se utiliza en cargadores frontales para recoger, levantar y transportar tierra, heno y otros materiales.<\/li>\n<li>Excavadoras: El cilindro del cuchar\u00f3n permite realizar acciones de excavaci\u00f3n al permitir que el cuchar\u00f3n penetre en el suelo.<\/li>\n<li>Cargadoras frontales: En las cargadoras frontales, ayudan a levantar e inclinar las mercanc\u00edas de forma eficaz.<\/li>\n<\/ul>\n<h2>Consideraciones de dise\u00f1o y criterios de selecci\u00f3n<\/h2>\n<ul>\n<li>Capacidad de carga: El cilindro del cuchar\u00f3n est\u00e1 dise\u00f1ado para soportar los requisitos de carga especificados, lo que garantiza un funcionamiento seguro y confiable.<\/li>\n<li>Sellado: Se utilizan diversos componentes de sellado, como sellos de pist\u00f3n y sellos de v\u00e1stago hechos de materiales resistentes al desgaste como poliuretano y caucho de nitrilo, para garantizar un sellado efectivo y minimizar las fugas.<\/li>\n<li>Durabilidad: El cuerpo del cilindro y los extremos roscados se someten a un tratamiento preciso para mejorar la resistencia al desgaste y extender la vida \u00fatil del producto.<\/li>\n<li>Seguridad: El dise\u00f1o incorpora caracter\u00edsticas de seguridad para prevenir accidentes y garantizar el bienestar del operador durante la operaci\u00f3n y el mantenimiento.<\/li>\n<li>Mantenibilidad: El cilindro del cuchar\u00f3n est\u00e1 dise\u00f1ado para un f\u00e1cil mantenimiento, lo que permite una c\u00f3moda inspecci\u00f3n, lubricaci\u00f3n y reemplazo de componentes cuando sea necesario.<\/li>\n<\/ul>\n<p><img decoding=\"async\" src=\"https:\/\/www.hydraulic-cylinders.net\/wp-content\/uploads\/2025\/01\/songte-oil-pipes-and-spare-parts.webp\"><\/p>\n<h2>Sellado y lubricaci\u00f3n<\/h2>\n<p>El cilindro del cuchar\u00f3n utiliza diversos componentes de sellado, como sellos de pist\u00f3n y de v\u00e1stago, fabricados con materiales resistentes al desgaste como poliuretano y caucho de nitrilo. El cuerpo del cilindro y los extremos roscados reciben un tratamiento meticuloso para mejorar la resistencia al desgaste. Es necesaria una lubricaci\u00f3n regular con una cantidad adecuada de aceite hidr\u00e1ulico para garantizar un funcionamiento suave y prolongar la vida \u00fatil del cilindro.<\/p>\n<h2>Inspecci\u00f3n regular y mantenimiento preventivo<\/h2>\n<ul>\n<li>Inspeccione peri\u00f3dicamente el cilindro del cuchar\u00f3n para detectar cualquier signo de desgaste, da\u00f1o o fuga.<\/li>\n<li>Aseg\u00farese de que todas las partes m\u00f3viles est\u00e9n lubricadas adecuadamente.<\/li>\n<li>Reemplace peri\u00f3dicamente los sellos desgastados para mantener un sellado efectivo.<\/li>\n<li>Realice comprobaciones de calibraci\u00f3n para garantizar un funcionamiento preciso.<\/li>\n<\/ul>\n<p><img decoding=\"async\" src=\"https:\/\/www.hydraulic-cylinders.net\/wp-content\/uploads\/2025\/01\/songte-chushion-collar.webp\"><\/p>\n<h2>Consideraciones de seguridad y factores ambientales<\/h2>\n<p>Al utilizar el cilindro del cuchar\u00f3n, es fundamental seguir las medidas de seguridad para prevenir accidentes y garantizar la seguridad del operador. Las precauciones de seguridad deben incluir la capacitaci\u00f3n adecuada, el uso de equipo de protecci\u00f3n personal y el cumplimiento de los procedimientos operativos recomendados. Adem\u00e1s, se deben considerar factores ambientales como la temperatura, la humedad y la exposici\u00f3n a sustancias corrosivas para garantizar un rendimiento \u00f3ptimo y la larga vida \u00fatil del cilindro.<\/p>\n<h2>Soluci\u00f3n de problemas y problemas comunes<\/h2>\n<p>A continuaci\u00f3n se presentan algunos consejos y soluciones comunes para la resoluci\u00f3n de problemas potenciales:<\/p>\n<ul>\n<li>Problema 1: Fuga: verifique si hay sellos da\u00f1ados y reempl\u00e1celos si es necesario.<\/li>\n<li>Problema 2: Funcionamiento lento: inspeccione si hay niveles bajos de l\u00edquido hidr\u00e1ulico o bloqueos en el sistema hidr\u00e1ulico y corrija seg\u00fan corresponda.<\/li>\n<li>Problema 3: Movimiento err\u00e1tico: verifique que la presi\u00f3n hidr\u00e1ulica sea adecuada y verifique si hay obstrucciones en la trayectoria del cilindro.<\/li>\n<\/ul>\n<p>Siguiendo estos consejos, los lectores podr\u00e1n diagnosticar y resolver problemas de forma eficaz y adoptar medidas preventivas para minimizar posibles problemas.<\/p>\n<p><img decoding=\"async\" src=\"https:\/\/www.hydraulic-cylinders.net\/wp-content\/uploads\/2025\/01\/songte-bushings-with-all-kinds-of-excavator-models.webp\"><\/p>\n<h2>Tareas de mantenimiento<\/h2>\n<p>Tres tareas de mantenimiento comunes para el cilindro del cuchar\u00f3n incluyen:<\/p>\n<ul>\n<li>Inspecciones regulares<\/li>\n<li>Lubricaci\u00f3n adecuada<\/li>\n<li>Sustituci\u00f3n de juntas y comprobaciones de calibraci\u00f3n<\/li>\n<\/ul>\n<p>Una instalaci\u00f3n, lubricaci\u00f3n y ajuste adecuados son esenciales. Durante la instalaci\u00f3n, es crucial proporcionar una gu\u00eda de alineaci\u00f3n adecuada para el cilindro. Se recomienda utilizar soportes de montaje adecuados para asegurar el cilindro. Este art\u00edculo proporciona procedimientos recomendados de inspecci\u00f3n, reparaci\u00f3n y reemplazo, as\u00ed como consejos para prolongar la vida \u00fatil del cilindro del cuchar\u00f3n.<\/p>\n<p><img decoding=\"async\" src=\"https:\/\/www.hydraulic-cylinders.net\/wp-content\/uploads\/2025\/01\/songte-company-1.webp\"><\/p>\n<h2>Conclusi\u00f3n<\/h2>\n<p>En resumen, nuestra empresa es un fabricante y distribuidor mayorista l\u00edder de cilindros hidr\u00e1ulicos, incluyendo el cilindro de cuchar\u00f3n para la excavadora grande Liugong CLG950E. Priorizamos la excelencia en la calidad y utilizamos instalaciones de fabricaci\u00f3n avanzadas, profesionales cualificados y tecnolog\u00eda de vanguardia para satisfacer las diversas necesidades de nuestros clientes. Nuestro compromiso con la eficiencia, la precisi\u00f3n y la alta calidad de nuestros productos nos ha consolidado como un proveedor de confianza en los mercados nacionales e internacionales.<\/p>\n<p><img decoding=\"async\" src=\"https:\/\/www.hydraulic-cylinders.net\/wp-content\/uploads\/2025\/01\/songte-company-3.webp\"><\/p>\n<p>Autor: lyl<\/p>","protected":false},"excerpt":{"rendered":"<p>Bucket Cylinder For Liugong Large Excavator CLG950E Introduction The bucket cylinder for Liugong large excavator CLG950E is a specially designed hydraulic cylinder used to control the movement of the bucket in heavy machinery such as excavators, backhoe loaders, and front loaders. Its main function is to enable the lifting, lowering, and tilting of the bucket, [&hellip;]<\/p>","protected":false},"featured_media":14778,"comment_status":"open","ping_status":"closed","template":"","meta":{"_et_pb_use_builder":"","_et_pb_old_content":"","_et_gb_content_width":""},"product_brand":[],"product_cat":[1494],"product_tag":[1495,1496],"class_list":{"0":"post-15589","1":"product","2":"type-product","3":"status-publish","4":"has-post-thumbnail","6":"product_cat-bucket-cylinders","7":"product_tag-bucket-cylinders","8":"product_tag-hydraulic-cylinders","10":"first","11":"instock","12":"shipping-taxable","13":"product-type-simple"},"amp_enabled":true,"_links":{"self":[{"href":"https:\/\/www.hydraulic-cylinders.net\/es\/wp-json\/wp\/v2\/product\/15589","targetHints":{"allow":["GET"]}}],"collection":[{"href":"https:\/\/www.hydraulic-cylinders.net\/es\/wp-json\/wp\/v2\/product"}],"about":[{"href":"https:\/\/www.hydraulic-cylinders.net\/es\/wp-json\/wp\/v2\/types\/product"}],"replies":[{"embeddable":true,"href":"https:\/\/www.hydraulic-cylinders.net\/es\/wp-json\/wp\/v2\/comments?post=15589"}],"wp:featuredmedia":[{"embeddable":true,"href":"https:\/\/www.hydraulic-cylinders.net\/es\/wp-json\/wp\/v2\/media\/14778"}],"wp:attachment":[{"href":"https:\/\/www.hydraulic-cylinders.net\/es\/wp-json\/wp\/v2\/media?parent=15589"}],"wp:term":[{"taxonomy":"product_brand","embeddable":true,"href":"https:\/\/www.hydraulic-cylinders.net\/es\/wp-json\/wp\/v2\/product_brand?post=15589"},{"taxonomy":"product_cat","embeddable":true,"href":"https:\/\/www.hydraulic-cylinders.net\/es\/wp-json\/wp\/v2\/product_cat?post=15589"},{"taxonomy":"product_tag","embeddable":true,"href":"https:\/\/www.hydraulic-cylinders.net\/es\/wp-json\/wp\/v2\/product_tag?post=15589"}],"curies":[{"name":"wp","href":"https:\/\/api.w.org\/{rel}","templated":true}]}}