{"id":15592,"date":"2025-01-19T14:43:25","date_gmt":"2025-01-19T14:43:25","guid":{"rendered":"https:\/\/www.hydraulic-cylinders.net\/product\/bucket-cylinder-for-xgma-small-excavator-xg809e\/"},"modified":"2025-01-19T14:43:27","modified_gmt":"2025-01-19T14:43:27","slug":"bucket-cylinder-for-xgma-small-excavator-xg809e","status":"publish","type":"product","link":"https:\/\/www.hydraulic-cylinders.net\/es\/producto\/bucket-cylinder-for-xgma-small-excavator-xg809e\/","title":{"rendered":"Cilindro de cuchar\u00f3n para excavadora peque\u00f1a XGMA XG809E"},"content":{"rendered":"<h1>Cilindro de cuchar\u00f3n para excavadora peque\u00f1a XGMA XG809E<\/h1>\n<h2>Introducci\u00f3n<\/h2>\n<p>Un cilindro de cuchar\u00f3n es un cilindro hidr\u00e1ulico especialmente dise\u00f1ado que se utiliza principalmente para controlar el movimiento de los cucharones en maquinaria pesada, como excavadoras, retroexcavadoras y cargadoras frontales. Su funci\u00f3n principal es permitir que el cuchar\u00f3n se eleve, baje e incline, facilitando diversas tareas de manipulaci\u00f3n de materiales. En el sistema hidr\u00e1ulico, el cilindro del cuchar\u00f3n logra un control preciso del cuchar\u00f3n mediante cambios en la presi\u00f3n del aceite hidr\u00e1ulico, lo que permite al operador manipular cargas pesadas con eficiencia y adaptarse a entornos de trabajo complejos y diversas exigencias operativas.<\/p>\n<p><img decoding=\"async\" src=\"https:\/\/www.hydraulic-cylinders.net\/wp-content\/uploads\/2025\/01\/songte-company-2.webp\" alt=\"imagen del cilindro del cubo\"><\/p>\n<h2>Caracter\u00edsticas<\/h2>\n<ul>\n<li>Alta resistencia y durabilidad: generalmente fabricados en acero o aluminio de alta resistencia, capaces de soportar alta presi\u00f3n y cargas pesadas, y dise\u00f1ados para considerar la resistencia al desgaste y la resistencia a la corrosi\u00f3n, lo que extiende la vida \u00fatil.<\/li>\n<li>Operaci\u00f3n hidr\u00e1ulica eficiente: utilizando la presi\u00f3n del aceite hidr\u00e1ulico para lograr una extensi\u00f3n y retracci\u00f3n suaves, capaz de responder r\u00e1pidamente a los comandos de control, proporcionando una fuerte fuerza de empuje y tracci\u00f3n, adecuado para manipular cargas pesadas y operaciones complejas.<\/li>\n<li>Diversos tipos: Se pueden seleccionar cilindros de simple efecto (hidr\u00e1ulicos en una sola direcci\u00f3n) o de doble efecto (hidr\u00e1ulicos en ambas direcciones) seg\u00fan las necesidades para satisfacer diferentes requisitos operativos. Algunos modelos son telesc\u00f3picos, lo que permite una mayor extensi\u00f3n sin aumentar las dimensiones externas, ideal para aplicaciones con espacio limitado.<\/li>\n<li>Producci\u00f3n personalizada: Nuestros productos pueden reemplazar perfectamente estos cilindros hidr\u00e1ulicos.<\/li>\n<\/ul>\n<p><img decoding=\"async\" src=\"https:\/\/www.hydraulic-cylinders.net\/wp-content\/uploads\/2025\/01\/songte-cylinder-head-with-all-kinds-excavator-models.webp\" alt=\"imagen de producci\u00f3n personalizada\"><\/p>\n<h2>Aplicaciones<\/h2>\n<p><strong>Equipos de construcci\u00f3n:<\/strong> En las excavadoras, son cruciales para excavar, cargar y mover tierra o escombros. En las retroexcavadoras, los cilindros del cuchar\u00f3n ayudan tanto en la excavaci\u00f3n como en la elevaci\u00f3n. En las cargadoras frontales, ayudan a elevar y descargar mercanc\u00edas eficientemente.<\/p>\n<p><strong>Maquinaria agr\u00edcola:<\/strong> El cilindro del cuchar\u00f3n se utiliza en cargadores frontales para recoger, levantar y transportar tierra, heno y otros materiales; en las excavadoras, permite la acci\u00f3n de excavaci\u00f3n al permitir que el cuchar\u00f3n penetre en el suelo.<\/p>\n<h2>Est\u00e1ndares de dise\u00f1o y selecci\u00f3n<\/h2>\n<ul>\n<li>Capacidad de carga: El cilindro hidr\u00e1ulico debe tener la resistencia y capacidad suficiente para soportar la carga a la que est\u00e1 sometido.<\/li>\n<li>Sellado: Se utilizan diversos elementos de sellado, como sellos de pist\u00f3n y de v\u00e1stago, para evitar fugas de fluido y contaminaci\u00f3n. Los sellos est\u00e1n fabricados con materiales resistentes al desgaste, como poliuretano y caucho de nitrilo, lo que garantiza su durabilidad y fiabilidad.<\/li>\n<li>Durabilidad: El cuerpo del cilindro y las superficies de los extremos roscados est\u00e1n finamente procesados \u200b\u200bpara brindar resistencia al desgaste y una larga vida \u00fatil.<\/li>\n<li>Seguridad: El cilindro hidr\u00e1ulico debe estar dise\u00f1ado con caracter\u00edsticas de seguridad para evitar accidentes, como protecci\u00f3n contra sobrecarga y v\u00e1lvulas de alivio de presi\u00f3n.<\/li>\n<li>Mantenimiento: El cilindro hidr\u00e1ulico debe estar dise\u00f1ado para facilitar el mantenimiento y la reparaci\u00f3n de rutina, permitiendo el reemplazo f\u00e1cil de piezas da\u00f1adas y reduciendo el tiempo de inactividad.<\/li>\n<\/ul>\n<p><img decoding=\"async\" src=\"https:\/\/www.hydraulic-cylinders.net\/wp-content\/uploads\/2025\/01\/songte-oil-pipes-and-spare-parts.webp\" alt=\"Imagen de est\u00e1ndares de dise\u00f1o y selecci\u00f3n\"><\/p>\n<h2>Sellado y lubricaci\u00f3n<\/h2>\n<p>El cilindro hidr\u00e1ulico utiliza diversos elementos de sellado para evitar fugas de fluido y contaminaci\u00f3n. Estos elementos incluyen sellos de pist\u00f3n y de v\u00e1stago, fabricados con materiales resistentes al desgaste como poliuretano y caucho de nitrilo. El cuerpo del cilindro y las superficies roscadas de los extremos est\u00e1n finamente procesadas para mejorar la resistencia al desgaste. El cilindro hidr\u00e1ulico debe lubricarse con la cantidad adecuada de aceite hidr\u00e1ulico para garantizar un funcionamiento suave y una larga vida \u00fatil.<\/p>\n<h2>Medidas de mantenimiento preventivo y reparaci\u00f3n<\/h2>\n<ul>\n<li>Inspecci\u00f3n peri\u00f3dica: Se deben realizar inspecciones peri\u00f3dicas para identificar posibles problemas y evitar que se conviertan en problemas graves.<\/li>\n<li>Lubricaci\u00f3n: El cilindro hidr\u00e1ulico debe lubricarse peri\u00f3dicamente para garantizar un funcionamiento suave y una larga vida \u00fatil.<\/li>\n<li>Reemplazo de sellos: Los sellos deben reemplazarse cuando muestren signos de desgaste, da\u00f1os o fugas.<\/li>\n<li>Comprobaci\u00f3n de calibraci\u00f3n: el cilindro hidr\u00e1ulico debe calibrarse peri\u00f3dicamente para garantizar un funcionamiento preciso.<\/li>\n<\/ul>\n<p><img decoding=\"async\" src=\"https:\/\/www.hydraulic-cylinders.net\/wp-content\/uploads\/2025\/01\/songte-chushion-collar.webp\" alt=\"imagen de mantenimiento preventivo\"><\/p>\n<h2>Consideraciones de seguridad y factores ambientales<\/h2>\n<p>Se deben tomar medidas de seguridad al utilizar el cilindro hidr\u00e1ulico para evitar accidentes. Tambi\u00e9n se debe tener en cuenta el medio ambiente al utilizarlo para minimizar su impacto en el entorno.<\/p>\n<h2>Soluci\u00f3n de problemas y problemas comunes<\/h2>\n<ul>\n<li>Fugas: Pueden producirse fugas debido a sellos da\u00f1ados o a una instalaci\u00f3n incorrecta. Es necesario reemplazar los sellos y instalar correctamente el cilindro hidr\u00e1ulico.<\/li>\n<li>Sobrecalentamiento: El sobrecalentamiento puede ocurrir debido al uso excesivo o a la falta de lubricaci\u00f3n. El cilindro hidr\u00e1ulico debe lubricarse regularmente y utilizarse correctamente.<\/li>\n<li>Operaci\u00f3n lenta: La operaci\u00f3n lenta puede deberse a una baja presi\u00f3n del aceite hidr\u00e1ulico o a una obstrucci\u00f3n en el sistema hidr\u00e1ulico. Es necesario verificar la presi\u00f3n del aceite hidr\u00e1ulico e inspeccionar el sistema hidr\u00e1ulico para detectar obstrucciones.<\/li>\n<\/ul>\n<p><img decoding=\"async\" src=\"https:\/\/www.hydraulic-cylinders.net\/wp-content\/uploads\/2025\/01\/songte-bushings-with-all-kinds-of-excavator-models.webp\" alt=\"imagen de soluci\u00f3n de problemas\"><\/p>\n<h2>Acerca de nuestra empresa<\/h2>\n<p>Somos fabricantes de cilindros hidr\u00e1ulicos de repuesto, con una gama completa de productos, y nos hemos convertido en uno de los principales fabricantes y mayoristas de cilindros hidr\u00e1ulicos en el mercado nacional e internacional. Nos adherimos al principio de excelente calidad y nos basamos en estrategias de gesti\u00f3n de producci\u00f3n industrializadas en talleres de fabricaci\u00f3n de alta calidad. Nuestra empresa mejora continuamente su plataforma de fabricaci\u00f3n mediante el uso de talento t\u00e9cnico, equipos de fabricaci\u00f3n digitales de alta gama y sistemas de prueba profesionales, perfeccionando la calidad de nuestros productos y con una s\u00f3lida capacidad de creaci\u00f3n para satisfacer las diversas necesidades de nuestros clientes con alta eficiencia, precisi\u00f3n y calidad.<\/p>\n<p>Ofrecemos servicios profesionales, certificados internacionalmente y personalizados, utilizamos equipos de fabricaci\u00f3n avanzados y brindamos servicios posventa.<\/p>\n<p><img decoding=\"async\" src=\"https:\/\/www.hydraulic-cylinders.net\/wp-content\/uploads\/2025\/01\/songte-company-3.webp\" alt=\"imagen de la empresa\"><\/p>\n<p>Autor: lyl.<\/p>","protected":false},"excerpt":{"rendered":"<p>Bucket Cylinder For XGMA Small Excavator XG809E Introduction A bucket cylinder is a specially designed hydraulic cylinder primarily used to control the movement of buckets in heavy machinery such as excavators, backhoe excavators, and front-end loaders. Its main function is to allow the bucket to lift, lower, and tilt, making it easier to handle various [&hellip;]<\/p>","protected":false},"featured_media":14771,"comment_status":"open","ping_status":"closed","template":"","meta":{"_et_pb_use_builder":"","_et_pb_old_content":"","_et_gb_content_width":""},"product_brand":[],"product_cat":[1494],"product_tag":[1495,1496],"class_list":{"0":"post-15592","1":"product","2":"type-product","3":"status-publish","4":"has-post-thumbnail","6":"product_cat-bucket-cylinders","7":"product_tag-bucket-cylinders","8":"product_tag-hydraulic-cylinders","10":"first","11":"instock","12":"shipping-taxable","13":"product-type-simple"},"amp_enabled":true,"_links":{"self":[{"href":"https:\/\/www.hydraulic-cylinders.net\/es\/wp-json\/wp\/v2\/product\/15592","targetHints":{"allow":["GET"]}}],"collection":[{"href":"https:\/\/www.hydraulic-cylinders.net\/es\/wp-json\/wp\/v2\/product"}],"about":[{"href":"https:\/\/www.hydraulic-cylinders.net\/es\/wp-json\/wp\/v2\/types\/product"}],"replies":[{"embeddable":true,"href":"https:\/\/www.hydraulic-cylinders.net\/es\/wp-json\/wp\/v2\/comments?post=15592"}],"wp:featuredmedia":[{"embeddable":true,"href":"https:\/\/www.hydraulic-cylinders.net\/es\/wp-json\/wp\/v2\/media\/14771"}],"wp:attachment":[{"href":"https:\/\/www.hydraulic-cylinders.net\/es\/wp-json\/wp\/v2\/media?parent=15592"}],"wp:term":[{"taxonomy":"product_brand","embeddable":true,"href":"https:\/\/www.hydraulic-cylinders.net\/es\/wp-json\/wp\/v2\/product_brand?post=15592"},{"taxonomy":"product_cat","embeddable":true,"href":"https:\/\/www.hydraulic-cylinders.net\/es\/wp-json\/wp\/v2\/product_cat?post=15592"},{"taxonomy":"product_tag","embeddable":true,"href":"https:\/\/www.hydraulic-cylinders.net\/es\/wp-json\/wp\/v2\/product_tag?post=15592"}],"curies":[{"name":"wp","href":"https:\/\/api.w.org\/{rel}","templated":true}]}}