{"id":15594,"date":"2025-01-19T14:43:33","date_gmt":"2025-01-19T14:43:33","guid":{"rendered":"https:\/\/www.hydraulic-cylinders.net\/product\/bucket-cylinder-for-xgma-middle-excavator-xg820\/"},"modified":"2025-01-19T14:43:35","modified_gmt":"2025-01-19T14:43:35","slug":"bucket-cylinder-for-xgma-middle-excavator-xg820","status":"publish","type":"product","link":"https:\/\/www.hydraulic-cylinders.net\/es\/producto\/bucket-cylinder-for-xgma-middle-excavator-xg820\/","title":{"rendered":"Cilindro de cuchar\u00f3n para excavadora intermedia XGMA XG820"},"content":{"rendered":"<h1>Cilindro de cuchar\u00f3n para excavadora intermedia XGMA XG820<\/h1>\n<h2>Introducci\u00f3n del producto<\/h2>\n<p>El cilindro del cuchar\u00f3n es un cilindro hidr\u00e1ulico especialmente dise\u00f1ado que se utiliza para controlar el movimiento del cuchar\u00f3n en maquinaria pesada como excavadoras, retroexcavadoras y cargadoras frontales. Su funci\u00f3n principal es permitir que el cuchar\u00f3n se eleve, baje e incline, facilitando diversas tareas de manipulaci\u00f3n de materiales. En el sistema hidr\u00e1ulico, el cilindro del cuchar\u00f3n logra un control preciso del cuchar\u00f3n mediante cambios en la presi\u00f3n del aceite hidr\u00e1ulico, lo que permite a los operadores manipular objetos pesados \u200b\u200bcon eficiencia y adaptarse a entornos de trabajo complejos y a diversos requisitos. <\/p>\n<p><img decoding=\"async\" src=\"https:\/\/www.hydraulic-cylinders.net\/wp-content\/uploads\/2025\/01\/songte-company-2.webp\" alt=\"Imagen del cilindro del cubo\"><\/p>\n<h2>Caracter\u00edsticas del producto<\/h2>\n<ul>\n<li>Alta resistencia y durabilidad: generalmente fabricado en acero o aluminio de alta resistencia, puede soportar alta presi\u00f3n y cargas pesadas, adaptarse a entornos de trabajo hostiles y est\u00e1 dise\u00f1ado para resistir el desgaste y la corrosi\u00f3n para prolongar la vida \u00fatil.<\/li>\n<li>Operaci\u00f3n hidr\u00e1ulica eficiente: utiliza presi\u00f3n de aceite hidr\u00e1ulico para lograr acciones suaves de expansi\u00f3n y contracci\u00f3n, responder r\u00e1pidamente a los comandos de control, proporcionar poderosas fuerzas de empuje y tracci\u00f3n, y es adecuado para manipular objetos pesados \u200b\u200b\u200b\u200by tareas laborales complejas.<\/li>\n<li>Diversos tipos: Se pueden seleccionar cilindros de simple efecto (hidr\u00e1ulicos en una sola direcci\u00f3n) o de doble efecto (hidr\u00e1ulicos en ambas direcciones) seg\u00fan las necesidades para satisfacer diferentes requisitos operativos. Algunos modelos son telesc\u00f3picos, lo que permite una mayor extensi\u00f3n sin aumentar las dimensiones externas, lo que los hace ideales para aplicaciones con espacio limitado.<\/li>\n<li>F\u00e1cil de instalar: nuestro producto puede reemplazar perfectamente estos cilindros hidr\u00e1ulicos.<\/li>\n<\/ul>\n<p><img decoding=\"async\" src=\"https:\/\/www.hydraulic-cylinders.net\/wp-content\/uploads\/2025\/01\/songte-cylinder-head-with-all-kinds-excavator-models.webp\" alt=\"Imagen de reemplazo del cilindro del cuchar\u00f3n\"><\/p>\n<h2>Aplicaciones<\/h2>\n<ul>\n<li>Equipos de construcci\u00f3n: En las excavadoras, son fundamentales para excavar, cargar y mover tierra o escombros. En las retroexcavadoras, los cilindros del cuchar\u00f3n ayudan tanto en la excavaci\u00f3n como en la elevaci\u00f3n. <\/li>\n<li>Maquinaria agr\u00edcola: Se utiliza en cargadoras frontales para recoger, levantar y transportar tierra, heno y otros materiales. <\/li>\n<li>Excavadoras: El cilindro del cuchar\u00f3n permite que el cuchar\u00f3n penetre en el suelo para lograr la acci\u00f3n de excavaci\u00f3n. <\/li>\n<li>Cargadores: En los cargadores frontales, ayudan a levantar e inclinar las mercanc\u00edas de manera eficaz. <\/li>\n<\/ul>\n<h2>Consideraciones de dise\u00f1o y criterios de selecci\u00f3n<\/h2>\n<p>A partir de las consideraciones de dise\u00f1o del producto, discutiremos factores clave como la capacidad de carga, el sellado, la durabilidad, la seguridad y la facilidad de mantenimiento. <\/p>\n<ul>\n<li>Capacidad de carga: El cilindro debe ser capaz de soportar el peso del cuchar\u00f3n y la carga que transporta.<\/li>\n<li>Sellado: Se utilizan varios dispositivos de sellado, como sellos de pist\u00f3n y sellos de varilla, para evitar fugas de aceite y garantizar un funcionamiento eficiente. <\/li>\n<li>Durabilidad: El cilindro debe poder soportar alta presi\u00f3n, cargas pesadas y entornos de trabajo hostiles para prolongar la vida \u00fatil. <\/li>\n<li>Seguridad: El cilindro debe estar dise\u00f1ado con caracter\u00edsticas de seguridad como v\u00e1lvulas de alivio de presi\u00f3n para evitar accidentes. <\/li>\n<li>Mantenibilidad: El cilindro debe estar dise\u00f1ado para un f\u00e1cil mantenimiento y reparaci\u00f3n, con f\u00e1cil acceso a las partes internas y f\u00e1cil reemplazo de las partes da\u00f1adas. <\/li>\n<\/ul>\n<p><img decoding=\"async\" src=\"https:\/\/www.hydraulic-cylinders.net\/wp-content\/uploads\/2025\/01\/songte-oil-pipes-and-spare-parts.webp\" alt=\"Imagen de piezas del cilindro del cubo\"><\/p>\n<h2>Sellado y lubricaci\u00f3n<\/h2>\n<p>Se utilizan diversos dispositivos de sellado, como sellos de pist\u00f3n y de v\u00e1stago, para evitar fugas de aceite y garantizar un funcionamiento eficiente. Los sellos est\u00e1n fabricados con materiales resistentes al desgaste, como poliuretano y caucho de nitrilo, para garantizar una larga vida \u00fatil. El cuerpo del cilindro y las superficies roscadas de los extremos est\u00e1n finamente procesadas para mejorar la resistencia al desgaste. Es necesario a\u00f1adir regularmente la cantidad adecuada de aceite hidr\u00e1ulico para lubricar y mantener el cilindro en buen estado. <\/p>\n<h2>Controles peri\u00f3dicos y medidas de mantenimiento preventivo<\/h2>\n<p>La inspecci\u00f3n regular y las medidas de mantenimiento preventivo, como la lubricaci\u00f3n, el reemplazo de sellos y las comprobaciones de calibraci\u00f3n, son esenciales para prolongar la vida \u00fatil de los cilindros de cangilones. Es importante proporcionar una gu\u00eda adecuada para alinear el cilindro durante la instalaci\u00f3n y recomendar el uso de soportes de instalaci\u00f3n adecuados para asegurarlo. Se deben seguir los procedimientos recomendados de inspecci\u00f3n, reparaci\u00f3n y reemplazo para garantizar el correcto funcionamiento del cilindro. Tambi\u00e9n se pueden utilizar t\u00e9cnicas avanzadas de reconstrucci\u00f3n y reemplazo de piezas para prolongar la vida \u00fatil del cilindro de cangilones. <\/p>\n<p><img decoding=\"async\" src=\"https:\/\/www.hydraulic-cylinders.net\/wp-content\/uploads\/2025\/01\/songte-chushion-collar.webp\" alt=\"Imagen de instalaci\u00f3n del cilindro del cubo\"><\/p>\n<h2>Consideraciones de seguridad y factores ambientales<\/h2>\n<p>Se deben seguir las medidas de seguridad, como las v\u00e1lvulas de alivio de presi\u00f3n y las instrucciones de manejo adecuadas, para garantizar el uso seguro del cilindro del cuchar\u00f3n. Tambi\u00e9n se deben considerar factores ambientales como la temperatura y la humedad para garantizar un rendimiento \u00f3ptimo. <\/p>\n<h2>Problemas comunes y soluci\u00f3n de problemas<\/h2>\n<p>Los problemas comunes con los cilindros de cangilones incluyen fugas de aceite, presi\u00f3n insuficiente y mal funcionamiento del cilindro. Se ofrecen consejos y soluciones para diagnosticar y resolver problemas eficazmente. Tambi\u00e9n se pueden tomar medidas preventivas para minimizar posibles problemas. <\/p>\n<p><img decoding=\"async\" src=\"https:\/\/www.hydraulic-cylinders.net\/wp-content\/uploads\/2025\/01\/songte-bushings-with-all-kinds-of-excavator-models.webp\" alt=\"Imagen de problemas con el cilindro del cubo\"><\/p>\n<h2>Acerca de nuestra empresa: <\/h2>\n<p>Somos fabricantes de repuestos para cilindros hidr\u00e1ulicos con una gama completa de productos y nos hemos convertido en uno de los principales fabricantes y distribuidores mayoristas de cilindros hidr\u00e1ulicos en el mercado nacional e internacional. Nos basamos en el principio de excelente calidad y en la estrategia de gesti\u00f3n de la producci\u00f3n industrializada de nuestros talleres de fabricaci\u00f3n de alta calidad. Mejoramos continuamente la plataforma de fabricaci\u00f3n de nuestros talleres, optimizamos la cadena de producci\u00f3n de calidad de nuestros productos y nos esforzamos por ser creativos. Con los principios de alta eficiencia, alta precisi\u00f3n y alta calidad, satisfacemos las diversas necesidades de nuestros clientes. <\/p>\n<ul>\n<li>Profesionalismo: Contamos con un equipo profesional de expertos y t\u00e9cnicos con amplia experiencia en la industria.<\/li>\n<li>Certificaci\u00f3n internacional: Nuestros productos han pasado certificaciones internacionales como ISO9001, SGS y CE.<\/li>\n<li>Servicio de personalizaci\u00f3n: Brindamos servicios personalizados seg\u00fan las necesidades de nuestros clientes.<\/li>\n<li>Equipo de producci\u00f3n: Utilizamos equipos de fabricaci\u00f3n avanzados para garantizar la calidad y la eficiencia.<\/li>\n<li>Servicio posventa: Brindamos un excelente servicio posventa, que incluye repuestos y servicios de reconstrucci\u00f3n, para garantizar la satisfacci\u00f3n del cliente.<\/li>\n<\/ul>\n<p><img decoding=\"async\" src=\"https:\/\/hzpt.com\/wp-content\/uploads\/2024\/11\/songte-company-1.webp\" alt=\"Imagen de la empresa\"><\/p>\n<p>Autor: lyl<\/p>","protected":false},"excerpt":{"rendered":"<p>Bucket Cylinder For XGMA Middle Excavator XG820 Product Introduction The bucket cylinder is a specially designed hydraulic cylinder used to control the movement of the bucket in heavy machinery such as excavators, backhoe loaders, and front loaders. Its main function is to enable the bucket to lift, lower, and tilt, making it easier to handle [&hellip;]<\/p>","protected":false},"featured_media":14765,"comment_status":"open","ping_status":"closed","template":"","meta":{"_et_pb_use_builder":"","_et_pb_old_content":"","_et_gb_content_width":""},"product_brand":[],"product_cat":[1494],"product_tag":[1495,1496],"class_list":{"0":"post-15594","1":"product","2":"type-product","3":"status-publish","4":"has-post-thumbnail","6":"product_cat-bucket-cylinders","7":"product_tag-bucket-cylinders","8":"product_tag-hydraulic-cylinders","10":"first","11":"instock","12":"shipping-taxable","13":"product-type-simple"},"amp_enabled":true,"_links":{"self":[{"href":"https:\/\/www.hydraulic-cylinders.net\/es\/wp-json\/wp\/v2\/product\/15594","targetHints":{"allow":["GET"]}}],"collection":[{"href":"https:\/\/www.hydraulic-cylinders.net\/es\/wp-json\/wp\/v2\/product"}],"about":[{"href":"https:\/\/www.hydraulic-cylinders.net\/es\/wp-json\/wp\/v2\/types\/product"}],"replies":[{"embeddable":true,"href":"https:\/\/www.hydraulic-cylinders.net\/es\/wp-json\/wp\/v2\/comments?post=15594"}],"wp:featuredmedia":[{"embeddable":true,"href":"https:\/\/www.hydraulic-cylinders.net\/es\/wp-json\/wp\/v2\/media\/14765"}],"wp:attachment":[{"href":"https:\/\/www.hydraulic-cylinders.net\/es\/wp-json\/wp\/v2\/media?parent=15594"}],"wp:term":[{"taxonomy":"product_brand","embeddable":true,"href":"https:\/\/www.hydraulic-cylinders.net\/es\/wp-json\/wp\/v2\/product_brand?post=15594"},{"taxonomy":"product_cat","embeddable":true,"href":"https:\/\/www.hydraulic-cylinders.net\/es\/wp-json\/wp\/v2\/product_cat?post=15594"},{"taxonomy":"product_tag","embeddable":true,"href":"https:\/\/www.hydraulic-cylinders.net\/es\/wp-json\/wp\/v2\/product_tag?post=15594"}],"curies":[{"name":"wp","href":"https:\/\/api.w.org\/{rel}","templated":true}]}}