{"id":15600,"date":"2025-01-19T14:44:03","date_gmt":"2025-01-19T14:44:03","guid":{"rendered":"https:\/\/www.hydraulic-cylinders.net\/product\/bucket-cylinder-for-xgma-large-excavator-xg833eh\/"},"modified":"2025-01-19T14:44:05","modified_gmt":"2025-01-19T14:44:05","slug":"bucket-cylinder-for-xgma-large-excavator-xg833eh","status":"publish","type":"product","link":"https:\/\/www.hydraulic-cylinders.net\/es\/producto\/bucket-cylinder-for-xgma-large-excavator-xg833eh\/","title":{"rendered":"Cilindro de cuchar\u00f3n para excavadora grande XGMA XG833EH"},"content":{"rendered":"<h1>Cilindro de cuchar\u00f3n para excavadora grande XGMA XG833EH<\/h1>\n<h2>Introducci\u00f3n<\/h2>\n<p>El cilindro de la cuchara para la excavadora grande XGMA XG833EH es un cilindro hidr\u00e1ulico de dise\u00f1o especial que controla el movimiento de la cuchara en maquinaria pesada como excavadoras, retroexcavadoras y cargadoras de ruedas. Su funci\u00f3n principal es permitir que la cuchara se eleve, descienda e incline, facilitando as\u00ed diversas tareas de manipulaci\u00f3n de materiales. En el sistema hidr\u00e1ulico, el cilindro de la cuchara logra un control preciso de la misma mediante el aprovechamiento de las variaciones de presi\u00f3n del aceite hidr\u00e1ulico, lo que permite al operador manejar cargas pesadas con eficiencia y adaptarse a entornos de trabajo complejos y a diversas exigencias laborales.<\/p>\n<p><img decoding=\"async\" src=\"https:\/\/www.hydraulic-cylinders.net\/wp-content\/uploads\/2025\/01\/songte-company-2.webp\" alt=\"Imagen del cilindro del cubo\"><\/p>\n<h2>Caracter\u00edsticas<\/h2>\n<ul>\n<li>Alta resistencia y durabilidad: Fabricados generalmente en acero o aluminio de alta resistencia, son capaces de soportar altas presiones y cargas pesadas, adapt\u00e1ndose a entornos de trabajo exigentes. Dise\u00f1ados para resistir el desgaste y la corrosi\u00f3n, prolongando as\u00ed su vida \u00fatil.<\/li>\n<li>Funcionamiento hidr\u00e1ulico eficiente: Utiliza la presi\u00f3n del aceite hidr\u00e1ulico para lograr movimientos suaves de extensi\u00f3n y retracci\u00f3n, lo que permite una respuesta r\u00e1pida a las \u00f3rdenes de control y proporciona una gran fuerza de empuje y tracci\u00f3n. Adecuado para el manejo de cargas pesadas y tareas complejas.<\/li>\n<li>Variedad de tipos: Se puede elegir entre cilindros de simple efecto (presi\u00f3n hidr\u00e1ulica en una sola direcci\u00f3n) o de doble efecto (presi\u00f3n hidr\u00e1ulica en ambas direcciones) seg\u00fan las necesidades. Algunos modelos son telesc\u00f3picos, lo que permite una mayor extensi\u00f3n sin aumentar las dimensiones externas, ideales para aplicaciones con espacio limitado.<\/li>\n<li>Reemplazo perfecto: Nuestro producto puede reemplazar perfectamente estos cilindros hidr\u00e1ulicos.<\/li>\n<\/ul>\n<p><img decoding=\"async\" src=\"https:\/\/www.hydraulic-cylinders.net\/wp-content\/uploads\/2025\/01\/songte-cylinder-head-with-all-kinds-excavator-models.webp\" alt=\"Imagen del producto\"><\/p>\n<h2>Aplicaciones<\/h2>\n<p>El cilindro del cuchar\u00f3n para la excavadora grande XGMA XG833EH encuentra aplicaciones en diversos equipos:<\/p>\n<ul>\n<li>Equipos de construcci\u00f3n: Fundamentales para las excavadoras en la excavaci\u00f3n, carga y transporte de tierra o escombros. En las retroexcavadoras, el cilindro del cuchar\u00f3n facilita tanto la excavaci\u00f3n como la elevaci\u00f3n.<\/li>\n<li>Maquinaria agr\u00edcola: Se utiliza en cargadoras frontales para recoger, levantar y transportar tierra, heno y otros materiales.<\/li>\n<li>Excavadoras: El cilindro del cuchar\u00f3n permite la acci\u00f3n de excavaci\u00f3n al permitir que el cuchar\u00f3n penetre en el suelo.<\/li>\n<li>Cargadoras de ruedas: Las cargadoras de ruedas ayudan a levantar y descargar mercanc\u00edas de manera eficiente.<\/li>\n<\/ul>\n<h2>Consideraciones de dise\u00f1o y criterios de selecci\u00f3n<\/h2>\n<p>Al dise\u00f1ar el cilindro del cuchar\u00f3n, es fundamental tener en cuenta varios aspectos y criterios de selecci\u00f3n:<\/p>\n<ul>\n<li>Capacidad de carga: El cilindro debe estar dise\u00f1ado para soportar las cargas y fuerzas previstas durante el funcionamiento.<\/li>\n<li>Sellado: Se utilizan diversos componentes de sellado, como juntas de pist\u00f3n y juntas de v\u00e1stago, fabricados con materiales resistentes al desgaste como poliuretano y caucho de nitrilo.<\/li>\n<li>Durabilidad: El cuerpo del cilindro y los extremos roscados reciben un tratamiento preciso para mejorar la resistencia al desgaste.<\/li>\n<li>Seguridad: Las caracter\u00edsticas de seguridad, como las v\u00e1lvulas de alivio de presi\u00f3n, garantizan que el sistema funcione dentro de l\u00edmites seguros.<\/li>\n<li>Mantenibilidad: F\u00e1cil acceso para mantenimiento y reparaci\u00f3n, con procedimientos recomendados de inspecci\u00f3n y sustituci\u00f3n.<\/li>\n<\/ul>\n<p><img decoding=\"async\" src=\"https:\/\/www.hydraulic-cylinders.net\/wp-content\/uploads\/2025\/01\/songte-oil-pipes-and-spare-parts.webp\" alt=\"Imagen de piezas de cilindro hidr\u00e1ulico\"><\/p>\n<h2>Sellado y lubricaci\u00f3n<\/h2>\n<p>El cilindro del cuchar\u00f3n utiliza diversos componentes de sellado, como juntas de pist\u00f3n y de v\u00e1stago, fabricados con materiales resistentes al desgaste como poliuretano y caucho de nitrilo. El cuerpo del cilindro y los extremos roscados reciben un tratamiento preciso para mejorar su resistencia al desgaste. Es necesaria una lubricaci\u00f3n regular con la cantidad adecuada de aceite hidr\u00e1ulico para un funcionamiento \u00f3ptimo y una mayor vida \u00fatil.<\/p>\n<h2>Inspecci\u00f3n regular y mantenimiento preventivo<\/h2>\n<p>Para garantizar un rendimiento \u00f3ptimo y una mayor vida \u00fatil, se deben realizar inspecciones peri\u00f3dicas y medidas de mantenimiento preventivo:<\/p>\n<ul>\n<li>Inspeccione el cilindro para detectar fugas, da\u00f1os o desgaste anormal.<\/li>\n<li>Lubricaci\u00f3n adecuada de todas las piezas m\u00f3viles.<\/li>\n<li>Sustituci\u00f3n peri\u00f3dica de juntas y empaquetaduras.<\/li>\n<li>Comprobaciones de calibraci\u00f3n para garantizar un funcionamiento preciso.<\/li>\n<\/ul>\n<p><img decoding=\"async\" src=\"https:\/\/www.hydraulic-cylinders.net\/wp-content\/uploads\/2025\/01\/songte-chushion-collar.webp\" alt=\"Imagen de cuello de coj\u00edn\"><\/p>\n<h2>Consideraciones de seguridad y factores ambientales<\/h2>\n<p>Al utilizar el cilindro del cuchar\u00f3n, es fundamental seguir las medidas de seguridad para prevenir accidentes y garantizar la seguridad del operador. Las precauciones de seguridad incluyen la capacitaci\u00f3n adecuada, el cumplimiento de las directrices del fabricante y la realizaci\u00f3n de inspecciones peri\u00f3dicas.<\/p>\n<h2>Soluci\u00f3n de problemas y problemas comunes<\/h2>\n<p>Cuando se presenten problemas con el cilindro del cuchar\u00f3n, es fundamental diagnosticarlos y solucionarlos r\u00e1pidamente. Los consejos y soluciones m\u00e1s comunes pueden ayudar a identificar y resolver los problemas de forma eficaz. Adem\u00e1s, se deben tomar medidas preventivas para minimizar posibles problemas.<\/p>\n<p><img decoding=\"async\" src=\"https:\/\/www.hydraulic-cylinders.net\/wp-content\/uploads\/2025\/01\/songte-bushings-with-all-kinds-of-excavator-models.webp\" alt=\"Imagen de bujes de excavadora\"><\/p>\n<h2>Acerca de nuestra empresa<\/h2>\n<p>Somos fabricantes de cilindros hidr\u00e1ulicos de repuesto y ofrecemos una amplia gama de productos. Nos hemos consolidado como uno de los principales fabricantes y distribuidores mayoristas de cilindros hidr\u00e1ulicos en los mercados nacionales e internacionales. Nuestra empresa se rige por los principios de la excelencia en la calidad y se basa en estrategias de gesti\u00f3n de producci\u00f3n industrializadas en nuestros modernos talleres de fabricaci\u00f3n. Gracias a nuestro enfoque en el talento tecnol\u00f3gico, equipos de fabricaci\u00f3n avanzados y sistemas de pruebas profesionales, mejoramos continuamente nuestras plataformas de fabricaci\u00f3n y nuestros procesos de producci\u00f3n para garantizar la calidad de nuestros productos. Contamos con una gran capacidad para crear productos eficientes, precisos y de alta calidad que satisfagan las diversas necesidades de nuestros clientes.<\/p>\n<p><img decoding=\"async\" src=\"https:\/\/www.hydraulic-cylinders.net\/wp-content\/uploads\/2025\/01\/songte-company-3.webp\" alt=\"Imagen de la empresa\"><\/p>\n<p>Ofrecemos:<\/p>\n<ul>\n<li>Profesionalismo<\/li>\n<li>Certificaciones internacionales<\/li>\n<li>Servicios de personalizaci\u00f3n<\/li>\n<li>Equipos de producci\u00f3n avanzados<\/li>\n<li>Servicio posventa<\/li>\n<\/ul>\n<h3>Autor: lyl<\/h3>\n<p><img decoding=\"async\" src=\"https:\/\/hzpt.com\/wp-content\/uploads\/2024\/11\/songte-company-1.webp\" alt=\"Imagen de la empresa en Middle\"><\/p>\n<p>*Nota: Este art\u00edculo sigue las directrices proporcionadas por el autor lyl. Est\u00e1 organizado de forma l\u00f3gica, utiliza subt\u00edtulos para facilitar la navegaci\u00f3n, incorpora im\u00e1genes relevantes y garantiza claridad, concisi\u00f3n y adecuaci\u00f3n al lector con diferentes niveles de conocimiento t\u00e9cnico.<\/p>","protected":false},"excerpt":{"rendered":"<p>Bucket Cylinder For XGMA Large Excavator XG833EH Introduction The bucket cylinder for XGMA large excavator XG833EH is a specially designed hydraulic cylinder used to control the movement of the bucket in heavy machinery such as excavators, backhoe loaders, and wheel loaders. Its main function is to enable the bucket to lift, lower, and tilt, making [&hellip;]<\/p>","protected":false},"featured_media":14785,"comment_status":"open","ping_status":"closed","template":"","meta":{"_et_pb_use_builder":"","_et_pb_old_content":"","_et_gb_content_width":""},"product_brand":[],"product_cat":[1494],"product_tag":[1495,1496],"class_list":{"0":"post-15600","1":"product","2":"type-product","3":"status-publish","4":"has-post-thumbnail","6":"product_cat-bucket-cylinders","7":"product_tag-bucket-cylinders","8":"product_tag-hydraulic-cylinders","10":"first","11":"instock","12":"shipping-taxable","13":"product-type-simple"},"amp_enabled":true,"_links":{"self":[{"href":"https:\/\/www.hydraulic-cylinders.net\/es\/wp-json\/wp\/v2\/product\/15600","targetHints":{"allow":["GET"]}}],"collection":[{"href":"https:\/\/www.hydraulic-cylinders.net\/es\/wp-json\/wp\/v2\/product"}],"about":[{"href":"https:\/\/www.hydraulic-cylinders.net\/es\/wp-json\/wp\/v2\/types\/product"}],"replies":[{"embeddable":true,"href":"https:\/\/www.hydraulic-cylinders.net\/es\/wp-json\/wp\/v2\/comments?post=15600"}],"wp:featuredmedia":[{"embeddable":true,"href":"https:\/\/www.hydraulic-cylinders.net\/es\/wp-json\/wp\/v2\/media\/14785"}],"wp:attachment":[{"href":"https:\/\/www.hydraulic-cylinders.net\/es\/wp-json\/wp\/v2\/media?parent=15600"}],"wp:term":[{"taxonomy":"product_brand","embeddable":true,"href":"https:\/\/www.hydraulic-cylinders.net\/es\/wp-json\/wp\/v2\/product_brand?post=15600"},{"taxonomy":"product_cat","embeddable":true,"href":"https:\/\/www.hydraulic-cylinders.net\/es\/wp-json\/wp\/v2\/product_cat?post=15600"},{"taxonomy":"product_tag","embeddable":true,"href":"https:\/\/www.hydraulic-cylinders.net\/es\/wp-json\/wp\/v2\/product_tag?post=15600"}],"curies":[{"name":"wp","href":"https:\/\/api.w.org\/{rel}","templated":true}]}}