{"id":15602,"date":"2025-01-19T14:44:11","date_gmt":"2025-01-19T14:44:11","guid":{"rendered":"https:\/\/www.hydraulic-cylinders.net\/product\/bucket-cylinder-for-xgma-large-excavator-xg836mh\/"},"modified":"2025-01-19T14:44:13","modified_gmt":"2025-01-19T14:44:13","slug":"bucket-cylinder-for-xgma-large-excavator-xg836mh","status":"publish","type":"product","link":"https:\/\/www.hydraulic-cylinders.net\/es\/producto\/bucket-cylinder-for-xgma-large-excavator-xg836mh\/","title":{"rendered":"Cilindro de cuchar\u00f3n para excavadora grande XGMA XG836MH"},"content":{"rendered":"<h1>Cilindro de cuchar\u00f3n para excavadora grande XGMA XG836MH<\/h1>\n<h2>Introducci\u00f3n<\/h2>\n<p>Un cilindro de cuchar\u00f3n es un cilindro hidr\u00e1ulico especialmente dise\u00f1ado que se utiliza para controlar el movimiento del cuchar\u00f3n en maquinaria pesada como excavadoras, retroexcavadoras y cargadoras frontales. Su funci\u00f3n principal es permitir que el cuchar\u00f3n se mueva hacia arriba, hacia abajo y se incline, facilitando el transporte de diversos tipos de materiales. En los sistemas hidr\u00e1ulicos, los cilindros del cuchar\u00f3n controlan el movimiento preciso del cuchar\u00f3n mediante los cambios de presi\u00f3n del aceite hidr\u00e1ulico, lo que permite a los operadores manipular cargas pesadas con eficiencia y adaptarse a entornos de trabajo complejos y diversas necesidades operativas.<\/p>\n<div>\n  <img decoding=\"async\" src=\"https:\/\/www.hydraulic-cylinders.net\/wp-content\/uploads\/2025\/01\/songte-company-2.webp\" alt=\"Cilindro de cuchar\u00f3n para excavadora grande XGMA XG836MH\">\n<\/div>\n<h2>Caracter\u00edsticas<\/h2>\n<ul>\n<li>\n<h3>Alta resistencia y durabilidad<\/h3>\n<p>Los cilindros de cangilones suelen estar fabricados con acero o aluminio de alta resistencia, capaces de soportar altas presiones y cargas pesadas, adapt\u00e1ndose a entornos de trabajo hostiles. Su dise\u00f1o, basado en la resistencia al desgaste y la anticorrosi\u00f3n, prolonga su vida \u00fatil.<\/p>\n<\/li>\n<li>\n<h3>Operaci\u00f3n hidr\u00e1ulica eficiente<\/h3>\n<p>Al utilizar la presi\u00f3n del aceite hidr\u00e1ulico para lograr una extensi\u00f3n y retracci\u00f3n suaves, los cilindros del cuchar\u00f3n pueden responder r\u00e1pidamente a los comandos de control y proporcionar poderosas fuerzas de empuje y tracci\u00f3n, adecuadas para manipular cargas pesadas y tareas operativas complejas.<\/p>\n<\/li>\n<li>\n<h3>Diversos tipos<\/h3>\n<p>Los cilindros de cangilones pueden seleccionarse como de simple efecto (hidr\u00e1ulicamente en una direcci\u00f3n) o de doble efecto (hidr\u00e1ulicamente en dos direcciones) seg\u00fan las necesidades para satisfacer diferentes requisitos operativos. Algunos modelos son telesc\u00f3picos, lo que permite una mayor extensi\u00f3n sin aumentar las dimensiones externas, ideal para aplicaciones con espacio limitado.<\/p>\n<\/li>\n<li>\n<h3>Reemplazable por otros cilindros hidr\u00e1ulicos<\/h3>\n<p>Nuestros cilindros de cangilones pueden reemplazar perfectamente otros cilindros hidr\u00e1ulicos, proporcionando un mejor rendimiento y una vida \u00fatil m\u00e1s larga.<\/p>\n<\/li>\n<li>\n<h3>Personalizable<\/h3>\n<p>Podemos personalizar los cilindros de cangilones seg\u00fan necesidades espec\u00edficas, garantizando que cumplan con los requisitos del cliente y proporcionen un rendimiento \u00f3ptimo.<\/p>\n<\/li>\n<\/ul>\n<div>\n  <img decoding=\"async\" src=\"https:\/\/www.hydraulic-cylinders.net\/wp-content\/uploads\/2025\/01\/songte-cylinder-head-with-all-kinds-excavator-models.webp\" alt=\"Cilindro de cuchar\u00f3n para excavadora grande XGMA XG836MH\">\n<\/div>\n<h2>Aplicaciones<\/h2>\n<p>Los cilindros de cangilones se utilizan ampliamente en diversas maquinarias pesadas, entre las que se incluyen:<\/p>\n<ul>\n<li>\n<h3>Equipos de construcci\u00f3n<\/h3>\n<p>Los equipos de construcci\u00f3n, como las excavadoras, utilizan cilindros de cuchar\u00f3n para excavar, cargar y mover tierra o escombros. En las retroexcavadoras, los cilindros de cuchar\u00f3n facilitan tanto la excavaci\u00f3n como la elevaci\u00f3n.<\/p>\n<\/li>\n<li>\n<h3>Maquinaria agr\u00edcola<\/h3>\n<p>Los cilindros de cuchar\u00f3n se utilizan en cargadoras frontales para recoger, levantar y transportar tierra, heno y otros materiales. En las excavadoras, los cilindros de cuchar\u00f3n permiten excavar al permitir que el cuchar\u00f3n penetre en el suelo. En las cargadoras frontales, ayudan a levantar y descargar mercanc\u00edas eficientemente.<\/p>\n<\/li>\n<li>\n<h3>Equipos de miner\u00eda<\/h3>\n<p>En los equipos de miner\u00eda, los cilindros de la cuchara se utilizan para controlar el movimiento de la cuchara, lo cual es esencial para excavar, cargar y transportar minerales u otros materiales.<\/p>\n<\/li>\n<\/ul>\n<h2>Consideraciones de dise\u00f1o y criterios de selecci\u00f3n<\/h2>\n<p>Al dise\u00f1ar y seleccionar cilindros de cangilones, se deben tener en cuenta varios factores:<\/p>\n<ul>\n<li>\n<h3>Capacidad de carga<\/h3>\n<p>La capacidad de carga de un cilindro determina la carga m\u00e1xima que puede soportar, lo que es un factor esencial a la hora de seleccionar cilindros para cangilones.<\/p>\n<\/li>\n<li>\n<h3>Caza de focas<\/h3>\n<p>El rendimiento de sellado del cilindro determina el grado de fuga y afecta la eficiencia general y el funcionamiento del sistema hidr\u00e1ulico.<\/p>\n<\/li>\n<li>\n<h3>Durabilidad<\/h3>\n<p>La durabilidad del cilindro influye directamente en su vida \u00fatil, la cual se ve afectada por factores como el material del cilindro, el dise\u00f1o estructural y el proceso de tratamiento.<\/p>\n<\/li>\n<li>\n<h3>Seguridad<\/h3>\n<p>Los cilindros de los cangilones deben cumplir con las normas de seguridad y tener caracter\u00edsticas de seguridad, como mecanismos de parada de emergencia, para evitar accidentes.<\/p>\n<\/li>\n<li>\n<h3>Mantenimiento<\/h3>\n<p>Los cilindros de los cangilones deben ser f\u00e1ciles de mantener y reparar para garantizar un funcionamiento \u00f3ptimo y una vida \u00fatil prolongada.<\/p>\n<\/li>\n<\/ul>\n<div>\n  <img decoding=\"async\" src=\"https:\/\/www.hydraulic-cylinders.net\/wp-content\/uploads\/2025\/01\/songte-oil-pipes-and-spare-parts.webp\" alt=\"Cilindro de cuchar\u00f3n para excavadora grande XGMA XG836MH\">\n<\/div>\n<h2>Sellado y lubricaci\u00f3n<\/h2>\n<p>Los cilindros de cangilones utilizan diversos componentes de sellado, como sellos de pist\u00f3n y de v\u00e1stago, fabricados con materiales resistentes al desgaste como poliuretano y caucho de nitrilo, para garantizar un sellado fiable. El cuerpo del cilindro y las superficies roscadas de los extremos est\u00e1n mecanizados con precisi\u00f3n para mejorar la resistencia al desgaste. Es necesario reponer regularmente el aceite hidr\u00e1ulico para garantizar una lubricaci\u00f3n adecuada y prolongar la vida \u00fatil del cilindro.<\/p>\n<h2>Inspecci\u00f3n y mantenimiento preventivo<\/h2>\n<p>La inspecci\u00f3n peri\u00f3dica y el mantenimiento preventivo son necesarios para garantizar el funcionamiento seguro y eficiente de los cilindros de la cuchara. Las tareas de mantenimiento incluyen:<\/p>\n<ul>\n<li>\n<h3>Inspecci\u00f3n regular<\/h3>\n<p>Los cilindros del cuchar\u00f3n deben revisarse peri\u00f3dicamente para detectar signos de desgaste, fugas y deformaci\u00f3n.<\/p>\n<\/li>\n<li>\n<h3>Lubricaci\u00f3n<\/h3>\n<p>La lubricaci\u00f3n adecuada del cilindro es esencial para garantizar su correcto funcionamiento. La lubricaci\u00f3n debe realizarse con regularidad.<\/p>\n<\/li>\n<li>\n<h3>Reemplazo del sello<\/h3>\n<p>Los sellos desgastados o da\u00f1ados deben reemplazarse r\u00e1pidamente para evitar fugas y p\u00e9rdida de rendimiento.<\/p>\n<\/li>\n<li>\n<h3>Comprobaci\u00f3n de calibraci\u00f3n<\/h3>\n<p>Los cilindros del cuchar\u00f3n deben calibrarse peri\u00f3dicamente para garantizar un funcionamiento preciso y un rendimiento \u00f3ptimo.<\/p>\n<\/li>\n<\/ul>\n<p>La instalaci\u00f3n y alineaci\u00f3n correctas son fundamentales para el funcionamiento y la seguridad de los cilindros de cangilones. El cilindro debe instalarse y alinearse siguiendo las instrucciones del fabricante, y deben utilizarse soportes de montaje adecuados para asegurarlo.<\/p>\n<div>\n  <img decoding=\"async\" src=\"https:\/\/www.hydraulic-cylinders.net\/wp-content\/uploads\/2025\/01\/songte-chushion-collar.webp\" alt=\"Cilindro de cuchar\u00f3n para excavadora grande XGMA XG836MH\">\n<\/div>\n<h2>Consideraciones de seguridad y factores ambientales<\/h2>\n<p>Los cilindros de cangilones deben cumplir con las normas de seguridad y contar con dispositivos de seguridad, como mecanismos de parada de emergencia, para prevenir accidentes. Al utilizar cilindros de cangilones, los operadores deben recibir capacitaci\u00f3n sobre el uso correcto y los protocolos de seguridad.<\/p>\n<h2>Diagn\u00f3stico de aver\u00edas y problemas comunes<\/h2>\n<p>Los problemas comunes que pueden ocurrir al usar cilindros de cuchar\u00f3n incluyen fugas, deformaciones y pistones atascados. Estos problemas se pueden solucionar mediante diagn\u00f3stico y resoluci\u00f3n de problemas, que pueden incluir el reemplazo de sellos desgastados o da\u00f1ados, la realineaci\u00f3n del cilindro o la reparaci\u00f3n de componentes da\u00f1ados.<\/p>\n<h2>Introducci\u00f3n de la empresa<\/h2>\n<p>Somos un fabricante y mayorista l\u00edder de cilindros hidr\u00e1ulicos, con una amplia gama de productos para satisfacer las necesidades del mercado nacional e internacional. Nuestra empresa sigue una estrategia de gesti\u00f3n de producci\u00f3n industrializada, apoy\u00e1ndose en talento t\u00e9cnico, equipos de fabricaci\u00f3n digital de alta gama y sistemas de prueba profesionales para mejorar la capacidad de fabricaci\u00f3n y la calidad de los productos. Nos comprometemos a ofrecer a nuestros clientes productos y servicios de alta calidad que satisfagan sus diversas necesidades.<\/p>\n<div>\n  <img decoding=\"async\" src=\"https:\/\/hzpt.com\/wp-content\/uploads\/2024\/11\/songte-company-1.webp\" alt=\"Cilindro de cuchar\u00f3n para excavadora grande XGMA XG836MH\">\n<\/div>\n<p>Nos enorgullecemos de nuestra profesionalidad, certificaci\u00f3n internacional, servicios personalizados, equipos de producci\u00f3n y servicio posventa.<\/p>\n<ul>\n<li>\n<h3>Profesionalismo<\/h3>\n<p>Nuestro equipo de profesionales cuenta con a\u00f1os de experiencia en la industria de cilindros hidr\u00e1ulicos, garantizando que nuestros productos cumplan con los m\u00e1s altos est\u00e1ndares de calidad y confiabilidad.<\/p>\n<\/li>\n<li>\n<h3>Certificaci\u00f3n Internacional<\/h3>\n<p>Hemos obtenido varias certificaciones internacionales, incluidas ISO9001, ISO14001 y CE, lo que garantiza que nuestros productos cumplen con los est\u00e1ndares mundiales de calidad y seguridad.<\/p>\n<\/li>\n<li>\n<h3>Servicios personalizados<\/h3>\n<p>Podemos personalizar nuestros productos para satisfacer las necesidades espec\u00edficas de los clientes, brindando soluciones \u00f3ptimas para sus requisitos operativos.<\/p>\n<\/li>\n<li>\n<h3>Equipos de producci\u00f3n<\/h3>\n<p>Hemos invertido en equipos de fabricaci\u00f3n digital de alta gama, garantizando que nuestros productos se fabriquen con precisi\u00f3n y eficiencia.<\/p>\n<\/li>\n<li>\n<h3>Servicio postventa<\/h3>\n<p>Brindamos un excelente servicio posventa, que incluye reparaci\u00f3n y reemplazo de productos, para garantizar que nuestros clientes est\u00e9n satisfechos con sus compras.<\/p>\n<\/li>\n<\/ul>\n<p>Autor: lyl<\/p>","protected":false},"excerpt":{"rendered":"<p>Bucket Cylinder For XGMA Large Excavator XG836MH Introduction A bucket cylinder is a specially designed hydraulic cylinder used to control the movement of the bucket in heavy machinery like excavators, backhoe loaders, and front-end loaders. Its primary function is to allow the bucket to move up, down, and tilt, making it easier to transport various [&hellip;]<\/p>","protected":false},"featured_media":14782,"comment_status":"open","ping_status":"closed","template":"","meta":{"_et_pb_use_builder":"","_et_pb_old_content":"","_et_gb_content_width":""},"product_brand":[],"product_cat":[1494],"product_tag":[1495,1496],"class_list":{"0":"post-15602","1":"product","2":"type-product","3":"status-publish","4":"has-post-thumbnail","6":"product_cat-bucket-cylinders","7":"product_tag-bucket-cylinders","8":"product_tag-hydraulic-cylinders","10":"first","11":"instock","12":"shipping-taxable","13":"product-type-simple"},"amp_enabled":true,"_links":{"self":[{"href":"https:\/\/www.hydraulic-cylinders.net\/es\/wp-json\/wp\/v2\/product\/15602","targetHints":{"allow":["GET"]}}],"collection":[{"href":"https:\/\/www.hydraulic-cylinders.net\/es\/wp-json\/wp\/v2\/product"}],"about":[{"href":"https:\/\/www.hydraulic-cylinders.net\/es\/wp-json\/wp\/v2\/types\/product"}],"replies":[{"embeddable":true,"href":"https:\/\/www.hydraulic-cylinders.net\/es\/wp-json\/wp\/v2\/comments?post=15602"}],"wp:featuredmedia":[{"embeddable":true,"href":"https:\/\/www.hydraulic-cylinders.net\/es\/wp-json\/wp\/v2\/media\/14782"}],"wp:attachment":[{"href":"https:\/\/www.hydraulic-cylinders.net\/es\/wp-json\/wp\/v2\/media?parent=15602"}],"wp:term":[{"taxonomy":"product_brand","embeddable":true,"href":"https:\/\/www.hydraulic-cylinders.net\/es\/wp-json\/wp\/v2\/product_brand?post=15602"},{"taxonomy":"product_cat","embeddable":true,"href":"https:\/\/www.hydraulic-cylinders.net\/es\/wp-json\/wp\/v2\/product_cat?post=15602"},{"taxonomy":"product_tag","embeddable":true,"href":"https:\/\/www.hydraulic-cylinders.net\/es\/wp-json\/wp\/v2\/product_tag?post=15602"}],"curies":[{"name":"wp","href":"https:\/\/api.w.org\/{rel}","templated":true}]}}