{"id":15623,"date":"2025-01-19T14:45:45","date_gmt":"2025-01-19T14:45:45","guid":{"rendered":"https:\/\/www.hydraulic-cylinders.net\/product\/bucket-cylinder-for-jcm-small-excavator-jcm917s\/"},"modified":"2025-01-19T14:45:47","modified_gmt":"2025-01-19T14:45:47","slug":"bucket-cylinder-for-jcm-small-excavator-jcm917s","status":"publish","type":"product","link":"https:\/\/www.hydraulic-cylinders.net\/es\/producto\/bucket-cylinder-for-jcm-small-excavator-jcm917s\/","title":{"rendered":"Cilindro de cuchar\u00f3n para excavadora peque\u00f1a JCM JCM917S"},"content":{"rendered":"<p><!DOCTYPE html><br \/>\n<html><br \/>\n<head><br \/>\n<title>Cilindro de cuchar\u00f3n para excavadora peque\u00f1a JCM JCM917S<\/title><br \/>\n<\/head><br \/>\n<body><\/p>\n<h1>Cilindro de cuchar\u00f3n para excavadora peque\u00f1a JCM JCM917S<\/h1>\n<h2>Introducci\u00f3n<\/h2>\n<p>El cilindro del cuchar\u00f3n es un cilindro hidr\u00e1ulico especialmente dise\u00f1ado que se utiliza para controlar el movimiento del cuchar\u00f3n en maquinaria pesada como excavadoras, retroexcavadoras y cargadoras frontales. Su funci\u00f3n principal es permitir que el cuchar\u00f3n se eleve, baje e incline, lo que facilita diversas tareas de manipulaci\u00f3n de materiales. En el sistema hidr\u00e1ulico, el cilindro del cuchar\u00f3n logra un control preciso del cuchar\u00f3n aprovechando los cambios de presi\u00f3n del aceite hidr\u00e1ulico, lo que permite a los operadores manipular cargas pesadas con eficiencia y adaptarse a entornos de trabajo complejos y a diversos requisitos.<\/p>\n<p><img decoding=\"async\" src=\"https:\/\/www.hydraulic-cylinders.net\/wp-content\/uploads\/2025\/01\/songte-company-2.webp\" alt=\"Imagen del cilindro del cubo\"><\/p>\n<h2>Caracter\u00edsticas<\/h2>\n<ul>\n<li>Alta resistencia y durabilidad: Fabricado generalmente en acero o aluminio de alta resistencia, el cilindro del cuchar\u00f3n puede soportar alta presi\u00f3n y cargas pesadas, adapt\u00e1ndose a entornos de trabajo hostiles. Su dise\u00f1o considera la resistencia al desgaste y a la corrosi\u00f3n para prolongar su vida \u00fatil.<\/li>\n<li>Operaci\u00f3n hidr\u00e1ulica eficiente: Al utilizar la presi\u00f3n del aceite hidr\u00e1ulico, el cilindro del cuchar\u00f3n logra acciones suaves de extensi\u00f3n y retracci\u00f3n, lo que permite una respuesta r\u00e1pida a los comandos de control y proporciona poderosas fuerzas de empuje y tracci\u00f3n, adecuadas para manipular cargas pesadas y tareas laborales complejas.<\/li>\n<li>Diversos tipos: El cilindro puede seleccionarse como de simple efecto (hidr\u00e1ulico en un solo sentido) o de doble efecto (hidr\u00e1ulico en ambos sentidos) seg\u00fan los requisitos espec\u00edficos de operaci\u00f3n. Algunos modelos son telesc\u00f3picos, lo que permite una mayor extensi\u00f3n sin aumentar las dimensiones externas, lo que los hace adecuados para aplicaciones con espacio limitado.<\/li>\n<li>Reemplazo de otros cilindros hidr\u00e1ulicos: Nuestro producto puede reemplazar perfectamente varios cilindros hidr\u00e1ulicos, ofreciendo una alternativa confiable.<\/li>\n<\/ul>\n<p><img decoding=\"async\" src=\"https:\/\/www.hydraulic-cylinders.net\/wp-content\/uploads\/2025\/01\/songte-cylinder-head-with-all-kinds-excavator-models.webp\" alt=\"Imagen de reemplazo de producto\"><\/p>\n<h2>Aplicaciones<\/h2>\n<ul>\n<li>Equipos de construcci\u00f3n: Presentes en las excavadoras, son cruciales para excavar, cargar y mover tierra o escombros. En las retroexcavadoras, el cilindro del cuchar\u00f3n facilita tanto la excavaci\u00f3n como la elevaci\u00f3n.<\/li>\n<li>Maquinaria agr\u00edcola: Se utiliza en cargadores frontales para recoger, levantar y transportar tierra, heno y otros materiales.<\/li>\n<li>Excavadoras: El cilindro del cuchar\u00f3n permite realizar acciones de excavaci\u00f3n al permitir que el cuchar\u00f3n penetre en el suelo.<\/li>\n<li>Cargadores: En los cargadores frontales, ayudan a levantar y descargar mercanc\u00edas de manera eficiente.<\/li>\n<\/ul>\n<h2>Consideraciones de dise\u00f1o y criterios de selecci\u00f3n<\/h2>\n<ul>\n<li>Capacidad de carga: El cilindro del cuchar\u00f3n est\u00e1 dise\u00f1ado para soportar las cargas y fuerzas previstas, lo que garantiza un funcionamiento seguro y eficiente.<\/li>\n<li>Sellado: Se utilizan diversos elementos de sellado, como sellos de pist\u00f3n y sellos de varilla, para evitar fugas de aceite y mantener la integridad del sistema hidr\u00e1ulico.<\/li>\n<li>Durabilidad: El cilindro est\u00e1 construido con materiales de alta calidad y se somete a tratamientos de superficie precisos para mejorar la resistencia al desgaste y extender su vida \u00fatil.<\/li>\n<li>Seguridad: Se incorporan caracter\u00edsticas de seguridad en el dise\u00f1o para proteger a los operadores y al equipo de posibles peligros.<\/li>\n<li>Mantenibilidad: Se considera un f\u00e1cil acceso a los componentes y disposiciones para tareas de mantenimiento y reparaci\u00f3n para minimizar el tiempo de inactividad y garantizar un funcionamiento sin problemas.<\/li>\n<\/ul>\n<p><img decoding=\"async\" src=\"https:\/\/www.hydraulic-cylinders.net\/wp-content\/uploads\/2025\/01\/songte-oil-pipes-and-spare-parts.webp\" alt=\"Consideraciones de dise\u00f1o Imagen\"><\/p>\n<h2>Sellado y lubricaci\u00f3n<\/h2>\n<p>El cilindro del cuchar\u00f3n utiliza diversos componentes de sellado, como sellos de pist\u00f3n y de v\u00e1stago, fabricados con materiales resistentes al desgaste como poliuretano y caucho de nitrilo. El cuerpo del cilindro y los extremos roscados se someten a tratamientos superficiales precisos para mejorar la resistencia al desgaste. Se requiere una lubricaci\u00f3n regular con la cantidad adecuada de aceite hidr\u00e1ulico para garantizar un funcionamiento suave y una larga vida \u00fatil.<\/p>\n<h2>Inspecci\u00f3n regular y mantenimiento preventivo<\/h2>\n<ul>\n<li>Inspeccione peri\u00f3dicamente el cilindro del cuchar\u00f3n para detectar signos de desgaste, da\u00f1os o fugas de aceite.<\/li>\n<li>Realice la lubricaci\u00f3n adecuada seg\u00fan las recomendaciones del fabricante.<\/li>\n<li>Reemplace los sellos y juntas seg\u00fan sea necesario para mantener un sellado adecuado y evitar fugas.<\/li>\n<li>Realice comprobaciones de calibraci\u00f3n para garantizar un funcionamiento preciso.<\/li>\n<\/ul>\n<p><img decoding=\"async\" src=\"https:\/\/www.hydraulic-cylinders.net\/wp-content\/uploads\/2025\/01\/songte-chushion-collar.webp\" alt=\"Imagen de mantenimiento\"><\/p>\n<h2>Consideraciones de seguridad y factores ambientales<\/h2>\n<p>Al utilizar el cilindro del cuchar\u00f3n, es importante seguir las medidas de seguridad para prevenir accidentes y garantizar el bienestar del operador. La capacitaci\u00f3n adecuada, el mantenimiento del equipo y el cumplimiento de las normas de seguridad son cruciales para mantener un entorno de trabajo seguro.<\/p>\n<h2>Diagn\u00f3stico de fallas y problemas comunes<\/h2>\n<p>El cilindro del cuchar\u00f3n puede presentar ciertas fallas o problemas. Es fundamental diagnosticar y solucionar estos problemas con prontitud para minimizar el tiempo de inactividad y mantener un rendimiento \u00f3ptimo. Algunas fallas comunes incluyen fugas de aceite, fuerza insuficiente y movimiento anormal del cilindro.<\/p>\n<p><img decoding=\"async\" src=\"https:\/\/www.hydraulic-cylinders.net\/wp-content\/uploads\/2025\/01\/songte-bushings-with-all-kinds-of-excavator-models.webp\" alt=\"Imagen de diagn\u00f3stico de fallas\"><\/p>\n<h2>Consejos de mantenimiento y soluci\u00f3n de problemas<\/h2>\n<p>A continuaci\u00f3n se presentan algunos consejos y m\u00e9todos de soluci\u00f3n de problemas para ayudar a diagnosticar y resolver problemas de manera eficaz:<\/p>\n<ul>\n<li>Inspeccione y mantenga peri\u00f3dicamente el cilindro del cuchar\u00f3n.<\/li>\n<li>Aseg\u00farese de una alineaci\u00f3n adecuada durante la instalaci\u00f3n y utilice soportes de instalaci\u00f3n adecuados para asegurar el cilindro.<\/li>\n<li>Siga los procedimientos recomendados de inspecci\u00f3n, reparaci\u00f3n y sustituci\u00f3n.<\/li>\n<li>Proporcionar repuestos y servicios de reconstrucci\u00f3n para prolongar la vida \u00fatil del cilindro del cuchar\u00f3n.<\/li>\n<\/ul>\n<p><img decoding=\"async\" src=\"https:\/\/www.hydraulic-cylinders.net\/wp-content\/uploads\/2025\/01\/songte-company-1.webp\" alt=\"Imagen de consejos de mantenimiento\"><\/p>\n<h2>Nuestra empresa<\/h2>\n<p>Somos un fabricante y mayorista l\u00edder de cilindros hidr\u00e1ulicos en el mercado nacional e internacional. Nuestra empresa ofrece una amplia gama de productos y sigue una estrategia de gesti\u00f3n de producci\u00f3n industrializada en nuestro sofisticado taller de fabricaci\u00f3n. Con un fuerte enfoque en la tecnolog\u00eda, equipos de fabricaci\u00f3n avanzados y sistemas de prueba profesionales, mejoramos continuamente nuestra plataforma de fabricaci\u00f3n y la calidad de nuestros productos. Nuestro objetivo es satisfacer las diversas necesidades de nuestros clientes con alta eficiencia, precisi\u00f3n y calidad.<\/p>\n<p><img decoding=\"async\" src=\"https:\/\/www.hydraulic-cylinders.net\/wp-content\/uploads\/2025\/01\/songte-company-3.webp\" alt=\"Imagen de la empresa\"><\/p>\n<h3>Aspectos destacados de nuestra empresa:<\/h3>\n<ul>\n<li>Profesionalismo y experiencia en el campo.<\/li>\n<li>Certificaciones internacionales de calidad y est\u00e1ndares.<\/li>\n<li>Servicios de personalizaci\u00f3n para satisfacer requisitos espec\u00edficos.<\/li>\n<li>Equipo de producci\u00f3n avanzado.<\/li>\n<li>Servicio postventa integral.<\/li>\n<\/ul>\n<p><em>Autor: lyl<\/em><\/p>\n<p><\/body><br \/>\n<\/html><\/p>","protected":false},"excerpt":{"rendered":"<p>Bucket Cylinder For JCM Small Excavator JCM917S Bucket Cylinder For JCM Small Excavator JCM917S Introduction The bucket cylinder is a specially designed hydraulic cylinder used to control the movement of the bucket in heavy machinery such as excavators, backhoe loaders, and front-end loaders. Its main function is to enable the bucket to lift, lower, and [&hellip;]<\/p>","protected":false},"featured_media":14769,"comment_status":"open","ping_status":"closed","template":"","meta":{"_et_pb_use_builder":"","_et_pb_old_content":"","_et_gb_content_width":""},"product_brand":[],"product_cat":[1494],"product_tag":[1495,1496],"class_list":{"0":"post-15623","1":"product","2":"type-product","3":"status-publish","4":"has-post-thumbnail","6":"product_cat-bucket-cylinders","7":"product_tag-bucket-cylinders","8":"product_tag-hydraulic-cylinders","10":"first","11":"instock","12":"shipping-taxable","13":"product-type-simple"},"amp_enabled":true,"_links":{"self":[{"href":"https:\/\/www.hydraulic-cylinders.net\/es\/wp-json\/wp\/v2\/product\/15623","targetHints":{"allow":["GET"]}}],"collection":[{"href":"https:\/\/www.hydraulic-cylinders.net\/es\/wp-json\/wp\/v2\/product"}],"about":[{"href":"https:\/\/www.hydraulic-cylinders.net\/es\/wp-json\/wp\/v2\/types\/product"}],"replies":[{"embeddable":true,"href":"https:\/\/www.hydraulic-cylinders.net\/es\/wp-json\/wp\/v2\/comments?post=15623"}],"wp:featuredmedia":[{"embeddable":true,"href":"https:\/\/www.hydraulic-cylinders.net\/es\/wp-json\/wp\/v2\/media\/14769"}],"wp:attachment":[{"href":"https:\/\/www.hydraulic-cylinders.net\/es\/wp-json\/wp\/v2\/media?parent=15623"}],"wp:term":[{"taxonomy":"product_brand","embeddable":true,"href":"https:\/\/www.hydraulic-cylinders.net\/es\/wp-json\/wp\/v2\/product_brand?post=15623"},{"taxonomy":"product_cat","embeddable":true,"href":"https:\/\/www.hydraulic-cylinders.net\/es\/wp-json\/wp\/v2\/product_cat?post=15623"},{"taxonomy":"product_tag","embeddable":true,"href":"https:\/\/www.hydraulic-cylinders.net\/es\/wp-json\/wp\/v2\/product_tag?post=15623"}],"curies":[{"name":"wp","href":"https:\/\/api.w.org\/{rel}","templated":true}]}}