{"id":15627,"date":"2025-01-19T14:46:07","date_gmt":"2025-01-19T14:46:07","guid":{"rendered":"https:\/\/www.hydraulic-cylinders.net\/product\/bucket-cylinder-for-liebherr-small-excavator-r906l\/"},"modified":"2025-01-19T14:46:09","modified_gmt":"2025-01-19T14:46:09","slug":"bucket-cylinder-for-liebherr-small-excavator-r906l","status":"publish","type":"product","link":"https:\/\/www.hydraulic-cylinders.net\/es\/producto\/bucket-cylinder-for-liebherr-small-excavator-r906l\/","title":{"rendered":"Cilindro de cuchar\u00f3n para excavadora peque\u00f1a Liebherr R906L"},"content":{"rendered":"<h1>Cilindro de cuchar\u00f3n para excavadora peque\u00f1a Liebherr R906L<\/h1>\n<h2>Introducci\u00f3n<\/h2>\n<p>Un cilindro de cuchar\u00f3n, tambi\u00e9n conocido como cilindro hidr\u00e1ulico, est\u00e1 dise\u00f1ado espec\u00edficamente para controlar el movimiento del cuchar\u00f3n en maquinaria pesada como excavadoras, retroexcavadoras y cargadoras frontales. Su funci\u00f3n principal es permitir que el cuchar\u00f3n se eleve, baje e incline, facilitando diversas tareas de manipulaci\u00f3n de materiales. En el sistema hidr\u00e1ulico, el cilindro del cuchar\u00f3n aprovecha la variaci\u00f3n de presi\u00f3n del aceite hidr\u00e1ulico para lograr un control preciso del cuchar\u00f3n, lo que permite a los operadores manipular cargas pesadas con eficiencia y adaptarse a entornos de trabajo complejos y a diversos requisitos.<\/p>\n<p><img decoding=\"async\" src=\"https:\/\/www.hydraulic-cylinders.net\/wp-content\/uploads\/2025\/01\/songte-company-2.webp\" alt=\"Imagen del cilindro del cubo\"><\/p>\n<h2>Caracter\u00edsticas<\/h2>\n<ul>\n<li>Alta resistencia y durabilidad: generalmente fabricado en acero o aluminio de alta resistencia, puede soportar alta presi\u00f3n y cargas pesadas, adaptarse a entornos de trabajo hostiles y las consideraciones de dise\u00f1o incluyen resistencia al desgaste y a la corrosi\u00f3n para extender la vida \u00fatil.<\/li>\n<li>Operaci\u00f3n hidr\u00e1ulica eficiente: utilizando la presi\u00f3n del aceite hidr\u00e1ulico para lograr una acci\u00f3n suave de extensi\u00f3n y contracci\u00f3n, puede responder r\u00e1pidamente a los comandos de control, proporcionar una poderosa fuerza de empuje y tracci\u00f3n, y es adecuado para manipular cargas pesadas y tareas laborales complejas.<\/li>\n<li>Diversos tipos: Se pueden seleccionar cilindros de simple efecto (hidr\u00e1ulicos en una sola direcci\u00f3n) o de doble efecto (hidr\u00e1ulicos en dos direcciones) seg\u00fan las necesidades para satisfacer diferentes requisitos de operaci\u00f3n. Algunos modelos son telesc\u00f3picos, lo que permite una mayor extensi\u00f3n sin aumentar las dimensiones externas y son adecuados para aplicaciones con espacio limitado.<\/li>\n<li>Reemplazo: Nuestros productos pueden reemplazar perfectamente estos cilindros hidr\u00e1ulicos.<\/li>\n<\/ul>\n<p><img decoding=\"async\" src=\"https:\/\/www.hydraulic-cylinders.net\/wp-content\/uploads\/2025\/01\/songte-cylinder-head-with-all-kinds-excavator-models.webp\" alt=\"Imagen del cilindro del cubo\"><\/p>\n<h2>Aplicaciones<\/h2>\n<p>Los cilindros de cangilones se utilizan ampliamente en diversas industrias, entre ellas:<\/p>\n<ul>\n<li>Equipos de construcci\u00f3n: En las excavadoras, son fundamentales para excavar, cargar y mover tierra o escombros. En las retroexcavadoras, el cilindro del cuchar\u00f3n facilita tanto la excavaci\u00f3n como la elevaci\u00f3n. <\/li>\n<li>Maquinaria agr\u00edcola: Se utiliza en cargadores frontales para recoger, levantar y transportar tierra, heno y otros materiales. <\/li>\n<li>Excavadoras: El cilindro del cuchar\u00f3n permite excavar permitiendo que el cuchar\u00f3n penetre en el suelo. <\/li>\n<li>Cargadores: En los cargadores frontales, ayudan a levantar y descargar la carga de manera efectiva.<\/li>\n<\/ul>\n<p>Exploremos algunas de estas aplicaciones con m\u00e1s detalle:<\/p>\n<h3>Equipos de construcci\u00f3n<\/h3>\n<p>Los cilindros del cuchar\u00f3n accionan la pluma, el cuchar\u00f3n y el brazo de la excavadora, lo que permite un movimiento preciso del implemento. Permiten que la excavadora excave a mayor profundidad, cargue m\u00e1s y se desplace m\u00e1s r\u00e1pido que con otros m\u00e9todos, lo que la convierte en la m\u00e1quina predilecta para numerosos proyectos de construcci\u00f3n.<\/p>\n<h3>Maquinaria agr\u00edcola<\/h3>\n<p>Los cilindros de cuchar\u00f3n se utilizan en diversos equipos agr\u00edcolas, desde tractores hasta cosechadoras. Con la capacidad de recoger, levantar y transportar materiales, los cilindros de cuchar\u00f3n son esenciales para tareas como la carga y descarga de pacas de heno y el movimiento de tierra.<\/p>\n<h2>Consideraciones de dise\u00f1o y criterios de selecci\u00f3n<\/h2>\n<p>Al dise\u00f1ar y seleccionar cilindros de cangilones se tienen en cuenta varios factores:<\/p>\n<ul>\n<li>Capacidad de carga: El cilindro hidr\u00e1ulico debe ser capaz de soportar la carga de la maquinaria y los materiales que est\u00e1 manipulando y permanecer estable durante el funcionamiento.<\/li>\n<li>Sellado: El cilindro hidr\u00e1ulico debe estar correctamente sellado para evitar fugas y garantizar un funcionamiento fluido. Se utilizan diversos sellos, como sellos de pist\u00f3n, sellos de v\u00e1stago y sellos rascadores.<\/li>\n<li>Durabilidad: El cilindro hidr\u00e1ulico debe estar fabricado con materiales que resistan el desgaste propio del uso intensivo y entornos hostiles. Entre los materiales utilizados se incluyen acero endurecido, aleaciones de aluminio y pol\u00edmeros de alto rendimiento.<\/li>\n<li>Seguridad: El cilindro hidr\u00e1ulico debe estar dise\u00f1ado teniendo en cuenta la seguridad, con caracter\u00edsticas como v\u00e1lvulas de alivio de presi\u00f3n y mecanismos a prueba de fallas para prevenir accidentes y minimizar da\u00f1os en caso de falla.<\/li>\n<li>Mantenibilidad: El cilindro hidr\u00e1ulico debe estar dise\u00f1ado para un f\u00e1cil mantenimiento y reparaci\u00f3n, con componentes accesibles e instrucciones claras para el servicio.<\/li>\n<\/ul>\n<p><img decoding=\"async\" src=\"https:\/\/www.hydraulic-cylinders.net\/wp-content\/uploads\/2025\/01\/songte-oil-pipes-and-spare-parts.webp\" alt=\"Imagen del cilindro del cubo\"><\/p>\n<h2>Sellado y lubricaci\u00f3n<\/h2>\n<p>Los cilindros de cangilones requieren un sellado y una lubricaci\u00f3n adecuados para garantizar un funcionamiento suave y eficiente. Se utilizan diversos sellos, como poliuretano, caucho de nitrilo y otros materiales resistentes al desgaste. El cuerpo del cilindro y la superficie del extremo de la rosca est\u00e1n finamente mecanizados para mejorar la resistencia al desgaste, y la lubricaci\u00f3n regular con aceite hidr\u00e1ulico es necesaria para mantener un funcionamiento \u00f3ptimo.<\/p>\n<h2>Mantenimiento y reparaci\u00f3n<\/h2>\n<p>El mantenimiento y la reparaci\u00f3n adecuados son fundamentales para garantizar la longevidad y el rendimiento de los cilindros hidr\u00e1ulicos. Algunas tareas de mantenimiento comunes incluyen:<\/p>\n<ul>\n<li>Inspecci\u00f3n peri\u00f3dica del cilindro y sus componentes para detectar signos de desgaste o da\u00f1os.<\/li>\n<li>Lubricaci\u00f3n adecuada, con el tipo y cantidad correctos de aceite hidr\u00e1ulico.<\/li>\n<li>Reemplazo regular de sellos y otros componentes seg\u00fan sea necesario.<\/li>\n<\/ul>\n<p>Una instalaci\u00f3n correcta tambi\u00e9n es crucial, con una alineaci\u00f3n correcta y el uso de soportes de montaje adecuados para fijar el cilindro en su lugar. En caso de da\u00f1o o falla, podr\u00eda ser necesario repararlo o reemplazarlo. Se recomienda seguir los procedimientos adecuados y utilizar repuestos originales para garantizar un rendimiento \u00f3ptimo.<\/p>\n<p><img decoding=\"async\" src=\"https:\/\/www.hydraulic-cylinders.net\/wp-content\/uploads\/2025\/01\/songte-chushion-collar.webp\" alt=\"Imagen del cilindro del cubo\"><\/p>\n<h2>Consideraciones de seguridad y medio ambiente<\/h2>\n<p>Los cilindros de cangilones pueden ser peligrosos si no se utilizan correctamente, por lo que se deben tomar medidas de seguridad para prevenir accidentes. Esto incluye la capacitaci\u00f3n adecuada de los operadores, inspecciones peri\u00f3dicas del equipo y el uso de dispositivos de seguridad como v\u00e1lvulas de alivio de presi\u00f3n. Adem\u00e1s, se deben considerar los factores ambientales, con la eliminaci\u00f3n adecuada del aceite hidr\u00e1ulico y otros materiales para prevenir la contaminaci\u00f3n y minimizar el impacto ambiental.<\/p>\n<p><img decoding=\"async\" src=\"https:\/\/www.hydraulic-cylinders.net\/wp-content\/uploads\/2025\/01\/songte-bushings-with-all-kinds-of-excavator-models.webp\" alt=\"Imagen del cilindro del cubo\"><\/p>\n<h2>Soluci\u00f3n de problemas y problemas comunes<\/h2>\n<p>Algunos problemas comunes que pueden surgir con los cilindros de cuchar\u00f3n incluyen fugas, rendimiento reducido y fallos de extensi\u00f3n o retracci\u00f3n. Estos problemas suelen solucionarse mediante un mantenimiento y una reparaci\u00f3n adecuados, como el reemplazo de sellos u otros componentes, o el ajuste de la presi\u00f3n hidr\u00e1ulica. Se recomienda consultar a un profesional si los problemas persisten o si tiene alguna duda sobre c\u00f3mo proceder.<\/p>\n<h2>Acerca de nuestra empresa<\/h2>\n<p><img decoding=\"async\" src=\"https:\/\/hzpt.com\/wp-content\/uploads\/2024\/11\/songte-company-1.webp\" alt=\"Imagen del cilindro del cubo\"><\/p>\n<p>Somos fabricantes de cilindros hidr\u00e1ulicos de repuesto, con una gama completa de productos que nos convierte en uno de los principales fabricantes y mayoristas de cilindros hidr\u00e1ulicos en el mercado nacional e internacional. Nos adherimos a los principios de excelente calidad y nos basamos en la estrategia de gesti\u00f3n de la producci\u00f3n industrial de un sofisticado taller de fabricaci\u00f3n para mejorar continuamente la plataforma de fabricaci\u00f3n, optimizar la calidad de nuestros productos y mantener una gran creatividad. Satisfacemos las diversas necesidades de nuestros clientes con alta eficiencia, precisi\u00f3n y calidad. <\/p>\n<p>Ofrecemos una variedad de servicios, incluyendo dise\u00f1o personalizado, certificaci\u00f3n internacional y soporte posventa. Utilizamos equipos de fabricaci\u00f3n de alta gama y empleamos t\u00e9cnicos cualificados para garantizar que nuestros productos cumplan con los m\u00e1s altos est\u00e1ndares de calidad y durabilidad. Tambi\u00e9n ofrecemos servicios de mantenimiento, reparaci\u00f3n y reconstrucci\u00f3n para prolongar la vida \u00fatil de nuestros productos y mantenerlos en \u00f3ptimas condiciones de funcionamiento.<\/p>\n<p><img decoding=\"async\" src=\"https:\/\/www.hydraulic-cylinders.net\/wp-content\/uploads\/2025\/01\/songte-company-3.webp\" alt=\"Imagen del cilindro del cubo\"><\/p>\n<p>Autor: lyl.<\/p>","protected":false},"excerpt":{"rendered":"<p>Bucket Cylinder For Liebherr Small Excavator R906L Introduction A bucket cylinder, also known as a hydraulic cylinder, is specifically designed to control the movement of the bucket in heavy machinery such as excavators, backhoe loaders, and front-end loaders. Its primary function is to enable the bucket to lift, lower, and tilt, making it easier to [&hellip;]<\/p>","protected":false},"featured_media":14789,"comment_status":"open","ping_status":"closed","template":"","meta":{"_et_pb_use_builder":"","_et_pb_old_content":"","_et_gb_content_width":""},"product_brand":[],"product_cat":[1494],"product_tag":[1495,1496],"class_list":{"0":"post-15627","1":"product","2":"type-product","3":"status-publish","4":"has-post-thumbnail","6":"product_cat-bucket-cylinders","7":"product_tag-bucket-cylinders","8":"product_tag-hydraulic-cylinders","10":"first","11":"instock","12":"shipping-taxable","13":"product-type-simple"},"amp_enabled":true,"_links":{"self":[{"href":"https:\/\/www.hydraulic-cylinders.net\/es\/wp-json\/wp\/v2\/product\/15627","targetHints":{"allow":["GET"]}}],"collection":[{"href":"https:\/\/www.hydraulic-cylinders.net\/es\/wp-json\/wp\/v2\/product"}],"about":[{"href":"https:\/\/www.hydraulic-cylinders.net\/es\/wp-json\/wp\/v2\/types\/product"}],"replies":[{"embeddable":true,"href":"https:\/\/www.hydraulic-cylinders.net\/es\/wp-json\/wp\/v2\/comments?post=15627"}],"wp:featuredmedia":[{"embeddable":true,"href":"https:\/\/www.hydraulic-cylinders.net\/es\/wp-json\/wp\/v2\/media\/14789"}],"wp:attachment":[{"href":"https:\/\/www.hydraulic-cylinders.net\/es\/wp-json\/wp\/v2\/media?parent=15627"}],"wp:term":[{"taxonomy":"product_brand","embeddable":true,"href":"https:\/\/www.hydraulic-cylinders.net\/es\/wp-json\/wp\/v2\/product_brand?post=15627"},{"taxonomy":"product_cat","embeddable":true,"href":"https:\/\/www.hydraulic-cylinders.net\/es\/wp-json\/wp\/v2\/product_cat?post=15627"},{"taxonomy":"product_tag","embeddable":true,"href":"https:\/\/www.hydraulic-cylinders.net\/es\/wp-json\/wp\/v2\/product_tag?post=15627"}],"curies":[{"name":"wp","href":"https:\/\/api.w.org\/{rel}","templated":true}]}}