{"id":15644,"date":"2025-01-19T14:47:21","date_gmt":"2025-01-19T14:47:21","guid":{"rendered":"https:\/\/www.hydraulic-cylinders.net\/product\/bucket-cylinder-for-sdlg-small-excavator-lg665\/"},"modified":"2025-01-19T14:47:23","modified_gmt":"2025-01-19T14:47:23","slug":"bucket-cylinder-for-sdlg-small-excavator-lg665","status":"publish","type":"product","link":"https:\/\/www.hydraulic-cylinders.net\/es\/producto\/bucket-cylinder-for-sdlg-small-excavator-lg665\/","title":{"rendered":"Cilindro de cuchar\u00f3n para excavadora peque\u00f1a SDLG LG665"},"content":{"rendered":"<h1>Cilindro de cuchar\u00f3n para excavadora peque\u00f1a SDLG LG665<\/h1>\n<h2>Introducci\u00f3n<\/h2>\n<p>El cilindro del cuchar\u00f3n para la excavadora peque\u00f1a SDLG LG665 es un cilindro hidr\u00e1ulico de dise\u00f1o espec\u00edfico, utilizado principalmente para controlar el movimiento del cuchar\u00f3n en maquinaria pesada como excavadoras, retroexcavadoras y cargadoras frontales. Su funci\u00f3n principal es permitir que el cuchar\u00f3n se eleve, baje e incline, facilitando as\u00ed diversas tareas de manipulaci\u00f3n de materiales. En el sistema hidr\u00e1ulico, el cilindro del cuchar\u00f3n logra un control preciso del cuchar\u00f3n mediante cambios en la presi\u00f3n del aceite hidr\u00e1ulico, lo que permite al operador manipular cargas pesadas con eficiencia y adaptarse a entornos de trabajo complejos y diversas exigencias operativas.<\/p>\n<p><img decoding=\"async\" src=\"https:\/\/www.hydraulic-cylinders.net\/wp-content\/uploads\/2025\/01\/songte-company-2.webp\"><\/p>\n<h2>Caracter\u00edsticas<\/h2>\n<ul>\n<li>Alta resistencia y durabilidad: generalmente fabricado en acero o aluminio de alta resistencia, capaz de soportar alta presi\u00f3n y cargas pesadas, adaptarse a entornos de trabajo hostiles y dise\u00f1ado con resistencia al desgaste y a la corrosi\u00f3n, lo que extiende la vida \u00fatil.<\/li>\n<li>Operaci\u00f3n hidr\u00e1ulica eficiente: utiliza presi\u00f3n de aceite hidr\u00e1ulico para lograr acciones suaves de extensi\u00f3n y retracci\u00f3n, capaz de responder r\u00e1pidamente a los comandos de operaci\u00f3n, proporcionando una fuerte fuerza de empuje y tracci\u00f3n, adecuado para manipular cargas pesadas y tareas operativas complejas.<\/li>\n<li>Diversos tipos: cilindros de simple efecto (hidr\u00e1ulicos en una sola direcci\u00f3n) o de doble efecto (hidr\u00e1ulicos en ambas direcciones) que se pueden seleccionar seg\u00fan las necesidades operativas. Algunos modelos son telesc\u00f3picos, lo que permite una mayor extensi\u00f3n sin aumentar las dimensiones externas, ideal para aplicaciones con espacio limitado.<\/li>\n<li>Puede reemplazar otros cilindros hidr\u00e1ulicos: nuestro producto puede reemplazar perfectamente estos cilindros hidr\u00e1ulicos.<\/li>\n<\/ul>\n<p><img decoding=\"async\" src=\"https:\/\/www.hydraulic-cylinders.net\/wp-content\/uploads\/2025\/01\/songte-cylinder-head-with-all-kinds-excavator-models.webp\"><\/p>\n<h2>Aplicaciones<\/h2>\n<p>El cilindro de cuchara para excavadora peque\u00f1a SDLG LG665 tiene una amplia gama de aplicaciones, que incluyen:<\/p>\n<ul>\n<li>Equipos de construcci\u00f3n: en las excavadoras, son fundamentales para excavar, cargar y mover tierra o escombros. En las retroexcavadoras, el cilindro del cuchar\u00f3n facilita tanto la excavaci\u00f3n como la elevaci\u00f3n. <\/li>\n<li>Maquinaria agr\u00edcola: se utiliza para cargadores frontales, para recoger, levantar y transportar tierra, heno y otros materiales, excavadoras: el cilindro del cuchar\u00f3n logra la acci\u00f3n de excavaci\u00f3n al permitir que el cuchar\u00f3n penetre en el suelo. <\/li>\n<li>Cargador: en los cargadores frontales, ayudan a levantar e inclinar las mercanc\u00edas de manera eficaz.<\/li>\n<\/ul>\n<h2>Consideraciones de dise\u00f1o y criterios de selecci\u00f3n<\/h2>\n<p>El cilindro del cuchar\u00f3n para la excavadora peque\u00f1a SDLG LG665 tiene varias consideraciones de dise\u00f1o y criterios de selecci\u00f3n, que incluyen:<\/p>\n<ul>\n<li>Capacidad de carga: La capacidad de carga del cilindro debe ser capaz de soportar las cargas de presi\u00f3n hidr\u00e1ulica generadas durante su funcionamiento.<\/li>\n<li>Sellado: Se deben utilizar varios componentes de sellado, como sellos de pist\u00f3n y sellos de varilla, para garantizar que el sistema hidr\u00e1ulico mantenga el nivel adecuado de presi\u00f3n y evitar fugas.<\/li>\n<li>Durabilidad: El cilindro debe estar dise\u00f1ado para ser lo suficientemente duradero como para soportar el duro entorno de trabajo y el desgaste asociado con el uso regular.<\/li>\n<li>Seguridad: Se deben tomar todas las medidas de seguridad durante el dise\u00f1o y la construcci\u00f3n del cilindro para garantizar que cumpla con todas las normas y regulaciones de seguridad.<\/li>\n<li>Mantenibilidad: El cilindro debe estar dise\u00f1ado para que su mantenimiento y reparaci\u00f3n sean f\u00e1ciles, y todas las piezas deben ser f\u00e1cilmente accesibles para su reemplazo o reparaci\u00f3n.<\/li>\n<\/ul>\n<p><img decoding=\"async\" src=\"https:\/\/www.hydraulic-cylinders.net\/wp-content\/uploads\/2025\/01\/songte-oil-pipes-and-spare-parts.webp\"><\/p>\n<h2>Sellado y lubricaci\u00f3n<\/h2>\n<p>El cilindro del cuchar\u00f3n para la excavadora peque\u00f1a SDLG LG665 requiere varios m\u00e9todos de sellado y lubricaci\u00f3n, que incluyen:<\/p>\n<ul>\n<li>Utilizando diversos componentes de sellado como sellos de pist\u00f3n, sellos de varilla y sellos limpiadores hechos de materiales duraderos como poliuretano, caucho de nitrilo y otros<\/li>\n<li>Procesamiento fino del cuerpo del cilindro y de la superficie del extremo de la rosca para aumentar la resistencia al desgaste<\/li>\n<li>A\u00f1adiendo peri\u00f3dicamente una cantidad adecuada de aceite hidr\u00e1ulico para lubricaci\u00f3n.<\/li>\n<\/ul>\n<h2>Inspecci\u00f3n regular y medidas de mantenimiento preventivo<\/h2>\n<p>Las medidas de inspecci\u00f3n peri\u00f3dica y mantenimiento preventivo para el cilindro del cuchar\u00f3n de la excavadora peque\u00f1a SDLG LG665 incluyen:<\/p>\n<ul>\n<li>Lubricaci\u00f3n regular<\/li>\n<li>Reemplazo regular de sellos y controles de calibraci\u00f3n<\/li>\n<li>Inspecci\u00f3n peri\u00f3dica de todos los componentes y conexiones hidr\u00e1ulicas<\/li>\n<\/ul>\n<p>Una instalaci\u00f3n, lubricaci\u00f3n y ajuste adecuados son esenciales para garantizar un rendimiento \u00f3ptimo y una larga vida \u00fatil. Durante la instalaci\u00f3n, se recomienda utilizar soportes de instalaci\u00f3n adecuados para asegurar el cilindro. Se recomienda que los procedimientos de inspecci\u00f3n, reparaci\u00f3n y reemplazo sean realizados por profesionales capacitados.<\/p>\n<p><img decoding=\"async\" src=\"https:\/\/www.hydraulic-cylinders.net\/wp-content\/uploads\/2025\/01\/songte-chushion-collar.webp\"><\/p>\n<h2>Consideraciones de seguridad y factores ambientales<\/h2>\n<p>Al utilizar el cilindro del cuchar\u00f3n para la excavadora peque\u00f1a SDLG LG665, es esencial observar todas las precauciones de seguridad necesarias, como usar el equipo de protecci\u00f3n adecuado y seguir todas las instrucciones de funcionamiento.<\/p>\n<h2>Diagn\u00f3stico y problemas comunes y soluciones<\/h2>\n<p>Algunos problemas comunes con el cilindro del cuchar\u00f3n de la excavadora peque\u00f1a SDLG LG665 pueden incluir:<\/p>\n<ul>\n<li>Fuga o presi\u00f3n insuficiente en el sistema hidr\u00e1ulico<\/li>\n<li>Rendimiento deficiente del cilindro, incluido movimiento lento o d\u00e9bil<\/li>\n<li>Sellos da\u00f1ados o desgastados, lo que provoca fugas de l\u00edquido hidr\u00e1ulico<\/li>\n<\/ul>\n<p>Un mantenimiento y conservaci\u00f3n adecuados, incluyendo inspecciones y mantenimiento regulares, generalmente pueden prevenir la mayor\u00eda de los problemas. Sin embargo, si surgen problemas, se recomienda consultar a un mec\u00e1nico hidr\u00e1ulico cualificado.<\/p>\n<p><img decoding=\"async\" src=\"https:\/\/www.hydraulic-cylinders.net\/wp-content\/uploads\/2025\/01\/songte-bushings-with-all-kinds-of-excavator-models.webp\"><\/p>\n<h2>Acerca de nuestra empresa<\/h2>\n<p>Somos un fabricante y distribuidor mayorista l\u00edder de cilindros hidr\u00e1ulicos y fabricamos una amplia gama de productos que pueden reemplazar a otros cilindros hidr\u00e1ulicos. Nuestras instalaciones de producci\u00f3n se centran en la fabricaci\u00f3n de precisi\u00f3n y utilizan la tecnolog\u00eda m\u00e1s avanzada para crear productos de calidad que cumplen con los est\u00e1ndares internacionales. Nuestro equipo est\u00e1 formado por profesionales altamente cualificados, dedicados a brindar un servicio excepcional a nuestros clientes. Ofrecemos servicios personalizados para satisfacer las necesidades individuales y una gama completa de servicios posventa para garantizar la plena satisfacci\u00f3n de sus necesidades.<\/p>\n<p><img decoding=\"async\" src=\"https:\/\/hzpt.com\/wp-content\/uploads\/2024\/11\/songte-company-1.webp\"><\/p>\n<h3>Profesionalismo<\/h3>\n<p>Nuestra empresa se enorgullece de su profesionalismo, experiencia y compromiso con el servicio al cliente. Nos dedicamos a ofrecer productos y servicios de calidad que satisfagan las necesidades de nuestros clientes y superen sus expectativas. Nos esforzamos por mantener los m\u00e1s altos est\u00e1ndares de profesionalismo en todo lo que hacemos.<\/p>\n<h3>Certificaci\u00f3n Internacional<\/h3>\n<p>Hemos obtenido certificaciones internacionales, como la ISO 9001, que garantizan que nuestros productos cumplen con los m\u00e1s altos est\u00e1ndares de calidad. Esta certificaci\u00f3n demuestra nuestro compromiso con la calidad, la seguridad y el medio ambiente.<\/p>\n<h3>Servicios personalizados<\/h3>\n<p>Nos especializamos en ofrecer soluciones personalizadas de cilindros hidr\u00e1ulicos para satisfacer las necesidades espec\u00edficas de cada cliente. Nuestro equipo de profesionales experimentados trabajar\u00e1 estrechamente con ellos para identificar sus necesidades y desarrollar soluciones que las satisfagan.<\/p>\n<h3>Equipos de producci\u00f3n<\/h3>\n<p>Utilizamos equipos y tecnolog\u00eda de producci\u00f3n de \u00faltima generaci\u00f3n para garantizar que nuestros productos cumplan con los m\u00e1s altos est\u00e1ndares de calidad. Nuestras instalaciones de producci\u00f3n se centran en la fabricaci\u00f3n de precisi\u00f3n, utilizando la tecnolog\u00eda m\u00e1s avanzada para lograr los m\u00e1s altos niveles de precisi\u00f3n y calidad.<\/p>\n<h3>Servicio postventa<\/h3>\n<p>Ofrecemos una gama completa de servicios posventa para garantizar la plena satisfacci\u00f3n de las necesidades de nuestros clientes. Nuestro equipo de profesionales altamente capacitados se dedica a brindar un servicio y soporte excepcionales.<\/p>\n<h4>Autor: lyl<\/h4>","protected":false},"excerpt":{"rendered":"<p>Bucket Cylinder For SDLG Small Excavator LG665 Introduction The bucket cylinder for SDLG small excavator LG665 is a specifically designed hydraulic cylinder mainly used for controlling the motion of the bucket in heavy machinery like excavators, backhoe loaders, and front-end loaders. Its primary function is to enable the bucket to lift, lower, and tilt, thereby [&hellip;]<\/p>","protected":false},"featured_media":14787,"comment_status":"open","ping_status":"closed","template":"","meta":{"_et_pb_use_builder":"","_et_pb_old_content":"","_et_gb_content_width":""},"product_brand":[],"product_cat":[1494],"product_tag":[1495,1496],"class_list":{"0":"post-15644","1":"product","2":"type-product","3":"status-publish","4":"has-post-thumbnail","6":"product_cat-bucket-cylinders","7":"product_tag-bucket-cylinders","8":"product_tag-hydraulic-cylinders","10":"first","11":"instock","12":"shipping-taxable","13":"product-type-simple"},"amp_enabled":true,"_links":{"self":[{"href":"https:\/\/www.hydraulic-cylinders.net\/es\/wp-json\/wp\/v2\/product\/15644","targetHints":{"allow":["GET"]}}],"collection":[{"href":"https:\/\/www.hydraulic-cylinders.net\/es\/wp-json\/wp\/v2\/product"}],"about":[{"href":"https:\/\/www.hydraulic-cylinders.net\/es\/wp-json\/wp\/v2\/types\/product"}],"replies":[{"embeddable":true,"href":"https:\/\/www.hydraulic-cylinders.net\/es\/wp-json\/wp\/v2\/comments?post=15644"}],"wp:featuredmedia":[{"embeddable":true,"href":"https:\/\/www.hydraulic-cylinders.net\/es\/wp-json\/wp\/v2\/media\/14787"}],"wp:attachment":[{"href":"https:\/\/www.hydraulic-cylinders.net\/es\/wp-json\/wp\/v2\/media?parent=15644"}],"wp:term":[{"taxonomy":"product_brand","embeddable":true,"href":"https:\/\/www.hydraulic-cylinders.net\/es\/wp-json\/wp\/v2\/product_brand?post=15644"},{"taxonomy":"product_cat","embeddable":true,"href":"https:\/\/www.hydraulic-cylinders.net\/es\/wp-json\/wp\/v2\/product_cat?post=15644"},{"taxonomy":"product_tag","embeddable":true,"href":"https:\/\/www.hydraulic-cylinders.net\/es\/wp-json\/wp\/v2\/product_tag?post=15644"}],"curies":[{"name":"wp","href":"https:\/\/api.w.org\/{rel}","templated":true}]}}