{"id":15652,"date":"2025-01-19T14:47:54","date_gmt":"2025-01-19T14:47:54","guid":{"rendered":"https:\/\/www.hydraulic-cylinders.net\/product\/bucket-cylinder-for-sdlg-middle-excavator-lg6270e\/"},"modified":"2025-01-19T14:48:02","modified_gmt":"2025-01-19T14:48:02","slug":"bucket-cylinder-for-sdlg-middle-excavator-lg6270e","status":"publish","type":"product","link":"https:\/\/www.hydraulic-cylinders.net\/es\/producto\/bucket-cylinder-for-sdlg-middle-excavator-lg6270e\/","title":{"rendered":"Cilindro de cuchar\u00f3n para excavadora intermedia SDLG LG6270E"},"content":{"rendered":"<p><!DOCTYPE html><br \/>\n<html><br \/>\n<head><br \/>\n\t<title>Cilindro de cuchar\u00f3n para excavadora intermedia SDLG LG6270E<\/title><br \/>\n<\/head><br \/>\n<body><\/p>\n<h1>Cilindro de cuchar\u00f3n para excavadora intermedia SDLG LG6270E<\/h1>\n<h2>Introducci\u00f3n<\/h2>\n<p>Un cilindro de cuchar\u00f3n es un cilindro hidr\u00e1ulico especialmente dise\u00f1ado que se utiliza para controlar el movimiento del cuchar\u00f3n en maquinaria pesada como excavadoras, retroexcavadoras y cargadoras frontales. Su funci\u00f3n principal es permitir la elevaci\u00f3n, el descenso y la inclinaci\u00f3n del cuchar\u00f3n, facilitando diversas tareas de manipulaci\u00f3n de materiales. En un sistema hidr\u00e1ulico, el cilindro del cuchar\u00f3n logra un control preciso del cuchar\u00f3n aprovechando los cambios de presi\u00f3n del aceite hidr\u00e1ulico, lo que permite a los operadores manipular cargas pesadas con eficiencia y adaptarse a entornos de trabajo complejos y diversos requisitos operativos.<\/p>\n<p>\t<img decoding=\"async\" src=\"https:\/\/www.hydraulic-cylinders.net\/wp-content\/uploads\/2025\/01\/songte-company-2.webp\" alt=\"Imagen del cilindro del cubo\"><\/p>\n<h2>Caracter\u00edsticas<\/h2>\n<ul>\n<li>Alta resistencia y durabilidad: Generalmente fabricadas con acero o aluminio de alta resistencia, capaces de soportar altas presiones y cargas pesadas, adapt\u00e1ndose a entornos de trabajo adversos y dise\u00f1adas teniendo en cuenta la resistencia al desgaste y a la corrosi\u00f3n para prolongar su vida \u00fatil.<\/li>\n<li>Operaci\u00f3n hidr\u00e1ulica eficiente: utiliza la presi\u00f3n del aceite hidr\u00e1ulico para lograr movimientos suaves de extensi\u00f3n y retracci\u00f3n, lo que permite una respuesta r\u00e1pida a los comandos de control, proporciona poderosas fuerzas de empuje y tracci\u00f3n y es adecuado para manipular cargas pesadas y tareas operativas complejas.<\/li>\n<li>Diversos tipos: Disponibles en cilindros de simple efecto (fluido hidr\u00e1ulico en una sola direcci\u00f3n) o doble efecto (fluido hidr\u00e1ulico en ambas direcciones), lo que permite diferentes requisitos operativos. Algunos modelos son telesc\u00f3picos, lo que permite una mayor extensi\u00f3n sin aumentar las dimensiones externas, lo que los hace ideales para aplicaciones con espacio limitado.<\/li>\n<li>Reemplazo perfecto: Nuestros productos pueden reemplazar perfectamente estos cilindros hidr\u00e1ulicos, ofreciendo una alternativa confiable para su equipo.<\/li>\n<\/ul>\n<p>\t<img decoding=\"async\" src=\"https:\/\/www.hydraulic-cylinders.net\/wp-content\/uploads\/2025\/01\/songte-cylinder-head-with-all-kinds-excavator-models.webp\" alt=\"Imagen de reemplazo de producto\"><\/p>\n<h2>Aplicaciones<\/h2>\n<p>Los cilindros de cangilones encuentran aplicaciones en diversos equipos:<\/p>\n<ul>\n<li>Equipos de construcci\u00f3n: Presentes en las excavadoras, son cruciales para la excavaci\u00f3n, la carga y el movimiento de tierra o escombros. En las retroexcavadoras, el cilindro del cuchar\u00f3n facilita tanto la excavaci\u00f3n como la elevaci\u00f3n.<\/li>\n<li>Maquinaria agr\u00edcola: Se utiliza en cargadoras frontales para recoger, levantar y transportar tierra, heno y otros materiales.<\/li>\n<li>Excavadoras: El cilindro del cuchar\u00f3n permite realizar acciones de excavaci\u00f3n al permitir que el cuchar\u00f3n penetre en el suelo.<\/li>\n<li>Cargadores: En los cargadores frontales, ayudan a levantar y descargar mercanc\u00edas de manera eficiente.<\/li>\n<\/ul>\n<h2>Consideraciones de dise\u00f1o y criterios de selecci\u00f3n<\/h2>\n<ul>\n<li>Capacidad de carga: Analice la capacidad del cilindro para soportar cargas y presiones.<\/li>\n<li>Sellado: Explore el uso de varios sellos, como sellos de pist\u00f3n y sellos de varilla hechos de materiales resistentes al desgaste como poliuretano y caucho de nitrilo, y la importancia de un sellado adecuado para una mayor durabilidad.<\/li>\n<li>Durabilidad: Analice c\u00f3mo el cuerpo del cilindro y los extremos roscados est\u00e1n finamente tratados para mejorar la resistencia al desgaste.<\/li>\n<li>Seguridad: Abordar las consideraciones de seguridad en el dise\u00f1o, enfatizando la importancia de seguir las medidas de seguridad al trabajar con el cilindro.<\/li>\n<li>Mantenibilidad: Analice la facilidad de mantenimiento y la disponibilidad de repuestos para el cilindro.<\/li>\n<\/ul>\n<p>\t<img decoding=\"async\" src=\"https:\/\/www.hydraulic-cylinders.net\/wp-content\/uploads\/2025\/01\/songte-oil-pipes-and-spare-parts.webp\" alt=\"Consideraciones de dise\u00f1o Imagen\"><\/p>\n<h2>Sellado y lubricaci\u00f3n<\/h2>\n<p>El cilindro del cuchar\u00f3n utiliza diversos sellos, como sellos de pist\u00f3n y sellos de v\u00e1stago, fabricados con materiales resistentes al desgaste como poliuretano y caucho de nitrilo. El cuerpo del cilindro y los extremos roscados se someten a un meticuloso tratamiento superficial para mejorar la resistencia al desgaste. La lubricaci\u00f3n regular con la cantidad adecuada de aceite hidr\u00e1ulico es necesaria para garantizar un funcionamiento suave y prolongar la vida \u00fatil del cilindro.<\/p>\n<h2>Inspecci\u00f3n regular y mantenimiento preventivo<\/h2>\n<ul>\n<li>Inspecci\u00f3n peri\u00f3dica: resalte la importancia de realizar inspecciones visuales peri\u00f3dicas para identificar cualquier signo de desgaste, fugas o da\u00f1os.<\/li>\n<li>Lubricaci\u00f3n adecuada: Enfatizar la necesidad de una lubricaci\u00f3n regular para mantener un rendimiento \u00f3ptimo.<\/li>\n<li>Reemplazo de sellos: proporcione pautas sobre cu\u00e1ndo y c\u00f3mo reemplazar los sellos para evitar fugas y garantizar un funcionamiento adecuado.<\/li>\n<li>Comprobaci\u00f3n de calibraci\u00f3n: Analice la importancia de comprobar y calibrar peri\u00f3dicamente el cilindro para mantener la precisi\u00f3n.<\/li>\n<\/ul>\n<p>\t<img decoding=\"async\" src=\"https:\/\/www.hydraulic-cylinders.net\/wp-content\/uploads\/2025\/01\/songte-chushion-collar.webp\" alt=\"Imagen de mantenimiento preventivo\"><\/p>\n<h2>Consideraciones de seguridad y factores ambientales<\/h2>\n<p>Al utilizar el cilindro de la cuchara, es fundamental seguir las medidas de seguridad para prevenir accidentes y garantizar un entorno de trabajo seguro. Explique la importancia de la capacitaci\u00f3n adecuada, el uso de equipo de protecci\u00f3n personal (EPP) y el cumplimiento de las normas de seguridad.<\/p>\n<h2>Soluci\u00f3n de problemas y problemas comunes<\/h2>\n<p>Analizar los pasos comunes para la resoluci\u00f3n de problemas y ofrecer soluciones a los problemas comunes que puedan surgir al usar el cilindro del cuchar\u00f3n. Ofrecer consejos para un diagn\u00f3stico y resoluci\u00f3n de problemas eficaces, junto con medidas preventivas para minimizar posibles problemas.<\/p>\n<p>\t<img decoding=\"async\" src=\"https:\/\/www.hydraulic-cylinders.net\/wp-content\/uploads\/2025\/01\/songte-bushings-with-all-kinds-of-excavator-models.webp\" alt=\"Soluci\u00f3n de problemas de imagen\"><\/p>\n<h2>Descripci\u00f3n general de la empresa<\/h2>\n<p>Somos un fabricante y distribuidor mayorista l\u00edder de cilindros hidr\u00e1ulicos en el mercado nacional e internacional. Con una gama completa de productos, nos hemos convertido en uno de los principales fabricantes y proveedores de la industria. Nos adherimos a los principios de excelencia, utilizando instalaciones de fabricaci\u00f3n avanzadas, sistemas de prueba profesionales y un equipo humano capacitado para garantizar productos de la m\u00e1s alta calidad. Ofrecemos servicios personalizados, certificaciones internacionales, equipos de producci\u00f3n de \u00faltima generaci\u00f3n y un completo servicio posventa.<\/p>\n<p>\t<img decoding=\"async\" src=\"https:\/\/www.hydraulic-cylinders.net\/wp-content\/uploads\/2025\/01\/songte-company-3.webp\" alt=\"Imagen de descripci\u00f3n general de la empresa\"><\/p>\n<p>Siguiendo la organizaci\u00f3n l\u00f3gica del art\u00edculo, utilizando subt\u00edtulos para una f\u00e1cil navegaci\u00f3n, incorporando im\u00e1genes o diagramas relevantes para mejorar la comprensi\u00f3n y asegurando un contenido claro y conciso adecuado para lectores con diferentes niveles de conocimiento t\u00e9cnico, nuestro objetivo es proporcionar informaci\u00f3n completa sobre el cilindro del cuchar\u00f3n para la excavadora intermedia SDLG LG6270E.<\/p>\n<p>Autor: lyl<\/p>\n<p>\t<img decoding=\"async\" src=\"https:\/\/hzpt.com\/wp-content\/uploads\/2024\/11\/songte-company-1.webp\" alt=\"Imagen de la empresa\"><br \/>\n<\/body><br \/>\n<\/html><\/p>","protected":false},"excerpt":{"rendered":"<p>Bucket Cylinder For SDLG Middle Excavator LG6270E Bucket Cylinder For SDLG Middle Excavator LG6270E Introduction A bucket cylinder is a specially designed hydraulic cylinder used to control the movement of the bucket in heavy machinery such as excavators, backhoe loaders, and front loaders. Its main function is to enable the lifting, lowering, and tilting of [&hellip;]<\/p>","protected":false},"featured_media":14771,"comment_status":"open","ping_status":"closed","template":"","meta":{"_et_pb_use_builder":"","_et_pb_old_content":"","_et_gb_content_width":""},"product_brand":[],"product_cat":[1494],"product_tag":[1495,1496],"class_list":{"0":"post-15652","1":"product","2":"type-product","3":"status-publish","4":"has-post-thumbnail","6":"product_cat-bucket-cylinders","7":"product_tag-bucket-cylinders","8":"product_tag-hydraulic-cylinders","10":"first","11":"instock","12":"shipping-taxable","13":"product-type-simple"},"amp_enabled":true,"_links":{"self":[{"href":"https:\/\/www.hydraulic-cylinders.net\/es\/wp-json\/wp\/v2\/product\/15652","targetHints":{"allow":["GET"]}}],"collection":[{"href":"https:\/\/www.hydraulic-cylinders.net\/es\/wp-json\/wp\/v2\/product"}],"about":[{"href":"https:\/\/www.hydraulic-cylinders.net\/es\/wp-json\/wp\/v2\/types\/product"}],"replies":[{"embeddable":true,"href":"https:\/\/www.hydraulic-cylinders.net\/es\/wp-json\/wp\/v2\/comments?post=15652"}],"wp:featuredmedia":[{"embeddable":true,"href":"https:\/\/www.hydraulic-cylinders.net\/es\/wp-json\/wp\/v2\/media\/14771"}],"wp:attachment":[{"href":"https:\/\/www.hydraulic-cylinders.net\/es\/wp-json\/wp\/v2\/media?parent=15652"}],"wp:term":[{"taxonomy":"product_brand","embeddable":true,"href":"https:\/\/www.hydraulic-cylinders.net\/es\/wp-json\/wp\/v2\/product_brand?post=15652"},{"taxonomy":"product_cat","embeddable":true,"href":"https:\/\/www.hydraulic-cylinders.net\/es\/wp-json\/wp\/v2\/product_cat?post=15652"},{"taxonomy":"product_tag","embeddable":true,"href":"https:\/\/www.hydraulic-cylinders.net\/es\/wp-json\/wp\/v2\/product_tag?post=15652"}],"curies":[{"name":"wp","href":"https:\/\/api.w.org\/{rel}","templated":true}]}}