{"id":15669,"date":"2025-01-19T14:49:15","date_gmt":"2025-01-19T14:49:15","guid":{"rendered":"https:\/\/www.hydraulic-cylinders.net\/product\/bucket-cylinder-for-jcm-small-excavator-913d\/"},"modified":"2025-01-19T14:49:17","modified_gmt":"2025-01-19T14:49:17","slug":"bucket-cylinder-for-jcm-small-excavator-913d","status":"publish","type":"product","link":"https:\/\/www.hydraulic-cylinders.net\/es\/producto\/bucket-cylinder-for-jcm-small-excavator-913d\/","title":{"rendered":"Cilindro de cuchar\u00f3n para excavadora peque\u00f1a JCM 913D"},"content":{"rendered":"<h1>Cilindro de cuchar\u00f3n para excavadora peque\u00f1a JCM 913D<\/h1>\n<h2>Introducci\u00f3n<\/h2>\n<p>El cilindro del cuchar\u00f3n para la excavadora peque\u00f1a JCM 913D es un cilindro hidr\u00e1ulico especializado, dise\u00f1ado para controlar el movimiento del cuchar\u00f3n en maquinaria pesada como excavadoras, retroexcavadoras y cargadoras frontales. Su funci\u00f3n principal es permitir que el cuchar\u00f3n se eleve, baje e incline, facilitando diversas tareas de manipulaci\u00f3n de materiales. En el sistema hidr\u00e1ulico, el cilindro del cuchar\u00f3n aprovecha los cambios en la presi\u00f3n del aceite hidr\u00e1ulico para lograr un control preciso del cuchar\u00f3n, lo que permite a los operadores manipular cargas pesadas con eficiencia y adaptarse a entornos de trabajo complejos y diversos requisitos.<\/p>\n<p><img src='https:\/\/www.hydraulic-cylinders.net\/wp-content\/uploads\/2025\/01\/songte-company-2.webp'><\/p>\n<h2>Caracter\u00edsticas<\/h2>\n<ul>\n<li>Alta resistencia y durabilidad: generalmente fabricados en acero o aluminio de alta resistencia, capaces de soportar alta presi\u00f3n y cargas pesadas, adecuados para entornos de trabajo hostiles, dise\u00f1ados teniendo en cuenta la resistencia al desgaste y la corrosi\u00f3n para prolongar la vida \u00fatil.<\/li>\n<li>Operaci\u00f3n hidr\u00e1ulica eficiente: utiliza presi\u00f3n de aceite hidr\u00e1ulico para lograr una extensi\u00f3n y retracci\u00f3n suaves, capaz de responder r\u00e1pidamente a los comandos de control, proporcionando una poderosa fuerza de empuje y tracci\u00f3n, adecuada para manipular cargas pesadas y tareas laborales complejas.<\/li>\n<li>Diversos tipos: Se pueden elegir cilindros de simple efecto (hidr\u00e1ulicos en una sola direcci\u00f3n) o de doble efecto (hidr\u00e1ulicos en dos direcciones) seg\u00fan las necesidades para satisfacer diferentes requisitos de operaci\u00f3n. Algunos modelos son telesc\u00f3picos, lo que permite una mayor extensi\u00f3n sin aumentar las dimensiones externas, ideal para aplicaciones con espacio limitado.<\/li>\n<li>Reemplazables: Nuestros productos pueden reemplazar perfectamente estos cilindros hidr\u00e1ulicos.<\/li>\n<\/ul>\n<p><img src='https:\/\/www.hydraulic-cylinders.net\/wp-content\/uploads\/2025\/01\/songte-cylinder-head-with-all-kinds-excavator-models.webp'><\/p>\n<h2>Aplicaciones<\/h2>\n<p>El cilindro del cuchar\u00f3n para la excavadora peque\u00f1a JCM 913D se puede utilizar en varios escenarios, incluidos:<\/p>\n<h3>Equipos de construcci\u00f3n<\/h3>\n<ul>\n<li>Excavadoras: Los cilindros del cuchar\u00f3n permiten la acci\u00f3n de excavaci\u00f3n al dejar que el cuchar\u00f3n penetre en el suelo.<\/li>\n<li>Retroexcavadoras: Los cilindros del cuchar\u00f3n ayudan tanto a excavar como a levantar.<\/li>\n<li>Cargadores frontales: En los cargadores frontales, ayudan a levantar y descargar la carga de manera efectiva.<\/li>\n<\/ul>\n<h3>Maquinaria agr\u00edcola<\/h3>\n<ul>\n<li>Cargadoras frontales: se utilizan para cargar, levantar y transportar tierra, heno y otros materiales.<\/li>\n<\/ul>\n<p>Cada aplicaci\u00f3n puede ampliarse a\u00fan m\u00e1s en detalle.<\/p>\n<h2>Consideraciones de dise\u00f1o y criterios de selecci\u00f3n<\/h2>\n<ul>\n<li>Capacidad de carga: El cilindro debe estar dise\u00f1ado para soportar la carga m\u00e1xima.<\/li>\n<li>Sellado: Varios sellos, como sellos de pist\u00f3n y sellos de v\u00e1stago, deben fabricarse con materiales resistentes al desgaste, como poliuretano y caucho de nitrilo.<\/li>\n<li>Durabilidad: El cilindro debe estar dise\u00f1ado con materiales resistentes a la corrosi\u00f3n y tratamientos de superficie para prolongar la vida \u00fatil.<\/li>\n<li>Seguridad: El cilindro debe estar dise\u00f1ado con mecanismos de seguridad adecuados para garantizar un funcionamiento seguro.<\/li>\n<li>Mantenibilidad: El cilindro debe dise\u00f1arse teniendo en cuenta la facilidad de mantenimiento, incluida la inspecci\u00f3n y el reemplazo de piezas.<\/li>\n<\/ul>\n<p><img src='https:\/\/www.hydraulic-cylinders.net\/wp-content\/uploads\/2025\/01\/songte-oil-pipes-and-spare-parts.webp'><\/p>\n<h2>Sellado y lubricaci\u00f3n<\/h2>\n<p>El cilindro del cuchar\u00f3n de la excavadora peque\u00f1a JCM 913D utiliza diversos sellos, como sellos de pist\u00f3n y de v\u00e1stago, fabricados con materiales resistentes al desgaste como poliuretano y caucho de nitrilo. El cuerpo del cilindro y las superficies roscadas de los extremos cuentan con un tratamiento fino para mejorar la resistencia al desgaste. Para garantizar un funcionamiento suave, se debe lubricar adecuadamente a\u00f1adiendo regularmente una cantidad adecuada de aceite hidr\u00e1ulico.<\/p>\n<h2>Inspecci\u00f3n peri\u00f3dica y medidas de mantenimiento preventivo<\/h2>\n<p>La inspecci\u00f3n regular y el mantenimiento preventivo son esenciales para garantizar el buen funcionamiento y una larga vida \u00fatil del cilindro del cuchar\u00f3n de la excavadora peque\u00f1a JCM 913D. A continuaci\u00f3n, se presentan algunas tareas de mantenimiento comunes:<\/p>\n<ul>\n<li>Inspecci\u00f3n peri\u00f3dica: Realice inspecciones peri\u00f3dicas para detectar problemas de manera oportuna.<\/li>\n<li>Lubricaci\u00f3n adecuada: Lubrique el cilindro seg\u00fan lo recomendado por el fabricante para garantizar un funcionamiento suave.<\/li>\n<li>Reemplazo de sellos: reemplace los sellos seg\u00fan sea necesario para evitar fugas y garantizar un funcionamiento adecuado.<\/li>\n<li>Comprobaci\u00f3n de calibraci\u00f3n: Realice comprobaciones de calibraci\u00f3n para garantizar el posicionamiento y el funcionamiento adecuados.<\/li>\n<\/ul>\n<p>Es importante proporcionar una gu\u00eda adecuada para la alineaci\u00f3n del cilindro durante la instalaci\u00f3n y recomendamos el uso de soportes de instalaci\u00f3n adecuados para asegurarlo. Tambi\u00e9n recomendamos seguir nuestros procedimientos recomendados de inspecci\u00f3n, reparaci\u00f3n y reemplazo, y ofrecer servicios de reconstrucci\u00f3n para prolongar la vida \u00fatil del cilindro del cuchar\u00f3n de la excavadora peque\u00f1a JCM 913D.<\/p>\n<p><img src='https:\/\/www.hydraulic-cylinders.net\/wp-content\/uploads\/2025\/01\/songte-chushion-collar.webp'><\/p>\n<h2>Consideraciones de seguridad y factores ambientales<\/h2>\n<p>Las medidas de seguridad son esenciales al utilizar cilindros hidr\u00e1ulicos. La instalaci\u00f3n y el funcionamiento deben seguir estrictamente las instrucciones del fabricante. Se debe utilizar el equipo de protecci\u00f3n adecuado para evitar lesiones. Tambi\u00e9n se deben considerar los factores ambientales y garantizar la correcta eliminaci\u00f3n del aceite hidr\u00e1ulico y otros residuos para proteger el medio ambiente.<\/p>\n<h2>Soluci\u00f3n de problemas y problemas comunes<\/h2>\n<p>Algunos problemas comunes que pueden presentarse al usar el cilindro del cuchar\u00f3n de la excavadora peque\u00f1a JCM 913D incluyen fugas, fuerza insuficiente o excesiva, y fallos de extensi\u00f3n o retracci\u00f3n. Se deben tomar las medidas de diagn\u00f3stico y mantenimiento adecuadas para solucionar estos problemas y prevenir posibles problemas.<\/p>\n<p><img src='https:\/\/www.hydraulic-cylinders.net\/wp-content\/uploads\/2025\/01\/songte-bushings-with-all-kinds-of-excavator-models.webp'><\/p>\n<h2>Acerca de nuestra empresa<\/h2>\n<p>Somos un fabricante especializado en la producci\u00f3n de cilindros hidr\u00e1ulicos. Nuestra empresa cuenta con una gama completa de productos y se ha convertido en uno de los principales fabricantes y mayoristas de cilindros hidr\u00e1ulicos en el mercado nacional e internacional. Nos adherimos al principio de excelente calidad y nos basamos en estrategias de gesti\u00f3n de producci\u00f3n industrializada en talleres de alta calidad. Mejoramos continuamente nuestra plataforma de fabricaci\u00f3n en taller, perfeccionamos la cadena de producci\u00f3n de calidad del producto y contamos con una gran capacidad creativa. Alta eficiencia, alta precisi\u00f3n y alta calidad son nuestros principios, y nuestro objetivo es satisfacer las diversas necesidades de nuestros clientes.<\/p>\n<p>Nuestra empresa tiene muchas ventajas, entre ellas:<\/p>\n<ul>\n<li>Profesionalismo: Nuestro equipo est\u00e1 compuesto por ingenieros experimentados, trabajadores calificados y personal de ventas profesional.<\/li>\n<li>Certificaci\u00f3n internacional: Nuestros productos han pasado varias certificaciones internacionales, incluidas ISO9001, CE y SGS.<\/li>\n<li>Servicios de personalizaci\u00f3n: Brindamos servicios personalizados para satisfacer las necesidades espec\u00edficas de diferentes clientes.<\/li>\n<li>Equipo de producci\u00f3n: Utilizamos equipos de producci\u00f3n avanzados para garantizar la calidad de nuestros productos.<\/li>\n<li>Servicio postventa: Brindamos un servicio postventa integral para garantizar la satisfacci\u00f3n del cliente.<\/li>\n<\/ul>\n<p><img src='https:\/\/hzpt.com\/wp-content\/uploads\/2024\/11\/songte-company-1.webp'><\/p>\n<h3>Autor: lyl.<\/h3>","protected":false},"excerpt":{"rendered":"<p>Bucket Cylinder For JCM Small Excavator 913D Introduction The bucket cylinder for JCM small excavator 913D is a specialized hydraulic cylinder designed for controlling the movement of the bucket in heavy machinery such as excavators, backhoe loaders, and front-end loaders. Its main function is to allow the bucket to lift, lower, and tilt, making it [&hellip;]<\/p>","protected":false},"featured_media":14765,"comment_status":"open","ping_status":"closed","template":"","meta":{"_et_pb_use_builder":"","_et_pb_old_content":"","_et_gb_content_width":""},"product_brand":[],"product_cat":[1494],"product_tag":[1495,1496],"class_list":{"0":"post-15669","1":"product","2":"type-product","3":"status-publish","4":"has-post-thumbnail","6":"product_cat-bucket-cylinders","7":"product_tag-bucket-cylinders","8":"product_tag-hydraulic-cylinders","10":"first","11":"instock","12":"shipping-taxable","13":"product-type-simple"},"amp_enabled":true,"_links":{"self":[{"href":"https:\/\/www.hydraulic-cylinders.net\/es\/wp-json\/wp\/v2\/product\/15669","targetHints":{"allow":["GET"]}}],"collection":[{"href":"https:\/\/www.hydraulic-cylinders.net\/es\/wp-json\/wp\/v2\/product"}],"about":[{"href":"https:\/\/www.hydraulic-cylinders.net\/es\/wp-json\/wp\/v2\/types\/product"}],"replies":[{"embeddable":true,"href":"https:\/\/www.hydraulic-cylinders.net\/es\/wp-json\/wp\/v2\/comments?post=15669"}],"wp:featuredmedia":[{"embeddable":true,"href":"https:\/\/www.hydraulic-cylinders.net\/es\/wp-json\/wp\/v2\/media\/14765"}],"wp:attachment":[{"href":"https:\/\/www.hydraulic-cylinders.net\/es\/wp-json\/wp\/v2\/media?parent=15669"}],"wp:term":[{"taxonomy":"product_brand","embeddable":true,"href":"https:\/\/www.hydraulic-cylinders.net\/es\/wp-json\/wp\/v2\/product_brand?post=15669"},{"taxonomy":"product_cat","embeddable":true,"href":"https:\/\/www.hydraulic-cylinders.net\/es\/wp-json\/wp\/v2\/product_cat?post=15669"},{"taxonomy":"product_tag","embeddable":true,"href":"https:\/\/www.hydraulic-cylinders.net\/es\/wp-json\/wp\/v2\/product_tag?post=15669"}],"curies":[{"name":"wp","href":"https:\/\/api.w.org\/{rel}","templated":true}]}}