{"id":15672,"date":"2025-01-19T14:49:27","date_gmt":"2025-01-19T14:49:27","guid":{"rendered":"https:\/\/www.hydraulic-cylinders.net\/product\/bucket-cylinder-for-jcm-middle-excavator-922d\/"},"modified":"2025-01-19T14:49:29","modified_gmt":"2025-01-19T14:49:29","slug":"bucket-cylinder-for-jcm-middle-excavator-922d","status":"publish","type":"product","link":"https:\/\/www.hydraulic-cylinders.net\/es\/producto\/bucket-cylinder-for-jcm-middle-excavator-922d\/","title":{"rendered":"Cilindro de cuchar\u00f3n para excavadora intermedia JCM 922D"},"content":{"rendered":"<h1>Cilindro de cuchar\u00f3n para excavadora intermedia JCM 922D<\/h1>\n<h2>Introducci\u00f3n<\/h2>\n<p>El cilindro del cuchar\u00f3n para la excavadora intermedia JCM 922D es un cilindro hidr\u00e1ulico especialmente dise\u00f1ado para controlar el movimiento del cuchar\u00f3n en maquinaria pesada como excavadoras, retroexcavadoras y cargadoras frontales. Su funci\u00f3n principal es permitir que el cuchar\u00f3n realice acciones de elevaci\u00f3n, descenso e inclinaci\u00f3n, lo que lo hace ideal para diversas tareas de manipulaci\u00f3n de materiales. En el sistema hidr\u00e1ulico, el cilindro del cuchar\u00f3n logra un control preciso del cuchar\u00f3n mediante el aprovechamiento de los cambios de presi\u00f3n en el aceite hidr\u00e1ulico, lo que permite a los operadores manipular cargas pesadas con eficiencia y adaptarse a entornos de trabajo exigentes y a diversos requisitos.<\/p>\n<p><img decoding=\"async\" src=\"https:\/\/www.hydraulic-cylinders.net\/wp-content\/uploads\/2025\/01\/songte-company-2.webp\" alt=\"Cilindro de cuchar\u00f3n para excavadora intermedia JCM 922D\"><\/p>\n<h2>Caracter\u00edsticas<\/h2>\n<ul>\n<li>Alta resistencia y durabilidad: generalmente fabricados con acero o aluminio de alta resistencia, capaces de soportar alta presi\u00f3n y cargas pesadas, adapt\u00e1ndose a entornos de trabajo hostiles y dise\u00f1ados teniendo en cuenta la resistencia al desgaste y la corrosi\u00f3n, lo que extiende la vida \u00fatil.<\/li>\n<li>Operaci\u00f3n hidr\u00e1ulica eficiente: utiliza la presi\u00f3n del aceite hidr\u00e1ulico para lograr movimientos suaves de extensi\u00f3n y retracci\u00f3n, capaz de responder r\u00e1pidamente a los comandos de control, proporcionando una poderosa fuerza de empuje y tracci\u00f3n, adecuado para manipular cargas pesadas y tareas laborales complejas.<\/li>\n<li>Tipos vers\u00e1tiles: Disponibles en cilindros de simple efecto (uso hidr\u00e1ulico en una sola direcci\u00f3n) o de doble efecto (uso hidr\u00e1ulico en ambas direcciones), lo que permite diferentes requisitos operativos. Algunos modelos son telesc\u00f3picos, lo que permite una mayor extensi\u00f3n sin aumentar las dimensiones externas, ideal para aplicaciones con espacio limitado.<\/li>\n<li>Reemplazo perfecto: Nuestros productos pueden reemplazar perfectamente estos cilindros hidr\u00e1ulicos.<\/li>\n<\/ul>\n<p><img decoding=\"async\" src=\"https:\/\/www.hydraulic-cylinders.net\/wp-content\/uploads\/2025\/01\/songte-cylinder-head-with-all-kinds-excavator-models.webp\" alt=\"Cilindro de cuchar\u00f3n para excavadora intermedia JCM 922D\"><\/p>\n<h2>Aplicaciones<\/h2>\n<p>Los cilindros de cangilones se utilizan com\u00fanmente en diversos equipos y maquinarias, entre ellos:<\/p>\n<ul>\n<li>Equipos de construcci\u00f3n: Se encuentran en las excavadoras, donde son cruciales para la excavaci\u00f3n, la carga y el movimiento de materiales. En las retroexcavadoras, los cilindros del cuchar\u00f3n ayudan tanto en la excavaci\u00f3n como en la elevaci\u00f3n.<\/li>\n<li>Maquinaria agr\u00edcola: Se utiliza en cargadoras frontales para recoger, levantar y transportar tierra, heno y otros materiales.<\/li>\n<li>Excavadoras: Los cilindros del cuchar\u00f3n permiten realizar excavaciones al facilitar la penetraci\u00f3n del cuchar\u00f3n en el suelo.<\/li>\n<li>Cargadores frontales: En los cargadores frontales, ayudan a levantar e inclinar mercanc\u00edas de manera eficaz.<\/li>\n<\/ul>\n<h2>Consideraciones de dise\u00f1o y criterios de selecci\u00f3n<\/h2>\n<p>Al dise\u00f1ar cilindros de cangilones, se toman en consideraci\u00f3n varios factores:<\/p>\n<ul>\n<li>Capacidad de carga: El cilindro debe estar dise\u00f1ado para soportar la carga prevista sin fallar.<\/li>\n<li>Sellado: Se utilizan diversos componentes de sellado, como sellos de pist\u00f3n y sellos de varilla, para garantizar un sellado adecuado y evitar fugas de aceite.<\/li>\n<li>Durabilidad: El cilindro est\u00e1 dise\u00f1ado para soportar un uso continuo, incluida la resistencia al desgaste y a la corrosi\u00f3n, para prolongar su vida \u00fatil.<\/li>\n<li>Seguridad: Se incorporan caracter\u00edsticas de seguridad para prevenir accidentes y garantizar el funcionamiento seguro del cilindro.<\/li>\n<li>Mantenibilidad: Se tienen en cuenta consideraciones para facilitar el mantenimiento y la reparaci\u00f3n, lo que permite un servicio eficiente del cilindro.<\/li>\n<\/ul>\n<p><img decoding=\"async\" src=\"https:\/\/www.hydraulic-cylinders.net\/wp-content\/uploads\/2025\/01\/songte-oil-pipes-and-spare-parts.webp\" alt=\"Cilindro de cuchar\u00f3n para excavadora intermedia JCM 922D\"><\/p>\n<h2>Sellado y lubricaci\u00f3n<\/h2>\n<p>El cilindro del cuchar\u00f3n utiliza diversos componentes de sellado, como sellos de pist\u00f3n y de v\u00e1stago, fabricados con materiales resistentes al desgaste como poliuretano y caucho de nitrilo. El cuerpo del cilindro y los extremos roscados se someten a un tratamiento de precisi\u00f3n para mejorar la resistencia al desgaste. Se requiere lubricaci\u00f3n regular y se debe a\u00f1adir la cantidad adecuada de aceite hidr\u00e1ulico para garantizar una lubricaci\u00f3n adecuada.<\/p>\n<h2>Inspecci\u00f3n regular y mantenimiento preventivo<\/h2>\n<p>La inspecci\u00f3n peri\u00f3dica y el mantenimiento preventivo son esenciales para un rendimiento \u00f3ptimo y una larga vida \u00fatil. Se deben tomar las siguientes medidas:<\/p>\n<ul>\n<li>Inspeccione el cilindro para detectar cualquier signo de da\u00f1o o desgaste.<\/li>\n<li>Aseg\u00farese de que haya una lubricaci\u00f3n adecuada.<\/li>\n<li>Reemplace peri\u00f3dicamente los sellos para evitar fugas de aceite.<\/li>\n<li>Realice comprobaciones de calibraci\u00f3n para mantener un funcionamiento preciso.<\/li>\n<\/ul>\n<p><img decoding=\"async\" src=\"https:\/\/www.hydraulic-cylinders.net\/wp-content\/uploads\/2025\/01\/songte-chushion-collar.webp\" alt=\"Cilindro de cuchar\u00f3n para excavadora intermedia JCM 922D\"><\/p>\n<h2>Consideraciones de seguridad y factores ambientales<\/h2>\n<p>Al utilizar cilindros de cangilones, es importante priorizar las medidas de seguridad para prevenir accidentes y proteger el medio ambiente. Las precauciones de seguridad deben incluir:<\/p>\n<ul>\n<li>Capacitaci\u00f3n adecuada para los operadores.<\/li>\n<li>Cumplimiento de las normas y reglamentos de seguridad.<\/li>\n<li>Inspecci\u00f3n peri\u00f3dica del cilindro para detectar posibles peligros.<\/li>\n<\/ul>\n<h2>Diagn\u00f3stico y soluci\u00f3n de problemas<\/h2>\n<p>En caso de aver\u00edas, es importante diagnosticar y resolver los problemas eficazmente. Algunos problemas comunes y sus soluciones incluyen:<\/p>\n<ul>\n<li>Fuga de aceite: Verifique y reemplace los sellos da\u00f1ados.<\/li>\n<li>Operaci\u00f3n lenta: Verifique si hay niveles bajos de aceite hidr\u00e1ulico o posibles bloqueos en el sistema.<\/li>\n<li>Ruidos inusuales: Inspeccione si hay componentes sueltos o desgastados y aj\u00fastelos o reempl\u00e1celos seg\u00fan sea necesario.<\/li>\n<\/ul>\n<p><img decoding=\"async\" src=\"https:\/\/www.hydraulic-cylinders.net\/wp-content\/uploads\/2025\/01\/songte-bushings-with-all-kinds-of-excavator-models.webp\" alt=\"Cilindro de cuchar\u00f3n para excavadora intermedia JCM 922D\"><\/p>\n<p>Siguiendo los procedimientos adecuados de instalaci\u00f3n, lubricaci\u00f3n y ajuste, se puede maximizar la vida \u00fatil del cilindro del cuchar\u00f3n. Durante la instalaci\u00f3n, aseg\u00farese de que el cilindro est\u00e9 correctamente alineado y considere usar soportes de montaje adecuados para una fijaci\u00f3n segura. Se deben seguir los procedimientos recomendados de inspecci\u00f3n, reparaci\u00f3n y reemplazo, e implementar los consejos para prolongar la vida \u00fatil del cilindro.<\/p>\n<h2>Acerca de nuestra empresa<\/h2>\n<p>Somos fabricantes de cilindros hidr\u00e1ulicos de repuesto y ofrecemos una amplia gama de productos. Nos hemos convertido en uno de los principales fabricantes y distribuidores mayoristas de cilindros hidr\u00e1ulicos en el mercado nacional e internacional. Con un enfoque en la excelencia, nos basamos en estrategias de gesti\u00f3n de producci\u00f3n industrializadas en nuestros talleres de fabricaci\u00f3n altamente optimizados. Nuestra empresa mejora continuamente su plataforma de fabricaci\u00f3n invirtiendo en talento tecnol\u00f3gico, equipos de fabricaci\u00f3n digital de alta gama y sistemas de prueba profesionales. Contamos con una gran capacidad creativa y nos esforzamos por satisfacer las diversas demandas de nuestros clientes con principios de alta eficiencia, precisi\u00f3n y calidad.<\/p>\n<p><img decoding=\"async\" src=\"https:\/\/www.hydraulic-cylinders.net\/wp-content\/uploads\/2025\/01\/songte-company-3.webp\" alt=\"Cilindro de cuchar\u00f3n para excavadora intermedia JCM 922D\"><\/p>\n<p>Nos enorgullecemos de nuestra profesionalidad, certificaciones internacionales, servicios personalizados, equipos de producci\u00f3n y servicio posventa.<\/p>\n<p><img decoding=\"async\" src=\"https:\/\/hzpt.com\/wp-content\/uploads\/2024\/11\/songte-company-1.webp\" alt=\"Cilindro de cuchar\u00f3n para excavadora intermedia JCM 922D\"><\/p>\n<p>Autor: lyl<\/p>","protected":false},"excerpt":{"rendered":"<p>Bucket Cylinder For JCM Middle Excavator 922D Introduction The Bucket Cylinder for JCM Middle Excavator 922D is a specially designed hydraulic cylinder used to control the movement of the bucket in heavy machinery such as excavators, backhoe loaders, and front-end loaders. Its main function is to enable the bucket to perform lifting, lowering, and tilting [&hellip;]<\/p>","protected":false},"featured_media":14789,"comment_status":"open","ping_status":"closed","template":"","meta":{"_et_pb_use_builder":"","_et_pb_old_content":"","_et_gb_content_width":""},"product_brand":[],"product_cat":[1494],"product_tag":[1495,1496],"class_list":{"0":"post-15672","1":"product","2":"type-product","3":"status-publish","4":"has-post-thumbnail","6":"product_cat-bucket-cylinders","7":"product_tag-bucket-cylinders","8":"product_tag-hydraulic-cylinders","10":"first","11":"instock","12":"shipping-taxable","13":"product-type-simple"},"amp_enabled":true,"_links":{"self":[{"href":"https:\/\/www.hydraulic-cylinders.net\/es\/wp-json\/wp\/v2\/product\/15672","targetHints":{"allow":["GET"]}}],"collection":[{"href":"https:\/\/www.hydraulic-cylinders.net\/es\/wp-json\/wp\/v2\/product"}],"about":[{"href":"https:\/\/www.hydraulic-cylinders.net\/es\/wp-json\/wp\/v2\/types\/product"}],"replies":[{"embeddable":true,"href":"https:\/\/www.hydraulic-cylinders.net\/es\/wp-json\/wp\/v2\/comments?post=15672"}],"wp:featuredmedia":[{"embeddable":true,"href":"https:\/\/www.hydraulic-cylinders.net\/es\/wp-json\/wp\/v2\/media\/14789"}],"wp:attachment":[{"href":"https:\/\/www.hydraulic-cylinders.net\/es\/wp-json\/wp\/v2\/media?parent=15672"}],"wp:term":[{"taxonomy":"product_brand","embeddable":true,"href":"https:\/\/www.hydraulic-cylinders.net\/es\/wp-json\/wp\/v2\/product_brand?post=15672"},{"taxonomy":"product_cat","embeddable":true,"href":"https:\/\/www.hydraulic-cylinders.net\/es\/wp-json\/wp\/v2\/product_cat?post=15672"},{"taxonomy":"product_tag","embeddable":true,"href":"https:\/\/www.hydraulic-cylinders.net\/es\/wp-json\/wp\/v2\/product_tag?post=15672"}],"curies":[{"name":"wp","href":"https:\/\/api.w.org\/{rel}","templated":true}]}}