{"id":15685,"date":"2025-01-19T14:50:35","date_gmt":"2025-01-19T14:50:35","guid":{"rendered":"https:\/\/www.hydraulic-cylinders.net\/product\/bucket-cylinder-for-bobcat-small-excavator-e26\/"},"modified":"2025-01-19T14:50:37","modified_gmt":"2025-01-19T14:50:37","slug":"bucket-cylinder-for-bobcat-small-excavator-e26","status":"publish","type":"product","link":"https:\/\/www.hydraulic-cylinders.net\/es\/producto\/bucket-cylinder-for-bobcat-small-excavator-e26\/","title":{"rendered":"Cilindro de cuchar\u00f3n para excavadora peque\u00f1a Bobcat E26"},"content":{"rendered":"<h1>Cilindro de cuchar\u00f3n para excavadora peque\u00f1a Bobcat E26<\/h1>\n<h2>Introducci\u00f3n<\/h2>\n<p>El cilindro del cuchar\u00f3n de una excavadora peque\u00f1a Bobcat E26 es un tipo de cilindro hidr\u00e1ulico especializado que se utiliza principalmente para controlar el movimiento del cuchar\u00f3n en maquinaria pesada, como excavadoras, retroexcavadoras y cargadoras frontales. Su funci\u00f3n principal es permitir la elevaci\u00f3n, el descenso y la inclinaci\u00f3n del cuchar\u00f3n, facilitando la realizaci\u00f3n de diversas tareas de manipulaci\u00f3n de materiales. En el sistema hidr\u00e1ulico, el cilindro del cuchar\u00f3n controla con precisi\u00f3n el movimiento del cuchar\u00f3n mediante cambios en la presi\u00f3n del aceite hidr\u00e1ulico, lo que permite a los operadores manipular cargas pesadas con eficiencia y adaptarse a entornos de trabajo complejos y a diversos requisitos.<\/p>\n<p><img decoding=\"async\" src=\"https:\/\/www.hydraulic-cylinders.net\/wp-content\/uploads\/2025\/01\/songte-company-2.webp\" alt=\"Imagen del cilindro del cubo\"><\/p>\n<h2>Caracter\u00edsticas<\/h2>\n<ul>\n<li>Alta resistencia y durabilidad: generalmente fabricado en acero o aluminio de alta resistencia, capaz de soportar alta presi\u00f3n y cargas pesadas, adecuado para entornos de trabajo hostiles, dise\u00f1ado teniendo en cuenta la resistencia al desgaste y la resistencia a la corrosi\u00f3n, prolongando la vida \u00fatil.<\/li>\n<li>Operaci\u00f3n hidr\u00e1ulica eficiente: utiliza la presi\u00f3n del aceite hidr\u00e1ulico para lograr movimientos suaves de extensi\u00f3n y contracci\u00f3n, capaz de responder r\u00e1pidamente a los comandos de control, proporcionando una poderosa fuerza de empuje y tracci\u00f3n, adecuado para manipular cargas pesadas y tareas laborales complejas.<\/li>\n<li>Se pueden seleccionar varios tipos: cilindros de simple efecto (hidr\u00e1ulicos en una sola direcci\u00f3n) o de doble efecto (hidr\u00e1ulicos en ambas direcciones) seg\u00fan las necesidades para satisfacer diferentes requisitos operativos. Algunos modelos son telesc\u00f3picos, lo que permite una mayor extensi\u00f3n sin aumentar las dimensiones externas, ideal para aplicaciones con espacio limitado.<\/li>\n<li>Reemplazo perfecto: nuestro producto puede ser un reemplazo perfecto para estos cilindros hidr\u00e1ulicos.<\/li>\n<\/ul>\n<p><img decoding=\"async\" src=\"https:\/\/www.hydraulic-cylinders.net\/wp-content\/uploads\/2025\/01\/songte-cylinder-head-with-all-kinds-excavator-models.webp\" alt=\"Modelos de cilindros de cubo\"><\/p>\n<h2>Aplicaciones<\/h2>\n<p><strong>Equipos de construcci\u00f3n:<\/strong> En las excavadoras, son esenciales para excavar, cargar y mover tierra o escombros. En las retroexcavadoras, los cilindros del cuchar\u00f3n facilitan tanto la excavaci\u00f3n como la elevaci\u00f3n. En las cargadoras frontales, facilitan la elevaci\u00f3n y descarga eficiente de la carga.<\/p>\n<p><strong>Maquinaria agr\u00edcola:<\/strong> Se utilizan en cargadoras frontales para recoger, levantar y transportar tierra, heno y otros materiales. En las excavadoras, los cilindros del cuchar\u00f3n facilitan la excavaci\u00f3n al permitir que el cuchar\u00f3n penetre en el suelo. En las cargadoras frontales, ayudan a levantar y descargar mercanc\u00edas eficazmente.<\/p>\n<p><img decoding=\"async\" src=\"https:\/\/www.hydraulic-cylinders.net\/wp-content\/uploads\/2025\/01\/songte-chushion-collar.webp\" alt=\"Collar\u00edn del cilindro del cubo\"><\/p>\n<h2>Consideraciones de dise\u00f1o y criterios de selecci\u00f3n<\/h2>\n<ul>\n<li>Capacidad de carga: El cilindro debe estar dise\u00f1ado para soportar la carga m\u00e1xima que se espera que soporte.<\/li>\n<li>Sellado: Se deben utilizar diversos elementos de sellado, como sellos de pist\u00f3n, sellos de varilla, etc., para evitar fugas de aceite hidr\u00e1ulico.<\/li>\n<li>Durabilidad: El cilindro debe estar dise\u00f1ado para soportar las duras condiciones de trabajo a las que estar\u00e1 expuesto y para resistir el desgaste y la corrosi\u00f3n para prolongar su vida \u00fatil.<\/li>\n<li>Seguridad: Se deben incorporar mecanismos de seguridad en el dise\u00f1o para evitar accidentes durante la operaci\u00f3n.<\/li>\n<li>Mantenibilidad: El cilindro debe estar dise\u00f1ado para permitir un f\u00e1cil mantenimiento y reparaci\u00f3n.<\/li>\n<\/ul>\n<p><img decoding=\"async\" src=\"https:\/\/www.hydraulic-cylinders.net\/wp-content\/uploads\/2025\/01\/songte-oil-pipes-and-spare-parts.webp\" alt=\"Repuestos para cilindros de cuchara\"><\/p>\n<h2>Sellado y lubricaci\u00f3n<\/h2>\n<p>Se deben utilizar diversos elementos de sellado para evitar fugas de aceite hidr\u00e1ulico. El poliuretano, el caucho de nitrilo y otros materiales resistentes al desgaste se utilizan com\u00fanmente para los sellos. El cuerpo del cilindro y las superficies roscadas de los extremos se procesan con precisi\u00f3n para mejorar la resistencia al desgaste. La lubricaci\u00f3n se logra a\u00f1adiendo regularmente una cantidad adecuada de aceite hidr\u00e1ulico.<\/p>\n<h2>Inspecci\u00f3n, Mantenimiento Preventivo<\/h2>\n<p>Se deben tomar medidas de inspecci\u00f3n y mantenimiento preventivo regulares para garantizar el correcto funcionamiento del cilindro. Las tareas de mantenimiento habituales incluyen la lubricaci\u00f3n, el reemplazo de sellos y las comprobaciones de calibraci\u00f3n. Una instalaci\u00f3n, lubricaci\u00f3n y ajuste adecuados son esenciales para prolongar la vida \u00fatil del cilindro. Se recomienda una gu\u00eda de alineaci\u00f3n adecuada durante la instalaci\u00f3n y el uso de soportes de instalaci\u00f3n adecuados para asegurar el cilindro. Se ofrecen procedimientos recomendados de inspecci\u00f3n, reparaci\u00f3n y reemplazo, junto con servicios de reconstrucci\u00f3n y consejos para prolongar la vida \u00fatil del cilindro.<\/p>\n<p><img decoding=\"async\" src=\"https:\/\/www.hydraulic-cylinders.net\/wp-content\/uploads\/2025\/01\/songte-bushings-with-all-kinds-of-excavator-models.webp\" alt=\"Bujes del cilindro del cuchar\u00f3n\"><\/p>\n<h2>Consideraciones de seguridad y medio ambiente<\/h2>\n<p>La importancia de las medidas de seguridad al utilizar cilindros hidr\u00e1ulicos, incluyendo su correcta instalaci\u00f3n y uso, es fundamental. La correcta eliminaci\u00f3n de residuos es esencial para minimizar los riesgos ambientales.<\/p>\n<h2>Soluci\u00f3n de problemas y problemas comunes<\/h2>\n<p>Los problemas t\u00edpicos con los cilindros hidr\u00e1ulicos incluyen fugas, sellos desgastados y contaminaci\u00f3n del fluido hidr\u00e1ulico. Ofrecemos consejos para la resoluci\u00f3n de problemas que ayudan a diagnosticar y resolver problemas comunes. El mantenimiento regular puede ayudar a prevenir posibles problemas.<\/p>\n<h2>Sobre nosotros<\/h2>\n<p>Somos fabricantes de cilindros hidr\u00e1ulicos de repuesto con una gama completa de productos y nos hemos convertido en uno de los principales fabricantes y distribuidores mayoristas de cilindros hidr\u00e1ulicos en el mercado nacional e internacional. Nos adherimos al principio de excelencia en la calidad, nos basamos en estrategias de gesti\u00f3n de producci\u00f3n industrializadas basadas en talleres de fabricaci\u00f3n de alta calidad, y mejoramos continuamente la plataforma de fabricaci\u00f3n y perfeccionamos la cadena de producci\u00f3n de calidad del producto mediante el uso de talentos t\u00e9cnicos, equipos de fabricaci\u00f3n digitales de alta gama y la aplicaci\u00f3n de sistemas de prueba profesionales. Con una s\u00f3lida capacidad de innovaci\u00f3n, ofrecemos a nuestros clientes productos eficientes, precisos y de alta calidad que satisfacen diversas necesidades. <\/p>\n<p><img decoding=\"async\" src=\"https:\/\/hzpt.com\/wp-content\/uploads\/2024\/11\/songte-company-1.webp\" alt=\"Nuestra empresa\"><\/p>\n<h3>Nuestro Profesionalismo:<\/h3>\n<p>Contamos con un equipo de profesionales experimentados en el campo de los cilindros hidr\u00e1ulicos que brindan soporte t\u00e9cnico y soluciones a nuestros clientes.<\/p>\n<h3>Certificaci\u00f3n Internacional:<\/h3>\n<p>Nuestros productos est\u00e1n certificados por organismos internacionales de normalizaci\u00f3n, garantizando su calidad y confiabilidad.<\/p>\n<h3>Servicios de personalizaci\u00f3n:<\/h3>\n<p>Ofrecemos servicios de personalizaci\u00f3n para satisfacer los requisitos \u00fanicos de nuestros clientes.<\/p>\n<h3>Equipo de producci\u00f3n:<\/h3>\n<p>Nuestro equipo de producci\u00f3n de \u00faltima generaci\u00f3n garantiza la alta calidad y eficiencia de nuestros productos.<\/p>\n<h3>Servicio postventa:<\/h3>\n<p>Brindamos un servicio postventa integral y soporte t\u00e9cnico, garantizando la satisfacci\u00f3n del cliente.<\/p>\n<p><img decoding=\"async\" src=\"https:\/\/www.hydraulic-cylinders.net\/wp-content\/uploads\/2025\/01\/songte-company-3.webp\" alt=\"Nuestra Empresa 2\"><\/p>\n<p><em>Autor: lyl<\/em><\/p>","protected":false},"excerpt":{"rendered":"<p>Bucket Cylinder For Bobcat Small Excavator E26 Introduction A bucket cylinder for a Bobcat small excavator E26 is a type of specialized hydraulic cylinder primarily utilized to control the movement of the bucket in heavy machinery, such as excavators, backhoe excavators, and front loaders. Its primary function is to allow the bucket to be lifted, [&hellip;]<\/p>","protected":false},"featured_media":14762,"comment_status":"open","ping_status":"closed","template":"","meta":{"_et_pb_use_builder":"","_et_pb_old_content":"","_et_gb_content_width":""},"product_brand":[],"product_cat":[1494],"product_tag":[1495,1496],"class_list":{"0":"post-15685","1":"product","2":"type-product","3":"status-publish","4":"has-post-thumbnail","6":"product_cat-bucket-cylinders","7":"product_tag-bucket-cylinders","8":"product_tag-hydraulic-cylinders","10":"first","11":"instock","12":"shipping-taxable","13":"product-type-simple"},"amp_enabled":true,"_links":{"self":[{"href":"https:\/\/www.hydraulic-cylinders.net\/es\/wp-json\/wp\/v2\/product\/15685","targetHints":{"allow":["GET"]}}],"collection":[{"href":"https:\/\/www.hydraulic-cylinders.net\/es\/wp-json\/wp\/v2\/product"}],"about":[{"href":"https:\/\/www.hydraulic-cylinders.net\/es\/wp-json\/wp\/v2\/types\/product"}],"replies":[{"embeddable":true,"href":"https:\/\/www.hydraulic-cylinders.net\/es\/wp-json\/wp\/v2\/comments?post=15685"}],"wp:featuredmedia":[{"embeddable":true,"href":"https:\/\/www.hydraulic-cylinders.net\/es\/wp-json\/wp\/v2\/media\/14762"}],"wp:attachment":[{"href":"https:\/\/www.hydraulic-cylinders.net\/es\/wp-json\/wp\/v2\/media?parent=15685"}],"wp:term":[{"taxonomy":"product_brand","embeddable":true,"href":"https:\/\/www.hydraulic-cylinders.net\/es\/wp-json\/wp\/v2\/product_brand?post=15685"},{"taxonomy":"product_cat","embeddable":true,"href":"https:\/\/www.hydraulic-cylinders.net\/es\/wp-json\/wp\/v2\/product_cat?post=15685"},{"taxonomy":"product_tag","embeddable":true,"href":"https:\/\/www.hydraulic-cylinders.net\/es\/wp-json\/wp\/v2\/product_tag?post=15685"}],"curies":[{"name":"wp","href":"https:\/\/api.w.org\/{rel}","templated":true}]}}