{"id":15686,"date":"2025-01-19T14:50:39","date_gmt":"2025-01-19T14:50:39","guid":{"rendered":"https:\/\/www.hydraulic-cylinders.net\/product\/bucket-cylinder-for-bobcat-small-excavator-e35\/"},"modified":"2025-01-19T14:50:41","modified_gmt":"2025-01-19T14:50:41","slug":"bucket-cylinder-for-bobcat-small-excavator-e35","status":"publish","type":"product","link":"https:\/\/www.hydraulic-cylinders.net\/es\/producto\/bucket-cylinder-for-bobcat-small-excavator-e35\/","title":{"rendered":"Cilindro de cuchar\u00f3n para excavadora peque\u00f1a Bobcat E35"},"content":{"rendered":"<p><!DOCTYPE html><br \/>\n<html><\/p>\n<p><head><br \/>\n  <title>Cilindro de cuchar\u00f3n para excavadora peque\u00f1a Bobcat E35<\/title><br \/>\n<\/head><\/p>\n<p><body><\/p>\n<h1>Cilindro de cuchar\u00f3n para excavadora peque\u00f1a Bobcat E35<\/h1>\n<h2>Introducci\u00f3n<\/h2>\n<p>Un cilindro de cuchar\u00f3n es un cilindro hidr\u00e1ulico especialmente dise\u00f1ado que se utiliza para controlar el movimiento de los cucharones en maquinaria pesada, como excavadoras, retroexcavadoras y cargadoras frontales. Su funci\u00f3n principal es permitir que el cuchar\u00f3n se eleve, baje e incline, facilitando diversas tareas de manipulaci\u00f3n de materiales. En un sistema hidr\u00e1ulico, el cilindro del cuchar\u00f3n logra un control preciso del cuchar\u00f3n aprovechando los cambios en la presi\u00f3n del aceite hidr\u00e1ulico, lo que permite a los operadores manipular cargas pesadas con eficiencia y adaptarse a entornos de trabajo complejos y diversos requisitos operativos.<\/p>\n<p>  <img decoding=\"async\" src=\"https:\/\/www.hydraulic-cylinders.net\/wp-content\/uploads\/2025\/01\/songte-company-2.webp\" alt=\"Cilindro de cuchar\u00f3n para excavadora peque\u00f1a Bobcat E35\"><\/p>\n<h2>Caracter\u00edsticas<\/h2>\n<ul>\n<li>Alta resistencia y durabilidad: generalmente fabricados en acero o aluminio de alta resistencia, capaces de soportar alta presi\u00f3n y cargas pesadas, adaptables a entornos de trabajo hostiles, dise\u00f1ados teniendo en cuenta la resistencia al desgaste y la corrosi\u00f3n para prolongar la vida \u00fatil.<\/li>\n<li>Operaci\u00f3n hidr\u00e1ulica eficiente: utiliza la presi\u00f3n del aceite hidr\u00e1ulico para lograr acciones telesc\u00f3picas suaves, capaces de responder r\u00e1pidamente a los comandos de control, proporcionando poderosas fuerzas de empuje y tracci\u00f3n, adecuadas para manipular cargas pesadas y tareas operativas complejas.<\/li>\n<li>Tipos vers\u00e1tiles: Disponibles en cilindros de simple efecto (presi\u00f3n hidr\u00e1ulica en una sola direcci\u00f3n) o doble efecto (presi\u00f3n hidr\u00e1ulica en ambas direcciones), lo que permite diferentes necesidades operativas. Algunos modelos son telesc\u00f3picos, lo que permite una mayor extensi\u00f3n sin aumentar las dimensiones externas, ideal para aplicaciones con espacio limitado.<\/li>\n<li>Reemplazo perfecto: Nuestros productos pueden reemplazar perfectamente estos cilindros hidr\u00e1ulicos.<\/li>\n<\/ul>\n<p>  <img decoding=\"async\" src=\"https:\/\/www.hydraulic-cylinders.net\/wp-content\/uploads\/2025\/01\/songte-cylinder-head-with-all-kinds-excavator-models.webp\" alt=\"Tipos de cilindros de cubo\"><\/p>\n<h2>Aplicaciones<\/h2>\n<h3>Equipos de construcci\u00f3n<\/h3>\n<p>En las excavadoras, son vitales para excavar, cargar y mover tierra o escombros. En las retroexcavadoras, el cilindro del cuchar\u00f3n facilita tanto las operaciones de excavaci\u00f3n como las de elevaci\u00f3n.<\/p>\n<h3>Maquinaria agr\u00edcola<\/h3>\n<p>Se utiliza en cargadores frontales para recoger, levantar y transportar tierra, heno y otros materiales.<\/p>\n<h3>excavadoras<\/h3>\n<p>El cilindro del cuchar\u00f3n permite realizar acciones de excavaci\u00f3n al permitir que el cuchar\u00f3n penetre en el suelo.<\/p>\n<h3>Cargadores<\/h3>\n<p>En los cargadores frontales, ayudan a levantar y descargar la carga de manera eficiente.<\/p>\n<p>  <img decoding=\"async\" src=\"https:\/\/www.hydraulic-cylinders.net\/wp-content\/uploads\/2025\/01\/songte-bushings-with-all-kinds-of-excavator-models.webp\" alt=\"Aplicaciones del cilindro de cubo\"><\/p>\n<h2>Consideraciones de dise\u00f1o y criterios de selecci\u00f3n<\/h2>\n<p>Al dise\u00f1ar cilindros de cangilones, se deben tener en cuenta consideraciones clave como la capacidad de carga, el sellado, la durabilidad, la seguridad y la facilidad de mantenimiento.<\/p>\n<p>  <img decoding=\"async\" src=\"https:\/\/www.hydraulic-cylinders.net\/wp-content\/uploads\/2025\/01\/songte-oil-pipes-and-spare-parts.webp\" alt=\"Consideraciones de dise\u00f1o y criterios de selecci\u00f3n\"><\/p>\n<h2>Sellado y lubricaci\u00f3n<\/h2>\n<p>Se utilizan diversos sellos, como sellos de pist\u00f3n y de v\u00e1stago. Estos sellos est\u00e1n fabricados con materiales resistentes al desgaste, como poliuretano y caucho de nitrilo. El cuerpo del cilindro y los extremos roscados se someten a un tratamiento de precisi\u00f3n para mejorar la resistencia al desgaste. Se requiere lubricaci\u00f3n regular con la cantidad adecuada de aceite hidr\u00e1ulico.<\/p>\n<h2>Inspecci\u00f3n peri\u00f3dica y medidas de mantenimiento preventivo<\/h2>\n<p>Son necesarias inspecciones peri\u00f3dicas y medidas de mantenimiento preventivo para garantizar un rendimiento \u00f3ptimo y la longevidad del cilindro del cuchar\u00f3n.<\/p>\n<h2>Gu\u00eda de instalaci\u00f3n correcta del producto<\/h2>\n<p>Una instalaci\u00f3n correcta es crucial para el rendimiento del cilindro del cuchar\u00f3n. Alinearlo correctamente durante la instalaci\u00f3n es esencial. Se recomienda utilizar soportes de instalaci\u00f3n adecuados para asegurar el cilindro.<\/p>\n<h2>Tareas de mantenimiento<\/h2>\n<ul>\n<li>Inspecci\u00f3n regular: Realice inspecciones peri\u00f3dicas para identificar cualquier problema potencial.<\/li>\n<li>Lubricaci\u00f3n adecuada: aseg\u00farese de que el cilindro del cuchar\u00f3n est\u00e9 adecuadamente lubricado.<\/li>\n<li>Reemplazo de sellos y controles de calibraci\u00f3n: reemplace los sellos desgastados y realice controles de calibraci\u00f3n peri\u00f3dicamente.<\/li>\n<\/ul>\n<p>  <img decoding=\"async\" src=\"https:\/\/www.hydraulic-cylinders.net\/wp-content\/uploads\/2025\/01\/songte-chushion-collar.webp\" alt=\"Tareas de mantenimiento\"><\/p>\n<h2>Consideraciones de seguridad y factores ambientales<\/h2>\n<p>Al utilizar cilindros de cangilones, no se puede exagerar la importancia de las medidas de seguridad.<\/p>\n<h2>Soluci\u00f3n de problemas y problemas comunes<\/h2>\n<p>Identificar y describir problemas comunes y brindar sugerencias y soluciones para la resoluci\u00f3n de problemas.<\/p>\n<h2>Conclusi\u00f3n<\/h2>\n<p>Nuestra empresa es l\u00edder en la fabricaci\u00f3n y distribuci\u00f3n mayorista de cilindros hidr\u00e1ulicos en el mercado nacional e internacional. Ofrecemos una amplia gama de productos y nos esforzamos por alcanzar la excelencia en la calidad. Gracias a nuestras avanzadas instalaciones de fabricaci\u00f3n, nuestra experiencia profesional y nuestro compromiso con la satisfacci\u00f3n del cliente, podemos satisfacer eficazmente las diversas necesidades de nuestros clientes.<\/p>\n<p>  <img decoding=\"async\" src=\"https:\/\/www.hydraulic-cylinders.net\/wp-content\/uploads\/2025\/01\/songte-company-3.webp\" alt=\"Acerca de nuestra empresa\"><\/p>\n<p>Autor: lyl<\/p>\n<p><\/body><\/p>\n<p><\/html><\/p>","protected":false},"excerpt":{"rendered":"<p>Bucket Cylinder For Bobcat Small Excavator E35 Bucket Cylinder For Bobcat Small Excavator E35 Introduction A bucket cylinder is a specially designed hydraulic cylinder used to control the movement of buckets in heavy machinery such as excavators, backhoe loaders, and front-end loaders. Its main function is to enable the bucket to lift, lower, and tilt, [&hellip;]<\/p>","protected":false},"featured_media":14761,"comment_status":"open","ping_status":"closed","template":"","meta":{"_et_pb_use_builder":"","_et_pb_old_content":"","_et_gb_content_width":""},"product_brand":[],"product_cat":[1494],"product_tag":[1495,1496],"class_list":{"0":"post-15686","1":"product","2":"type-product","3":"status-publish","4":"has-post-thumbnail","6":"product_cat-bucket-cylinders","7":"product_tag-bucket-cylinders","8":"product_tag-hydraulic-cylinders","10":"first","11":"instock","12":"shipping-taxable","13":"product-type-simple"},"amp_enabled":true,"_links":{"self":[{"href":"https:\/\/www.hydraulic-cylinders.net\/es\/wp-json\/wp\/v2\/product\/15686","targetHints":{"allow":["GET"]}}],"collection":[{"href":"https:\/\/www.hydraulic-cylinders.net\/es\/wp-json\/wp\/v2\/product"}],"about":[{"href":"https:\/\/www.hydraulic-cylinders.net\/es\/wp-json\/wp\/v2\/types\/product"}],"replies":[{"embeddable":true,"href":"https:\/\/www.hydraulic-cylinders.net\/es\/wp-json\/wp\/v2\/comments?post=15686"}],"wp:featuredmedia":[{"embeddable":true,"href":"https:\/\/www.hydraulic-cylinders.net\/es\/wp-json\/wp\/v2\/media\/14761"}],"wp:attachment":[{"href":"https:\/\/www.hydraulic-cylinders.net\/es\/wp-json\/wp\/v2\/media?parent=15686"}],"wp:term":[{"taxonomy":"product_brand","embeddable":true,"href":"https:\/\/www.hydraulic-cylinders.net\/es\/wp-json\/wp\/v2\/product_brand?post=15686"},{"taxonomy":"product_cat","embeddable":true,"href":"https:\/\/www.hydraulic-cylinders.net\/es\/wp-json\/wp\/v2\/product_cat?post=15686"},{"taxonomy":"product_tag","embeddable":true,"href":"https:\/\/www.hydraulic-cylinders.net\/es\/wp-json\/wp\/v2\/product_tag?post=15686"}],"curies":[{"name":"wp","href":"https:\/\/api.w.org\/{rel}","templated":true}]}}