{"id":15693,"date":"2025-01-19T14:51:10","date_gmt":"2025-01-19T14:51:10","guid":{"rendered":"https:\/\/www.hydraulic-cylinders.net\/product\/bucket-cylinder-for-bobcat-small-excavator-e45\/"},"modified":"2025-01-19T14:51:14","modified_gmt":"2025-01-19T14:51:14","slug":"bucket-cylinder-for-bobcat-small-excavator-e45","status":"publish","type":"product","link":"https:\/\/www.hydraulic-cylinders.net\/es\/producto\/bucket-cylinder-for-bobcat-small-excavator-e45\/","title":{"rendered":"Cilindro de cuchar\u00f3n para excavadora peque\u00f1a Bobcat E45"},"content":{"rendered":"<h2>Introducci\u00f3n<\/h2>\n<h3>Cilindro de cuchar\u00f3n para excavadora peque\u00f1a Bobcat E45<\/h3>\n<p>Un cilindro de cuchar\u00f3n es un cilindro hidr\u00e1ulico especializado que se utiliza principalmente para controlar el movimiento de los cucharones en maquinaria pesada, como excavadoras, retroexcavadoras y cargadoras frontales. Su funci\u00f3n principal es permitir la elevaci\u00f3n, el descenso y la inclinaci\u00f3n del cuchar\u00f3n, facilitando las tareas de manipulaci\u00f3n de materiales. En el sistema hidr\u00e1ulico, el cilindro del cuchar\u00f3n utiliza la variaci\u00f3n de presi\u00f3n del aceite hidr\u00e1ulico para controlar con precisi\u00f3n el cuchar\u00f3n, lo que permite a los operadores manipular objetos pesados \u200b\u200bcon eficiencia y adaptarse a entornos de trabajo complejos y diversas necesidades operativas.<\/p>\n<p><img decoding=\"async\" src=\"https:\/\/www.hydraulic-cylinders.net\/wp-content\/uploads\/2025\/01\/songte-company-2.webp\"\/><\/p>\n<h2>Caracter\u00edsticas<\/h2>\n<ul>\n<li>Alta resistencia y durabilidad: generalmente fabricado en acero o aluminio de alta resistencia, puede soportar alta presi\u00f3n y cargas pesadas, adaptarse a entornos de trabajo hostiles y est\u00e1 dise\u00f1ado para resistir el desgaste y la corrosi\u00f3n para extender su vida \u00fatil.<\/li>\n<li>Operaci\u00f3n hidr\u00e1ulica eficiente: Se logra un movimiento suave de extensi\u00f3n y retracci\u00f3n utilizando la presi\u00f3n del aceite hidr\u00e1ulico, lo que permite una respuesta r\u00e1pida a los comandos de control y proporciona una poderosa fuerza de empuje\/tracci\u00f3n, adecuada para manipular objetos pesados \u200b\u200by tareas operativas complejas.<\/li>\n<li>Diversos tipos: Se pueden seleccionar cilindros de simple efecto (hidr\u00e1ulicos en una sola direcci\u00f3n) o de doble efecto (hidr\u00e1ulicos en ambas direcciones) seg\u00fan las necesidades operativas. Algunos modelos son telesc\u00f3picos, lo que permite una mayor extensi\u00f3n sin aumentar las dimensiones externas, ideal para aplicaciones con espacio limitado.<\/li>\n<li>Reemplazo directo: Nuestro producto puede reemplazar perfectamente estos cilindros hidr\u00e1ulicos.<\/li>\n<\/ul>\n<p><img decoding=\"async\" src=\"https:\/\/www.hydraulic-cylinders.net\/wp-content\/uploads\/2025\/01\/songte-cylinder-head-with-all-kinds-excavator-models.webp\"\/><\/p>\n<h2>Aplicaciones<\/h2>\n<p>El cilindro de cuchara se utiliza principalmente en las siguientes aplicaciones:<\/p>\n<ul>\n<li>Equipos de construcci\u00f3n: En las excavadoras, son esenciales para excavar, cargar y mover tierra o escombros. En las retroexcavadoras, el cilindro del cuchar\u00f3n facilita tanto la excavaci\u00f3n como la elevaci\u00f3n. En las cargadoras frontales, facilitan la elevaci\u00f3n e inclinaci\u00f3n de mercanc\u00edas de forma eficaz.<\/li>\n<li>Maquinaria agr\u00edcola: Se utiliza en cargadores frontales, para recoger, levantar y transportar tierra, heno y otros materiales, excavadoras: El cilindro del cuchar\u00f3n logra la acci\u00f3n de excavaci\u00f3n al permitir que el cuchar\u00f3n penetre en el suelo. <\/li>\n<\/ul>\n<p>A continuaci\u00f3n se muestran algunos ejemplos espec\u00edficos de c\u00f3mo se utilizan los cilindros de cangilones en estas aplicaciones:<\/p>\n<ul>\n<li>Equipos de construcci\u00f3n: En las excavadoras, el cilindro del cuchar\u00f3n se utiliza para levantar e inclinar el cuchar\u00f3n, lo que permite mayor precisi\u00f3n y control en la manipulaci\u00f3n de materiales. En las retroexcavadoras, el cilindro del cuchar\u00f3n facilita tanto la excavaci\u00f3n como la elevaci\u00f3n. En las cargadoras frontales, el cilindro del cuchar\u00f3n ayuda a levantar e inclinar la mercanc\u00eda eficazmente.<\/li>\n<li>Maquinaria agr\u00edcola: En las cargadoras frontales, el cilindro del cuchar\u00f3n ayuda a recoger, levantar y transportar tierra, heno y otros materiales. En las excavadoras, el cilindro del cuchar\u00f3n permite la excavaci\u00f3n al permitir que el cuchar\u00f3n penetre en el suelo.<\/li>\n<\/ul>\n<h2>Consideraciones de dise\u00f1o y criterios de selecci\u00f3n<\/h2>\n<p>Al seleccionar cilindros de cangilones, es esencial prestar atenci\u00f3n a las siguientes consideraciones de dise\u00f1o y criterios de selecci\u00f3n:<\/p>\n<ul>\n<li>Capacidad de carga: El cilindro debe ser capaz de soportar las cargas y fuerzas especificadas.<\/li>\n<li>Propiedades de sellado: Un buen sellado es esencial para evitar fugas de aceite y da\u00f1os en el cilindro.<\/li>\n<li>Durabilidad: El cilindro debe poder soportar los rigores del uso intensivo y entornos hostiles.<\/li>\n<li>Seguridad: Deben existir medidas de seguridad para evitar accidentes o lesiones durante el funcionamiento.<\/li>\n<li>Mantenibilidad: El cilindro debe ser f\u00e1cil de mantener y reparar para minimizar el tiempo de inactividad y reducir los costos.<\/li>\n<\/ul>\n<p><img decoding=\"async\" src=\"https:\/\/www.hydraulic-cylinders.net\/wp-content\/uploads\/2025\/01\/songte-oil-pipes-and-spare-parts.webp\"\/><\/p>\n<h2>Sellado y lubricaci\u00f3n<\/h2>\n<p>El cilindro del cuchar\u00f3n utiliza diversos sellos, como sellos de pist\u00f3n y sellos de v\u00e1stago, fabricados con materiales resistentes al desgaste como poliuretano y caucho de nitrilo, para garantizar un buen sellado. El cuerpo del cilindro y la superficie de la rosca est\u00e1n finamente procesados \u200b\u200bpara mejorar la resistencia al desgaste. La adici\u00f3n regular de la cantidad adecuada de aceite hidr\u00e1ulico para lubricar el cilindro puede prolongar su vida \u00fatil.<\/p>\n<h2>Mantenimiento y soluci\u00f3n de problemas<\/h2>\n<p>El mantenimiento regular es vital para garantizar el correcto funcionamiento de los cilindros de la cuchara. Las tareas habituales de mantenimiento incluyen inspecciones regulares, lubricaci\u00f3n, reemplazo de sellos y comprobaciones de calibraci\u00f3n. La instalaci\u00f3n, lubricaci\u00f3n y ajuste adecuados son esenciales para garantizar el funcionamiento seguro y eficaz del cilindro de la cuchara. Se recomienda utilizar soportes de instalaci\u00f3n adecuados para fijar el cilindro. Tambi\u00e9n se proporcionan procedimientos recomendados para la inspecci\u00f3n, reparaci\u00f3n y reemplazo de componentes para prolongar la vida \u00fatil del cilindro de la cuchara. <\/p>\n<p><img decoding=\"async\" src=\"https:\/\/www.hydraulic-cylinders.net\/wp-content\/uploads\/2025\/01\/songte-chushion-collar.webp\"\/><\/p>\n<h2>Consideraciones de seguridad y factores ambientales<\/h2>\n<p>Al utilizar cilindros de cangilones, es fundamental seguir las normas de seguridad para prevenir accidentes y lesiones. Deben instalarse dispositivos de seguridad, como v\u00e1lvulas de alivio de presi\u00f3n, para evitar la sobrecarga y reducir el riesgo de fallo del cilindro. Tambi\u00e9n deben considerarse factores ambientales como la temperatura y la humedad, y tomarse las medidas adecuadas para garantizar el funcionamiento seguro del cilindro en estas condiciones.<\/p>\n<p><img decoding=\"async\" src=\"https:\/\/hzpt.com\/wp-content\/uploads\/2024\/11\/songte-company-1.webp\"\/><\/p>\n<h2>Sobre nosotros<\/h2>\n<p>Somos fabricantes de cilindros hidr\u00e1ulicos de repuesto con una amplia gama de productos. Nos hemos convertido en uno de los principales fabricantes y distribuidores mayoristas de cilindros hidr\u00e1ulicos en el mercado nacional e internacional. Nuestra empresa se adhiere al principio de excelencia en calidad y se basa en la estrategia de gesti\u00f3n de producci\u00f3n industrializada de un sofisticado taller de fabricaci\u00f3n. Mejoramos continuamente la plataforma de fabricaci\u00f3n de nuestro taller mediante el uso de talentos t\u00e9cnicos, equipos de fabricaci\u00f3n digitales de alta gama y sistemas de prueba profesionales para optimizar la calidad de nuestra l\u00ednea de producci\u00f3n. Contamos con una s\u00f3lida capacidad de creaci\u00f3n para satisfacer las diversas necesidades de nuestros clientes, con los principios de alta eficiencia, precisi\u00f3n y calidad.<\/p>\n<p>Nuestra empresa ofrece servicios profesionales, certificaciones internacionales, servicios de producci\u00f3n personalizados, equipos de producci\u00f3n avanzados y servicios posventa. <\/p>\n<p><img decoding=\"async\" src=\"https:\/\/www.hydraulic-cylinders.net\/wp-content\/uploads\/2025\/01\/songte-company-3.webp\"\/><\/p>\n<p>Autor: lyl.<\/p>","protected":false},"excerpt":{"rendered":"<p>Introduction Bucket Cylinder For Bobcat Small Excavator E45 A bucket cylinder is a specialized hydraulic cylinder primarily used to control the movement of buckets in heavy machinery such as excavators, backhoe excavators, and front loaders. Its main function is to enable the bucket to be lifted, lowered, and tilted, making material handling tasks easier. In [&hellip;]<\/p>","protected":false},"featured_media":14780,"comment_status":"open","ping_status":"closed","template":"","meta":{"_et_pb_use_builder":"","_et_pb_old_content":"","_et_gb_content_width":""},"product_brand":[],"product_cat":[1494],"product_tag":[1495,1496],"class_list":{"0":"post-15693","1":"product","2":"type-product","3":"status-publish","4":"has-post-thumbnail","6":"product_cat-bucket-cylinders","7":"product_tag-bucket-cylinders","8":"product_tag-hydraulic-cylinders","10":"first","11":"instock","12":"shipping-taxable","13":"product-type-simple"},"amp_enabled":true,"_links":{"self":[{"href":"https:\/\/www.hydraulic-cylinders.net\/es\/wp-json\/wp\/v2\/product\/15693","targetHints":{"allow":["GET"]}}],"collection":[{"href":"https:\/\/www.hydraulic-cylinders.net\/es\/wp-json\/wp\/v2\/product"}],"about":[{"href":"https:\/\/www.hydraulic-cylinders.net\/es\/wp-json\/wp\/v2\/types\/product"}],"replies":[{"embeddable":true,"href":"https:\/\/www.hydraulic-cylinders.net\/es\/wp-json\/wp\/v2\/comments?post=15693"}],"wp:featuredmedia":[{"embeddable":true,"href":"https:\/\/www.hydraulic-cylinders.net\/es\/wp-json\/wp\/v2\/media\/14780"}],"wp:attachment":[{"href":"https:\/\/www.hydraulic-cylinders.net\/es\/wp-json\/wp\/v2\/media?parent=15693"}],"wp:term":[{"taxonomy":"product_brand","embeddable":true,"href":"https:\/\/www.hydraulic-cylinders.net\/es\/wp-json\/wp\/v2\/product_brand?post=15693"},{"taxonomy":"product_cat","embeddable":true,"href":"https:\/\/www.hydraulic-cylinders.net\/es\/wp-json\/wp\/v2\/product_cat?post=15693"},{"taxonomy":"product_tag","embeddable":true,"href":"https:\/\/www.hydraulic-cylinders.net\/es\/wp-json\/wp\/v2\/product_tag?post=15693"}],"curies":[{"name":"wp","href":"https:\/\/api.w.org\/{rel}","templated":true}]}}