{"id":15696,"date":"2025-01-19T14:51:25","date_gmt":"2025-01-19T14:51:25","guid":{"rendered":"https:\/\/www.hydraulic-cylinders.net\/product\/bucket-cylinder-for-bobcat-small-excavator-e418\/"},"modified":"2025-01-19T14:51:27","modified_gmt":"2025-01-19T14:51:27","slug":"bucket-cylinder-for-bobcat-small-excavator-e418","status":"publish","type":"product","link":"https:\/\/www.hydraulic-cylinders.net\/es\/producto\/bucket-cylinder-for-bobcat-small-excavator-e418\/","title":{"rendered":"Cilindro de cuchar\u00f3n para miniexcavadora Bobcat E418"},"content":{"rendered":"<h1>Cilindro de cuchar\u00f3n para miniexcavadora Bobcat E418<\/h1>\n<h2>Introducci\u00f3n<\/h2>\n<p>El cilindro hidr\u00e1ulico del cuchar\u00f3n para la miniexcavadora Bobcat E418 es un cilindro especialmente dise\u00f1ado que se utiliza principalmente para controlar el movimiento del cuchar\u00f3n en maquinaria pesada como excavadoras, retroexcavadoras y cargadoras frontales. Su funci\u00f3n principal es permitir que el cuchar\u00f3n se eleve, descienda e incline, facilitando as\u00ed diversas tareas de manipulaci\u00f3n de materiales. En el sistema hidr\u00e1ulico, el cilindro del cuchar\u00f3n controla el movimiento preciso del cuchar\u00f3n mediante la variaci\u00f3n de la presi\u00f3n del aceite hidr\u00e1ulico, lo que permite a los operadores manejar cargas pesadas con eficiencia y adaptarse a entornos de trabajo complejos y a diversos requisitos laborales.<\/p>\n<p><img decoding=\"async\" src=\"https:\/\/www.hydraulic-cylinders.net\/wp-content\/uploads\/2025\/01\/songte-company-2.webp\" alt=\"Cilindro de cubo\" \/><\/p>\n<h2>Caracter\u00edsticas<\/h2>\n<ul>\n<li>Alta resistencia y durabilidad: Generalmente fabricadas con acero o aluminio de alta resistencia, capaces de soportar altas presiones y cargas pesadas, y dise\u00f1adas teniendo en cuenta la resistencia al desgaste y a la corrosi\u00f3n, lo que prolonga su vida \u00fatil.<\/li>\n<li>Funcionamiento hidr\u00e1ulico eficiente: Los movimientos suaves de expansi\u00f3n y contracci\u00f3n se logran mediante la presi\u00f3n del aceite hidr\u00e1ulico, lo que permite una respuesta r\u00e1pida a los comandos de control, proporciona fuertes fuerzas de empuje y tracci\u00f3n, y es ideal para el manejo de cargas pesadas y tareas de trabajo complejas.<\/li>\n<li>Variedad de tipos: Elija entre cilindros de simple efecto (accionamiento hidr\u00e1ulico en un solo sentido) o de doble efecto (accionamiento hidr\u00e1ulico en ambos sentidos), seg\u00fan las necesidades de la operaci\u00f3n. Algunos modelos son telesc\u00f3picos, lo que permite una mayor extensi\u00f3n sin aumentar las dimensiones externas, ideales para aplicaciones con espacio limitado.<\/li>\n<li>Personalizables: Nuestros productos se pueden adaptar para satisfacer sus necesidades espec\u00edficas y pueden reemplazar cilindros hidr\u00e1ulicos similares de otros fabricantes.<\/li>\n<\/ul>\n<p><img decoding=\"async\" src=\"https:\/\/www.hydraulic-cylinders.net\/wp-content\/uploads\/2025\/01\/songte-cylinder-head-with-all-kinds-excavator-models.webp\" alt=\"Cilindro de cubo personalizable\" \/><\/p>\n<h2>Aplicaciones<\/h2>\n<p>El cilindro de la cubeta encuentra uso en diversas aplicaciones:<\/p>\n<ul>\n<li>Equipos de construcci\u00f3n: En las excavadoras, son vitales para excavar, cargar y mover tierra o escombros. En las retroexcavadoras, el cilindro del cuchar\u00f3n ayuda tanto en la excavaci\u00f3n como en la elevaci\u00f3n. <\/li>\n<li>Maquinaria agr\u00edcola: Se utilizan en cargadoras frontales para levantar y descargar tierra, heno y otros materiales. En las excavadoras, el cilindro del cuchar\u00f3n permite excavar al penetrar el cuchar\u00f3n en el suelo. <\/li>\n<li>Cargador: En las cargadoras frontales, ayudan a levantar y descargar las mercanc\u00edas de forma eficiente.<\/li>\n<\/ul>\n<p>Cada aplicaci\u00f3n se describe en detalle a continuaci\u00f3n:<\/p>\n<h3>Equipos de construcci\u00f3n<\/h3>\n<p>El cilindro del cuchar\u00f3n desempe\u00f1a un papel fundamental en el buen funcionamiento de las excavadoras. Al excavar, facilita la penetraci\u00f3n en el suelo, as\u00ed como la elevaci\u00f3n y descarga de tierra y escombros. En las retroexcavadoras, el cilindro ayuda en la excavaci\u00f3n y elevaci\u00f3n, facilitando la carga y el transporte de material.<\/p>\n<h3>Maquinaria agr\u00edcola<\/h3>\n<p>Los cilindros de las cucharas de las cargadoras frontales de maquinaria agr\u00edcola facilitan la elevaci\u00f3n y descarga eficientes de materiales como tierra, heno, pienso y otros productos agr\u00edcolas. En las excavadoras agr\u00edcolas, el cilindro de la cuchara permite excavar al facilitar la penetraci\u00f3n de la cuchara en el suelo.<\/p>\n<h3>Cargador<\/h3>\n<p>El cilindro de la cuchara en las cargadoras frontales ayuda a levantar y descargar mercanc\u00edas de manera eficiente, lo que lo hace ideal para cargar y descargar materiales pesados.<\/p>\n<p><img decoding=\"async\" src=\"https:\/\/www.hydraulic-cylinders.net\/wp-content\/uploads\/2025\/01\/songte-bushings-with-all-kinds-of-excavator-models.webp\" alt=\"Cilindro de cubo en uso\" \/><\/p>\n<h2>Consideraciones de dise\u00f1o y criterios de selecci\u00f3n<\/h2>\n<p>Al seleccionar un cilindro para cuchar\u00f3n, se deben tener en cuenta varios factores, como la capacidad de carga del cilindro, el sellado, la durabilidad, la seguridad y la facilidad de mantenimiento. <\/p>\n<ul>\n<li>Capacidad de carga: El cilindro del cuchar\u00f3n debe ser capaz de soportar la carga prevista sin doblarse ni romperse, seg\u00fan la aplicaci\u00f3n.<\/li>\n<li>Sellado: El cilindro del cuchar\u00f3n debe estar adecuadamente sellado para evitar fugas de fluido hidr\u00e1ulico y la contaminaci\u00f3n del medio ambiente.<\/li>\n<li>Durabilidad: El cilindro del cuchar\u00f3n debe estar construido con materiales duraderos para soportar el duro entorno operativo, aumentando as\u00ed su vida \u00fatil.<\/li>\n<li>Seguridad: El cilindro del cuchar\u00f3n debe estar dise\u00f1ado para garantizar la seguridad del operador y de quienes se encuentren cerca del equipo.<\/li>\n<li>Mantenibilidad: El cilindro del cuchar\u00f3n debe estar dise\u00f1ado para permitir un mantenimiento sencillo, incluyendo la sustituci\u00f3n de juntas, la limpieza y la lubricaci\u00f3n.<\/li>\n<\/ul>\n<p><img decoding=\"async\" src=\"https:\/\/www.hydraulic-cylinders.net\/wp-content\/uploads\/2025\/01\/songte-oil-pipes-and-spare-parts.webp\" alt=\"Piezas de repuesto para cilindro de cuchar\u00f3n\" \/><\/p>\n<h2>Sellado y lubricaci\u00f3n<\/h2>\n<p>El cilindro del cuchar\u00f3n utiliza diversos sellos, como sellos de pist\u00f3n y de v\u00e1stago, fabricados con materiales resistentes al desgaste, como poliuretano y caucho de nitrilo, para garantizar un sellado adecuado y evitar fugas de aceite. El cuerpo del cilindro y las superficies roscadas de los extremos est\u00e1n mecanizados con precisi\u00f3n para mejorar su resistencia al desgaste. Es necesario inyectar aceite hidr\u00e1ulico peri\u00f3dicamente para lubricar y prevenir el desgaste de la pared del cilindro y del pist\u00f3n.<\/p>\n<h2>Mantenimiento y reparaci\u00f3n<\/h2>\n<p>La inspecci\u00f3n peri\u00f3dica y el mantenimiento preventivo del cilindro del cuchar\u00f3n son esenciales para garantizar su \u00f3ptimo rendimiento y evitar costosos tiempos de inactividad y reparaciones. La inspecci\u00f3n peri\u00f3dica, la lubricaci\u00f3n adecuada y las comprobaciones de calibraci\u00f3n se encuentran entre las tareas de mantenimiento m\u00e1s comunes. La correcta instalaci\u00f3n, lubricaci\u00f3n y ajuste son cruciales, as\u00ed como la alineaci\u00f3n precisa del cilindro. Deben utilizarse soportes de instalaci\u00f3n adecuados para fijar el cilindro en su lugar. Se proporcionan procedimientos recomendados de inspecci\u00f3n, reparaci\u00f3n y sustituci\u00f3n para prolongar la vida \u00fatil del cilindro del cuchar\u00f3n. <\/p>\n<p><img decoding=\"async\" src=\"https:\/\/www.hydraulic-cylinders.net\/wp-content\/uploads\/2025\/01\/songte-chushion-collar.webp\" alt=\"Mantenimiento y reparaci\u00f3n del cilindro del cuchar\u00f3n\" \/><\/p>\n<h2>Consideraciones de seguridad y factores ambientales<\/h2>\n<p>Es fundamental tener en cuenta las medidas de seguridad al utilizar cilindros de cuchar\u00f3n, como evitar que los trabajadores sean golpeados por el cilindro durante su funcionamiento. Deben seguirse los procedimientos adecuados para la eliminaci\u00f3n del aceite hidr\u00e1ulico y otros materiales peligrosos con el fin de prevenir la contaminaci\u00f3n del medio ambiente.<\/p>\n<h2>Diagn\u00f3stico y soluci\u00f3n de problemas<\/h2>\n<p>Entre los problemas comunes de los cilindros de los cucharones se incluyen fugas de aceite, funcionamiento lento o reducci\u00f3n de la potencia. La inspecci\u00f3n peri\u00f3dica, el mantenimiento preventivo y la reparaci\u00f3n oportuna son esenciales para evitar estos problemas. Si surgen problemas, es posible solucionarlos identificando la causa ra\u00edz y reparando o reemplazando las piezas defectuosas.<\/p>\n<p><img decoding=\"async\" src=\"https:\/\/hzpt.com\/wp-content\/uploads\/2024\/11\/songte-company-1.webp\" alt=\"Soluci\u00f3n de problemas del cilindro del cuchar\u00f3n\" \/><\/p>\n<h2>Sobre nosotros<\/h2>\n<p>Somos fabricantes de cilindros hidr\u00e1ulicos, con una gama completa de productos, y nos hemos consolidado como uno de los principales fabricantes y distribuidores mayoristas de cilindros hidr\u00e1ulicos en los mercados nacionales e internacionales. Nos guiamos por una estrategia de excelencia en la calidad y nos apoyamos en la gesti\u00f3n de la producci\u00f3n industrial de nuestros talleres de fabricaci\u00f3n de alta precisi\u00f3n. Mejoramos continuamente nuestra plataforma de fabricaci\u00f3n, optimizamos la calidad de nuestros productos y contamos con una gran capacidad de innovaci\u00f3n para satisfacer las diversas necesidades de nuestros clientes con alta eficiencia, precisi\u00f3n y un compromiso con la calidad. <\/p>\n<p>Nuestra empresa ofrece experiencia profesional, certificaci\u00f3n internacional, servicios personalizados, equipos de producci\u00f3n y servicio postventa. <\/p>\n<p><img decoding=\"async\" src=\"https:\/\/www.hydraulic-cylinders.net\/wp-content\/uploads\/2025\/01\/songte-company-3.webp\" alt=\"Sobre nosotros\" \/><\/p>\n<p>Autor: lyl<\/p>","protected":false},"excerpt":{"rendered":"<p>Bucket Cylinder For Bobcat Small Excavator E418 Introduction The bucket cylinder for Bobcat small excavator E418 is a specially designed hydraulic cylinder primarily used to control the movement of the bucket in heavy machinery such as excavators, backhoe excavators, and front-end loaders. Its main function is to allow the bucket to lift, lower, and tilt, [&hellip;]<\/p>","protected":false},"featured_media":14773,"comment_status":"open","ping_status":"closed","template":"","meta":{"_et_pb_use_builder":"","_et_pb_old_content":"","_et_gb_content_width":""},"product_brand":[],"product_cat":[1494],"product_tag":[1495,1496],"class_list":{"0":"post-15696","1":"product","2":"type-product","3":"status-publish","4":"has-post-thumbnail","6":"product_cat-bucket-cylinders","7":"product_tag-bucket-cylinders","8":"product_tag-hydraulic-cylinders","10":"first","11":"instock","12":"shipping-taxable","13":"product-type-simple"},"amp_enabled":true,"_links":{"self":[{"href":"https:\/\/www.hydraulic-cylinders.net\/es\/wp-json\/wp\/v2\/product\/15696","targetHints":{"allow":["GET"]}}],"collection":[{"href":"https:\/\/www.hydraulic-cylinders.net\/es\/wp-json\/wp\/v2\/product"}],"about":[{"href":"https:\/\/www.hydraulic-cylinders.net\/es\/wp-json\/wp\/v2\/types\/product"}],"replies":[{"embeddable":true,"href":"https:\/\/www.hydraulic-cylinders.net\/es\/wp-json\/wp\/v2\/comments?post=15696"}],"wp:featuredmedia":[{"embeddable":true,"href":"https:\/\/www.hydraulic-cylinders.net\/es\/wp-json\/wp\/v2\/media\/14773"}],"wp:attachment":[{"href":"https:\/\/www.hydraulic-cylinders.net\/es\/wp-json\/wp\/v2\/media?parent=15696"}],"wp:term":[{"taxonomy":"product_brand","embeddable":true,"href":"https:\/\/www.hydraulic-cylinders.net\/es\/wp-json\/wp\/v2\/product_brand?post=15696"},{"taxonomy":"product_cat","embeddable":true,"href":"https:\/\/www.hydraulic-cylinders.net\/es\/wp-json\/wp\/v2\/product_cat?post=15696"},{"taxonomy":"product_tag","embeddable":true,"href":"https:\/\/www.hydraulic-cylinders.net\/es\/wp-json\/wp\/v2\/product_tag?post=15696"}],"curies":[{"name":"wp","href":"https:\/\/api.w.org\/{rel}","templated":true}]}}