{"id":15702,"date":"2025-01-19T14:51:49","date_gmt":"2025-01-19T14:51:49","guid":{"rendered":"https:\/\/www.hydraulic-cylinders.net\/product\/bucket-cylinder-for-kubota-small-excavator-u-155-3s\/"},"modified":"2025-01-19T14:51:51","modified_gmt":"2025-01-19T14:51:51","slug":"bucket-cylinder-for-kubota-small-excavator-u-155-3s","status":"publish","type":"product","link":"https:\/\/www.hydraulic-cylinders.net\/es\/producto\/bucket-cylinder-for-kubota-small-excavator-u-155-3s\/","title":{"rendered":"Cilindro de cuchar\u00f3n para excavadora peque\u00f1a Kubota U-155-3S"},"content":{"rendered":"<p><!DOCTYPE html><br \/>\n<html><br \/>\n<head><br \/>\n<title>Cilindro de cuchar\u00f3n para excavadora peque\u00f1a Kubota U-155-3S<\/title><br \/>\n<\/head><br \/>\n<body><\/p>\n<h1>Cilindro de cuchar\u00f3n para excavadora peque\u00f1a Kubota U-155-3S<\/h1>\n<h2>Introducci\u00f3n<\/h2>\n<p>El cilindro del cuchar\u00f3n para la excavadora peque\u00f1a Kubota U-155-3S es un cilindro hidr\u00e1ulico especialmente dise\u00f1ado que controla el movimiento del cuchar\u00f3n en maquinaria pesada como excavadoras, retroexcavadoras y cargadoras frontales. Su funci\u00f3n principal es permitir que el cuchar\u00f3n se eleve, baje e incline, lo que facilita diversas tareas de manipulaci\u00f3n de materiales. En el sistema hidr\u00e1ulico, el cilindro del cuchar\u00f3n logra un control preciso del cuchar\u00f3n mediante los cambios de presi\u00f3n del aceite hidr\u00e1ulico, lo que permite a los operadores manipular cargas pesadas con eficiencia y adaptarse a entornos de trabajo complejos y diversas necesidades operativas.<\/p>\n<p><img decoding=\"async\" src=\"https:\/\/www.hydraulic-cylinders.net\/wp-content\/uploads\/2025\/01\/songte-company-2.webp\" alt=\"Imagen del cilindro del cubo\"><\/p>\n<h2>Caracter\u00edsticas<\/h2>\n<ul>\n<li>Alta resistencia y durabilidad: Fabricado generalmente en acero o aluminio de alta resistencia, soporta alta presi\u00f3n y cargas pesadas, adapt\u00e1ndose a entornos de trabajo hostiles. El dise\u00f1o tambi\u00e9n considera la resistencia al desgaste y a la corrosi\u00f3n, lo que prolonga la vida \u00fatil del producto.<\/li>\n<li>Operaci\u00f3n hidr\u00e1ulica eficiente: Utilizando la presi\u00f3n del aceite hidr\u00e1ulico, logra movimientos suaves de extensi\u00f3n y retracci\u00f3n, lo que permite una respuesta r\u00e1pida a los comandos de control y proporciona poderosas fuerzas de empuje y tracci\u00f3n adecuadas para manipular cargas pesadas y tareas complejas.<\/li>\n<li>Diversos tipos: Se puede seleccionar como cilindro de simple efecto (hidr\u00e1ulico en una sola direcci\u00f3n) o de doble efecto (hidr\u00e1ulico en ambas direcciones) seg\u00fan los requisitos operativos espec\u00edficos. Algunos modelos son telesc\u00f3picos, lo que permite una mayor extensi\u00f3n sin aumentar las dimensiones externas, lo que los hace ideales para aplicaciones con espacio limitado.<\/li>\n<\/ul>\n<p><img decoding=\"async\" src=\"https:\/\/www.hydraulic-cylinders.net\/wp-content\/uploads\/2025\/01\/songte-cylinder-head-with-all-kinds-excavator-models.webp\" alt=\"Imagen de modelos de cilindros de cubo\"><\/p>\n<h2>Aplicaciones<\/h2>\n<ul>\n<li>Equipos de construcci\u00f3n: Presentes en excavadoras, son esenciales para excavar, cargar y mover tierra o escombros. En las retroexcavadoras, el cilindro del cuchar\u00f3n ayuda tanto en la excavaci\u00f3n como en la elevaci\u00f3n.<\/li>\n<li>Maquinaria agr\u00edcola: Se utiliza en cargadoras frontales para recoger, levantar y transportar tierra, heno y otros materiales.<\/li>\n<li>Excavadoras: El cilindro del cuchar\u00f3n permite realizar acciones de excavaci\u00f3n al permitir que el cuchar\u00f3n penetre en el suelo.<\/li>\n<li>Cargadores: En los cargadores frontales, ayudan a levantar y descargar la carga de manera eficiente.<\/li>\n<\/ul>\n<h2>Consideraciones de dise\u00f1o y criterios de selecci\u00f3n<\/h2>\n<ul>\n<li>Capacidad de carga: La capacidad del cilindro para soportar cargas pesadas es una consideraci\u00f3n de dise\u00f1o crucial.<\/li>\n<li>Sellado: Diversos sellos, como los de pist\u00f3n y v\u00e1stago, fabricados con materiales resistentes al desgaste como poliuretano y caucho de nitrilo, garantizan un sellado eficaz. El cuerpo del cilindro y los extremos roscados se someten a un tratamiento de precisi\u00f3n para mejorar la resistencia al desgaste.<\/li>\n<li>Durabilidad: El dise\u00f1o considera la capacidad del cilindro para soportar condiciones de trabajo exigentes y su resistencia a la corrosi\u00f3n.<\/li>\n<li>Seguridad: Se incorporan caracter\u00edsticas de seguridad para garantizar un funcionamiento seguro.<\/li>\n<li>Mantenibilidad: El cilindro est\u00e1 dise\u00f1ado para un f\u00e1cil mantenimiento y reparaci\u00f3n.<\/li>\n<\/ul>\n<p><img decoding=\"async\" src=\"https:\/\/www.hydraulic-cylinders.net\/wp-content\/uploads\/2025\/01\/songte-oil-pipes-and-spare-parts.webp\" alt=\"Imagen de piezas del cilindro hidr\u00e1ulico\"><\/p>\n<h2>Sellado y lubricaci\u00f3n<\/h2>\n<p>El cilindro del cuchar\u00f3n utiliza diversos sellos, incluyendo sellos de pist\u00f3n y de v\u00e1stago, fabricados con materiales resistentes al desgaste como poliuretano y caucho de nitrilo. El cuerpo del cilindro y los extremos roscados se someten a un tratamiento preciso para mejorar la resistencia al desgaste. Es necesaria una lubricaci\u00f3n regular con el aceite hidr\u00e1ulico adecuado para garantizar un funcionamiento fluido.<\/p>\n<h2>Inspecci\u00f3n regular y mantenimiento preventivo<\/h2>\n<ul>\n<li>Inspeccione peri\u00f3dicamente todos los componentes para detectar desgaste, da\u00f1os o fugas.<\/li>\n<li>Aseg\u00farese de que todas las partes m\u00f3viles est\u00e9n lubricadas adecuadamente.<\/li>\n<li>Reemplace los sellos y juntas seg\u00fan sea necesario.<\/li>\n<li>Realice comprobaciones de calibraci\u00f3n para mantener un rendimiento \u00f3ptimo.<\/li>\n<\/ul>\n<h2>Gu\u00eda de instalaci\u00f3n correcta<\/h2>\n<p>Una instalaci\u00f3n correcta es esencial para el rendimiento \u00f3ptimo del cilindro del cuchar\u00f3n. Siga estos pasos:<\/p>\n<ol>\n<li>Alinee el cilindro correctamente antes de la instalaci\u00f3n.<\/li>\n<li>Utilice soportes de instalaci\u00f3n adecuados para asegurar el cilindro.<\/li>\n<li>Siga los procedimientos recomendados de inspecci\u00f3n, reparaci\u00f3n y sustituci\u00f3n.<\/li>\n<li>Proporcionar servicios de reconstrucci\u00f3n y piezas de repuesto para prolongar la vida \u00fatil del cilindro.<\/li>\n<\/ol>\n<p><img decoding=\"async\" src=\"https:\/\/www.hydraulic-cylinders.net\/wp-content\/uploads\/2025\/01\/songte-chushion-collar.webp\" alt=\"Imagen de instalaci\u00f3n del cilindro del cubo\"><\/p>\n<h2>Consideraciones de seguridad y factores ambientales<\/h2>\n<p>Es fundamental considerar las medidas de seguridad al utilizar el cilindro del cuchar\u00f3n. Los usuarios deben cumplir las normas y regulaciones de seguridad para prevenir accidentes y garantizar un funcionamiento seguro en diversos entornos de trabajo.<\/p>\n<h2>Diagn\u00f3stico de fallas y problemas comunes<\/h2>\n<p>Algunas fallas comunes que pueden ocurrir con el cilindro del cuchar\u00f3n incluyen:<\/p>\n<ul>\n<li>Fuga de aceite hidr\u00e1ulico.<\/li>\n<li>Fuerza de elevaci\u00f3n o empuje reducida.<\/li>\n<li>Ruido excesivo durante el funcionamiento.<\/li>\n<li>Movimiento desigual o espasm\u00f3dico del cuchar\u00f3n.<\/li>\n<li>Respuesta lenta a los comandos de control.<\/li>\n<\/ul>\n<p>Para abordar estos problemas, los usuarios pueden seguir estos consejos y soluciones de resoluci\u00f3n de problemas para diagnosticar y resolver problemas de manera eficaz, as\u00ed como medidas preventivas para minimizar posibles problemas.<\/p>\n<p><img decoding=\"async\" src=\"https:\/\/www.hydraulic-cylinders.net\/wp-content\/uploads\/2025\/01\/songte-bushings-with-all-kinds-of-excavator-models.webp\" alt=\"Imagen de bujes de cilindro de cuchar\u00f3n\"><\/p>\n<p>Recuerde organizar el art\u00edculo de forma l\u00f3gica, utilizar subt\u00edtulos para facilitar la navegaci\u00f3n, incorporar im\u00e1genes o gr\u00e1ficos relevantes para mejorar la comprensi\u00f3n y garantizar la claridad, la concisi\u00f3n y la idoneidad para lectores con diferentes niveles de conocimientos t\u00e9cnicos.<\/p>\n<h2>Acerca de nuestra empresa<\/h2>\n<p>Somos un fabricante especializado en cilindros hidr\u00e1ulicos de repuesto. Con una amplia gama de productos, nos hemos convertido en uno de los principales fabricantes y distribuidores mayoristas de cilindros hidr\u00e1ulicos en el mercado nacional e internacional. Nuestra empresa se compromete con la excelencia en la calidad y con estrategias de gesti\u00f3n de la producci\u00f3n industrializada, apoy\u00e1ndose en talentos t\u00e9cnicos, equipos de fabricaci\u00f3n digital avanzados y sistemas de prueba profesionales. Mejoramos continuamente nuestra plataforma de fabricaci\u00f3n para ofrecer productos de alta eficiencia, precisi\u00f3n y calidad, satisfaciendo las diversas demandas de nuestros clientes.<\/p>\n<p><img decoding=\"async\" src=\"https:\/\/www.hydraulic-cylinders.net\/wp-content\/uploads\/2025\/01\/songte-company-3.webp\" alt=\"Imagen de la empresa\"><\/p>\n<ul>\n<li>Profesionalismo: Contamos con un equipo de expertos dedicados a brindar soluciones profesionales.<\/li>\n<li>Certificaciones internacionales: Nuestros productos cumplen con los est\u00e1ndares y certificaciones de calidad internacionales.<\/li>\n<li>Servicios de personalizaci\u00f3n: Ofrecemos soluciones personalizadas para satisfacer requisitos espec\u00edficos.<\/li>\n<li>Equipo de producci\u00f3n: Nuestras instalaciones de fabricaci\u00f3n est\u00e1n equipadas con equipos de \u00faltima generaci\u00f3n.<\/li>\n<li>Servicio posventa: Brindamos un servicio y soporte posventa integral.<\/li>\n<\/ul>\n<p>Autor: lyl<\/p>\n<p><\/body><br \/>\n<\/html><\/p>","protected":false},"excerpt":{"rendered":"<p>Bucket Cylinder For Kubota Small Excavator U-155-3S Bucket Cylinder For Kubota Small Excavator U-155-3S Introduction The bucket cylinder for Kubota small excavator U-155-3S is a specially designed hydraulic cylinder used to control the movement of the bucket in heavy machinery such as excavators, backhoe loaders, and front-end loaders. Its main function is to enable the [&hellip;]<\/p>","protected":false},"featured_media":14789,"comment_status":"open","ping_status":"closed","template":"","meta":{"_et_pb_use_builder":"","_et_pb_old_content":"","_et_gb_content_width":""},"product_brand":[],"product_cat":[1494],"product_tag":[1495,1496],"class_list":{"0":"post-15702","1":"product","2":"type-product","3":"status-publish","4":"has-post-thumbnail","6":"product_cat-bucket-cylinders","7":"product_tag-bucket-cylinders","8":"product_tag-hydraulic-cylinders","10":"first","11":"instock","12":"shipping-taxable","13":"product-type-simple"},"amp_enabled":true,"_links":{"self":[{"href":"https:\/\/www.hydraulic-cylinders.net\/es\/wp-json\/wp\/v2\/product\/15702","targetHints":{"allow":["GET"]}}],"collection":[{"href":"https:\/\/www.hydraulic-cylinders.net\/es\/wp-json\/wp\/v2\/product"}],"about":[{"href":"https:\/\/www.hydraulic-cylinders.net\/es\/wp-json\/wp\/v2\/types\/product"}],"replies":[{"embeddable":true,"href":"https:\/\/www.hydraulic-cylinders.net\/es\/wp-json\/wp\/v2\/comments?post=15702"}],"wp:featuredmedia":[{"embeddable":true,"href":"https:\/\/www.hydraulic-cylinders.net\/es\/wp-json\/wp\/v2\/media\/14789"}],"wp:attachment":[{"href":"https:\/\/www.hydraulic-cylinders.net\/es\/wp-json\/wp\/v2\/media?parent=15702"}],"wp:term":[{"taxonomy":"product_brand","embeddable":true,"href":"https:\/\/www.hydraulic-cylinders.net\/es\/wp-json\/wp\/v2\/product_brand?post=15702"},{"taxonomy":"product_cat","embeddable":true,"href":"https:\/\/www.hydraulic-cylinders.net\/es\/wp-json\/wp\/v2\/product_cat?post=15702"},{"taxonomy":"product_tag","embeddable":true,"href":"https:\/\/www.hydraulic-cylinders.net\/es\/wp-json\/wp\/v2\/product_tag?post=15702"}],"curies":[{"name":"wp","href":"https:\/\/api.w.org\/{rel}","templated":true}]}}