{"id":15705,"date":"2025-01-19T14:52:01","date_gmt":"2025-01-19T14:52:01","guid":{"rendered":"https:\/\/www.hydraulic-cylinders.net\/product\/bucket-cylinder-for-kubota-small-excavator-u-165\/"},"modified":"2025-01-19T14:52:05","modified_gmt":"2025-01-19T14:52:05","slug":"bucket-cylinder-for-kubota-small-excavator-u-165","status":"publish","type":"product","link":"https:\/\/www.hydraulic-cylinders.net\/es\/producto\/bucket-cylinder-for-kubota-small-excavator-u-165\/","title":{"rendered":"Cilindro de cuchar\u00f3n para excavadora peque\u00f1a Kubota U-165"},"content":{"rendered":"<h1>Cilindro de cuchar\u00f3n para excavadora peque\u00f1a Kubota U-165<\/h1>\n<h2>Introducci\u00f3n<\/h2>\n<p>El cilindro del cuchar\u00f3n para la excavadora peque\u00f1a Kubota U-165 es un cilindro hidr\u00e1ulico especialmente dise\u00f1ado que se utiliza para controlar el movimiento del cuchar\u00f3n en maquinaria pesada como excavadoras, retroexcavadoras y cargadoras frontales. Su funci\u00f3n principal es permitir que el cuchar\u00f3n se eleve, baje e incline, lo que facilita diversas tareas de manipulaci\u00f3n de materiales. En el sistema hidr\u00e1ulico, el cilindro del cuchar\u00f3n logra un control preciso del cuchar\u00f3n mediante cambios en la presi\u00f3n del aceite hidr\u00e1ulico, lo que permite a los operadores manipular cargas pesadas con eficiencia y adaptarse a entornos de trabajo complejos y diversos requisitos.<\/p>\n<p><img decoding=\"async\" src=\"https:\/\/www.hydraulic-cylinders.net\/wp-content\/uploads\/2025\/01\/songte-company-2.webp\" alt=\"Imagen del cilindro del cubo\"><\/p>\n<h2>Caracter\u00edsticas<\/h2>\n<ul>\n<li>Alta resistencia y durabilidad: Fabricado generalmente en acero o aluminio de alta resistencia, soporta alta presi\u00f3n y cargas pesadas, adapt\u00e1ndose a entornos de trabajo hostiles. El dise\u00f1o tambi\u00e9n considera la resistencia al desgaste y a la corrosi\u00f3n para prolongar su vida \u00fatil.<\/li>\n<li>Operaci\u00f3n hidr\u00e1ulica eficiente: al utilizar la presi\u00f3n del aceite hidr\u00e1ulico, logra acciones de extensi\u00f3n y retracci\u00f3n suaves, responde r\u00e1pidamente a los comandos de control, proporciona poderosas fuerzas de empuje y tracci\u00f3n y es adecuado para manipular cargas pesadas y tareas laborales complejas.<\/li>\n<li>Tipos vers\u00e1tiles: El cilindro del cuchar\u00f3n puede seleccionarse como de simple efecto (hidr\u00e1ulico en una sola direcci\u00f3n) o de doble efecto (hidr\u00e1ulico en ambas direcciones) seg\u00fan las necesidades operativas espec\u00edficas. Algunos modelos son telesc\u00f3picos, lo que permite una mayor expansi\u00f3n sin aumentar las dimensiones externas, lo que los hace ideales para aplicaciones con espacio limitado.<\/li>\n<li>Reemplazo perfecto: Nuestro producto puede reemplazar perfectamente estos cilindros hidr\u00e1ulicos.<\/li>\n<\/ul>\n<p><img decoding=\"async\" src=\"https:\/\/www.hydraulic-cylinders.net\/wp-content\/uploads\/2025\/01\/songte-cylinder-head-with-all-kinds-excavator-models.webp\" alt=\"Imagen del cilindro de repuesto\"><\/p>\n<h2>Aplicaciones<\/h2>\n<p>El cilindro de cuchara para excavadora peque\u00f1a Kubota U-165 se utiliza en diversas industrias:<\/p>\n<h3>Equipos de construcci\u00f3n:<\/h3>\n<p>En las excavadoras, son esenciales para excavar, cargar y mover tierra o escombros. En las retroexcavadoras, el cilindro del cuchar\u00f3n facilita tanto la excavaci\u00f3n como la elevaci\u00f3n.<\/p>\n<h3>Maquinaria agr\u00edcola:<\/h3>\n<p>Se utiliza en cargadores frontales para recoger, levantar y transportar tierra, heno y otros materiales.<\/p>\n<h3>Excavadoras:<\/h3>\n<p>El cilindro del cuchar\u00f3n permite la acci\u00f3n de excavaci\u00f3n al permitir que el cuchar\u00f3n penetre en el suelo.<\/p>\n<h3>Cargadores:<\/h3>\n<p>En los cargadores frontales, ayudan a levantar e inclinar las mercanc\u00edas de manera eficaz.<\/p>\n<p><img decoding=\"async\" src=\"https:\/\/www.hydraulic-cylinders.net\/wp-content\/uploads\/2025\/01\/songte-chushion-collar.webp\" alt=\"Imagen de aplicaciones\"><\/p>\n<h2>Consideraciones de dise\u00f1o y criterios de selecci\u00f3n<\/h2>\n<p>A la hora de dise\u00f1ar el cilindro del cuchar\u00f3n hay que tener en cuenta varios factores:<\/p>\n<ul>\n<li>Capacidad de carga: El cilindro debe estar dise\u00f1ado para soportar la carga m\u00e1xima esperada.<\/li>\n<li>Sellado: Se deben utilizar diversos sellos, como sellos de pist\u00f3n y de v\u00e1stago, fabricados con materiales resistentes al desgaste como poliuretano o caucho de nitrilo. El cuerpo del cilindro y los extremos roscados deben someterse a un tratamiento de precisi\u00f3n para mejorar la resistencia al desgaste.<\/li>\n<li>Durabilidad: El dise\u00f1o debe tener en cuenta la longevidad del cilindro, garantizando que pueda soportar un uso frecuente y exigente.<\/li>\n<li>Seguridad: Se deben incorporar caracter\u00edsticas de seguridad para evitar accidentes durante la operaci\u00f3n.<\/li>\n<li>Mantenibilidad: El dise\u00f1o debe permitir un f\u00e1cil mantenimiento y reparaci\u00f3n, minimizando el tiempo de inactividad.<\/li>\n<\/ul>\n<p><img decoding=\"async\" src=\"https:\/\/www.hydraulic-cylinders.net\/wp-content\/uploads\/2025\/01\/songte-oil-pipes-and-spare-parts.webp\" alt=\"Consideraciones de dise\u00f1o Imagen\"><\/p>\n<h2>Sellado y lubricaci\u00f3n<\/h2>\n<p>El cilindro del cuchar\u00f3n utiliza diversos componentes de sellado, como sellos de pist\u00f3n y de v\u00e1stago, fabricados con materiales resistentes al desgaste como poliuretano o caucho de nitrilo. El cuerpo del cilindro y los extremos roscados cuentan con un tratamiento fino para mejorar la resistencia al desgaste. Es necesaria una lubricaci\u00f3n regular con la cantidad adecuada de aceite hidr\u00e1ulico para garantizar un funcionamiento fluido.<\/p>\n<h2>Inspecci\u00f3n regular y mantenimiento preventivo<\/h2>\n<ul>\n<li>Inspeccione peri\u00f3dicamente el cilindro para detectar cualquier signo de da\u00f1o o desgaste.<\/li>\n<li>Aseg\u00farese de que todas las partes m\u00f3viles est\u00e9n lubricadas adecuadamente.<\/li>\n<li>Reemplace peri\u00f3dicamente los sellos para mantener un rendimiento \u00f3ptimo.<\/li>\n<li>Realice comprobaciones de calibraci\u00f3n para garantizar un funcionamiento preciso.<\/li>\n<\/ul>\n<p><img decoding=\"async\" src=\"https:\/\/www.hydraulic-cylinders.net\/wp-content\/uploads\/2025\/01\/songte-bushings-with-all-kinds-of-excavator-models.webp\" alt=\"Imagen de mantenimiento\"><\/p>\n<h2>Consideraciones de seguridad y factores ambientales<\/h2>\n<p>Al utilizar el cilindro de la cuchara, es fundamental seguir las medidas de seguridad para prevenir accidentes y garantizar un entorno de trabajo seguro. Las precauciones de seguridad, como usar el equipo de protecci\u00f3n adecuado y seguir los procedimientos operativos correctos, son de suma importancia.<\/p>\n<h2>Soluci\u00f3n de problemas y problemas comunes<\/h2>\n<p>En caso de cualquier mal funcionamiento o problema, es importante diagnosticarlo correctamente. Aqu\u00ed encontrar\u00e1 algunos consejos y soluciones para ayudar a los lectores a identificar y resolver problemas eficazmente. Adem\u00e1s, se pueden tomar medidas preventivas para minimizar posibles problemas.<\/p>\n<p><img decoding=\"async\" src=\"https:\/\/www.hydraulic-cylinders.net\/wp-content\/uploads\/2025\/01\/songte-company-1.webp\" alt=\"Soluci\u00f3n de problemas de imagen\"><\/p>\n<h2>Acerca de nuestra empresa<\/h2>\n<p>Somos fabricantes de cilindros hidr\u00e1ulicos de repuesto y ofrecemos una amplia gama de productos. Como uno de los principales fabricantes y distribuidores mayoristas de cilindros hidr\u00e1ulicos en el mercado nacional e internacional, priorizamos la excelencia en la calidad. Nuestra estrategia de gesti\u00f3n de producci\u00f3n industrializada se basa en la utilizaci\u00f3n de talento t\u00e9cnico, equipos de fabricaci\u00f3n digitales de alta gama y sistemas de prueba profesionales. Mejoramos continuamente nuestra plataforma de fabricaci\u00f3n, optimizamos la calidad de nuestros productos y contamos con una s\u00f3lida capacidad creativa. Con los principios de alta eficiencia, alta precisi\u00f3n y alta calidad, satisfacemos las diversas necesidades de nuestros clientes.<\/p>\n<p><img decoding=\"async\" src=\"https:\/\/www.hydraulic-cylinders.net\/wp-content\/uploads\/2025\/01\/songte-company-3.webp\" alt=\"Imagen de la empresa\"><\/p>\n<p>En t\u00e9rminos de profesionalismo, certificaciones internacionales, servicios personalizados, equipos de producci\u00f3n y servicios posventa, nos esforzamos por brindar soluciones integrales para nuestros clientes.<\/p>\n<p>Autor: lyl.<\/p>","protected":false},"excerpt":{"rendered":"<p>Bucket Cylinder For Kubota Small Excavator U-165 Introduction The bucket cylinder for Kubota small excavator U-165 is a specially designed hydraulic cylinder used to control the movement of the bucket in heavy machinery such as excavators, backhoe loaders, and front-end loaders. Its main function is to enable the bucket to lift, lower, and tilt, making [&hellip;]<\/p>","protected":false},"featured_media":14785,"comment_status":"open","ping_status":"closed","template":"","meta":{"_et_pb_use_builder":"","_et_pb_old_content":"","_et_gb_content_width":""},"product_brand":[],"product_cat":[1494],"product_tag":[1495,1496],"class_list":{"0":"post-15705","1":"product","2":"type-product","3":"status-publish","4":"has-post-thumbnail","6":"product_cat-bucket-cylinders","7":"product_tag-bucket-cylinders","8":"product_tag-hydraulic-cylinders","10":"first","11":"instock","12":"shipping-taxable","13":"product-type-simple"},"amp_enabled":true,"_links":{"self":[{"href":"https:\/\/www.hydraulic-cylinders.net\/es\/wp-json\/wp\/v2\/product\/15705","targetHints":{"allow":["GET"]}}],"collection":[{"href":"https:\/\/www.hydraulic-cylinders.net\/es\/wp-json\/wp\/v2\/product"}],"about":[{"href":"https:\/\/www.hydraulic-cylinders.net\/es\/wp-json\/wp\/v2\/types\/product"}],"replies":[{"embeddable":true,"href":"https:\/\/www.hydraulic-cylinders.net\/es\/wp-json\/wp\/v2\/comments?post=15705"}],"wp:featuredmedia":[{"embeddable":true,"href":"https:\/\/www.hydraulic-cylinders.net\/es\/wp-json\/wp\/v2\/media\/14785"}],"wp:attachment":[{"href":"https:\/\/www.hydraulic-cylinders.net\/es\/wp-json\/wp\/v2\/media?parent=15705"}],"wp:term":[{"taxonomy":"product_brand","embeddable":true,"href":"https:\/\/www.hydraulic-cylinders.net\/es\/wp-json\/wp\/v2\/product_brand?post=15705"},{"taxonomy":"product_cat","embeddable":true,"href":"https:\/\/www.hydraulic-cylinders.net\/es\/wp-json\/wp\/v2\/product_cat?post=15705"},{"taxonomy":"product_tag","embeddable":true,"href":"https:\/\/www.hydraulic-cylinders.net\/es\/wp-json\/wp\/v2\/product_tag?post=15705"}],"curies":[{"name":"wp","href":"https:\/\/api.w.org\/{rel}","templated":true}]}}