{"id":15709,"date":"2025-01-19T14:52:34","date_gmt":"2025-01-19T14:52:34","guid":{"rendered":"https:\/\/www.hydraulic-cylinders.net\/product\/bucket-cylinder-for-takeuchi-small-excavator-tb128fr\/"},"modified":"2025-01-19T14:52:36","modified_gmt":"2025-01-19T14:52:36","slug":"bucket-cylinder-for-takeuchi-small-excavator-tb128fr","status":"publish","type":"product","link":"https:\/\/www.hydraulic-cylinders.net\/es\/producto\/bucket-cylinder-for-takeuchi-small-excavator-tb128fr\/","title":{"rendered":"Cilindro de cuchar\u00f3n para excavadora peque\u00f1a Takeuchi TB128FR"},"content":{"rendered":"<h2>Cilindro de cuchar\u00f3n para excavadora peque\u00f1a Takeuchi TB128FR<\/h2>\n<p>\n  <img decoding=\"async\" src=\"https:\/\/www.hydraulic-cylinders.net\/wp-content\/uploads\/2025\/01\/songte-company-2.webp\" alt=\"Cilindro de cuchar\u00f3n para excavadora peque\u00f1a Takeuchi TB128FR\" \/>\n<\/p>\n<h3>Introducci\u00f3n<\/h3>\n<p>\n  El cilindro del cuchar\u00f3n es un cilindro hidr\u00e1ulico especialmente dise\u00f1ado que se utiliza para controlar el movimiento del cuchar\u00f3n en maquinaria pesada como excavadoras, retroexcavadoras y cargadoras frontales. Su funci\u00f3n principal es permitir la elevaci\u00f3n, el descenso y la inclinaci\u00f3n del cuchar\u00f3n, facilitando diversas tareas de manipulaci\u00f3n de materiales. En un sistema hidr\u00e1ulico, el cilindro del cuchar\u00f3n logra un control preciso del cuchar\u00f3n mediante la variaci\u00f3n de la presi\u00f3n del aceite hidr\u00e1ulico, lo que permite a los operadores manipular cargas pesadas con eficiencia y adaptarse a entornos de trabajo complejos y diversos requisitos operativos.\n<\/p>\n<h3>Caracter\u00edsticas<\/h3>\n<ul>\n<li>\n    <strong>Alta resistencia y durabilidad:<\/strong> Fabricado en acero o aluminio de alta resistencia, el cilindro del cuchar\u00f3n soporta alta presi\u00f3n y cargas pesadas, adapt\u00e1ndose a condiciones de trabajo rigurosas. Su dise\u00f1o tambi\u00e9n considera la resistencia al desgaste y a la corrosi\u00f3n, lo que prolonga su vida \u00fatil.\n  <\/li>\n<li>\n    <strong>Operaci\u00f3n hidr\u00e1ulica eficiente:<\/strong> Al utilizar la presi\u00f3n del aceite hidr\u00e1ulico, el cilindro del cuchar\u00f3n logra acciones suaves de extensi\u00f3n y retracci\u00f3n, lo que permite una respuesta r\u00e1pida a los comandos de control y proporciona poderosas fuerzas de empuje y tracci\u00f3n adecuadas para manipular cargas pesadas y tareas complejas.\n  <\/li>\n<li>\n    <strong>Varios tipos:<\/strong> El cilindro del cuchar\u00f3n puede seleccionarse como de simple efecto (hidr\u00e1ulico en una sola direcci\u00f3n) o de doble efecto (hidr\u00e1ulico en dos direcciones), seg\u00fan los requisitos operativos. Algunos modelos son telesc\u00f3picos, lo que permite una mayor extensi\u00f3n sin aumentar las dimensiones externas, lo que los hace ideales para aplicaciones con espacio limitado.\n  <\/li>\n<li>\n    <strong>Reemplazo perfecto:<\/strong> Nuestros productos pueden reemplazar perfectamente estos cilindros hidr\u00e1ulicos.\n  <\/li>\n<\/ul>\n<p>\n  <img decoding=\"async\" src=\"https:\/\/www.hydraulic-cylinders.net\/wp-content\/uploads\/2025\/01\/songte-cylinder-head-with-all-kinds-excavator-models.webp\" alt=\"Cilindro de cuchar\u00f3n para excavadora peque\u00f1a Takeuchi TB128FR\" \/>\n<\/p>\n<h3>Aplicaciones<\/h3>\n<ul>\n<li>\n    <strong>Equipos de construcci\u00f3n:<\/strong> En las excavadoras, son cruciales para excavar, cargar y mover tierra o escombros. En las retroexcavadoras, el cilindro del cuchar\u00f3n facilita tanto la excavaci\u00f3n como la elevaci\u00f3n.\n  <\/li>\n<li>\n    <strong>Maquinaria agr\u00edcola:<\/strong> Se utiliza en cargadores frontales para recoger, levantar y transportar tierra, heno y otros materiales.\n  <\/li>\n<li>\n    <strong>Excavadoras:<\/strong> El cilindro del cuchar\u00f3n permite realizar acciones de excavaci\u00f3n al permitir que el cuchar\u00f3n penetre en el suelo.\n  <\/li>\n<li>\n    <strong>Cargadores:<\/strong> En los cargadores frontales, ayudan a levantar e inclinar las mercanc\u00edas de manera eficaz.\n  <\/li>\n<\/ul>\n<h3>Consideraciones de dise\u00f1o y criterios de selecci\u00f3n<\/h3>\n<ul>\n<li>\n    <strong>Capacidad de carga:<\/strong> El cilindro del cuchar\u00f3n debe estar dise\u00f1ado para soportar las cargas y presiones previstas.\n  <\/li>\n<li>\n    <strong>Caza de focas:<\/strong> Se utilizan diversos componentes de sellado, como sellos de pist\u00f3n y de v\u00e1stago, para garantizar un sellado adecuado. Est\u00e1n fabricados con materiales resistentes al desgaste como poliuretano y caucho de nitrilo. El cuerpo del cilindro y los extremos roscados se someten a un tratamiento preciso para mejorar la resistencia al desgaste.\n  <\/li>\n<li>\n    <strong>Durabilidad:<\/strong> El cilindro del cuchar\u00f3n est\u00e1 dise\u00f1ado para soportar los rigores de las aplicaciones de trabajo pesado y proporcionar un rendimiento duradero.\n  <\/li>\n<li>\n    <strong>Seguridad:<\/strong> Se tienen en cuenta medidas de seguridad durante el proceso de dise\u00f1o y fabricaci\u00f3n para garantizar un funcionamiento seguro y prevenir accidentes.\n  <\/li>\n<li>\n    <strong>Mantenimiento:<\/strong> La inspecci\u00f3n regular y el mantenimiento preventivo son necesarios para mantener el cilindro del cuchar\u00f3n en \u00f3ptimas condiciones. La lubricaci\u00f3n adecuada y el reemplazo oportuno de sellos y componentes son esenciales.\n  <\/li>\n<\/ul>\n<p>\n  <img decoding=\"async\" src=\"https:\/\/www.hydraulic-cylinders.net\/wp-content\/uploads\/2025\/01\/songte-oil-pipes-and-spare-parts.webp\" alt=\"Cilindro de cuchar\u00f3n para excavadora peque\u00f1a Takeuchi TB128FR\" \/>\n<\/p>\n<h3>Sellado y lubricaci\u00f3n<\/h3>\n<p>\n  El cilindro del cuchar\u00f3n utiliza diversos componentes de sellado, como sellos de pist\u00f3n y de v\u00e1stago, fabricados con materiales resistentes al desgaste como poliuretano y caucho de nitrilo. El cuerpo del cilindro y los extremos roscados se someten a un tratamiento preciso para mejorar la resistencia al desgaste. La lubricaci\u00f3n regular con la cantidad adecuada de aceite hidr\u00e1ulico es necesaria para garantizar un funcionamiento suave y prolongar la vida \u00fatil del cilindro.\n<\/p>\n<h3>Inspecci\u00f3n regular y mantenimiento preventivo<\/h3>\n<ul>\n<li>\n    <strong>Inspecci\u00f3n regular:<\/strong> La inspecci\u00f3n peri\u00f3dica ayuda a identificar posibles problemas y permite un mantenimiento oportuno.\n  <\/li>\n<li>\n    <strong>Lubricaci\u00f3n adecuada:<\/strong> Una lubricaci\u00f3n adecuada es crucial para un rendimiento \u00f3ptimo y para evitar el desgaste prematuro.\n  <\/li>\n<li>\n    <strong>Reemplazo del sello:<\/strong> Revise y reemplace peri\u00f3dicamente los sellos desgastados para mantener un sellado adecuado y evitar fugas.\n  <\/li>\n<li>\n    <strong>Comprobaci\u00f3n de calibraci\u00f3n:<\/strong> Verifique peri\u00f3dicamente la calibraci\u00f3n del cilindro para garantizar un funcionamiento preciso.\n  <\/li>\n<\/ul>\n<p>\n  <img decoding=\"async\" src=\"https:\/\/www.hydraulic-cylinders.net\/wp-content\/uploads\/2025\/01\/songte-chushion-collar.webp\" alt=\"Cilindro de cuchar\u00f3n para excavadora peque\u00f1a Takeuchi TB128FR\" \/>\n<\/p>\n<h3>Consideraciones de seguridad y factores ambientales<\/h3>\n<p>\n  Al utilizar el cilindro de la cuchara, es fundamental seguir las medidas de seguridad para prevenir accidentes y garantizar una operaci\u00f3n segura. El uso correcto del equipo de seguridad y el cumplimiento de las normas de operaci\u00f3n son cruciales. Tambi\u00e9n se deben considerar factores ambientales como la temperatura, la humedad y la exposici\u00f3n a sustancias corrosivas para mantener el rendimiento y la vida \u00fatil del cilindro.\n<\/p>\n<h3>Soluci\u00f3n de problemas y problemas comunes<\/h3>\n<p>\n  Los siguientes son algunos problemas comunes que pueden surgir con el cilindro del cuchar\u00f3n:\n<\/p>\n<ul>\n<li>\n    <strong>Fuga:<\/strong> Verifique si hay fugas en los sellos y conexiones y reemplace cualquier componente defectuoso.\n  <\/li>\n<li>\n    <strong>Rendimiento reducido:<\/strong> Inspeccione el cilindro para detectar cualquier da\u00f1o o desgaste que pueda afectar su funcionamiento y repare o reemplace las piezas necesarias.\n  <\/li>\n<li>\n    <strong>Ruidos inusuales:<\/strong> Investigue y resuelva cualquier ruido inusual durante el funcionamiento, ya que puede indicar un problema con el sistema hidr\u00e1ulico o el cilindro.\n  <\/li>\n<li>\n    <strong>Operaci\u00f3n lenta:<\/strong> Revise el sistema hidr\u00e1ulico para detectar cualquier problema que pueda estar causando un funcionamiento lento, como niveles bajos de l\u00edquido o una v\u00e1lvula de control defectuosa.\n  <\/li>\n<\/ul>\n<h3>Consejos y soluciones de mantenimiento<\/h3>\n<p>\n  Los siguientes consejos de mantenimiento pueden ayudar a diagnosticar y resolver eficazmente problemas con el cilindro del cuchar\u00f3n, as\u00ed como a prevenir posibles problemas:\n<\/p>\n<ul>\n<li>\n    <strong>Instalaci\u00f3n correcta:<\/strong> Proporcione la gu\u00eda adecuada para alinear el cilindro durante la instalaci\u00f3n. Se recomienda utilizar soportes de montaje adecuados para asegurar el cilindro.\n  <\/li>\n<li>\n    <strong>Procedimientos recomendados de inspecci\u00f3n, reparaci\u00f3n y reemplazo:<\/strong> Proporcionar pautas para la inspecci\u00f3n, reparaci\u00f3n y reemplazo de componentes. Ofrecer servicios de reemplazo y reconstrucci\u00f3n de piezas para prolongar la vida \u00fatil del cilindro del cuchar\u00f3n.\n  <\/li>\n<li>\n    <strong>Mejorando la esperanza de vida:<\/strong> Compartir consejos y t\u00e9cnicas para maximizar la longevidad del cilindro del cuchar\u00f3n, como el mantenimiento regular, la lubricaci\u00f3n adecuada y el ajuste correcto.\n  <\/li>\n<\/ul>\n<p>\n  <img","protected":false},"excerpt":{"rendered":"<p>Bucket Cylinder For Takeuchi Small Excavator TB128FR Introduction The bucket cylinder is a specially designed hydraulic cylinder used to control the movement of the bucket in heavy machinery such as excavators, backhoe loaders, and front-end loaders. Its main function is to enable the lifting, lowering, and tilting of the bucket, facilitating various material handling tasks. [&hellip;]<\/p>","protected":false},"featured_media":14778,"comment_status":"open","ping_status":"closed","template":"","meta":{"_et_pb_use_builder":"","_et_pb_old_content":"","_et_gb_content_width":""},"product_brand":[],"product_cat":[1494],"product_tag":[1495,1496],"class_list":{"0":"post-15709","1":"product","2":"type-product","3":"status-publish","4":"has-post-thumbnail","6":"product_cat-bucket-cylinders","7":"product_tag-bucket-cylinders","8":"product_tag-hydraulic-cylinders","10":"first","11":"instock","12":"shipping-taxable","13":"product-type-simple"},"amp_enabled":true,"_links":{"self":[{"href":"https:\/\/www.hydraulic-cylinders.net\/es\/wp-json\/wp\/v2\/product\/15709","targetHints":{"allow":["GET"]}}],"collection":[{"href":"https:\/\/www.hydraulic-cylinders.net\/es\/wp-json\/wp\/v2\/product"}],"about":[{"href":"https:\/\/www.hydraulic-cylinders.net\/es\/wp-json\/wp\/v2\/types\/product"}],"replies":[{"embeddable":true,"href":"https:\/\/www.hydraulic-cylinders.net\/es\/wp-json\/wp\/v2\/comments?post=15709"}],"wp:featuredmedia":[{"embeddable":true,"href":"https:\/\/www.hydraulic-cylinders.net\/es\/wp-json\/wp\/v2\/media\/14778"}],"wp:attachment":[{"href":"https:\/\/www.hydraulic-cylinders.net\/es\/wp-json\/wp\/v2\/media?parent=15709"}],"wp:term":[{"taxonomy":"product_brand","embeddable":true,"href":"https:\/\/www.hydraulic-cylinders.net\/es\/wp-json\/wp\/v2\/product_brand?post=15709"},{"taxonomy":"product_cat","embeddable":true,"href":"https:\/\/www.hydraulic-cylinders.net\/es\/wp-json\/wp\/v2\/product_cat?post=15709"},{"taxonomy":"product_tag","embeddable":true,"href":"https:\/\/www.hydraulic-cylinders.net\/es\/wp-json\/wp\/v2\/product_tag?post=15709"}],"curies":[{"name":"wp","href":"https:\/\/api.w.org\/{rel}","templated":true}]}}