{"id":15710,"date":"2025-01-19T14:52:38","date_gmt":"2025-01-19T14:52:38","guid":{"rendered":"https:\/\/www.hydraulic-cylinders.net\/product\/bucket-cylinder-for-takeuchi-small-excavator-tb153fr\/"},"modified":"2025-01-19T14:52:40","modified_gmt":"2025-01-19T14:52:40","slug":"bucket-cylinder-for-takeuchi-small-excavator-tb153fr","status":"publish","type":"product","link":"https:\/\/www.hydraulic-cylinders.net\/es\/producto\/bucket-cylinder-for-takeuchi-small-excavator-tb153fr\/","title":{"rendered":"Cilindro de cuchar\u00f3n para excavadora peque\u00f1a Takeuchi TB153FR"},"content":{"rendered":"<h2>Cilindro de cuchar\u00f3n para excavadora peque\u00f1a Takeuchi TB153FR<\/h2>\n<h3>Introducci\u00f3n<\/h3>\n<p>Un cilindro de cuchar\u00f3n es un cilindro hidr\u00e1ulico de dise\u00f1o espec\u00edfico que se utiliza principalmente para controlar el movimiento del cuchar\u00f3n en maquinaria pesada, como excavadoras, retroexcavadoras y cargadoras frontales. Su funci\u00f3n principal es permitir que el cuchar\u00f3n se eleve, baje e incline, facilitando diversas tareas de manipulaci\u00f3n de materiales. En el sistema hidr\u00e1ulico, el cilindro del cuchar\u00f3n controla con precisi\u00f3n los movimientos del cuchar\u00f3n mediante los cambios de presi\u00f3n del aceite hidr\u00e1ulico, lo que permite a los operadores manipular cargas pesadas con eficiencia y adaptarse a entornos de trabajo complejos y a diversos requisitos.<\/p>\n<p><img decoding=\"async\" src=\"https:\/\/www.hydraulic-cylinders.net\/wp-content\/uploads\/2025\/01\/songte-company-2.webp\"><\/p>\n<h3>Caracter\u00edsticas del producto<\/h3>\n<ul>\n<li>Alta resistencia y durabilidad: generalmente hecho de acero o aluminio de alta resistencia, puede soportar alta presi\u00f3n y cargas pesadas, adaptarse a entornos de trabajo hostiles y est\u00e1 dise\u00f1ado con resistencia al desgaste y a la corrosi\u00f3n para extender su vida \u00fatil.<\/li>\n<li>Operaci\u00f3n hidr\u00e1ulica eficiente: Los movimientos telesc\u00f3picos suaves se logran con la ayuda de la presi\u00f3n del aceite hidr\u00e1ulico, lo que permite una respuesta r\u00e1pida a los comandos de control, proporciona una poderosa fuerza de empuje y tracci\u00f3n y es adecuado para manipular cargas pesadas y tareas laborales complejas.<\/li>\n<li>Diversos tipos: Se pueden seleccionar cilindros de simple efecto (hidr\u00e1ulicos en una sola direcci\u00f3n) o de doble efecto (hidr\u00e1ulicos en ambas direcciones) seg\u00fan las necesidades operativas. Algunos modelos son telesc\u00f3picos, lo que permite una mayor extensi\u00f3n sin aumentar las dimensiones externas, ideal para aplicaciones con espacio limitado.<\/li>\n<li>Producto reemplazable: Nuestros productos pueden reemplazar perfectamente estos cilindros hidr\u00e1ulicos.<\/li>\n<\/ul>\n<p><img decoding=\"async\" src=\"https:\/\/www.hydraulic-cylinders.net\/wp-content\/uploads\/2025\/01\/songte-cylinder-head-with-all-kinds-excavator-models.webp\"><\/p>\n<h3>Aplicaci\u00f3n del cilindro de cubo<\/h3>\n<p>Los cilindros de cangilones se utilizan ampliamente en diversas maquinarias pesadas, entre las que se incluyen:<\/p>\n<ul>\n<li>Equipos de construcci\u00f3n: En las excavadoras, son esenciales para excavar, cargar y mover tierra o escombros. En las retroexcavadoras, los cilindros del cuchar\u00f3n ayudan tanto en la excavaci\u00f3n como en la elevaci\u00f3n. <\/li>\n<li>Maquinaria agr\u00edcola: Se utiliza en cargadores frontales para recoger, levantar y transportar tierra, heno y otros materiales. <\/li>\n<li>Excavadoras: Los cilindros del cuchar\u00f3n permiten realizar excavaciones al facilitar la penetraci\u00f3n del cuchar\u00f3n en el suelo.<\/li>\n<li>Cargadores: En los cargadores frontales, ayudan a levantar e inclinar las mercanc\u00edas de manera eficaz. <\/li>\n<\/ul>\n<p>Echemos un vistazo m\u00e1s de cerca a cada aplicaci\u00f3n:<\/p>\n<h4>Equipos de construcci\u00f3n<\/h4>\n<p>En las excavadoras, los cilindros del cuchar\u00f3n son uno de los componentes m\u00e1s importantes. Desempe\u00f1an un papel fundamental en la excavaci\u00f3n, la carga y el movimiento de tierra o escombros. <\/p>\n<h4>Maquinaria agr\u00edcola<\/h4>\n<p>Los cilindros de cuchar\u00f3n se utilizan com\u00fanmente en maquinaria agr\u00edcola para facilitar diversas tareas de manipulaci\u00f3n de materiales. Se emplean en cargadoras frontales para recoger, levantar y transportar tierra, heno y otros materiales. <\/p>\n<h4>excavadoras<\/h4>\n<p>Los cilindros del cuchar\u00f3n facilitan la excavaci\u00f3n al permitir que el cuchar\u00f3n penetre en el suelo. Son una parte esencial de cualquier excavadora. <\/p>\n<h4>Cargadores<\/h4>\n<p>Los cilindros de la cuchara desempe\u00f1an un papel fundamental en las cargadoras frontales. Ayudan a elevar e inclinar las mercanc\u00edas eficazmente.<\/p>\n<h3>Consideraciones de dise\u00f1o y criterios de selecci\u00f3n<\/h3>\n<p>Al dise\u00f1ar cilindros de cangilones, se deben considerar varios factores cr\u00edticos:<\/p>\n<ul>\n<li>Capacidad de carga: Los cilindros de los cangilones deben ser capaces de soportar altas cargas y presiones. <\/li>\n<li>Sellado: Los cilindros de cangilones requieren un excelente rendimiento de sellado para evitar fugas y garantizar un funcionamiento confiable.<\/li>\n<li>Durabilidad: Se espera que los cilindros de cangilones funcionen en entornos hostiles y deben ser duraderos y robustos. <\/li>\n<li>Seguridad: Los cilindros de los cangilones deben dise\u00f1arse teniendo en cuenta la seguridad, garantizando que no representen ning\u00fan riesgo para los operadores ni para el entorno circundante.<\/li>\n<li>Mantenimiento: Los cilindros de los cangilones deben ser f\u00e1ciles de mantener y reparar, reduciendo el tiempo de inactividad y los costos de mantenimiento.<\/li>\n<\/ul>\n<p><img decoding=\"async\" src=\"https:\/\/www.hydraulic-cylinders.net\/wp-content\/uploads\/2025\/01\/songte-oil-pipes-and-spare-parts.webp\"><\/p>\n<h3>Sellado y lubricaci\u00f3n<\/h3>\n<p>Los cilindros de cangilones utilizan diversos componentes de sellado, como sellos de pist\u00f3n y de v\u00e1stago, seleccionados seg\u00fan su resistencia al desgaste y al calor. Estos componentes suelen estar fabricados con materiales como poliuretano y caucho de nitrilo. El cuerpo del cilindro y las superficies roscadas de los extremos se procesan con precisi\u00f3n para mejorar la resistencia al desgaste. La lubricaci\u00f3n regular con aceite hidr\u00e1ulico es esencial para el correcto funcionamiento del cilindro de cangilones y prolongar su vida \u00fatil.<\/p>\n<h3>Mantenimiento y reparaci\u00f3n<\/h3>\n<p>Para realizar el mantenimiento de los cilindros del cuchar\u00f3n, se recomienda realizar peri\u00f3dicamente las siguientes tareas:<\/p>\n<ul>\n<li>Compruebe si hay fugas y sellos da\u00f1ados<\/li>\n<li>Aseg\u00farese de que los puntos de montaje del cilindro del cuchar\u00f3n est\u00e9n seguros<\/li>\n<li>Revise las mangueras hidr\u00e1ulicas para detectar signos de da\u00f1o o desgaste.<\/li>\n<\/ul>\n<p>Una instalaci\u00f3n, lubricaci\u00f3n y ajuste adecuados son esenciales para garantizar el correcto funcionamiento del cilindro del cuchar\u00f3n y prolongar su vida \u00fatil. Utilice una alineaci\u00f3n correcta y soportes de montaje adecuados para asegurar el cilindro.<\/p>\n<p><img decoding=\"async\" src=\"https:\/\/www.hydraulic-cylinders.net\/wp-content\/uploads\/2025\/01\/songte-chushion-collar.webp\"><\/p>\n<h3>Consideraciones de seguridad y factores ambientales<\/h3>\n<p>La seguridad es fundamental al trabajar con cilindros de cangilones. Los operadores deben seguir las normas de seguridad y usar el equipo de protecci\u00f3n personal adecuado al trabajar con ellos. <\/p>\n<p>Los cilindros de cangilones est\u00e1n dise\u00f1ados teniendo en cuenta el medio ambiente y deben cumplir con las normas y regulaciones ambientales. <\/p>\n<h3>Diagn\u00f3stico de fallas y soluci\u00f3n de problemas<\/h3>\n<p>En caso de falla del cilindro del cuchar\u00f3n, se pueden tomar los siguientes pasos para solucionar problemas:<\/p>\n<ul>\n<li>Compruebe si hay fugas y signos de da\u00f1os o desgaste en los componentes de sellado.<\/li>\n<li>Revise las mangueras hidr\u00e1ulicas para detectar signos de da\u00f1o o desgaste.<\/li>\n<li>Compruebe que los puntos de montaje no est\u00e9n da\u00f1ados ni flojos.<\/li>\n<\/ul>\n<p>Las medidas preventivas, como el mantenimiento regular y la instalaci\u00f3n adecuada, pueden ayudar a minimizar posibles problemas.<\/p>\n<p><img decoding=\"async\" src=\"https:\/\/www.hydraulic-cylinders.net\/wp-content\/uploads\/2025\/01\/songte-bushings-with-all-kinds-of-excavator-models.webp\"><\/p>\n<h3>Acerca de nuestra empresa<\/h3>\n<p>Somos fabricantes de cilindros hidr\u00e1ulicos que pueden reemplazar los cilindros hidr\u00e1ulicos tradicionales. Ofrecemos una amplia gama de productos y nos hemos convertido en uno de los principales fabricantes y distribuidores mayoristas de cilindros hidr\u00e1ulicos en el mercado nacional e internacional. Nos adherimos al principio de excelente calidad, nos basamos en la estrategia de gesti\u00f3n de la producci\u00f3n industrial de nuestro taller de fabricaci\u00f3n de alta calidad, mejoramos continuamente nuestra plataforma de fabricaci\u00f3n, mejoramos la calidad de la producci\u00f3n y contamos con una s\u00f3lida capacidad de creaci\u00f3n. Ofrecemos a nuestros clientes productos eficientes, de alta precisi\u00f3n y alta calidad para satisfacer sus diversas necesidades.<\/p>\n<p>Nuestra empresa se caracteriza por nuestra profesionalidad, certificaci\u00f3n internacional, servicio de personalizaci\u00f3n, equipos de producci\u00f3n y servicios postventa. <\/p>\n<p><img decoding=\"async\" src=\"https:\/\/hzpt.com\/wp-content\/uploads\/2024\/11\/songte-company-1.webp\"><\/p>\n<p>Autor: lyl.<\/p>","protected":false},"excerpt":{"rendered":"<p>Bucket Cylinder For Takeuchi Small Excavator TB153FR Introduction A bucket cylinder is a specifically designed hydraulic cylinder primarily used to control the movement of the bucket in heavy machinery such as excavators, backhoes, and front-end loaders. Its main function is to enable the bucket to lift, lower, and tilt, making it easier to handle various [&hellip;]<\/p>","protected":false},"featured_media":14776,"comment_status":"open","ping_status":"closed","template":"","meta":{"_et_pb_use_builder":"","_et_pb_old_content":"","_et_gb_content_width":""},"product_brand":[],"product_cat":[1494],"product_tag":[1495,1496],"class_list":{"0":"post-15710","1":"product","2":"type-product","3":"status-publish","4":"has-post-thumbnail","6":"product_cat-bucket-cylinders","7":"product_tag-bucket-cylinders","8":"product_tag-hydraulic-cylinders","10":"first","11":"instock","12":"shipping-taxable","13":"product-type-simple"},"amp_enabled":true,"_links":{"self":[{"href":"https:\/\/www.hydraulic-cylinders.net\/es\/wp-json\/wp\/v2\/product\/15710","targetHints":{"allow":["GET"]}}],"collection":[{"href":"https:\/\/www.hydraulic-cylinders.net\/es\/wp-json\/wp\/v2\/product"}],"about":[{"href":"https:\/\/www.hydraulic-cylinders.net\/es\/wp-json\/wp\/v2\/types\/product"}],"replies":[{"embeddable":true,"href":"https:\/\/www.hydraulic-cylinders.net\/es\/wp-json\/wp\/v2\/comments?post=15710"}],"wp:featuredmedia":[{"embeddable":true,"href":"https:\/\/www.hydraulic-cylinders.net\/es\/wp-json\/wp\/v2\/media\/14776"}],"wp:attachment":[{"href":"https:\/\/www.hydraulic-cylinders.net\/es\/wp-json\/wp\/v2\/media?parent=15710"}],"wp:term":[{"taxonomy":"product_brand","embeddable":true,"href":"https:\/\/www.hydraulic-cylinders.net\/es\/wp-json\/wp\/v2\/product_brand?post=15710"},{"taxonomy":"product_cat","embeddable":true,"href":"https:\/\/www.hydraulic-cylinders.net\/es\/wp-json\/wp\/v2\/product_cat?post=15710"},{"taxonomy":"product_tag","embeddable":true,"href":"https:\/\/www.hydraulic-cylinders.net\/es\/wp-json\/wp\/v2\/product_tag?post=15710"}],"curies":[{"name":"wp","href":"https:\/\/api.w.org\/{rel}","templated":true}]}}