{"id":15716,"date":"2025-01-19T14:53:03","date_gmt":"2025-01-19T14:53:03","guid":{"rendered":"https:\/\/www.hydraulic-cylinders.net\/product\/bucket-cylinder-for-takeuchi-small-excavator-tb216\/"},"modified":"2025-01-19T14:53:07","modified_gmt":"2025-01-19T14:53:07","slug":"bucket-cylinder-for-takeuchi-small-excavator-tb216","status":"publish","type":"product","link":"https:\/\/www.hydraulic-cylinders.net\/es\/producto\/bucket-cylinder-for-takeuchi-small-excavator-tb216\/","title":{"rendered":"Cilindro de cuchar\u00f3n para excavadora peque\u00f1a Takeuchi TB216"},"content":{"rendered":"<h2>Cilindro de cuchar\u00f3n para excavadora peque\u00f1a Takeuchi TB216<\/h2>\n<h3>Introducci\u00f3n:<\/h3>\n<p>Un cilindro de cuchar\u00f3n es un cilindro hidr\u00e1ulico especialmente dise\u00f1ado que se utiliza principalmente para controlar el movimiento del cuchar\u00f3n en maquinaria pesada como excavadoras, retroexcavadoras y cargadoras frontales. Su funci\u00f3n principal es permitir que el cuchar\u00f3n se eleve, baje e incline, facilitando diversas tareas de manipulaci\u00f3n de materiales. En el sistema hidr\u00e1ulico, el cilindro del cuchar\u00f3n controla con precisi\u00f3n el movimiento del cuchar\u00f3n mediante los cambios de presi\u00f3n del aceite hidr\u00e1ulico, lo que permite a los operadores manipular cargas pesadas con eficiencia y adaptarse a entornos de trabajo complejos y diversas necesidades operativas.<\/p>\n<p><img decoding=\"async\" src=\"https:\/\/www.hydraulic-cylinders.net\/wp-content\/uploads\/2025\/01\/songte-company-2.webp\"><\/p>\n<h3>Caracter\u00edsticas:<\/h3>\n<ul>\n<li>Alta resistencia y durabilidad: generalmente fabricado en acero o aluminio de alta resistencia, puede soportar alta presi\u00f3n y cargas pesadas, adaptarse a entornos de trabajo hostiles y est\u00e1 dise\u00f1ado considerando la resistencia al desgaste y la resistencia a la corrosi\u00f3n, prolongando la vida \u00fatil.<\/li>\n<li>Operaci\u00f3n hidr\u00e1ulica eficiente: Se logran movimientos suaves de extensi\u00f3n y retracci\u00f3n utilizando presi\u00f3n de aceite hidr\u00e1ulico, que puede responder r\u00e1pidamente a los comandos de control, proporcionando poderosas fuerzas de empuje y tracci\u00f3n, adecuadas para manipular cargas pesadas y tareas operativas complejas.<\/li>\n<li>Diversos tipos: Se pueden seleccionar cilindros de simple efecto (hidr\u00e1ulicos en una sola direcci\u00f3n) o de doble efecto (hidr\u00e1ulicos en dos direcciones) seg\u00fan las necesidades operativas. Algunos modelos son telesc\u00f3picos, lo que permite una mayor extensi\u00f3n sin aumentar las dimensiones externas, ideal para aplicaciones con espacio limitado.<\/li>\n<li>F\u00e1cil de reemplazar: Nuestros productos pueden reemplazar perfectamente estos cilindros hidr\u00e1ulicos.<\/li>\n<\/ul>\n<p><img decoding=\"async\" src=\"https:\/\/www.hydraulic-cylinders.net\/wp-content\/uploads\/2025\/01\/songte-cylinder-head-with-all-kinds-excavator-models.webp\"><\/p>\n<h3>Aplicaciones:<\/h3>\n<p>Los cilindros de cangilones se utilizan ampliamente en diversas industrias, entre ellas:<\/p>\n<ul>\n<li>Equipos de construcci\u00f3n: En las excavadoras, son vitales para excavar, cargar y mover tierra o escombros. En las retroexcavadoras, los cilindros del cuchar\u00f3n ayudan en la excavaci\u00f3n y la elevaci\u00f3n. <\/li>\n<li>Maquinaria agr\u00edcola: Utilizadas en cargadores frontales para recoger, levantar y transportar tierra, heno y otros materiales, las excavadoras utilizan cilindros de cuchara para permitir la excavaci\u00f3n al permitir que la cuchara penetre en el suelo. <\/li>\n<li>Cargador: En los cargadores frontales, ayudan a levantar e inclinar la carga de manera eficaz. <\/li>\n<\/ul>\n<h3>Consideraciones de dise\u00f1o y criterios de selecci\u00f3n:<\/h3>\n<p>Al dise\u00f1ar y seleccionar cilindros de cangilones, se deben tener en cuenta varios factores, entre ellos:<\/p>\n<ul>\n<li>Capacidad de carga: Al seleccionar un cilindro para cangil\u00f3n se debe tener en cuenta la capacidad del cilindro para soportar cargas.<\/li>\n<li>Sellado: El uso de diversos sellos, como sellos de pist\u00f3n y sellos de v\u00e1stago hechos de materiales resistentes al desgaste como poliuretano y caucho de nitrilo, garantiza que el cilindro est\u00e9 sellado de manera efectiva.<\/li>\n<li>Durabilidad: La longevidad del cilindro es fundamental, y el cuerpo del cilindro y las superficies de los extremos roscados deben tratarse para mejorar la durabilidad.<\/li>\n<li>Seguridad: Se deben tener en cuenta consideraciones de seguridad al seleccionar cilindros para cangilones, como por ejemplo si el cilindro puede soportar el peso de la carga y si se puede instalar y operar de manera segura.<\/li>\n<li>Mantenibilidad: Se debe considerar la facilidad de mantenimiento y reparaci\u00f3n del cilindro, y el uso de piezas de repuesto y servicios de reconstrucci\u00f3n adecuados pueden prolongar el uso del cilindro.<\/li>\n<\/ul>\n<p><img decoding=\"async\" src=\"https:\/\/www.hydraulic-cylinders.net\/wp-content\/uploads\/2025\/01\/songte-oil-pipes-and-spare-parts.webp\"><\/p>\n<h3>Sellado y lubricaci\u00f3n:<\/h3>\n<p>En los cilindros de cangilones se utilizan diversos sellos, como sellos de pist\u00f3n y de v\u00e1stago, fabricados con materiales resistentes al desgaste como poliuretano y caucho de nitrilo. El cuerpo del cilindro y las superficies roscadas de los extremos reciben un tratamiento para mejorar su durabilidad, y se requiere lubricaci\u00f3n regular para garantizar un funcionamiento suave. Se recomienda utilizar una cantidad adecuada de aceite hidr\u00e1ulico para lubricar el cilindro regularmente.<\/p>\n<h3>Medidas de inspecci\u00f3n y mantenimiento preventivo:<\/h3>\n<p>La inspecci\u00f3n regular y las medidas de mantenimiento preventivo pueden ayudar a prevenir fallas del cilindro y prolongar su vida \u00fatil. Se deben seguir los siguientes procedimientos:<\/p>\n<ul>\n<li>Inspecci\u00f3n regular: inspeccione el cuerpo del cilindro y los sellos para detectar desgaste, verifique si hay fugas de aceite y aseg\u00farese de que el cilindro est\u00e9 correctamente alineado e instalado.<\/li>\n<li>Lubricaci\u00f3n adecuada: Es necesaria una lubricaci\u00f3n regular del cilindro con una cantidad adecuada de aceite hidr\u00e1ulico.<\/li>\n<li>Reemplazo de sellos: reemplace los sellos cuando muestren signos de desgaste para evitar fugas de aceite.<\/li>\n<li>Comprobaciones de calibraci\u00f3n: Compruebe peri\u00f3dicamente la calibraci\u00f3n del cilindro para asegurarse de que funciona correctamente.<\/li>\n<\/ul>\n<p><img decoding=\"async\" src=\"https:\/\/www.hydraulic-cylinders.net\/wp-content\/uploads\/2025\/01\/songte-chushion-collar.webp\"><\/p>\n<h3>Consideraciones de seguridad y factores ambientales:<\/h3>\n<p>Al utilizar cilindros de cangilones, se deben tener en cuenta las consideraciones de seguridad y los factores ambientales para garantizar una operaci\u00f3n segura y ecol\u00f3gica. Se debe realizar una capacitaci\u00f3n adecuada y revisar el equipo para garantizar que el cilindro se opere de forma segura. La eliminaci\u00f3n de los componentes usados \u200b\u200bdel cilindro tambi\u00e9n debe realizarse de forma responsable para minimizar el impacto ambiental.<\/p>\n<h3>Soluci\u00f3n de problemas y problemas comunes:<\/h3>\n<p>Los problemas comunes que pueden surgir con los cilindros de cuchar\u00f3n incluyen fugas de aceite, presi\u00f3n insuficiente y deriva del cilindro. Para resolver estos problemas, es necesario realizar una inspecci\u00f3n y un mantenimiento adecuados. Si el problema persiste, se debe buscar asistencia profesional.<\/p>\n<p><img decoding=\"async\" src=\"https:\/\/www.hydraulic-cylinders.net\/wp-content\/uploads\/2025\/01\/songte-bushings-with-all-kinds-of-excavator-models.webp\"><\/p>\n<h3>Acerca de nuestra empresa:<\/h3>\n<p>Somos un fabricante y distribuidor mayorista l\u00edder de cilindros hidr\u00e1ulicos en los mercados nacional e internacional. Nos adherimos al principio de excelente calidad, bas\u00e1ndonos en la estrategia de gesti\u00f3n de la producci\u00f3n industrial de nuestro taller de alta calidad, la aplicaci\u00f3n de talentos t\u00e9cnicos, equipos de fabricaci\u00f3n digitales de alta gama y sistemas de inspecci\u00f3n profesionales. Nuestra plataforma de producci\u00f3n mejora continuamente la calidad de fabricaci\u00f3n y perfecciona las rutas de producci\u00f3n de calidad del producto, con s\u00f3lidas capacidades de creaci\u00f3n que satisfacen las diversas necesidades de los clientes con alta eficiencia, precisi\u00f3n y calidad.<\/p>\n<p>Ofrecemos servicios personalizados y nuestros productos cuentan con certificaci\u00f3n internacional para cumplir con los m\u00e1s altos est\u00e1ndares de calidad. Proporcionamos equipos de producci\u00f3n y servicios posventa de alta calidad para garantizar que nuestros clientes reciban los mejores productos y servicios.<\/p>\n<p><img decoding=\"async\" src=\"https:\/\/hzpt.com\/wp-content\/uploads\/2024\/11\/songte-company-1.webp\"><\/p>\n<p>Autor: lyl<\/p>","protected":false},"excerpt":{"rendered":"<p>Bucket Cylinder For Takeuchi Small Excavator TB216 Introduction: A bucket cylinder is a specially designed hydraulic cylinder primarily used to control the movement of the bucket in heavy machinery such as excavators, backhoes, and front-end loaders. Its main function is to allow the bucket to lift, lower, and tilt, making it easier to handle various [&hellip;]<\/p>","protected":false},"featured_media":14761,"comment_status":"open","ping_status":"closed","template":"","meta":{"_et_pb_use_builder":"","_et_pb_old_content":"","_et_gb_content_width":""},"product_brand":[],"product_cat":[1494],"product_tag":[1495,1496],"class_list":{"0":"post-15716","1":"product","2":"type-product","3":"status-publish","4":"has-post-thumbnail","6":"product_cat-bucket-cylinders","7":"product_tag-bucket-cylinders","8":"product_tag-hydraulic-cylinders","10":"first","11":"instock","12":"shipping-taxable","13":"product-type-simple"},"amp_enabled":true,"_links":{"self":[{"href":"https:\/\/www.hydraulic-cylinders.net\/es\/wp-json\/wp\/v2\/product\/15716","targetHints":{"allow":["GET"]}}],"collection":[{"href":"https:\/\/www.hydraulic-cylinders.net\/es\/wp-json\/wp\/v2\/product"}],"about":[{"href":"https:\/\/www.hydraulic-cylinders.net\/es\/wp-json\/wp\/v2\/types\/product"}],"replies":[{"embeddable":true,"href":"https:\/\/www.hydraulic-cylinders.net\/es\/wp-json\/wp\/v2\/comments?post=15716"}],"wp:featuredmedia":[{"embeddable":true,"href":"https:\/\/www.hydraulic-cylinders.net\/es\/wp-json\/wp\/v2\/media\/14761"}],"wp:attachment":[{"href":"https:\/\/www.hydraulic-cylinders.net\/es\/wp-json\/wp\/v2\/media?parent=15716"}],"wp:term":[{"taxonomy":"product_brand","embeddable":true,"href":"https:\/\/www.hydraulic-cylinders.net\/es\/wp-json\/wp\/v2\/product_brand?post=15716"},{"taxonomy":"product_cat","embeddable":true,"href":"https:\/\/www.hydraulic-cylinders.net\/es\/wp-json\/wp\/v2\/product_cat?post=15716"},{"taxonomy":"product_tag","embeddable":true,"href":"https:\/\/www.hydraulic-cylinders.net\/es\/wp-json\/wp\/v2\/product_tag?post=15716"}],"curies":[{"name":"wp","href":"https:\/\/api.w.org\/{rel}","templated":true}]}}