{"id":15718,"date":"2025-01-19T14:53:13","date_gmt":"2025-01-19T14:53:13","guid":{"rendered":"https:\/\/www.hydraulic-cylinders.net\/product\/bucket-cylinder-for-case-small-excavator-cx58c\/"},"modified":"2025-01-19T14:53:15","modified_gmt":"2025-01-19T14:53:15","slug":"bucket-cylinder-for-case-small-excavator-cx58c","status":"publish","type":"product","link":"https:\/\/www.hydraulic-cylinders.net\/es\/producto\/bucket-cylinder-for-case-small-excavator-cx58c\/","title":{"rendered":"Cilindro de cuchar\u00f3n para excavadora peque\u00f1a Case CX58C"},"content":{"rendered":"<h2>Cilindro de cuchar\u00f3n para excavadora peque\u00f1a Case CX58C<\/h2>\n<p>Introducci\u00f3n:<\/p>\n<p>El cilindro del cuchar\u00f3n de la excavadora peque\u00f1a Case CX58C es un cilindro hidr\u00e1ulico especializado, dise\u00f1ado para controlar el movimiento del cuchar\u00f3n en maquinaria pesada como excavadoras, retroexcavadoras y cargadoras frontales. Su funci\u00f3n principal es permitir la elevaci\u00f3n, el descenso y la inclinaci\u00f3n del cuchar\u00f3n, facilitando diversas tareas de manipulaci\u00f3n de materiales. En los sistemas hidr\u00e1ulicos, el cilindro del cuchar\u00f3n aprovecha los cambios en la presi\u00f3n del aceite hidr\u00e1ulico para lograr un control preciso del cuchar\u00f3n, lo que permite a los operadores manipular cargas pesadas con eficiencia y adaptarse a entornos de trabajo complejos y a diversos requisitos. <\/p>\n<p><img decoding=\"async\" src=\"https:\/\/www.hydraulic-cylinders.net\/wp-content\/uploads\/2025\/01\/songte-company-2.webp\" alt=\"Imagen del cilindro del cubo\"><\/p>\n<h2>Caracter\u00edsticas:<\/h2>\n<ul>\n<li>Alta resistencia y durabilidad: Fabricado generalmente en acero o aluminio de alta resistencia, el cilindro del cuchar\u00f3n puede soportar alta presi\u00f3n y cargas pesadas, adapt\u00e1ndose a entornos de trabajo hostiles. Su dise\u00f1o considera la resistencia al desgaste y a la corrosi\u00f3n, lo que prolonga su vida \u00fatil.<\/li>\n<li>Operaci\u00f3n hidr\u00e1ulica eficiente: Al aprovechar la presi\u00f3n del aceite hidr\u00e1ulico, el cilindro del cuchar\u00f3n permite movimientos suaves de extensi\u00f3n y retracci\u00f3n, lo que permite una respuesta r\u00e1pida a los comandos de control y proporciona potentes fuerzas de empuje y tracci\u00f3n. Es ideal para manipular cargas pesadas y realizar tareas complejas.<\/li>\n<li>Varios tipos: El cilindro del cuchar\u00f3n puede seleccionarse como de simple efecto (presi\u00f3n hidr\u00e1ulica en una sola direcci\u00f3n) o de doble efecto (presi\u00f3n hidr\u00e1ulica en ambas direcciones) seg\u00fan los requisitos operativos espec\u00edficos. Algunos modelos son telesc\u00f3picos, lo que permite una mayor extensi\u00f3n sin aumentar las dimensiones externas, lo que los hace ideales para aplicaciones con espacio limitado.<\/li>\n<li>Reemplazo perfecto: Nuestros productos pueden sustituir perfectamente estos cilindros hidr\u00e1ulicos, ofreciendo compatibilidad y un rendimiento confiable.<\/li>\n<\/ul>\n<p><img decoding=\"async\" src=\"https:\/\/www.hydraulic-cylinders.net\/wp-content\/uploads\/2025\/01\/songte-cylinder-head-with-all-kinds-excavator-models.webp\" alt=\"Imagen del producto\"><\/p>\n<h2>Aplicaciones:<\/h2>\n<p>Los cilindros de cangilones se utilizan ampliamente en diversas industrias y equipos, entre ellos:<\/p>\n<ul>\n<li>Equipos de construcci\u00f3n: Desempe\u00f1an un papel crucial en las excavadoras para excavar, cargar y mover tierra o escombros. En las retroexcavadoras, el cilindro del cuchar\u00f3n facilita tanto la excavaci\u00f3n como la elevaci\u00f3n.<\/li>\n<li>Maquinaria agr\u00edcola: Se utiliza en cargadoras frontales para recoger, levantar y transportar tierra, heno y otros materiales.<\/li>\n<li>Excavadoras: El cilindro del cuchar\u00f3n permite realizar acciones de excavaci\u00f3n al permitir que el cuchar\u00f3n penetre en el suelo.<\/li>\n<li>Cargadores: En los cargadores frontales, ayudan a levantar y descargar mercanc\u00edas de manera eficaz.<\/li>\n<\/ul>\n<h2>Consideraciones de dise\u00f1o y criterios de selecci\u00f3n:<\/h2>\n<p>Consideraciones de dise\u00f1o:<\/p>\n<ul>\n<li>Capacidad de carga<\/li>\n<li>Caza de focas<\/li>\n<li>Durabilidad<\/li>\n<li>Seguridad<\/li>\n<li>Mantenibilidad<\/li>\n<\/ul>\n<p><img decoding=\"async\" src=\"https:\/\/www.hydraulic-cylinders.net\/wp-content\/uploads\/2025\/01\/songte-oil-pipes-and-spare-parts.webp\" alt=\"Consideraciones de dise\u00f1o Imagen\"><\/p>\n<p>Sellado y lubricaci\u00f3n:<\/p>\n<p>El cilindro del cuchar\u00f3n utiliza diversos sellos, como sellos de pist\u00f3n y de v\u00e1stago, fabricados con materiales resistentes al desgaste como poliuretano y caucho de nitrilo. El cuerpo del cilindro y los extremos roscados se someten a un tratamiento preciso para mejorar la resistencia al desgaste. Se requiere lubricaci\u00f3n regular con el aceite hidr\u00e1ulico adecuado.<\/p>\n<p>Inspecci\u00f3n peri\u00f3dica y medidas de mantenimiento preventivo:<\/p>\n<ul>\n<li>Inspeccione el cilindro y los sellos para detectar desgaste o da\u00f1os.<\/li>\n<li>Lubricaci\u00f3n adecuada de todas las partes m\u00f3viles<\/li>\n<li>Reemplace peri\u00f3dicamente los sellos y realice controles de calibraci\u00f3n.<\/li>\n<\/ul>\n<h2>Consideraciones de seguridad y factores ambientales:<\/h2>\n<p>Garantizar las medidas de seguridad al utilizar cilindros hidr\u00e1ulicos es fundamental. Se deben tomar precauciones para prevenir accidentes y proteger el medio ambiente.<\/p>\n<h2>Diagn\u00f3stico de fallas y problemas comunes:<\/h2>\n<p>El diagn\u00f3stico de fallas y los problemas comunes que pueden ocurrir con los cilindros del cuchar\u00f3n incluyen:<\/p>\n<ul>\n<li>Fuga de aceite hidr\u00e1ulico<\/li>\n<li>Movimiento lento o sin respuesta<\/li>\n<li>Ruido o vibraci\u00f3n excesivos<\/li>\n<li>Movimiento desigual o espasm\u00f3dico<\/li>\n<\/ul>\n<p>Se deben proporcionar sugerencias y soluciones para la resoluci\u00f3n de problemas con el fin de diagnosticar y resolver problemas de manera eficaz, junto con medidas preventivas para minimizar los problemas potenciales.<\/p>\n<p><img decoding=\"async\" src=\"https:\/\/www.hydraulic-cylinders.net\/wp-content\/uploads\/2025\/01\/songte-bushings-with-all-kinds-of-excavator-models.webp\" alt=\"Imagen de diagn\u00f3stico de fallas\"><\/p>\n<p>Gu\u00eda de instalaci\u00f3n:<\/p>\n<p>Una instalaci\u00f3n correcta es crucial para un rendimiento \u00f3ptimo y una larga vida \u00fatil del cilindro del cuchar\u00f3n. Se deben seguir las siguientes pautas:<\/p>\n<ul>\n<li>Aseg\u00farese de que el cilindro est\u00e9 correctamente alineado<\/li>\n<li>Utilice soportes de instalaci\u00f3n adecuados para asegurar el cilindro.<\/li>\n<li>Procedimientos recomendados de inspecci\u00f3n, reparaci\u00f3n y sustituci\u00f3n<\/li>\n<li>Proporcionar consejos para mejorar la vida \u00fatil del cilindro del cuchar\u00f3n.<\/li>\n<\/ul>\n<h2>Acerca de nuestra empresa:<\/h2>\n<p>Somos un fabricante y distribuidor mayorista l\u00edder de cilindros hidr\u00e1ulicos de repuesto en el mercado nacional e internacional. Con una amplia gama de productos, nuestra empresa sigue una estrategia de gesti\u00f3n de producci\u00f3n industrializada, con personal cualificado, equipos de fabricaci\u00f3n avanzados y sistemas de prueba profesionales. Mejoramos continuamente nuestra plataforma de fabricaci\u00f3n y la calidad de nuestros productos, con el objetivo de satisfacer las diversas necesidades de nuestros clientes con alta eficiencia, precisi\u00f3n y calidad.<\/p>\n<p><img decoding=\"async\" src=\"https:\/\/www.hydraulic-cylinders.net\/wp-content\/uploads\/2025\/01\/songte-company-3.webp\" alt=\"Imagen de la empresa\"><\/p>\n<p>Nuestra empresa es conocida por:<\/p>\n<ul>\n<li>Profesionalismo<\/li>\n<li>Certificaciones internacionales<\/li>\n<li>Servicios de personalizaci\u00f3n<\/li>\n<li>Equipos de producci\u00f3n avanzados<\/li>\n<li>Servicio posventa<\/li>\n<\/ul>\n<p>Autor: lyl<\/p>","protected":false},"excerpt":{"rendered":"<p>Bucket Cylinder For Case Small Excavator CX58C Introduction: The bucket cylinder for the Case Small Excavator CX58C is a specialized hydraulic cylinder designed to control the movement of the bucket in heavy machinery such as excavators, backhoe loaders, and front-end loaders. Its main function is to enable the lifting, lowering, and tilting of the bucket, [&hellip;]<\/p>","protected":false},"featured_media":14788,"comment_status":"open","ping_status":"closed","template":"","meta":{"_et_pb_use_builder":"","_et_pb_old_content":"","_et_gb_content_width":""},"product_brand":[],"product_cat":[1494],"product_tag":[1495,1496],"class_list":{"0":"post-15718","1":"product","2":"type-product","3":"status-publish","4":"has-post-thumbnail","6":"product_cat-bucket-cylinders","7":"product_tag-bucket-cylinders","8":"product_tag-hydraulic-cylinders","10":"first","11":"instock","12":"shipping-taxable","13":"product-type-simple"},"amp_enabled":true,"_links":{"self":[{"href":"https:\/\/www.hydraulic-cylinders.net\/es\/wp-json\/wp\/v2\/product\/15718","targetHints":{"allow":["GET"]}}],"collection":[{"href":"https:\/\/www.hydraulic-cylinders.net\/es\/wp-json\/wp\/v2\/product"}],"about":[{"href":"https:\/\/www.hydraulic-cylinders.net\/es\/wp-json\/wp\/v2\/types\/product"}],"replies":[{"embeddable":true,"href":"https:\/\/www.hydraulic-cylinders.net\/es\/wp-json\/wp\/v2\/comments?post=15718"}],"wp:featuredmedia":[{"embeddable":true,"href":"https:\/\/www.hydraulic-cylinders.net\/es\/wp-json\/wp\/v2\/media\/14788"}],"wp:attachment":[{"href":"https:\/\/www.hydraulic-cylinders.net\/es\/wp-json\/wp\/v2\/media?parent=15718"}],"wp:term":[{"taxonomy":"product_brand","embeddable":true,"href":"https:\/\/www.hydraulic-cylinders.net\/es\/wp-json\/wp\/v2\/product_brand?post=15718"},{"taxonomy":"product_cat","embeddable":true,"href":"https:\/\/www.hydraulic-cylinders.net\/es\/wp-json\/wp\/v2\/product_cat?post=15718"},{"taxonomy":"product_tag","embeddable":true,"href":"https:\/\/www.hydraulic-cylinders.net\/es\/wp-json\/wp\/v2\/product_tag?post=15718"}],"curies":[{"name":"wp","href":"https:\/\/api.w.org\/{rel}","templated":true}]}}