{"id":15720,"date":"2025-01-19T14:53:21","date_gmt":"2025-01-19T14:53:21","guid":{"rendered":"https:\/\/www.hydraulic-cylinders.net\/product\/bucket-cylinder-for-case-small-excavator-cx130b\/"},"modified":"2025-01-19T14:53:26","modified_gmt":"2025-01-19T14:53:26","slug":"bucket-cylinder-for-case-small-excavator-cx130b","status":"publish","type":"product","link":"https:\/\/www.hydraulic-cylinders.net\/es\/producto\/bucket-cylinder-for-case-small-excavator-cx130b\/","title":{"rendered":"Cilindro de cuchar\u00f3n para excavadora peque\u00f1a Case CX130B"},"content":{"rendered":"<h1>Cilindro de cuchar\u00f3n para excavadora peque\u00f1a Case CX130B<\/h1>\n<h2>Introducci\u00f3n<\/h2>\n<p>El cilindro del cuchar\u00f3n para la excavadora peque\u00f1a Case CX130B es un tipo de cilindro hidr\u00e1ulico especializado que controla el movimiento de los cucharones de las excavadoras. Se utiliza com\u00fanmente en maquinaria pesada, como excavadoras, retroexcavadoras y cargadoras frontales. Su funci\u00f3n principal es elevar, bajar e inclinar el cuchar\u00f3n para diversas tareas de manipulaci\u00f3n de materiales. En el sistema hidr\u00e1ulico, el cilindro del cuchar\u00f3n aprovecha los cambios en la presi\u00f3n del aceite hidr\u00e1ulico para lograr un control preciso del cuchar\u00f3n, lo que permite a los operadores manipular cargas pesadas con eficiencia y adaptarse a entornos de trabajo complejos y a diversos requisitos.<\/p>\n<p><img decoding=\"async\" src=\"https:\/\/www.hydraulic-cylinders.net\/wp-content\/uploads\/2025\/01\/songte-company-2.webp\" alt=\"Cilindro de cuchar\u00f3n para excavadora peque\u00f1a Case CX130B\"\/><\/p>\n<h2>Caracter\u00edsticas<\/h2>\n<ul>\n<li>Alta resistencia y durabilidad: generalmente fabricado en acero o aluminio de alta resistencia, capaz de soportar alta presi\u00f3n y cargas pesadas, adecuado para entornos de trabajo hostiles, dise\u00f1ado teniendo en cuenta la resistencia al desgaste y la resistencia a la corrosi\u00f3n, lo que extiende la vida \u00fatil.<\/li>\n<li>Operaci\u00f3n hidr\u00e1ulica eficiente: utiliza presi\u00f3n de aceite hidr\u00e1ulico para lograr movimientos suaves de extensi\u00f3n y contracci\u00f3n, capaz de responder r\u00e1pidamente a los comandos de control, proporcionando una fuerte fuerza de empuje y tracci\u00f3n, adecuado para manipular cargas pesadas y tareas laborales complejas.<\/li>\n<li>Se pueden seleccionar varios tipos: cilindros de simple efecto (hidr\u00e1ulicamente en una sola direcci\u00f3n) o de doble efecto (hidr\u00e1ulicamente en dos direcciones) seg\u00fan sea necesario para satisfacer diferentes requisitos operativos. Algunos modelos son telesc\u00f3picos, lo que permite una mayor extensi\u00f3n sin aumentar las dimensiones externas, ideal para aplicaciones con espacio limitado.<\/li>\n<li>Reemplazo perfecto: el producto de nuestra empresa puede reemplazar perfectamente estos cilindros hidr\u00e1ulicos y el producto es personalizable.<\/li>\n<\/ul>\n<p><img decoding=\"async\" src=\"https:\/\/www.hydraulic-cylinders.net\/wp-content\/uploads\/2025\/01\/songte-cylinder-head-with-all-kinds-excavator-models.webp\" alt=\"Cilindro de cuchar\u00f3n para excavadora peque\u00f1a Case CX130B\"\/><\/p>\n<h2>Aplicaciones<\/h2>\n<p>El cilindro del cuchar\u00f3n para la excavadora peque\u00f1a Case CX130B tiene diversas aplicaciones en diferentes industrias, entre ellas:<\/p>\n<ul>\n<li>Equipos de construcci\u00f3n: En las excavadoras, son esenciales para excavar, cargar y mover tierra o escombros. En las retroexcavadoras, el cilindro del cuchar\u00f3n facilita tanto la excavaci\u00f3n como la elevaci\u00f3n. <\/li>\n<li>Maquinaria agr\u00edcola: se utiliza para cargadoras frontales, para recoger, levantar y transportar tierra, heno y otros materiales. <\/li>\n<li>Excavadoras: el cilindro del cuchar\u00f3n permite la acci\u00f3n de excavaci\u00f3n al permitir que el cuchar\u00f3n penetre en el suelo.<\/li>\n<li>Cargadores: en los cargadores frontales, ayudan a levantar y descargar mercanc\u00edas de manera eficaz.<\/li>\n<\/ul>\n<h2>Consideraciones de dise\u00f1o y criterios de selecci\u00f3n<\/h2>\n<p>El dise\u00f1o del cilindro del cuchar\u00f3n de la excavadora peque\u00f1a Case CX130B es fundamental para su rendimiento y durabilidad. Las siguientes consideraciones de dise\u00f1o son cruciales:<\/p>\n<ul>\n<li>Capacidad de carga: El cilindro debe tener suficiente capacidad de carga para soportar el peso de la carga que maneja.<\/li>\n<li>Sellado: El cilindro debe estar sellado para evitar cualquier fuga de fluido hidr\u00e1ulico y evitar contaminaci\u00f3n desde el exterior. <\/li>\n<li>Durabilidad: El cilindro debe soportar el duro entorno de trabajo, resistir el desgaste y la corrosi\u00f3n y tener una larga vida \u00fatil.<\/li>\n<li>Seguridad: El cilindro debe estar dise\u00f1ado para garantizar un funcionamiento seguro y evitar accidentes.<\/li>\n<li>Mantenibilidad: El cilindro debe ser f\u00e1cil de mantener y reparar para mantenerlo en buenas condiciones de funcionamiento.<\/li>\n<\/ul>\n<p><img decoding=\"async\" src=\"https:\/\/www.hydraulic-cylinders.net\/wp-content\/uploads\/2025\/01\/songte-oil-pipes-and-spare-parts.webp\" alt=\"Cilindro de cuchar\u00f3n para excavadora peque\u00f1a Case CX130B\"\/><\/p>\n<h2>Sellado y lubricaci\u00f3n<\/h2>\n<p>El cilindro del cuchar\u00f3n de la excavadora peque\u00f1a Case CX130B utiliza diversos componentes de sellado, como sellos de pist\u00f3n y de v\u00e1stago, fabricados con materiales resistentes al desgaste como poliuretano y caucho de nitrilo. El cuerpo del cilindro y la superficie del extremo roscado se someten a un procesamiento fino para mejorar la resistencia al desgaste. Es necesaria una lubricaci\u00f3n regular con un aceite hidr\u00e1ulico adecuado para mantener un funcionamiento suave y prolongar la vida \u00fatil del cilindro.<\/p>\n<h2>Inspecci\u00f3n y mantenimiento preventivo<\/h2>\n<p>La inspecci\u00f3n regular y el mantenimiento preventivo son esenciales para garantizar el rendimiento \u00f3ptimo y la larga vida \u00fatil del cilindro del cuchar\u00f3n de la excavadora peque\u00f1a Case CX130B. Las tareas de mantenimiento m\u00e1s comunes incluyen:<\/p>\n<ul>\n<li>Inspecci\u00f3n peri\u00f3dica para comprobar si hay fugas, da\u00f1os o desgaste.<\/li>\n<li>Lubricaci\u00f3n adecuada para mantener el cilindro funcionando sin problemas.<\/li>\n<li>Reemplazo de sellos y controles de calibraci\u00f3n seg\u00fan sea necesario para mantener el funcionamiento adecuado.<\/li>\n<\/ul>\n<p>Una instalaci\u00f3n correcta es esencial para el rendimiento \u00f3ptimo del cilindro del cuchar\u00f3n de la excavadora peque\u00f1a Case CX130B. Es fundamental alinear el cilindro correctamente y utilizar los soportes de instalaci\u00f3n adecuados para fijarlo en su lugar. Recomendamos seguir nuestros procedimientos recomendados de inspecci\u00f3n, reparaci\u00f3n y reemplazo para garantizar la longevidad del cilindro.<\/p>\n<p><img decoding=\"async\" src=\"https:\/\/www.hydraulic-cylinders.net\/wp-content\/uploads\/2025\/01\/songte-chushion-collar.webp\" alt=\"Cilindro de cuchar\u00f3n para excavadora peque\u00f1a Case CX130B\"\/><\/p>\n<h2>Consideraciones de seguridad y factores ambientales<\/h2>\n<p>Al utilizar el cilindro del cuchar\u00f3n para la excavadora peque\u00f1a Case CX130B, es fundamental seguir las precauciones de seguridad adecuadas para evitar accidentes. El mantenimiento regular es necesario para minimizar el impacto ambiental y garantizar la eliminaci\u00f3n segura del cilindro al final de su vida \u00fatil.<\/p>\n<h2>Soluci\u00f3n de problemas y problemas comunes<\/h2>\n<p>Los problemas comunes con el cilindro del cuchar\u00f3n de la excavadora peque\u00f1a Case CX130B incluyen fugas, da\u00f1os y mal funcionamiento causados \u200b\u200bpor una instalaci\u00f3n incorrecta, falta de mantenimiento o desgaste. La inspecci\u00f3n y el mantenimiento regulares pueden prevenir la mayor\u00eda de los problemas. Si el cilindro falla, nuestros consejos y soluciones recomendadas pueden ayudar a diagnosticar y resolver los problemas eficazmente. Tambi\u00e9n ofrecemos medidas preventivas para minimizar posibles problemas.<\/p>\n<p><img decoding=\"async\" src=\"https:\/\/www.hydraulic-cylinders.net\/wp-content\/uploads\/2025\/01\/songte-bushings-with-all-kinds-of-excavator-models.webp\" alt=\"Cilindro de cuchar\u00f3n para excavadora peque\u00f1a Case CX130B\"\/><\/p>\n<h2>Acerca de nuestra empresa<\/h2>\n<p>?????????\u04ba\u0479?\u05f5???????,??\u02fe??\u01b7??????\u022b,??\u03aa?????????\u0433??????\u0235?\u04ba\u0479?\u05f5??????\u033a??????????\u05ae\u04bb????????\u046d\u05ff\u05bd\u01b7?\u02a3????\u043e?\u03f8?????\uccf5??\u0132?\u04b5?????????? ??\u02f2\u0161????\u05bb??\u0192??????\u8c78?ferred?\u05e8\u04b5???\u03f5\u0373?????????\u03e3?????????????????????\u01bd\u0328???\u01b2?\u01b7\u01b7?\u02bb? ????\u00b7?\u0192???\u05b5?????\u06fa?\u0134???????????\u0434?\u0427?\u02a3????????????????????????<\/p>\n<p><img decoding=\"async\" src=\"https:\/\/hzpt.com\/wp-content\/uploads\/2024\/11\/songte-company-1.webp\" alt=\"Cilindro de cuchar\u00f3n para excavadora peque\u00f1a Case CX130B\"\/><\/p>\n<p>Nuestra empresa fabrica cilindros hidr\u00e1ulicos alternativos con una gama completa de productos, lo que nos convierte en uno de los principales fabricantes y distribuidores mayoristas de cilindros hidr\u00e1ulicos en el mercado nacional e internacional. Nos esforzamos por ofrecer una calidad excelente, aplicamos estrategias de gesti\u00f3n de producci\u00f3n industrializadas en nuestros sofisticados talleres de fabricaci\u00f3n y mejoramos continuamente nuestra plataforma de fabricaci\u00f3n mediante el uso de talento t\u00e9cnico, equipos de fabricaci\u00f3n digitales de alta gama y sistemas de prueba profesionales. Gracias a nuestra s\u00f3lida capacidad creativa, trabajamos con alta eficiencia, precisi\u00f3n y calidad para satisfacer las diversas necesidades de nuestros clientes. Ofrecemos servicios especializados, certificaciones internacionales, servicios personalizados, equipos de producci\u00f3n avanzados y un excelente servicio posventa para garantizar la satisfacci\u00f3n del cliente.<\/p>\n<p>Autor: lyl<\/p>","protected":false},"excerpt":{"rendered":"<p>Bucket Cylinder For Case Small Excavator CX130B Introduction The Bucket Cylinder for Case Small Excavator CX130B is a type of specialized hydraulic cylinder used to control the movement of excavator buckets. It is commonly used in heavy-duty machinery, such as excavators, backhoe excavators, and front-end loaders. Its main function is to lift, lower, and tilt [&hellip;]<\/p>","protected":false},"featured_media":14785,"comment_status":"open","ping_status":"closed","template":"","meta":{"_et_pb_use_builder":"","_et_pb_old_content":"","_et_gb_content_width":""},"product_brand":[],"product_cat":[1494],"product_tag":[1495,1496],"class_list":{"0":"post-15720","1":"product","2":"type-product","3":"status-publish","4":"has-post-thumbnail","6":"product_cat-bucket-cylinders","7":"product_tag-bucket-cylinders","8":"product_tag-hydraulic-cylinders","10":"first","11":"instock","12":"shipping-taxable","13":"product-type-simple"},"amp_enabled":true,"_links":{"self":[{"href":"https:\/\/www.hydraulic-cylinders.net\/es\/wp-json\/wp\/v2\/product\/15720","targetHints":{"allow":["GET"]}}],"collection":[{"href":"https:\/\/www.hydraulic-cylinders.net\/es\/wp-json\/wp\/v2\/product"}],"about":[{"href":"https:\/\/www.hydraulic-cylinders.net\/es\/wp-json\/wp\/v2\/types\/product"}],"replies":[{"embeddable":true,"href":"https:\/\/www.hydraulic-cylinders.net\/es\/wp-json\/wp\/v2\/comments?post=15720"}],"wp:featuredmedia":[{"embeddable":true,"href":"https:\/\/www.hydraulic-cylinders.net\/es\/wp-json\/wp\/v2\/media\/14785"}],"wp:attachment":[{"href":"https:\/\/www.hydraulic-cylinders.net\/es\/wp-json\/wp\/v2\/media?parent=15720"}],"wp:term":[{"taxonomy":"product_brand","embeddable":true,"href":"https:\/\/www.hydraulic-cylinders.net\/es\/wp-json\/wp\/v2\/product_brand?post=15720"},{"taxonomy":"product_cat","embeddable":true,"href":"https:\/\/www.hydraulic-cylinders.net\/es\/wp-json\/wp\/v2\/product_cat?post=15720"},{"taxonomy":"product_tag","embeddable":true,"href":"https:\/\/www.hydraulic-cylinders.net\/es\/wp-json\/wp\/v2\/product_tag?post=15720"}],"curies":[{"name":"wp","href":"https:\/\/api.w.org\/{rel}","templated":true}]}}