{"id":15721,"date":"2025-01-19T14:53:28","date_gmt":"2025-01-19T14:53:28","guid":{"rendered":"https:\/\/www.hydraulic-cylinders.net\/product\/bucket-cylinder-for-case-middle-excavator-cx210b\/"},"modified":"2025-01-19T14:53:30","modified_gmt":"2025-01-19T14:53:30","slug":"bucket-cylinder-for-case-middle-excavator-cx210b","status":"publish","type":"product","link":"https:\/\/www.hydraulic-cylinders.net\/es\/producto\/bucket-cylinder-for-case-middle-excavator-cx210b\/","title":{"rendered":"Cilindro de cuchara para excavadora Case CX210B (tama\u00f1o mediano)"},"content":{"rendered":"<h1>Cilindro de cuchara para excavadora Case CX210B (tama\u00f1o mediano)<\/h1>\n<h2>Introducci\u00f3n<\/h2>\n<p>El cilindro hidr\u00e1ulico para la excavadora mediana Case CX210B es un cilindro hidr\u00e1ulico de dise\u00f1o especial que se utiliza principalmente para controlar el movimiento de las cucharas en maquinaria pesada como excavadoras, retroexcavadoras y cargadoras frontales. Su funci\u00f3n principal es permitir que la cuchara se eleve, descienda e incline, facilitando as\u00ed diversas tareas de manipulaci\u00f3n de materiales. En el sistema hidr\u00e1ulico, el cilindro hidr\u00e1ulico logra un control preciso de la cuchara mediante la variaci\u00f3n de la presi\u00f3n del aceite hidr\u00e1ulico, lo que permite al operador manipular objetos pesados \u200b\u200bde manera eficiente y adaptarse a entornos de trabajo complejos y a diversos requisitos laborales.<\/p>\n<p><img decoding=\"async\" src=\"https:\/\/www.hydraulic-cylinders.net\/wp-content\/uploads\/2025\/01\/songte-company-2.webp\" alt=\"Cilindro de cuchara para excavadora Case CX210B (tama\u00f1o mediano)\" \/><\/p>\n<h2>Caracter\u00edsticas<\/h2>\n<ul>\n<li>Alta resistencia y durabilidad: Generalmente fabricados en acero o aluminio de alta resistencia, capaces de soportar altas presiones y cargas pesadas, adaptables a entornos de trabajo adversos y dise\u00f1ados teniendo en cuenta la resistencia al desgaste y a la corrosi\u00f3n para prolongar su vida \u00fatil.<\/li>\n<li>Funcionamiento hidr\u00e1ulico eficiente: Utiliza la presi\u00f3n del aceite hidr\u00e1ulico para lograr movimientos suaves de extensi\u00f3n y contracci\u00f3n, capaz de responder r\u00e1pidamente a las \u00f3rdenes de control, proporcionando una potente fuerza de empuje y tracci\u00f3n, adecuada para manipular objetos pesados \u200b\u200by realizar tareas complejas.<\/li>\n<li>Diversos tipos: Se pueden elegir cilindros de simple efecto (hidr\u00e1ulicos utilizados en una sola direcci\u00f3n) o de doble efecto (hidr\u00e1ulicos utilizados en dos direcciones) seg\u00fan las necesidades; algunos modelos son telesc\u00f3picos, lo que permite una mayor extensi\u00f3n sin aumentar las dimensiones externas, adecuados para aplicaciones en espacios reducidos.<\/li>\n<li>Sustituci\u00f3n directa: Nuestro producto puede sustituir perfectamente a estos cilindros hidr\u00e1ulicos.<\/li>\n<\/ul>\n<p><img decoding=\"async\" src=\"https:\/\/www.hydraulic-cylinders.net\/wp-content\/uploads\/2025\/01\/songte-cylinder-head-with-all-kinds-excavator-models.webp\" alt=\"Cilindro de cuchara para excavadora Case CX210B (tama\u00f1o mediano)\" \/><\/p>\n<h2>Aplicaciones<\/h2>\n<p>El cilindro de cangilones se utiliza ampliamente en diversas industrias, entre ellas:<\/p>\n<ul>\n<li>Equipo de construcci\u00f3n: En las excavadoras, son esenciales para excavar, cargar y mover tierra o escombros. En las retroexcavadoras, los cilindros de la cuchara facilitan tanto la excavaci\u00f3n como la elevaci\u00f3n. En las cargadoras frontales, ayudan a levantar e inclinar materiales de manera eficaz.<\/li>\n<li>Maquinaria agr\u00edcola: Se utiliza en cargadoras frontales para recoger, levantar y transportar tierra, heno y otros materiales. En las excavadoras, los cilindros de la cuchara permiten excavar al permitir que la cuchara penetre en el suelo.<\/li>\n<\/ul>\n<h2>Consideraciones de dise\u00f1o y criterios de selecci\u00f3n<\/h2>\n<ul>\n<li>Capacidad de carga: El cilindro hidr\u00e1ulico debe ser capaz de soportar la fuerza de las cargas a las que estar\u00e1 sometido.<\/li>\n<li>Sellado: Los materiales del sello del pist\u00f3n y del sello del v\u00e1stago deben seleccionarse en funci\u00f3n del tipo de aplicaci\u00f3n y para evitar fugas.<\/li>\n<li>Durabilidad: El cilindro debe estar dise\u00f1ado para soportar condiciones de trabajo adversas y para tener buena resistencia al desgaste y a la corrosi\u00f3n.<\/li>\n<li>Seguridad: El cilindro debe dise\u00f1arse para prevenir accidentes y lesiones, y para cumplir con las normas de seguridad pertinentes.<\/li>\n<li>Mantenimiento: El cilindro debe ser f\u00e1cil de mantener y reparar, con piezas de repuesto f\u00e1cilmente disponibles.<\/li>\n<\/ul>\n<p><img decoding=\"async\" src=\"https:\/\/www.hydraulic-cylinders.net\/wp-content\/uploads\/2025\/01\/songte-oil-pipes-and-spare-parts.webp\" alt=\"Cilindro de cuchara para excavadora Case CX210B (tama\u00f1o mediano)\" \/><\/p>\n<h2>Sellado y lubricaci\u00f3n<\/h2>\n<p>El cilindro de la cuchara utiliza diversos componentes de sellado, como juntas de pist\u00f3n y juntas de v\u00e1stago. Estos est\u00e1n fabricados con materiales resistentes al desgaste, como poliuretano y caucho de nitrilo, para garantizar una larga vida \u00fatil. El cuerpo del cilindro y la superficie del extremo roscado reciben un tratamiento especial para mejorar su resistencia al desgaste. La lubricaci\u00f3n se realiza mediante la adici\u00f3n regular de aceite hidr\u00e1ulico en la cantidad adecuada.<\/p>\n<h2>Mantenimiento y reparaci\u00f3n<\/h2>\n<p>Las inspecciones peri\u00f3dicas, la lubricaci\u00f3n adecuada, el reemplazo de sellos y las comprobaciones de calibraci\u00f3n son tareas de mantenimiento comunes para el cilindro de la cuchara. La correcta instalaci\u00f3n y alineaci\u00f3n del cilindro son cruciales. Utilice soportes de instalaci\u00f3n adecuados para asegurar el cilindro. Se proporcionan procedimientos recomendados para la inspecci\u00f3n, reparaci\u00f3n y reemplazo, junto con piezas de repuesto y servicios de reconstrucci\u00f3n para prolongar la vida \u00fatil del cilindro.<\/p>\n<p><img decoding=\"async\" src=\"https:\/\/www.hydraulic-cylinders.net\/wp-content\/uploads\/2025\/01\/songte-chushion-collar.webp\" alt=\"Cilindro de cuchara para excavadora Case CX210B (tama\u00f1o mediano)\" \/><\/p>\n<h2>Consideraciones de seguridad y medio ambiente<\/h2>\n<p>Es fundamental tomar precauciones de seguridad al usar el cilindro de la cuchara. Los operadores deben estar capacitados y seguir las normas de seguridad para prevenir accidentes y lesiones. Las preocupaciones medioambientales pueden abordarse eliminando adecuadamente los materiales y fluidos usados.<\/p>\n<h2>Diagn\u00f3stico y soluci\u00f3n de problemas<\/h2>\n<p>Los problemas m\u00e1s comunes con el cilindro de la cubeta incluyen fugas, presi\u00f3n insuficiente y fallos en su funcionamiento. Estos problemas se pueden diagnosticar y solucionar mediante una inspecci\u00f3n y un mantenimiento adecuados. Las medidas preventivas, como el mantenimiento regular, pueden minimizar los posibles problemas.<\/p>\n<p><img decoding=\"async\" src=\"https:\/\/www.hydraulic-cylinders.net\/wp-content\/uploads\/2025\/01\/songte-bushings-with-all-kinds-of-excavator-models.webp\" alt=\"Cilindro de cuchara para excavadora Case CX210B (tama\u00f1o mediano)\" \/><\/p>\n<h2>Acerca de nuestra empresa<\/h2>\n<p>Somos fabricantes de cilindros hidr\u00e1ulicos de repuesto con una amplia gama de productos, consolid\u00e1ndonos como uno de los principales fabricantes y mayoristas de cilindros hidr\u00e1ulicos en los mercados nacionales e internacionales. Nos regimos por los principios de excelencia en la calidad, nos apoyamos en una estrategia de gesti\u00f3n de producci\u00f3n industrializada con talleres de fabricaci\u00f3n de \u00faltima generaci\u00f3n y mejoramos continuamente nuestra plataforma de fabricaci\u00f3n y perfeccionamos la l\u00ednea de producci\u00f3n para garantizar la calidad del producto. Contamos con personal t\u00e9cnico altamente cualificado, equipos de fabricaci\u00f3n digitales de vanguardia y sistemas de detecci\u00f3n profesionales. Nuestra s\u00f3lida capacidad de innovaci\u00f3n, alta eficiencia, precisi\u00f3n y altos est\u00e1ndares de calidad nos permiten satisfacer las diversas necesidades de nuestros clientes.<\/p>\n<p><img decoding=\"async\" src=\"https:\/\/hzpt.com\/wp-content\/uploads\/2024\/11\/songte-company-1.webp\" alt=\"Cilindro de cuchara para excavadora Case CX210B (tama\u00f1o mediano)\" \/><\/p>\n<h2>Informaci\u00f3n de la empresa<\/h2>\n<ul>\n<li>Profesionalismo: Contamos con un equipo de profesionales experimentados y altamente capacitados en el dise\u00f1o y la fabricaci\u00f3n de cilindros hidr\u00e1ulicos.<\/li>\n<li>Certificaci\u00f3n internacional: Nuestros productos est\u00e1n certificados seg\u00fan est\u00e1ndares internacionales como la ISO 9001, lo que garantiza la calidad del producto.<\/li>\n<li>Personalizaci\u00f3n: Ofrecemos servicios personalizados para satisfacer las necesidades espec\u00edficas de cada cliente.<\/li>\n<li>Equipos de producci\u00f3n: Utilizamos equipos de producci\u00f3n avanzados para garantizar la alta calidad de nuestros productos.<\/li>\n<li>Servicio posventa: Ofrecemos un excelente servicio posventa, que incluye soporte t\u00e9cnico, mantenimiento de productos y servicios de reparaci\u00f3n.<\/li>\n<\/ul>\n<p>Autor: lyl<\/p>","protected":false},"excerpt":{"rendered":"<p>Bucket Cylinder For Case Middle Excavator CX210B Introduction The bucket cylinder for Case middle excavator CX210B is a specially designed hydraulic cylinder that is mainly used for controlling the movement of buckets in heavy machinery such as excavators, backhoe excavators, and front-end loaders. Its main function is to enable the bucket to lift, lower and [&hellip;]<\/p>","protected":false},"featured_media":14784,"comment_status":"open","ping_status":"closed","template":"","meta":{"_et_pb_use_builder":"","_et_pb_old_content":"","_et_gb_content_width":""},"product_brand":[],"product_cat":[1494],"product_tag":[1495,1496],"class_list":{"0":"post-15721","1":"product","2":"type-product","3":"status-publish","4":"has-post-thumbnail","6":"product_cat-bucket-cylinders","7":"product_tag-bucket-cylinders","8":"product_tag-hydraulic-cylinders","10":"first","11":"instock","12":"shipping-taxable","13":"product-type-simple"},"amp_enabled":true,"_links":{"self":[{"href":"https:\/\/www.hydraulic-cylinders.net\/es\/wp-json\/wp\/v2\/product\/15721","targetHints":{"allow":["GET"]}}],"collection":[{"href":"https:\/\/www.hydraulic-cylinders.net\/es\/wp-json\/wp\/v2\/product"}],"about":[{"href":"https:\/\/www.hydraulic-cylinders.net\/es\/wp-json\/wp\/v2\/types\/product"}],"replies":[{"embeddable":true,"href":"https:\/\/www.hydraulic-cylinders.net\/es\/wp-json\/wp\/v2\/comments?post=15721"}],"wp:featuredmedia":[{"embeddable":true,"href":"https:\/\/www.hydraulic-cylinders.net\/es\/wp-json\/wp\/v2\/media\/14784"}],"wp:attachment":[{"href":"https:\/\/www.hydraulic-cylinders.net\/es\/wp-json\/wp\/v2\/media?parent=15721"}],"wp:term":[{"taxonomy":"product_brand","embeddable":true,"href":"https:\/\/www.hydraulic-cylinders.net\/es\/wp-json\/wp\/v2\/product_brand?post=15721"},{"taxonomy":"product_cat","embeddable":true,"href":"https:\/\/www.hydraulic-cylinders.net\/es\/wp-json\/wp\/v2\/product_cat?post=15721"},{"taxonomy":"product_tag","embeddable":true,"href":"https:\/\/www.hydraulic-cylinders.net\/es\/wp-json\/wp\/v2\/product_tag?post=15721"}],"curies":[{"name":"wp","href":"https:\/\/api.w.org\/{rel}","templated":true}]}}