{"id":15723,"date":"2025-01-19T14:53:36","date_gmt":"2025-01-19T14:53:36","guid":{"rendered":"https:\/\/www.hydraulic-cylinders.net\/product\/bucket-cylinder-for-case-middle-excavator-cx220b\/"},"modified":"2025-01-19T14:53:38","modified_gmt":"2025-01-19T14:53:38","slug":"bucket-cylinder-for-case-middle-excavator-cx220b","status":"publish","type":"product","link":"https:\/\/www.hydraulic-cylinders.net\/es\/producto\/bucket-cylinder-for-case-middle-excavator-cx220b\/","title":{"rendered":"Cilindro de cuchar\u00f3n para excavadora intermedia Case CX220B"},"content":{"rendered":"<h2>Cilindro de cuchar\u00f3n para excavadora intermedia Case CX220B<\/h2>\n<p>El cilindro del cuchar\u00f3n para la excavadora intermedia Case CX220B es un cilindro hidr\u00e1ulico dise\u00f1ado espec\u00edficamente para controlar el movimiento del cuchar\u00f3n en maquinaria pesada como excavadoras, retroexcavadoras y cargadoras frontales. Su funci\u00f3n principal es permitir que el cuchar\u00f3n se eleve, baje e incline, facilitando diversas tareas de manipulaci\u00f3n de materiales. En un sistema hidr\u00e1ulico, el cilindro del cuchar\u00f3n logra un control preciso del cuchar\u00f3n mediante el cambio de presi\u00f3n del aceite hidr\u00e1ulico, lo que permite a los operadores manipular cargas pesadas con eficiencia y adaptarse a entornos de trabajo complejos y a diversos requisitos.<\/p>\n<p><img decoding=\"async\" src=\"https:\/\/www.hydraulic-cylinders.net\/wp-content\/uploads\/2025\/01\/songte-company-2.webp\" alt=\"Imagen del cilindro del cubo\"><\/p>\n<h3>Caracter\u00edsticas del cilindro del cuchar\u00f3n para la excavadora intermedia Case CX220B<\/h3>\n<ol>\n<li><strong>Alta resistencia y durabilidad:<\/strong> Generalmente fabricado en acero o aluminio de alta resistencia, soporta alta presi\u00f3n y cargas pesadas, adapt\u00e1ndose a entornos de trabajo hostiles. Su dise\u00f1o considera la resistencia al desgaste y a la corrosi\u00f3n, lo que prolonga su vida \u00fatil.<\/li>\n<li><strong>Operaci\u00f3n hidr\u00e1ulica eficiente:<\/strong> Utilizando la presi\u00f3n del aceite hidr\u00e1ulico, logra acciones suaves de extensi\u00f3n y retracci\u00f3n, brindando una respuesta r\u00e1pida a los comandos de control y entregando poderosas fuerzas de empuje y tracci\u00f3n, adecuadas para manipular cargas pesadas y tareas complejas.<\/li>\n<li><strong>Varios tipos:<\/strong> Los cilindros de cangilones pueden elegirse como de simple efecto (hidr\u00e1ulico en una sola direcci\u00f3n) o de doble efecto (hidr\u00e1ulico en ambas direcciones). Algunos modelos son telesc\u00f3picos, lo que permite una mayor extensi\u00f3n sin aumentar las dimensiones externas, lo que los hace ideales para aplicaciones con espacio limitado.<\/li>\n<li><strong>Reemplazo perfecto:<\/strong> Nuestros productos pueden sustituir perfectamente estos cilindros hidr\u00e1ulicos.<\/li>\n<\/ol>\n<p><img decoding=\"async\" src=\"https:\/\/www.hydraulic-cylinders.net\/wp-content\/uploads\/2025\/01\/songte-cylinder-head-with-all-kinds-excavator-models.webp\" alt=\"Imagen de la aplicaci\u00f3n del cilindro del cubo\"><\/p>\n<h3>Aplicaciones del cilindro de cuchar\u00f3n para la excavadora intermedia Case CX220B<\/h3>\n<ul>\n<li><strong>Equipos de construcci\u00f3n:<\/strong> Se encuentran en las excavadoras y son esenciales para excavar, cargar y mover tierra o escombros. En las retroexcavadoras, el cilindro del cuchar\u00f3n facilita tanto la excavaci\u00f3n como la elevaci\u00f3n.<\/li>\n<li><strong>Maquinaria agr\u00edcola:<\/strong> Se utiliza en cargadores frontales para recoger, levantar y transportar tierra, heno y otros materiales.<\/li>\n<li><strong>Excavadoras:<\/strong> El cilindro del cuchar\u00f3n permite realizar acciones de excavaci\u00f3n al permitir que el cuchar\u00f3n penetre en el suelo.<\/li>\n<li><strong>Cargadores:<\/strong> En los cargadores frontales, ayudan a levantar y descargar mercanc\u00edas de manera eficiente.<\/li>\n<\/ul>\n<h3>Consideraciones de dise\u00f1o y criterios de selecci\u00f3n<\/h3>\n<ol>\n<li><strong>Capacidad de carga:<\/strong> El dise\u00f1o considera la capacidad del cilindro para soportar la carga prevista sin fallar.<\/li>\n<li><strong>Caza de focas:<\/strong> Se utilizan diversos componentes de sellado, como sellos de pist\u00f3n y de v\u00e1stago. Estos sellos est\u00e1n fabricados con materiales resistentes al desgaste, como poliuretano y caucho de nitrilo. El cuerpo del cilindro y los extremos roscados se someten a un meticuloso tratamiento superficial para mejorar la resistencia al desgaste.<\/li>\n<li><strong>Durabilidad:<\/strong> El dise\u00f1o tiene como objetivo garantizar la longevidad del cilindro incluso en condiciones de funcionamiento exigentes.<\/li>\n<li><strong>Seguridad:<\/strong> Se incorporan caracter\u00edsticas de seguridad para prevenir accidentes y garantizar la protecci\u00f3n del operador.<\/li>\n<li><strong>Mantenibilidad:<\/strong> Se tiene en cuenta la facilidad de mantenimiento y reparaci\u00f3n, lo que permite un servicio c\u00f3modo.<\/li>\n<\/ol>\n<p><img decoding=\"async\" src=\"https:\/\/www.hydraulic-cylinders.net\/wp-content\/uploads\/2025\/01\/songte-oil-pipes-and-spare-parts.webp\" alt=\"Imagen de dise\u00f1o de cilindro de cubo\"><\/p>\n<h3>Sellado y lubricaci\u00f3n del cilindro del cuchar\u00f3n<\/h3>\n<p>El cilindro del cuchar\u00f3n utiliza diversos componentes de sellado, como sellos de pist\u00f3n, sellos de v\u00e1stago, etc. Estos sellos se seleccionan de materiales resistentes al desgaste, como poliuretano y caucho de nitrilo. El cuerpo del cilindro y los extremos roscados se someten a un tratamiento de precisi\u00f3n para mejorar la resistencia al desgaste. Es necesaria una lubricaci\u00f3n regular, y se recomienda una cantidad adecuada de aceite hidr\u00e1ulico para su lubricaci\u00f3n.<\/p>\n<h3>Inspecci\u00f3n peri\u00f3dica y medidas de mantenimiento preventivo<\/h3>\n<ul>\n<li>Inspeccione peri\u00f3dicamente el cilindro para detectar cualquier signo de fuga, da\u00f1o o desgaste.<\/li>\n<li>Aseg\u00farese de que todas las partes m\u00f3viles est\u00e9n lubricadas adecuadamente.<\/li>\n<li>Reemplace los sellos y otros componentes desgastados seg\u00fan sea necesario.<\/li>\n<li>Realice comprobaciones de calibraci\u00f3n para garantizar un rendimiento \u00f3ptimo.<\/li>\n<\/ul>\n<h3>Gu\u00eda de instalaci\u00f3n adecuada<\/h3>\n<p>Al instalar el cilindro del cuchar\u00f3n, es importante alinearlo correctamente. Esta alineaci\u00f3n se puede lograr utilizando soportes de instalaci\u00f3n adecuados para fijar el cilindro en su lugar. Se recomienda seguir los procedimientos recomendados de inspecci\u00f3n, reparaci\u00f3n y reemplazo. Tambi\u00e9n ofrecemos repuestos y servicios de reconstrucci\u00f3n para prolongar la vida \u00fatil del cilindro del cuchar\u00f3n.<\/p>\n<p><img decoding=\"async\" src=\"https:\/\/www.hydraulic-cylinders.net\/wp-content\/uploads\/2025\/01\/songte-chushion-collar.webp\" alt=\"Imagen de instalaci\u00f3n del cilindro del cubo\"><\/p>\n<h3>Consideraciones de seguridad y factores ambientales<\/h3>\n<p>Al utilizar el cilindro del cuchar\u00f3n, es importante seguir las medidas de seguridad para prevenir accidentes y garantizar la seguridad del operador. La seguridad siempre debe ser una prioridad al trabajar con equipos hidr\u00e1ulicos.<\/p>\n<h3>Diagn\u00f3stico de fallas y problemas comunes<\/h3>\n<p>En caso de fallos o problemas, es fundamental diagnosticar el problema con precisi\u00f3n. Ofrecer consejos y soluciones para la resoluci\u00f3n de problemas puede ayudar a los lectores a diagnosticarlos y resolverlos eficazmente. Adem\u00e1s, sugerir medidas preventivas puede ayudar a minimizar posibles problemas.<\/p>\n<p><img decoding=\"async\" src=\"https:\/\/www.hydraulic-cylinders.net\/wp-content\/uploads\/2025\/01\/songte-bushings-with-all-kinds-of-excavator-models.webp\" alt=\"Imagen de fallas del cilindro del cuchar\u00f3n\"><\/p>\n<p>Recuerda organizar el art\u00edculo de forma l\u00f3gica, usar subt\u00edtulos para facilitar la navegaci\u00f3n, incorporar im\u00e1genes o gr\u00e1ficos relevantes para una mejor comprensi\u00f3n y asegurarte de que el contenido sea claro, conciso y adecuado para lectores con diferentes niveles de conocimiento t\u00e9cnico.<\/p>\n<h2>Acerca de nuestra empresa<\/h2>\n<p>Somos fabricantes de cilindros hidr\u00e1ulicos de repuesto y uno de los principales fabricantes y mayoristas de cilindros hidr\u00e1ulicos en el mercado nacional e internacional. Nos adherimos a los principios de excelencia y nos basamos en estrategias de gesti\u00f3n de producci\u00f3n industrializadas en nuestro taller de fabricaci\u00f3n de alta calidad. Nuestra empresa mejora continuamente su plataforma de fabricaci\u00f3n, perfecciona la calidad de la producci\u00f3n y cuenta con una s\u00f3lida capacidad de innovaci\u00f3n. Nos esforzamos por satisfacer las diversas necesidades de nuestros clientes con alta eficiencia, precisi\u00f3n y principios de alta calidad.<\/p>\n<p><img decoding=\"async\" src=\"https:\/\/www.hydraulic-cylinders.net\/wp-content\/uploads\/2025\/01\/songte-company-3.webp\" alt=\"Imagen de la empresa\"><\/p>\n<h3>Aspectos clave de nuestra empresa<\/h3>\n<ul>\n<li>Profesionalismo: Priorizamos el profesionalismo en todos los aspectos de nuestras operaciones.<\/li>\n<li>Certificaciones Internacionales: Nuestros productos cumplen con los est\u00e1ndares internacionales de calidad y seguridad.<\/li>\n<li>Servicios de personalizaci\u00f3n: Ofrecemos soluciones personalizadas para satisfacer requisitos espec\u00edficos.<\/li>\n<li>Equipos de fabricaci\u00f3n avanzados: Nuestras instalaciones de producci\u00f3n est\u00e1n equipadas con maquinaria de \u00faltima generaci\u00f3n.<\/li>\n<li>Servicio posventa: Brindamos soporte posventa integral a nuestros valiosos clientes.<\/li>\n<\/ul>\n<p>Autor: lyl<\/p>\n<p><img decoding=\"async\" src=\"https:\/\/hzpt.com\/wp-content\/uploads\/2024\/11\/songte-company-1.webp\" alt=\"Imagen de la empresa\"><\/p>","protected":false},"excerpt":{"rendered":"<p>Bucket Cylinder For Case Middle Excavator CX220B Bucket Cylinder for Case Middle Excavator CX220B is a hydraulic cylinder specifically designed to control the movement of the bucket in heavy machinery such as excavators, backhoe loaders, and front loaders. Its main function is to enable the bucket to lift, lower, and tilt, facilitating various material handling [&hellip;]<\/p>","protected":false},"featured_media":14780,"comment_status":"open","ping_status":"closed","template":"","meta":{"_et_pb_use_builder":"","_et_pb_old_content":"","_et_gb_content_width":""},"product_brand":[],"product_cat":[1494],"product_tag":[1495,1496],"class_list":{"0":"post-15723","1":"product","2":"type-product","3":"status-publish","4":"has-post-thumbnail","6":"product_cat-bucket-cylinders","7":"product_tag-bucket-cylinders","8":"product_tag-hydraulic-cylinders","10":"first","11":"instock","12":"shipping-taxable","13":"product-type-simple"},"amp_enabled":true,"_links":{"self":[{"href":"https:\/\/www.hydraulic-cylinders.net\/es\/wp-json\/wp\/v2\/product\/15723","targetHints":{"allow":["GET"]}}],"collection":[{"href":"https:\/\/www.hydraulic-cylinders.net\/es\/wp-json\/wp\/v2\/product"}],"about":[{"href":"https:\/\/www.hydraulic-cylinders.net\/es\/wp-json\/wp\/v2\/types\/product"}],"replies":[{"embeddable":true,"href":"https:\/\/www.hydraulic-cylinders.net\/es\/wp-json\/wp\/v2\/comments?post=15723"}],"wp:featuredmedia":[{"embeddable":true,"href":"https:\/\/www.hydraulic-cylinders.net\/es\/wp-json\/wp\/v2\/media\/14780"}],"wp:attachment":[{"href":"https:\/\/www.hydraulic-cylinders.net\/es\/wp-json\/wp\/v2\/media?parent=15723"}],"wp:term":[{"taxonomy":"product_brand","embeddable":true,"href":"https:\/\/www.hydraulic-cylinders.net\/es\/wp-json\/wp\/v2\/product_brand?post=15723"},{"taxonomy":"product_cat","embeddable":true,"href":"https:\/\/www.hydraulic-cylinders.net\/es\/wp-json\/wp\/v2\/product_cat?post=15723"},{"taxonomy":"product_tag","embeddable":true,"href":"https:\/\/www.hydraulic-cylinders.net\/es\/wp-json\/wp\/v2\/product_tag?post=15723"}],"curies":[{"name":"wp","href":"https:\/\/api.w.org\/{rel}","templated":true}]}}