{"id":15732,"date":"2025-01-19T14:54:20","date_gmt":"2025-01-19T14:54:20","guid":{"rendered":"https:\/\/www.hydraulic-cylinders.net\/product\/bucket-cylinder-for-case-wheel-excavator-wx188\/"},"modified":"2025-01-19T14:54:22","modified_gmt":"2025-01-19T14:54:22","slug":"bucket-cylinder-for-case-wheel-excavator-wx188","status":"publish","type":"product","link":"https:\/\/www.hydraulic-cylinders.net\/es\/producto\/bucket-cylinder-for-case-wheel-excavator-wx188\/","title":{"rendered":"Cilindro de cuchara para excavadora de ruedas Case WX188"},"content":{"rendered":"<h1>Cilindro de cuchara para excavadora de ruedas Case WX188<\/h1>\n<h2>Introducci\u00f3n<\/h2>\n<h3>Definici\u00f3n del cilindro del cuchar\u00f3n<\/h3>\n<p>El cilindro de la cuchara es un cilindro hidr\u00e1ulico especializado dise\u00f1ado para controlar el movimiento de la cuchara en maquinaria pesada como excavadoras, retroexcavadoras y cargadoras frontales. Su funci\u00f3n principal es permitir que la cuchara se eleve, descienda e incline, facilitando as\u00ed diversas tareas de manipulaci\u00f3n de materiales. En el sistema hidr\u00e1ulico, el cilindro de la cuchara logra un control preciso del movimiento de la cuchara mediante variaciones en la presi\u00f3n del aceite hidr\u00e1ulico, lo que permite al operador manejar cargas pesadas de manera eficiente, adapt\u00e1ndose a entornos de trabajo complejos y a diversas necesidades operativas.<\/p>\n<p><img src='https:\/\/www.hydraulic-cylinders.net\/wp-content\/uploads\/2025\/01\/songte-company-2.webp'><\/p>\n<h3>Caracter\u00edsticas<\/h3>\n<ul>\n<li>Alta resistencia y durabilidad: generalmente fabricados en acero o aluminio de alta resistencia, capaces de soportar alta presi\u00f3n y cargas pesadas, adaptables a entornos de trabajo hostiles, dise\u00f1ados teniendo en cuenta la resistencia al desgaste y la corrosi\u00f3n, lo que prolonga la vida \u00fatil.<\/li>\n<li>Funcionamiento hidr\u00e1ulico eficiente: Utiliza la presi\u00f3n del aceite hidr\u00e1ulico para lograr un movimiento telesc\u00f3pico suave, capaz de responder r\u00e1pidamente a las \u00f3rdenes de control, proporcionando una potente fuerza de empuje y tracci\u00f3n, adecuada para manipular cargas pesadas y tareas operativas complejas.<\/li>\n<li>Existen diversos tipos: cilindros de simple efecto (accionamiento hidr\u00e1ulico en una sola direcci\u00f3n) o de doble efecto (accionamiento hidr\u00e1ulico en ambas direcciones) que se pueden seleccionar seg\u00fan las necesidades para satisfacer diferentes requisitos operativos. Algunos modelos son telesc\u00f3picos, lo que permite una mayor extensi\u00f3n sin aumentar las dimensiones externas, resultando adecuados para aplicaciones con espacio limitado.<\/li>\n<li>Nuestro producto puede sustituir perfectamente a estos cilindros hidr\u00e1ulicos.<\/li>\n<\/ul>\n<p><img src='https:\/\/www.hydraulic-cylinders.net\/wp-content\/uploads\/2025\/01\/songte-cylinder-head-with-all-kinds-excavator-models.webp'><\/p>\n<h3>Aplicaciones<\/h3>\n<p>El cilindro de cangilones se puede utilizar en diversas m\u00e1quinas y equipos pesados, entre ellos:<\/p>\n<ul>\n<li>Equipos de construcci\u00f3n: Presentes en las excavadoras, son fundamentales para excavar, cargar y mover tierra o escombros. En las retroexcavadoras, el cilindro de la cuchara facilita tanto la excavaci\u00f3n como la elevaci\u00f3n. <\/li>\n<li>Maquinaria agr\u00edcola: Se utilizan en cargadores frontales, recogen, levantan y transportan tierra, heno y otros materiales. <\/li>\n<li>Excavadoras: El cilindro de la cuchara permite la acci\u00f3n de excavaci\u00f3n al permitir que la cuchara penetre en el suelo. <\/li>\n<li>Cargadores: En los cargadores frontales, ayudan a levantar y descargar mercanc\u00edas de manera eficaz.<\/li>\n<\/ul>\n<h3>Consideraciones de dise\u00f1o y criterios de selecci\u00f3n<\/h3>\n<p>Las consideraciones de dise\u00f1o para el cilindro de la cubeta incluyen:<\/p>\n<ul>\n<li>capacidad de carga<\/li>\n<li>Rendimiento de sellado<\/li>\n<li>Durabilidad<\/li>\n<li>Seguridad<\/li>\n<li>Mantenibilidad<\/li>\n<\/ul>\n<p><img src='https:\/\/www.hydraulic-cylinders.net\/wp-content\/uploads\/2025\/01\/songte-oil-pipes-and-spare-parts.webp'><\/p>\n<p>El cilindro de la cuchara utiliza diversos sellos, como sellos de pist\u00f3n y sellos de v\u00e1stago, fabricados con materiales resistentes al desgaste como poliuretano y caucho de nitrilo. El cuerpo del cilindro y las superficies roscadas de los extremos est\u00e1n finamente mecanizados para mejorar su resistencia al desgaste. Se requiere la reposici\u00f3n peri\u00f3dica de la cantidad adecuada de aceite hidr\u00e1ulico para su lubricaci\u00f3n.<\/p>\n<h3>Mantenimiento y reparaci\u00f3n<\/h3>\n<p>Se requieren inspecciones peri\u00f3dicas y medidas de mantenimiento preventivo para garantizar el rendimiento \u00f3ptimo del cilindro de la cuchara. Las tareas de mantenimiento comunes incluyen:<\/p>\n<ul>\n<li>Chequeos regulares<\/li>\n<li>Lubricaci\u00f3n adecuada<\/li>\n<li>Reemplazo del sello<\/li>\n<li>Comprobaci\u00f3n de calibraci\u00f3n<\/li>\n<\/ul>\n<p><img src='https:\/\/www.hydraulic-cylinders.net\/wp-content\/uploads\/2025\/01\/songte-chushion-collar.webp'><\/p>\n<p>La correcta instalaci\u00f3n, lubricaci\u00f3n y ajuste son cruciales para prolongar la vida \u00fatil del cilindro de la cuchara. Se recomienda seguir las instrucciones para alinear correctamente el cilindro durante la instalaci\u00f3n y utilizar los soportes adecuados para fijarlo. Se incluyen procedimientos recomendados de inspecci\u00f3n, reparaci\u00f3n y reemplazo, as\u00ed como consejos para el reemplazo de piezas y servicios de reacondicionamiento.<\/p>\n<h3>Consideraciones de seguridad y medio ambiente<\/h3>\n<p>Al utilizar el cilindro de la cuchara, las medidas de seguridad son de suma importancia. El operador debe estar debidamente capacitado para minimizar el riesgo de accidentes. Tambi\u00e9n deben tenerse en cuenta las consideraciones medioambientales, como la correcta eliminaci\u00f3n del aceite hidr\u00e1ulico usado.<\/p>\n<h3>Soluci\u00f3n de problemas y problemas comunes<\/h3>\n<p>Los problemas m\u00e1s comunes con el cilindro de la cuchara incluyen fugas en el sello, lubricaci\u00f3n insuficiente y desalineaci\u00f3n. Se proporcionan consejos y soluciones para diagnosticar y resolver problemas. Tambi\u00e9n se sugieren medidas preventivas para minimizar posibles inconvenientes.<\/p>\n<p><img src='https:\/\/www.hydraulic-cylinders.net\/wp-content\/uploads\/2025\/01\/songte-bushings-with-all-kinds-of-excavator-models.webp'><\/p>\n<h2>Acerca de nuestra empresa<\/h2>\n<p>Somos fabricantes de cilindros hidr\u00e1ulicos que pueden reemplazar a los productos OEM. Nuestra empresa ofrece una gama completa de productos y se ha consolidado como uno de los principales fabricantes y distribuidores mayoristas de cilindros hidr\u00e1ulicos en los mercados nacionales e internacionales. Nos regimos por los principios de la excelencia en la calidad, bas\u00e1ndonos en estrategias de gesti\u00f3n de producci\u00f3n industrializadas en talleres de fabricaci\u00f3n de alta tecnolog\u00eda, incorporando talento tecnol\u00f3gico, equipos de fabricaci\u00f3n digital de vanguardia y sistemas de prueba profesionales para mejorar continuamente las plataformas de fabricaci\u00f3n y los procesos de calidad de producci\u00f3n.<\/p>\n<p>Ofrecemos una variedad de servicios, entre los que se incluyen:<\/p>\n<ul>\n<li>Profesionalismo<\/li>\n<li>Certificaci\u00f3n internacional<\/li>\n<li>Servicios personalizados<\/li>\n<li>Equipos de producci\u00f3n<\/li>\n<li>Servicios posventa<\/li>\n<\/ul>\n<p><img src='https:\/\/hzpt.com\/wp-content\/uploads\/2024\/11\/songte-company-1.webp'><\/p>\n<p>Autor: lyl<\/p>","protected":false},"excerpt":{"rendered":"<p>Bucket Cylinder For Case Wheel Excavator WX188 Introduction Defining the Bucket Cylinder The Bucket Cylinder is a specialized hydraulic cylinder designed to control the movement of the bucket in heavy machinery such as excavators, backhoes, and front-end loaders. Its primary function is to enable the bucket to lift, lower, and tilt, making it easier to [&hellip;]<\/p>","protected":false},"featured_media":14789,"comment_status":"open","ping_status":"closed","template":"","meta":{"_et_pb_use_builder":"","_et_pb_old_content":"","_et_gb_content_width":""},"product_brand":[],"product_cat":[1494],"product_tag":[1495,1496],"class_list":{"0":"post-15732","1":"product","2":"type-product","3":"status-publish","4":"has-post-thumbnail","6":"product_cat-bucket-cylinders","7":"product_tag-bucket-cylinders","8":"product_tag-hydraulic-cylinders","10":"first","11":"instock","12":"shipping-taxable","13":"product-type-simple"},"amp_enabled":true,"_links":{"self":[{"href":"https:\/\/www.hydraulic-cylinders.net\/es\/wp-json\/wp\/v2\/product\/15732","targetHints":{"allow":["GET"]}}],"collection":[{"href":"https:\/\/www.hydraulic-cylinders.net\/es\/wp-json\/wp\/v2\/product"}],"about":[{"href":"https:\/\/www.hydraulic-cylinders.net\/es\/wp-json\/wp\/v2\/types\/product"}],"replies":[{"embeddable":true,"href":"https:\/\/www.hydraulic-cylinders.net\/es\/wp-json\/wp\/v2\/comments?post=15732"}],"wp:featuredmedia":[{"embeddable":true,"href":"https:\/\/www.hydraulic-cylinders.net\/es\/wp-json\/wp\/v2\/media\/14789"}],"wp:attachment":[{"href":"https:\/\/www.hydraulic-cylinders.net\/es\/wp-json\/wp\/v2\/media?parent=15732"}],"wp:term":[{"taxonomy":"product_brand","embeddable":true,"href":"https:\/\/www.hydraulic-cylinders.net\/es\/wp-json\/wp\/v2\/product_brand?post=15732"},{"taxonomy":"product_cat","embeddable":true,"href":"https:\/\/www.hydraulic-cylinders.net\/es\/wp-json\/wp\/v2\/product_cat?post=15732"},{"taxonomy":"product_tag","embeddable":true,"href":"https:\/\/www.hydraulic-cylinders.net\/es\/wp-json\/wp\/v2\/product_tag?post=15732"}],"curies":[{"name":"wp","href":"https:\/\/api.w.org\/{rel}","templated":true}]}}