{"id":15734,"date":"2025-01-19T14:54:32","date_gmt":"2025-01-19T14:54:32","guid":{"rendered":"https:\/\/www.hydraulic-cylinders.net\/product\/bucket-cylinder-for-zhenyu-small-excavator-zy330\/"},"modified":"2025-01-19T14:54:35","modified_gmt":"2025-01-19T14:54:35","slug":"bucket-cylinder-for-zhenyu-small-excavator-zy330","status":"publish","type":"product","link":"https:\/\/www.hydraulic-cylinders.net\/es\/producto\/bucket-cylinder-for-zhenyu-small-excavator-zy330\/","title":{"rendered":"Cilindro de cuchar\u00f3n para miniexcavadora Zhenyu ZY330"},"content":{"rendered":"<h1>Cilindro de cuchar\u00f3n para miniexcavadora Zhenyu ZY330<\/h1>\n<h2>Introducci\u00f3n<\/h2>\n<p>El cilindro del cuchar\u00f3n para la excavadora peque\u00f1a Zhenyu ZY330 es un cilindro hidr\u00e1ulico especialmente dise\u00f1ado que controla el movimiento del cuchar\u00f3n en maquinaria pesada como excavadoras, retroexcavadoras y cargadoras frontales. Su funci\u00f3n principal es permitir que el cuchar\u00f3n se eleve, baje e incline, facilitando diversas tareas de manipulaci\u00f3n de materiales. Los cilindros del cuchar\u00f3n en los sistemas hidr\u00e1ulicos controlan el movimiento preciso del cuchar\u00f3n mediante cambios en la presi\u00f3n del aceite hidr\u00e1ulico, lo que permite a los operadores manipular cargas pesadas con eficiencia y adaptarse a entornos de trabajo complejos y a diversos requisitos.<\/p>\n<p><img decoding=\"async\" src=\"https:\/\/www.hydraulic-cylinders.net\/wp-content\/uploads\/2025\/01\/songte-company-2.webp\" alt=\"Cilindro de cuchar\u00f3n para miniexcavadora Zhenyu ZY330\"><\/p>\n<h2>Caracter\u00edsticas<\/h2>\n<ul>\n<li>Alta resistencia y durabilidad: generalmente hecho de acero o aluminio de alta resistencia, el cilindro del cuchar\u00f3n puede soportar alta presi\u00f3n y cargas pesadas, adaptarse a entornos de trabajo hostiles y est\u00e1 dise\u00f1ado para resistir el desgaste y la corrosi\u00f3n, lo que extiende su vida \u00fatil.<\/li>\n<li>Operaci\u00f3n hidr\u00e1ulica eficiente: al utilizar la presi\u00f3n del aceite hidr\u00e1ulico para lograr una extensi\u00f3n y retracci\u00f3n suaves, el cilindro del cuchar\u00f3n puede responder r\u00e1pidamente a los comandos de control, proporcionando poderosas fuerzas de empuje y tracci\u00f3n adecuadas para manipular cargas pesadas y tareas de trabajo complejas.<\/li>\n<li>Diversos tipos: Se pueden seleccionar cilindros de simple efecto (hidr\u00e1ulicos en una sola direcci\u00f3n) o de doble efecto (hidr\u00e1ulicos en ambas direcciones) seg\u00fan las necesidades operativas. Algunos modelos son telesc\u00f3picos, lo que permite una mayor extensi\u00f3n sin aumentar las dimensiones externas, ideal para aplicaciones con espacio limitado.<\/li>\n<li>Personalizable: Podemos producir este producto y puede reemplazar perfectamente estos cilindros hidr\u00e1ulicos.<\/li>\n<\/ul>\n<p><img decoding=\"async\" src=\"https:\/\/www.hydraulic-cylinders.net\/wp-content\/uploads\/2025\/01\/songte-cylinder-head-with-all-kinds-excavator-models.webp\" alt=\"Cilindro de cuchar\u00f3n para miniexcavadora Zhenyu ZY330\"><\/p>\n<h2>Aplicaciones<\/h2>\n<p>El cilindro de cuchara se utiliza ampliamente en diversos equipos como:<\/p>\n<ul>\n<li>Equipos de construcci\u00f3n: En las excavadoras, son esenciales para excavar, cargar y mover tierra o escombros. En las retroexcavadoras, el cilindro del cuchar\u00f3n facilita la excavaci\u00f3n y la elevaci\u00f3n. <\/li>\n<li>Maquinaria agr\u00edcola: Se utilizan en cargadores frontales, recogen, levantan y transportan tierra, heno y otros materiales. <\/li>\n<li>Excavadoras: Los cilindros del cuchar\u00f3n permiten realizar excavaciones al facilitar la penetraci\u00f3n del cuchar\u00f3n en el suelo.<\/li>\n<li>Cargadores frontales: En los cargadores frontales, ayudan a levantar y descargar mercanc\u00edas de manera eficaz.<\/li>\n<\/ul>\n<h2>Consideraciones de dise\u00f1o y criterios de selecci\u00f3n<\/h2>\n<p>Los cilindros de cangilones tienen algunas consideraciones de dise\u00f1o y criterios de selecci\u00f3n como:<\/p>\n<ul>\n<li>Capacidad de carga: El cilindro debe tener la resistencia para soportar cargas pesadas.<\/li>\n<li>Sellado: Los sellos de alta calidad son necesarios para evitar fugas y mantener un funcionamiento eficiente.<\/li>\n<li>Durabilidad: Debe estar dise\u00f1ado para soportar el desgaste y la corrosi\u00f3n para prolongar su vida \u00fatil.<\/li>\n<li>Seguridad: Los cilindros de los cangilones deben estar dise\u00f1ados para prevenir accidentes, proteger a los trabajadores y evitar da\u00f1os al equipo.<\/li>\n<li>Mantenibilidad: Los cilindros de los cangilones deben estar dise\u00f1ados para que sean f\u00e1ciles de reparar y mantener.<\/li>\n<\/ul>\n<p><img decoding=\"async\" src=\"https:\/\/www.hydraulic-cylinders.net\/wp-content\/uploads\/2025\/01\/songte-oil-pipes-and-spare-parts.webp\" alt=\"Cilindro de cuchar\u00f3n para miniexcavadora Zhenyu ZY330\"><\/p>\n<h2>Sellado y lubricaci\u00f3n<\/h2>\n<p>En los cilindros de cangilones se utilizan diversos sellos, como sellos de pist\u00f3n y sellos de v\u00e1stago. Normalmente, se utilizan sellos de materiales resistentes al desgaste, como poliuretano y caucho de nitrilo. El cuerpo del cilindro y las superficies de los extremos de las roscas se procesan con precisi\u00f3n para mejorar la resistencia al desgaste. Es necesaria una lubricaci\u00f3n regular con cantidades adecuadas de aceite hidr\u00e1ulico para garantizar su durabilidad.<\/p>\n<h2>Mantenimiento y reparaci\u00f3n<\/h2>\n<p>La inspecci\u00f3n regular, la lubricaci\u00f3n adecuada, el reemplazo de sellos y las comprobaciones de calibraci\u00f3n son tareas comunes de mantenimiento. La instalaci\u00f3n, la lubricaci\u00f3n y el ajuste correctos son fundamentales, y se debe proporcionar una gu\u00eda de alineaci\u00f3n correcta durante la instalaci\u00f3n. Recomendamos usar soportes de instalaci\u00f3n adecuados para asegurar el cilindro. Ofrecemos procedimientos recomendados de inspecci\u00f3n, reparaci\u00f3n y reemplazo, piezas de repuesto y servicios de reconstrucci\u00f3n para prolongar la vida \u00fatil del cilindro del cuchar\u00f3n.<\/p>\n<p><img decoding=\"async\" src=\"https:\/\/www.hydraulic-cylinders.net\/wp-content\/uploads\/2025\/01\/songte-chushion-collar.webp\" alt=\"Cilindro de cuchar\u00f3n para miniexcavadora Zhenyu ZY330\"><\/p>\n<h2>Consideraciones de seguridad y factores ambientales<\/h2>\n<p>Al utilizar cilindros de cangilones, las medidas de seguridad son esenciales. Para evitar posibles problemas, se debe realizar un mantenimiento e inspecci\u00f3n adecuados del equipo con regularidad. Tambi\u00e9n se deben tener en cuenta factores ambientales como la temperatura, la humedad y los elementos corrosivos al seleccionar y utilizar los cilindros de cangilones.<\/p>\n<h2>Soluci\u00f3n de problemas y problemas comunes<\/h2>\n<p>Los cilindros de cangilones pueden presentar problemas como fugas, baja presi\u00f3n o lentitud. Se ofrecen consejos para la resoluci\u00f3n de problemas y la detecci\u00f3n de aver\u00edas para ayudar a los lectores a diagnosticar y resolver problemas eficazmente. Se recomiendan medidas preventivas para minimizar posibles problemas.<\/p>\n<p><img decoding=\"async\" src=\"https:\/\/www.hydraulic-cylinders.net\/wp-content\/uploads\/2025\/01\/songte-bushings-with-all-kinds-of-excavator-models.webp\" alt=\"Cilindro de cuchar\u00f3n para miniexcavadora Zhenyu ZY330\"><\/p>\n<h2>Acerca de nuestra empresa<\/h2>\n<p>Somos fabricantes de cilindros hidr\u00e1ulicos de repuesto. Contamos con una gama completa de productos y nos hemos convertido en uno de los principales fabricantes y distribuidores mayoristas de cilindros hidr\u00e1ulicos en el mercado nacional e internacional. Nos adherimos a la pol\u00edtica de excelente calidad y nos basamos en estrategias de gesti\u00f3n de la producci\u00f3n industrializada de talleres de alta calidad. Nuestra empresa mejora constantemente la plataforma de fabricaci\u00f3n de nuestros talleres, perfecciona la l\u00ednea de producci\u00f3n de calidad de nuestros productos y cuenta con una gran capacidad creativa. Satisfacemos las diversas necesidades de nuestros clientes con los principios de alta eficiencia, precisi\u00f3n y calidad.<\/p>\n<p>Ofrecemos servicios profesionales, certificados internacionalmente, personalizados, equipos de producci\u00f3n avanzados y servicio posventa para expandir la introducci\u00f3n de nuestra empresa.<\/p>\n<p><img decoding=\"async\" src=\"https:\/\/hzpt.com\/wp-content\/uploads\/2024\/11\/songte-company-1.webp\" alt=\"Cilindro de cuchar\u00f3n para miniexcavadora Zhenyu ZY330\"><\/p>\n<h3>Autor: lyl<\/h3>","protected":false},"excerpt":{"rendered":"<p>Bucket Cylinder For Zhenyu Small Excavator ZY330 Introduction The bucket cylinder for Zhenyu small excavator ZY330 is a specially-designed hydraulic cylinder used to control the movement of the bucket in heavy machinery such as excavators, backhoe loaders, and front-end loaders. Its main function is to enable the bucket to lift, lower, and tilt, making it [&hellip;]<\/p>","protected":false},"featured_media":14787,"comment_status":"open","ping_status":"closed","template":"","meta":{"_et_pb_use_builder":"","_et_pb_old_content":"","_et_gb_content_width":""},"product_brand":[],"product_cat":[1494],"product_tag":[1495,1496],"class_list":{"0":"post-15734","1":"product","2":"type-product","3":"status-publish","4":"has-post-thumbnail","6":"product_cat-bucket-cylinders","7":"product_tag-bucket-cylinders","8":"product_tag-hydraulic-cylinders","10":"first","11":"instock","12":"shipping-taxable","13":"product-type-simple"},"amp_enabled":true,"_links":{"self":[{"href":"https:\/\/www.hydraulic-cylinders.net\/es\/wp-json\/wp\/v2\/product\/15734","targetHints":{"allow":["GET"]}}],"collection":[{"href":"https:\/\/www.hydraulic-cylinders.net\/es\/wp-json\/wp\/v2\/product"}],"about":[{"href":"https:\/\/www.hydraulic-cylinders.net\/es\/wp-json\/wp\/v2\/types\/product"}],"replies":[{"embeddable":true,"href":"https:\/\/www.hydraulic-cylinders.net\/es\/wp-json\/wp\/v2\/comments?post=15734"}],"wp:featuredmedia":[{"embeddable":true,"href":"https:\/\/www.hydraulic-cylinders.net\/es\/wp-json\/wp\/v2\/media\/14787"}],"wp:attachment":[{"href":"https:\/\/www.hydraulic-cylinders.net\/es\/wp-json\/wp\/v2\/media?parent=15734"}],"wp:term":[{"taxonomy":"product_brand","embeddable":true,"href":"https:\/\/www.hydraulic-cylinders.net\/es\/wp-json\/wp\/v2\/product_brand?post=15734"},{"taxonomy":"product_cat","embeddable":true,"href":"https:\/\/www.hydraulic-cylinders.net\/es\/wp-json\/wp\/v2\/product_cat?post=15734"},{"taxonomy":"product_tag","embeddable":true,"href":"https:\/\/www.hydraulic-cylinders.net\/es\/wp-json\/wp\/v2\/product_tag?post=15734"}],"curies":[{"name":"wp","href":"https:\/\/api.w.org\/{rel}","templated":true}]}}