{"id":15742,"date":"2025-01-19T14:55:05","date_gmt":"2025-01-19T14:55:05","guid":{"rendered":"https:\/\/www.hydraulic-cylinders.net\/product\/bucket-cylinder-for-world-middle-excavator-w2215-8\/"},"modified":"2025-01-19T14:55:07","modified_gmt":"2025-01-19T14:55:07","slug":"bucket-cylinder-for-world-middle-excavator-w2215-8","status":"publish","type":"product","link":"https:\/\/www.hydraulic-cylinders.net\/es\/producto\/bucket-cylinder-for-world-middle-excavator-w2215-8\/","title":{"rendered":"Cilindro de cuchar\u00f3n para excavadora intermedia W2215-8"},"content":{"rendered":"<h2>Cilindro de cuchar\u00f3n para excavadora intermedia W2215-8<\/h2>\n<p>El cilindro del cuchar\u00f3n es un cilindro hidr\u00e1ulico especialmente dise\u00f1ado que se utiliza principalmente para controlar el movimiento del cuchar\u00f3n en maquinaria pesada como excavadoras, retroexcavadoras y cargadoras frontales. Su funci\u00f3n principal es permitir que el cuchar\u00f3n realice acciones de elevaci\u00f3n, descenso e inclinaci\u00f3n, facilitando diversas tareas de manipulaci\u00f3n de materiales. En un sistema hidr\u00e1ulico, el cilindro del cuchar\u00f3n logra un control preciso del cuchar\u00f3n mediante el cambio de presi\u00f3n del aceite hidr\u00e1ulico, lo que permite a los operadores manipular cargas pesadas con eficiencia y adaptarse a entornos de trabajo complejos y diversos requisitos operativos.<\/p>\n<p><img decoding=\"async\" src=\"https:\/\/www.hydraulic-cylinders.net\/wp-content\/uploads\/2025\/01\/songte-company-2.webp\" alt=\"Imagen del cilindro del cubo\"><\/p>\n<h3>Caracter\u00edsticas del cilindro del cuchar\u00f3n para la excavadora intermedia W2215-8<\/h3>\n<ol>\n<li>Alta resistencia y durabilidad: Fabricado generalmente en acero o aluminio de alta resistencia, soporta alta presi\u00f3n y cargas pesadas, adapt\u00e1ndose a entornos de trabajo hostiles. Su dise\u00f1o considera la resistencia al desgaste y a la corrosi\u00f3n, lo que prolonga su vida \u00fatil.<\/li>\n<li>Operaci\u00f3n hidr\u00e1ulica eficiente: al utilizar la presi\u00f3n del aceite hidr\u00e1ulico, permite acciones suaves de extensi\u00f3n y retracci\u00f3n, responde r\u00e1pidamente a los comandos de control, proporciona poderosas fuerzas de empuje y tracci\u00f3n y es adecuado para manipular cargas pesadas y tareas complejas.<\/li>\n<li>Diversos tipos: Se pueden seleccionar cilindros de simple efecto (hidr\u00e1ulicos en una sola direcci\u00f3n) o de doble efecto (hidr\u00e1ulicos en ambas direcciones) seg\u00fan las necesidades, satisfaciendo as\u00ed diferentes necesidades operativas. Algunos modelos son telesc\u00f3picos, lo que permite una mayor extensi\u00f3n sin aumentar las dimensiones externas, ideal para aplicaciones con espacio limitado.<\/li>\n<li>Reemplaza perfectamente los cilindros OEM: Nuestro producto est\u00e1 dise\u00f1ado para reemplazar perfectamente estos cilindros hidr\u00e1ulicos.<\/li>\n<\/ol>\n<p><img decoding=\"async\" src=\"https:\/\/www.hydraulic-cylinders.net\/wp-content\/uploads\/2025\/01\/songte-cylinder-head-with-all-kinds-excavator-models.webp\" alt=\"Imagen de cilindro hidr\u00e1ulico de repuesto\"><\/p>\n<h3>Aplicaciones del cilindro de cuchar\u00f3n para la excavadora intermedia W2215-8<\/h3>\n<p>Este cilindro de cuchar\u00f3n se usa ampliamente en diversos equipos de construcci\u00f3n y maquinaria agr\u00edcola:<\/p>\n<ul>\n<li>Equipo de construcci\u00f3n: Desempe\u00f1a un papel crucial en las excavadoras para excavar, cargar y mover tierra o escombros. En las retroexcavadoras, el cilindro del cuchar\u00f3n facilita tanto la excavaci\u00f3n como la elevaci\u00f3n.<\/li>\n<li>Maquinaria agr\u00edcola: Se utiliza en cargadores frontales para recoger, levantar y transportar tierra, heno y otros materiales.<\/li>\n<li>Excavadoras: El cilindro del cuchar\u00f3n permite realizar acciones de excavaci\u00f3n al permitir que el cuchar\u00f3n penetre en el suelo.<\/li>\n<li>Cargadores Frontales: En los cargadores frontales, ayudan a levantar y descargar mercanc\u00edas de manera eficiente.<\/li>\n<\/ul>\n<h3>Consideraciones de dise\u00f1o y criterios de selecci\u00f3n<\/h3>\n<p>A la hora de dise\u00f1ar el cilindro del cuchar\u00f3n se tienen en cuenta varios factores importantes:<\/p>\n<ul>\n<li>capacidad de carga<\/li>\n<li>Capacidades de sellado<\/li>\n<li>Durabilidad<\/li>\n<li>Seguridad<\/li>\n<li>Mantenibilidad<\/li>\n<\/ul>\n<p><img decoding=\"async\" src=\"https:\/\/www.hydraulic-cylinders.net\/wp-content\/uploads\/2025\/01\/songte-oil-pipes-and-spare-parts.webp\" alt=\"Imagen de dise\u00f1o y piezas de cilindros hidr\u00e1ulicos\"><\/p>\n<h3>Sellado y lubricaci\u00f3n<\/h3>\n<p>El cilindro del cuchar\u00f3n utiliza diversos componentes de sellado, como sellos de pist\u00f3n y de v\u00e1stago, fabricados con materiales resistentes al desgaste como poliuretano y caucho de nitrilo. El cuerpo del cilindro y las superficies roscadas de los extremos est\u00e1n finamente procesadas para mejorar la resistencia al desgaste. Es necesaria una lubricaci\u00f3n regular con aceite hidr\u00e1ulico adecuado para garantizar un funcionamiento suave.<\/p>\n<h3>Inspecci\u00f3n regular y mantenimiento preventivo<\/h3>\n<p>Para mantener el rendimiento y prolongar la vida \u00fatil del cilindro del cuchar\u00f3n, es esencial realizar inspecciones peri\u00f3dicas y tomar medidas de mantenimiento preventivo:<\/p>\n<ul>\n<li>Inspeccionar si hay signos de desgaste o da\u00f1os.<\/li>\n<li>Lubricaci\u00f3n adecuada<\/li>\n<li>Reemplazo de sellos desgastados o da\u00f1ados<\/li>\n<li>Comprobaciones de calibraci\u00f3n<\/li>\n<\/ul>\n<p><img decoding=\"async\" src=\"https:\/\/www.hydraulic-cylinders.net\/wp-content\/uploads\/2025\/01\/songte-chushion-collar.webp\" alt=\"Imagen de mantenimiento del cilindro del cuchar\u00f3n\"><\/p>\n<h3>Consideraciones de seguridad y factores ambientales<\/h3>\n<p>Al utilizar el cilindro de la cuchara, es fundamental garantizar las medidas de seguridad adecuadas. Una capacitaci\u00f3n adecuada y el cumplimiento de los protocolos de seguridad son cruciales para prevenir accidentes y mantener un entorno de trabajo seguro. Adem\u00e1s, es fundamental considerar los factores ambientales durante la operaci\u00f3n y el mantenimiento del cilindro para minimizar cualquier impacto negativo.<\/p>\n<h3>Soluci\u00f3n de problemas y problemas comunes<\/h3>\n<p>A continuaci\u00f3n se presentan algunos consejos y soluciones comunes para solucionar problemas potenciales:<\/p>\n<ul>\n<li>Identificaci\u00f3n y diagn\u00f3stico de fallas<\/li>\n<li>Proporcionar consejos y soluciones para la resoluci\u00f3n de problemas<\/li>\n<li>Sugerir medidas preventivas<\/li>\n<\/ul>\n<p><img decoding=\"async\" src=\"https:\/\/www.hydraulic-cylinders.net\/wp-content\/uploads\/2025\/01\/songte-bushings-with-all-kinds-of-excavator-models.webp\" alt=\"Imagen de soluci\u00f3n de problemas del cilindro hidr\u00e1ulico\"><\/p>\n<p>Recuerde organizar el art\u00edculo de forma l\u00f3gica, utilizar subt\u00edtulos para facilitar la navegaci\u00f3n, incorporar im\u00e1genes o gr\u00e1ficos relevantes para una mejor comprensi\u00f3n y asegurarse de que el contenido sea claro, conciso y adecuado para lectores con diferentes niveles de conocimientos t\u00e9cnicos.<\/p>\n<h2>Acerca de nuestra empresa<\/h2>\n<p>Somos un fabricante y distribuidor mayorista l\u00edder de cilindros hidr\u00e1ulicos de repuesto. Nuestra amplia gama de productos nos ha convertido en una marca de confianza en el mercado nacional e internacional. Nos adherimos a los principios de excelencia en calidad y aplicamos estrategias de gesti\u00f3n de la producci\u00f3n industrial en nuestros sofisticados talleres de fabricaci\u00f3n. Gracias a nuestro equipo de expertos t\u00e9cnicos, equipos de fabricaci\u00f3n de vanguardia y sistemas de prueba profesionales, mejoramos continuamente nuestra plataforma de fabricaci\u00f3n y la calidad de nuestros productos. Contamos con una s\u00f3lida capacidad de innovaci\u00f3n y nuestro objetivo es satisfacer las diversas necesidades de nuestros clientes con alta eficiencia, precisi\u00f3n y calidad.<\/p>\n<p><img decoding=\"async\" src=\"https:\/\/www.hydraulic-cylinders.net\/wp-content\/uploads\/2025\/01\/songte-company-3.webp\" alt=\"Imagen de la empresa\"><\/p>\n<h3>\u00bfPor qu\u00e9 elegirnos?<\/h3>\n<ul>\n<li>Experiencia y profesionalismo<\/li>\n<li>Certificaciones internacionales<\/li>\n<li>Servicios de personalizaci\u00f3n<\/li>\n<li>Equipos de producci\u00f3n avanzados<\/li>\n<li>Servicio posventa<\/li>\n<\/ul>\n<p>Autor: lyl<\/p>","protected":false},"excerpt":{"rendered":"<p>Bucket Cylinder For World Middle Excavator W2215-8 Bucket cylinder is a specially designed hydraulic cylinder that is primarily used to control the movement of the bucket in heavy machinery such as excavators, backhoe loaders, and front loaders. Its main function is to enable the bucket to perform lifting, lowering, and tilting actions, making it easier [&hellip;]<\/p>","protected":false},"featured_media":14771,"comment_status":"open","ping_status":"closed","template":"","meta":{"_et_pb_use_builder":"","_et_pb_old_content":"","_et_gb_content_width":""},"product_brand":[],"product_cat":[1494],"product_tag":[1495,1496],"class_list":{"0":"post-15742","1":"product","2":"type-product","3":"status-publish","4":"has-post-thumbnail","6":"product_cat-bucket-cylinders","7":"product_tag-bucket-cylinders","8":"product_tag-hydraulic-cylinders","10":"first","11":"instock","12":"shipping-taxable","13":"product-type-simple"},"amp_enabled":true,"_links":{"self":[{"href":"https:\/\/www.hydraulic-cylinders.net\/es\/wp-json\/wp\/v2\/product\/15742","targetHints":{"allow":["GET"]}}],"collection":[{"href":"https:\/\/www.hydraulic-cylinders.net\/es\/wp-json\/wp\/v2\/product"}],"about":[{"href":"https:\/\/www.hydraulic-cylinders.net\/es\/wp-json\/wp\/v2\/types\/product"}],"replies":[{"embeddable":true,"href":"https:\/\/www.hydraulic-cylinders.net\/es\/wp-json\/wp\/v2\/comments?post=15742"}],"wp:featuredmedia":[{"embeddable":true,"href":"https:\/\/www.hydraulic-cylinders.net\/es\/wp-json\/wp\/v2\/media\/14771"}],"wp:attachment":[{"href":"https:\/\/www.hydraulic-cylinders.net\/es\/wp-json\/wp\/v2\/media?parent=15742"}],"wp:term":[{"taxonomy":"product_brand","embeddable":true,"href":"https:\/\/www.hydraulic-cylinders.net\/es\/wp-json\/wp\/v2\/product_brand?post=15742"},{"taxonomy":"product_cat","embeddable":true,"href":"https:\/\/www.hydraulic-cylinders.net\/es\/wp-json\/wp\/v2\/product_cat?post=15742"},{"taxonomy":"product_tag","embeddable":true,"href":"https:\/\/www.hydraulic-cylinders.net\/es\/wp-json\/wp\/v2\/product_tag?post=15742"}],"curies":[{"name":"wp","href":"https:\/\/api.w.org\/{rel}","templated":true}]}}