{"id":15743,"date":"2025-01-19T14:55:09","date_gmt":"2025-01-19T14:55:09","guid":{"rendered":"https:\/\/www.hydraulic-cylinders.net\/product\/bucket-cylinder-for-world-middle-excavator-w2225lc-8\/"},"modified":"2025-01-19T14:55:14","modified_gmt":"2025-01-19T14:55:14","slug":"bucket-cylinder-for-world-middle-excavator-w2225lc-8","status":"publish","type":"product","link":"https:\/\/www.hydraulic-cylinders.net\/es\/producto\/bucket-cylinder-for-world-middle-excavator-w2225lc-8\/","title":{"rendered":"Cilindro de cuchar\u00f3n para excavadora intermedia W2225LC-8"},"content":{"rendered":"<h1>Cilindro de cuchar\u00f3n para excavadora intermedia W2225LC-8<\/h1>\n<h2>Introducci\u00f3n<\/h2>\n<p>El cilindro del cuchar\u00f3n para la excavadora World Middle W2225LC-8 es un cilindro hidr\u00e1ulico especialmente dise\u00f1ado para controlar el movimiento de los cucharones en maquinaria pesada como excavadoras, retroexcavadoras y cargadoras frontales. Su funci\u00f3n principal es permitir que el cuchar\u00f3n se eleve, baje e incline, facilitando diversas tareas de manipulaci\u00f3n de materiales. En el sistema hidr\u00e1ulico, el cilindro del cuchar\u00f3n logra un control preciso del cuchar\u00f3n mediante cambios en la presi\u00f3n del aceite hidr\u00e1ulico, lo que permite a los operadores manipular cargas pesadas con eficiencia y adaptarse a entornos de trabajo complejos y diversos requisitos.<\/p>\n<p><img decoding=\"async\" src=\"https:\/\/www.hydraulic-cylinders.net\/wp-content\/uploads\/2025\/01\/songte-company-2.webp\"><\/p>\n<h2>Caracter\u00edsticas<\/h2>\n<ul>\n<li>Alta resistencia y durabilidad: generalmente fabricados en acero o aluminio de alta resistencia, capaces de soportar alta presi\u00f3n y cargas pesadas, y dise\u00f1ados teniendo en cuenta la resistencia al desgaste y la corrosi\u00f3n para prolongar la vida \u00fatil.<\/li>\n<li>Operaci\u00f3n hidr\u00e1ulica eficiente: Extensi\u00f3n y contracci\u00f3n suaves logradas por la presi\u00f3n del aceite hidr\u00e1ulico, respuesta r\u00e1pida a los comandos de control, proporcionando una poderosa fuerza de empuje y tracci\u00f3n, adecuada para manipular cargas pesadas y tareas laborales complejas.<\/li>\n<li>Diversos tipos: Se pueden seleccionar cilindros de simple efecto (hidr\u00e1ulico en una sola direcci\u00f3n) o de doble efecto (hidr\u00e1ulico en ambas direcciones) seg\u00fan las necesidades para satisfacer diferentes requisitos de operaci\u00f3n. Algunos modelos son telesc\u00f3picos, lo que permite una mayor extensi\u00f3n sin aumentar las dimensiones externas, ideal para aplicaciones con espacio limitado.<\/li>\n<li>F\u00e1cil reemplazo: Nuestro producto puede reemplazar perfectamente estos cilindros hidr\u00e1ulicos.<\/li>\n<\/ul>\n<p><img decoding=\"async\" src=\"https:\/\/www.hydraulic-cylinders.net\/wp-content\/uploads\/2025\/01\/songte-cylinder-head-with-all-kinds-excavator-models.webp\"><\/p>\n<h2>Aplicaciones<\/h2>\n<p>El cilindro del cuchar\u00f3n se utiliza com\u00fanmente en equipos de construcci\u00f3n como excavadoras, retroexcavadoras y cargadoras frontales, entre otros. A continuaci\u00f3n, se muestran algunos ejemplos:<\/p>\n<h3>Equipos de construcci\u00f3n<\/h3>\n<ul>\n<li><strong>Excavadoras:<\/strong> Los cilindros del cuchar\u00f3n ayudan a lograr la acci\u00f3n de excavaci\u00f3n al permitir que el cuchar\u00f3n penetre en el suelo.<\/li>\n<li><strong>Excavadoras retroexcavadoras:<\/strong> El cilindro del cuchar\u00f3n ayuda tanto a cavar como a levantar.<\/li>\n<li><strong>Cargadoras frontales:<\/strong> Los cilindros de cangilones ayudan a levantar y descargar materiales de manera eficaz.<\/li>\n<\/ul>\n<h3>Maquinaria agr\u00edcola<\/h3>\n<ul>\n<li><strong>Cargadoras frontales:<\/strong> Se utiliza para cargar, levantar y transportar tierra, heno y otros materiales.<\/li>\n<\/ul>\n<h2>Consideraciones de dise\u00f1o y criterios de selecci\u00f3n<\/h2>\n<p>The bucket cylinder&#8217;s design takes into account several factors that ensure optimal performance. Here are some essential design considerations and selection criteria:<\/p>\n<h3>Capacidad de carga<\/h3>\n<p>El cilindro debe ser capaz de soportar alta presi\u00f3n y cargas pesadas.<\/p>\n<h3>Caza de focas<\/h3>\n<p>El cilindro debe estar dise\u00f1ado con sellos de alta calidad que puedan evitar fugas de aceite y garantizar el funcionamiento suave del cilindro.<\/p>\n<h3>Durabilidad<\/h3>\n<p>El cilindro debe ser resistente al desgaste y a la corrosi\u00f3n y capaz de soportar entornos de trabajo hostiles.<\/p>\n<h3>Seguridad<\/h3>\n<p>El cilindro debe estar dise\u00f1ado para minimizar el riesgo de accidentes debido a fallas del cilindro.<\/p>\n<h3>Mantenimiento<\/h3>\n<p>El cilindro debe estar dise\u00f1ado para que el mantenimiento y la reparaci\u00f3n sean lo m\u00e1s f\u00e1ciles posible.<\/p>\n<p><img decoding=\"async\" src=\"https:\/\/www.hydraulic-cylinders.net\/wp-content\/uploads\/2025\/01\/songte-oil-pipes-and-spare-parts.webp\"><\/p>\n<h2>Sellado y lubricaci\u00f3n<\/h2>\n<p>El cilindro del cuchar\u00f3n utiliza diversos sellos, como sellos de pist\u00f3n, sellos de v\u00e1stago y otros, fabricados con materiales resistentes al desgaste como poliuretano y caucho de nitrilo. La superficie del cilindro y los extremos roscados est\u00e1n finamente procesados \u200b\u200bpara mejorar la resistencia al desgaste. Se requiere lubricaci\u00f3n regular con aceite hidr\u00e1ulico para garantizar un funcionamiento suave.<\/p>\n<h2>Medidas de mantenimiento y prevenci\u00f3n<\/h2>\n<p>La inspecci\u00f3n regular, la lubricaci\u00f3n adecuada, el reemplazo de sellos y las comprobaciones de calibraci\u00f3n son tareas comunes de mantenimiento que pueden ayudar a prolongar la vida \u00fatil del cilindro. La instalaci\u00f3n, la lubricaci\u00f3n y el ajuste correctos son fundamentales, y se debe proporcionar una gu\u00eda de alineaci\u00f3n adecuada durante la instalaci\u00f3n. Se recomienda el uso de soportes de montaje adecuados para asegurar el cilindro, y se deben establecer programas de revisi\u00f3n, reparaci\u00f3n y reemplazo de piezas para prolongar la vida \u00fatil del producto. <\/p>\n<p><img decoding=\"async\" src=\"https:\/\/www.hydraulic-cylinders.net\/wp-content\/uploads\/2025\/01\/songte-chushion-collar.webp\"><\/p>\n<h2>Consideraciones de seguridad y medio ambiente<\/h2>\n<p>El cilindro del cuchar\u00f3n debe instalarse y utilizarse de acuerdo con las normas de seguridad para evitar accidentes. Se debe tener especial cuidado al desechar el aceite hidr\u00e1ulico y otros componentes correctamente.<\/p>\n<h2>Soluci\u00f3n de problemas y problemas comunes<\/h2>\n<p>Los problemas comunes con los cilindros de los cangilones incluyen fugas, alineaci\u00f3n incorrecta y sellos desgastados. Un mantenimiento e inspecci\u00f3n adecuados pueden prevenir estos problemas.<\/p>\n<h2>Introducci\u00f3n de la empresa<\/h2>\n<p>We are a manufacturer of replacement hydraulic cylinders, providing a complete range of products and services and becoming one of the leading manufacturers and wholesalers of hydraulic cylinders in the domestic and international markets. We adhere to the principle of excellent quality, rely on the industry&#8217;s production management strategy of fine manufacturing workshops, constantly improve the manufacturing platform, improve product quality production lines, and have strong production capacity to meet customers&#8217; diverse needs with high efficiency, high precision, and high quality. <\/p>\n<p>Ofrecemos servicios profesionales, personalizados y certificados internacionalmente, y contamos con equipos de producci\u00f3n avanzados y sistemas de pruebas profesionales, as\u00ed como un s\u00f3lido equipo de servicio posventa para garantizar la satisfacci\u00f3n del cliente.<\/p>\n<p><img decoding=\"async\" src=\"https:\/\/hzpt.com\/wp-content\/uploads\/2024\/11\/songte-company-1.webp\"><\/p>\n<p>Autor: lyl.<\/p>","protected":false},"excerpt":{"rendered":"<p>Bucket Cylinder For World Middle Excavator W2225LC-8 Introduction The Bucket Cylinder for World Middle Excavator W2225LC-8 is a specially designed hydraulic cylinder used to control the movement of buckets in heavy machinery such as excavators, backhoe excavators, and front-end loaders. Its main function is to enable the bucket to lift, lower, and tilt, making it [&hellip;]<\/p>","protected":false},"featured_media":14769,"comment_status":"open","ping_status":"closed","template":"","meta":{"_et_pb_use_builder":"","_et_pb_old_content":"","_et_gb_content_width":""},"product_brand":[],"product_cat":[1494],"product_tag":[1495,1496],"class_list":{"0":"post-15743","1":"product","2":"type-product","3":"status-publish","4":"has-post-thumbnail","6":"product_cat-bucket-cylinders","7":"product_tag-bucket-cylinders","8":"product_tag-hydraulic-cylinders","10":"first","11":"instock","12":"shipping-taxable","13":"product-type-simple"},"amp_enabled":true,"_links":{"self":[{"href":"https:\/\/www.hydraulic-cylinders.net\/es\/wp-json\/wp\/v2\/product\/15743","targetHints":{"allow":["GET"]}}],"collection":[{"href":"https:\/\/www.hydraulic-cylinders.net\/es\/wp-json\/wp\/v2\/product"}],"about":[{"href":"https:\/\/www.hydraulic-cylinders.net\/es\/wp-json\/wp\/v2\/types\/product"}],"replies":[{"embeddable":true,"href":"https:\/\/www.hydraulic-cylinders.net\/es\/wp-json\/wp\/v2\/comments?post=15743"}],"wp:featuredmedia":[{"embeddable":true,"href":"https:\/\/www.hydraulic-cylinders.net\/es\/wp-json\/wp\/v2\/media\/14769"}],"wp:attachment":[{"href":"https:\/\/www.hydraulic-cylinders.net\/es\/wp-json\/wp\/v2\/media?parent=15743"}],"wp:term":[{"taxonomy":"product_brand","embeddable":true,"href":"https:\/\/www.hydraulic-cylinders.net\/es\/wp-json\/wp\/v2\/product_brand?post=15743"},{"taxonomy":"product_cat","embeddable":true,"href":"https:\/\/www.hydraulic-cylinders.net\/es\/wp-json\/wp\/v2\/product_cat?post=15743"},{"taxonomy":"product_tag","embeddable":true,"href":"https:\/\/www.hydraulic-cylinders.net\/es\/wp-json\/wp\/v2\/product_tag?post=15743"}],"curies":[{"name":"wp","href":"https:\/\/api.w.org\/{rel}","templated":true}]}}