{"id":15747,"date":"2025-01-19T14:55:34","date_gmt":"2025-01-19T14:55:34","guid":{"rendered":"https:\/\/www.hydraulic-cylinders.net\/product\/bucket-cylinder-for-world-large-excavator-w2425lc-8\/"},"modified":"2025-01-19T14:55:36","modified_gmt":"2025-01-19T14:55:36","slug":"bucket-cylinder-for-world-large-excavator-w2425lc-8","status":"publish","type":"product","link":"https:\/\/www.hydraulic-cylinders.net\/es\/producto\/bucket-cylinder-for-world-large-excavator-w2425lc-8\/","title":{"rendered":"Cilindro de cuchar\u00f3n para excavadora grande mundial W2425LC-8"},"content":{"rendered":"<h1>Cilindro de cuchar\u00f3n para excavadora grande mundial W2425LC-8<\/h1>\n<h2>Introducci\u00f3n<\/h2>\n<p>El cilindro del cuchar\u00f3n para la excavadora W2425LC-8, de gran tama\u00f1o, es un cilindro hidr\u00e1ulico especialmente dise\u00f1ado para controlar el movimiento del cuchar\u00f3n en maquinaria pesada como excavadoras, retroexcavadoras y cargadoras frontales. Su funci\u00f3n principal es permitir la elevaci\u00f3n, el descenso y la inclinaci\u00f3n del cuchar\u00f3n, facilitando la manipulaci\u00f3n de materiales. En el sistema hidr\u00e1ulico, el cilindro del cuchar\u00f3n controla con precisi\u00f3n el cuchar\u00f3n mediante cambios en la presi\u00f3n del aceite hidr\u00e1ulico, lo que permite a los operadores manipular cargas pesadas con eficiencia y adaptarse a entornos de trabajo complejos y diversos requisitos operativos.<\/p>\n<p><img decoding=\"async\" src=\"https:\/\/www.hydraulic-cylinders.net\/wp-content\/uploads\/2025\/01\/songte-company-2.webp\" alt=\"Imagen del cilindro del cubo\"><\/p>\n<h2>Caracter\u00edsticas<\/h2>\n<ul>\n<li>Alta resistencia y durabilidad: Generalmente fabricados en acero o aluminio de alta resistencia, soportan alta presi\u00f3n y cargas pesadas, y son aptos para entornos de trabajo exigentes. Su dise\u00f1o considera la resistencia al desgaste y a la corrosi\u00f3n para prolongar su vida \u00fatil.<\/li>\n<li>Operaci\u00f3n hidr\u00e1ulica eficiente: utiliza la presi\u00f3n del aceite hidr\u00e1ulico para lograr movimientos suaves de extensi\u00f3n y retracci\u00f3n, lo que permite una respuesta r\u00e1pida a los comandos de control y proporciona poderosas fuerzas de empuje y tracci\u00f3n, adecuadas para manipular cargas pesadas y tareas operativas complejas.<\/li>\n<li>Diversos tipos: Puede elegir entre cilindros de simple efecto (hidr\u00e1ulicos en un solo sentido) o de doble efecto (hidr\u00e1ulicos en ambos sentidos) seg\u00fan las necesidades operativas. Algunos modelos son telesc\u00f3picos, lo que permite una mayor extensi\u00f3n sin aumentar las dimensiones externas, ideal para aplicaciones con espacio limitado.<\/li>\n<li>Reemplazo perfecto: Nuestros productos pueden reemplazar perfectamente estos cilindros hidr\u00e1ulicos. Podemos fabricar este producto seg\u00fan sus necesidades espec\u00edficas.<\/li>\n<\/ul>\n<p><img decoding=\"async\" src=\"https:\/\/www.hydraulic-cylinders.net\/wp-content\/uploads\/2025\/01\/songte-cylinder-head-with-all-kinds-excavator-models.webp\" alt=\"Imagen del cilindro de repuesto\"><\/p>\n<h2>Aplicaciones<\/h2>\n<p>El cilindro de cuchara para la excavadora de gran tama\u00f1o mundial W2425LC-8 encuentra aplicaciones en diversas industrias, entre ellas:<\/p>\n<ul>\n<li>Equipo de construcci\u00f3n: Es crucial en las excavadoras para excavar, cargar y mover tierra o escombros. En las retroexcavadoras, el cilindro del cuchar\u00f3n facilita tanto la excavaci\u00f3n como la elevaci\u00f3n.<\/li>\n<li>Maquinaria agr\u00edcola: Se utiliza en cargadoras frontales para recoger, levantar y transportar tierra, heno y otros materiales.<\/li>\n<li>Excavadoras: El cilindro del cuchar\u00f3n permite realizar acciones de excavaci\u00f3n al permitir que el cuchar\u00f3n penetre en el suelo.<\/li>\n<li>Cargadores: En los cargadores frontales, ayudan a levantar y descargar mercanc\u00edas de manera eficaz.<\/li>\n<\/ul>\n<h2>Consideraciones de dise\u00f1o y criterios de selecci\u00f3n<\/h2>\n<p>A la hora de considerar el dise\u00f1o y los criterios de selecci\u00f3n del cilindro del cuchar\u00f3n, se deben tener en cuenta varios factores clave:<\/p>\n<ul>\n<li>Capacidad de carga<\/li>\n<li>Rendimiento de sellado<\/li>\n<li>Durabilidad<\/li>\n<li>Seguridad<\/li>\n<li>Mantenibilidad<\/li>\n<\/ul>\n<p><img decoding=\"async\" src=\"https:\/\/www.hydraulic-cylinders.net\/wp-content\/uploads\/2025\/01\/songte-oil-pipes-and-spare-parts.webp\" alt=\"Imagen de piezas del cilindro hidr\u00e1ulico\"><\/p>\n<h2>Sellado y lubricaci\u00f3n<\/h2>\n<p>El cilindro del cuchar\u00f3n utiliza diversos componentes de sellado, como sellos de pist\u00f3n y de v\u00e1stago, fabricados con materiales resistentes al desgaste como poliuretano y caucho de nitrilo. El cuerpo del cilindro y los extremos roscados se someten a un meticuloso tratamiento superficial para mejorar la resistencia al desgaste. La lubricaci\u00f3n regular con la cantidad adecuada de aceite hidr\u00e1ulico es necesaria para un funcionamiento fluido.<\/p>\n<h2>Inspecci\u00f3n regular y mantenimiento preventivo<\/h2>\n<p>Las medidas de inspecci\u00f3n peri\u00f3dica y mantenimiento preventivo incluyen:<\/p>\n<ul>\n<li>Comprobaci\u00f3n de posibles signos de da\u00f1o o desgaste<\/li>\n<li>Lubricaci\u00f3n adecuada<\/li>\n<li>Reemplazo del sello<\/li>\n<li>Comprobaciones de calibraci\u00f3n<\/li>\n<\/ul>\n<p><img decoding=\"async\" src=\"https:\/\/www.hydraulic-cylinders.net\/wp-content\/uploads\/2025\/01\/songte-chushion-collar.webp\" alt=\"Imagen de inspecci\u00f3n del cilindro hidr\u00e1ulico\"><\/p>\n<h2>Consideraciones de seguridad y factores ambientales<\/h2>\n<p>Es fundamental garantizar la seguridad al trabajar con cilindros hidr\u00e1ulicos. Tambi\u00e9n deben considerarse los factores ambientales para minimizar cualquier impacto negativo.<\/p>\n<h2>Soluci\u00f3n de problemas y problemas comunes<\/h2>\n<p>Al encontrar problemas con el cilindro del cuchar\u00f3n, comprender los pasos y soluciones comunes puede ser \u00fatil para diagnosticarlos y resolverlos. Adem\u00e1s, se pueden implementar medidas preventivas para minimizar posibles problemas.<\/p>\n<p><img decoding=\"async\" src=\"https:\/\/www.hydraulic-cylinders.net\/wp-content\/uploads\/2025\/01\/songte-bushings-with-all-kinds-of-excavator-models.webp\" alt=\"Imagen de soluci\u00f3n de problemas del cilindro hidr\u00e1ulico\"><\/p>\n<p>Recuerda organizar el art\u00edculo de forma l\u00f3gica, usar subt\u00edtulos para facilitar la navegaci\u00f3n, incorporar im\u00e1genes o gr\u00e1ficos relevantes para una mejor comprensi\u00f3n y asegurarte de que el contenido sea claro, conciso y adecuado para lectores con diferentes niveles de conocimiento t\u00e9cnico.<\/p>\n<h2>Acerca de nuestra empresa<\/h2>\n<p>Somos fabricantes de cilindros hidr\u00e1ulicos de repuesto y ofrecemos una amplia gama de productos. Nos hemos convertido en uno de los principales fabricantes y distribuidores mayoristas de cilindros hidr\u00e1ulicos en el mercado nacional e internacional. Con un enfoque en la excelencia, nos basamos en estrategias de gesti\u00f3n de producci\u00f3n industrializadas en nuestros talleres de fabricaci\u00f3n de vanguardia. Nuestra empresa mejora continuamente la plataforma de fabricaci\u00f3n, perfecciona el proceso de calidad de la producci\u00f3n y cuenta con una gran capacidad creativa. Nos esforzamos por satisfacer las diversas necesidades de nuestros clientes con alta eficiencia, precisi\u00f3n y calidad.<\/p>\n<p><img decoding=\"async\" src=\"https:\/\/www.hydraulic-cylinders.net\/wp-content\/uploads\/2025\/01\/songte-company-3.webp\" alt=\"Imagen de la empresa\"><\/p>\n<p>Adem\u00e1s, ofrecemos profesionalismo, certificaciones internacionales, servicios personalizados, equipos de producci\u00f3n avanzados y servicios posventa integrales. <\/p>\n<p>Autor: lyl<\/p>","protected":false},"excerpt":{"rendered":"<p>Bucket Cylinder For World Large Excavator W2425LC-8 Introduction The bucket cylinder for world large excavator W2425LC-8 is a specially designed hydraulic cylinder used to control the movement of the bucket in heavy machinery such as excavators, backhoe loaders, and front-end loaders. Its main function is to enable the lifting, lowering, and tilting of the bucket, [&hellip;]<\/p>","protected":false},"featured_media":14789,"comment_status":"open","ping_status":"closed","template":"","meta":{"_et_pb_use_builder":"","_et_pb_old_content":"","_et_gb_content_width":""},"product_brand":[],"product_cat":[1494],"product_tag":[1495,1496],"class_list":{"0":"post-15747","1":"product","2":"type-product","3":"status-publish","4":"has-post-thumbnail","6":"product_cat-bucket-cylinders","7":"product_tag-bucket-cylinders","8":"product_tag-hydraulic-cylinders","10":"first","11":"instock","12":"shipping-taxable","13":"product-type-simple"},"amp_enabled":true,"_links":{"self":[{"href":"https:\/\/www.hydraulic-cylinders.net\/es\/wp-json\/wp\/v2\/product\/15747","targetHints":{"allow":["GET"]}}],"collection":[{"href":"https:\/\/www.hydraulic-cylinders.net\/es\/wp-json\/wp\/v2\/product"}],"about":[{"href":"https:\/\/www.hydraulic-cylinders.net\/es\/wp-json\/wp\/v2\/types\/product"}],"replies":[{"embeddable":true,"href":"https:\/\/www.hydraulic-cylinders.net\/es\/wp-json\/wp\/v2\/comments?post=15747"}],"wp:featuredmedia":[{"embeddable":true,"href":"https:\/\/www.hydraulic-cylinders.net\/es\/wp-json\/wp\/v2\/media\/14789"}],"wp:attachment":[{"href":"https:\/\/www.hydraulic-cylinders.net\/es\/wp-json\/wp\/v2\/media?parent=15747"}],"wp:term":[{"taxonomy":"product_brand","embeddable":true,"href":"https:\/\/www.hydraulic-cylinders.net\/es\/wp-json\/wp\/v2\/product_brand?post=15747"},{"taxonomy":"product_cat","embeddable":true,"href":"https:\/\/www.hydraulic-cylinders.net\/es\/wp-json\/wp\/v2\/product_cat?post=15747"},{"taxonomy":"product_tag","embeddable":true,"href":"https:\/\/www.hydraulic-cylinders.net\/es\/wp-json\/wp\/v2\/product_tag?post=15747"}],"curies":[{"name":"wp","href":"https:\/\/api.w.org\/{rel}","templated":true}]}}