{"id":15763,"date":"2025-01-19T14:56:56","date_gmt":"2025-01-19T14:56:56","guid":{"rendered":"https:\/\/www.hydraulic-cylinders.net\/product\/bucket-cylinder-for-jchi-ns55r-8\/"},"modified":"2025-01-19T14:56:58","modified_gmt":"2025-01-19T14:56:58","slug":"bucket-cylinder-for-jchi-ns55r-8","status":"publish","type":"product","link":"https:\/\/www.hydraulic-cylinders.net\/es\/producto\/bucket-cylinder-for-jchi-ns55r-8\/","title":{"rendered":"Cilindro de cuchar\u00f3n para JCHI NS55R-8"},"content":{"rendered":"<h1>Cilindro de cuchar\u00f3n para JCHI NS55R-8<\/h1>\n<h2>Introducci\u00f3n<\/h2>\n<p>El cilindro del cuchar\u00f3n para JCHI NS55R-8 es un cilindro hidr\u00e1ulico especializado, dise\u00f1ado para controlar el movimiento del cuchar\u00f3n en maquinaria pesada como excavadoras, retroexcavadoras y cargadoras frontales. Su funci\u00f3n principal es permitir la elevaci\u00f3n, el descenso y la inclinaci\u00f3n del cuchar\u00f3n, facilitando la realizaci\u00f3n de diversas tareas de manipulaci\u00f3n de materiales. En el sistema hidr\u00e1ulico, el cilindro del cuchar\u00f3n logra un control preciso del cuchar\u00f3n aprovechando los cambios de presi\u00f3n en el aceite hidr\u00e1ulico, lo que permite a los operadores manipular cargas pesadas con eficiencia y adaptarse a entornos de trabajo complejos y a diversos requisitos.<\/p>\n<p><img decoding=\"async\" src=\"https:\/\/www.hydraulic-cylinders.net\/wp-content\/uploads\/2025\/01\/songte-company-2.webp\" alt=\"Imagen del cilindro del cubo\"><\/p>\n<h2>Caracter\u00edsticas<\/h2>\n<ul>\n<li>Alta resistencia y durabilidad: Fabricado generalmente en acero o aluminio de alta resistencia, soporta altas presiones y cargas pesadas, adapt\u00e1ndose a entornos de trabajo exigentes. Su dise\u00f1o considera la resistencia al desgaste y a la corrosi\u00f3n, prolongando su vida \u00fatil.<\/li>\n<li>Operaci\u00f3n hidr\u00e1ulica eficiente: Utilizando la presi\u00f3n del aceite hidr\u00e1ulico, logra movimientos telesc\u00f3picos suaves, lo que permite una respuesta r\u00e1pida a los comandos de control, proporcionando poderosas fuerzas de empuje y tracci\u00f3n, adecuadas para manipular cargas pesadas y tareas laborales complejas.<\/li>\n<li>Diversos tipos: Disponibles en cilindros de simple efecto (hidr\u00e1ulicos en una sola direcci\u00f3n) o de doble efecto (hidr\u00e1ulicos en ambas direcciones) para satisfacer diversas necesidades operativas. Algunos modelos son telesc\u00f3picos, lo que permite una mayor extensi\u00f3n sin aumentar las dimensiones externas, ideal para aplicaciones con espacio limitado.<\/li>\n<li>Reemplazo perfecto: Nuestros productos pueden reemplazar perfectamente estos cilindros hidr\u00e1ulicos.<\/li>\n<\/ul>\n<p><img decoding=\"async\" src=\"https:\/\/www.hydraulic-cylinders.net\/wp-content\/uploads\/2025\/01\/songte-cylinder-head-with-all-kinds-excavator-models.webp\" alt=\"Imagen del producto\"><\/p>\n<h2>Aplicaciones<\/h2>\n<p>El cilindro de cuchara encuentra sus aplicaciones en diversas industrias:<\/p>\n<ul>\n<li>Equipos de construcci\u00f3n: Vitales para las excavadoras, ya que son esenciales para excavar, cargar y mover tierra o escombros. En las retroexcavadoras, los cilindros del cuchar\u00f3n ayudan tanto en la excavaci\u00f3n como en la elevaci\u00f3n.<\/li>\n<li>Maquinaria agr\u00edcola: Se utiliza en cargadoras frontales para recoger, levantar y transportar tierra, heno y otros materiales.<\/li>\n<li>Excavadoras: El cilindro del cuchar\u00f3n permite realizar acciones de excavaci\u00f3n al permitir que el cuchar\u00f3n penetre en el suelo.<\/li>\n<li>Cargadores frontales: En los cargadores frontales, ayudan a levantar y descargar la carga de manera eficiente.<\/li>\n<\/ul>\n<h2>Consideraciones de dise\u00f1o y criterios de selecci\u00f3n<\/h2>\n<p>A la hora de considerar el dise\u00f1o, hay que tener en cuenta varios factores clave:<\/p>\n<ul>\n<li>Capacidad de carga: El cilindro del cuchar\u00f3n debe estar dise\u00f1ado para soportar las cargas m\u00e1ximas esperadas.<\/li>\n<li>Sellado: Se utilizan diversos componentes de sellado, como sellos de pist\u00f3n y sellos de varilla, para garantizar el correcto funcionamiento hidr\u00e1ulico y evitar fugas.<\/li>\n<li>Durabilidad: El cilindro debe estar construido con materiales y recubrimientos que ofrezcan resistencia al desgaste y la corrosi\u00f3n, asegurando una larga vida \u00fatil.<\/li>\n<li>Seguridad: Se deben incorporar en el dise\u00f1o caracter\u00edsticas de seguridad como v\u00e1lvulas de alivio de presi\u00f3n y mecanismos de parada de emergencia para proteger a los operadores y al equipo.<\/li>\n<li>Mantenibilidad: El cilindro debe estar dise\u00f1ado para un f\u00e1cil mantenimiento, con componentes accesibles e instrucciones claras para reparaciones o reemplazos.<\/li>\n<\/ul>\n<p><img decoding=\"async\" src=\"https:\/\/www.hydraulic-cylinders.net\/wp-content\/uploads\/2025\/01\/songte-oil-pipes-and-spare-parts.webp\" alt=\"Consideraciones de dise\u00f1o Imagen\"><\/p>\n<h2>Sellado y lubricaci\u00f3n<\/h2>\n<p>El cilindro del cuchar\u00f3n utiliza diversos componentes de sellado, como sellos de pist\u00f3n y de v\u00e1stago. Estos sellos est\u00e1n fabricados con materiales resistentes al desgaste como poliuretano y caucho de nitrilo. El cuerpo del cilindro y los extremos roscados se someten a tratamientos precisos para mejorar la resistencia al desgaste. Es necesaria una lubricaci\u00f3n regular con el aceite hidr\u00e1ulico adecuado para garantizar un funcionamiento sin problemas.<\/p>\n<h2>Inspecci\u00f3n y mantenimiento preventivo<\/h2>\n<p>Para garantizar un rendimiento \u00f3ptimo y una larga vida \u00fatil, se deben realizar inspecciones peri\u00f3dicas y mantenimiento preventivo. Algunas medidas recomendadas incluyen:<\/p>\n<ul>\n<li>Inspecciones peri\u00f3dicas del cilindro para detectar signos de desgaste, fugas o da\u00f1os.<\/li>\n<li>Lubricaci\u00f3n adecuada de todas las partes m\u00f3viles para reducir la fricci\u00f3n y evitar el desgaste prematuro.<\/li>\n<li>Reemplazo peri\u00f3dico de sellos para mantener el rendimiento de sellado adecuado.<\/li>\n<li>Comprobaciones de calibraci\u00f3n para verificar el rendimiento y la alineaci\u00f3n del cilindro.<\/li>\n<\/ul>\n<p><img decoding=\"async\" src=\"https:\/\/www.hydraulic-cylinders.net\/wp-content\/uploads\/2025\/01\/songte-chushion-collar.webp\" alt=\"Imagen de inspecci\u00f3n y mantenimiento\"><\/p>\n<h2>Consideraciones de seguridad y factores ambientales<\/h2>\n<p>Al utilizar el cilindro del cuchar\u00f3n, es fundamental seguir las medidas de seguridad recomendadas para garantizar el bienestar de los operadores y del entorno. Las precauciones de seguridad incluyen:<\/p>\n<ul>\n<li>Capacitaci\u00f3n adecuada a los operadores sobre el uso seguro y el mantenimiento del cilindro.<\/li>\n<li>Cumplimiento de las normas y regulaciones de seguridad durante la instalaci\u00f3n, operaci\u00f3n y mantenimiento.<\/li>\n<li>Eliminaci\u00f3n adecuada de cualquier material peligroso asociado con el cilindro.<\/li>\n<\/ul>\n<h2>Diagn\u00f3stico de fallas y soluci\u00f3n de problemas<\/h2>\n<p>En caso de fallo, es importante diagnosticar y solucionar los problemas con prontitud. Algunos problemas comunes y sus m\u00e9todos de soluci\u00f3n incluyen:<\/p>\n<ul>\n<li>Fugas: Inspeccione y reemplace los sellos da\u00f1ados o apriete las conexiones.<\/li>\n<li>Operaci\u00f3n lenta: Verifique los niveles de l\u00edquido hidr\u00e1ulico, limpie o reemplace los filtros y aseg\u00farese de que haya una lubricaci\u00f3n adecuada.<\/li>\n<li>Movimientos irregulares: Verifique la alineaci\u00f3n y aj\u00fastela si es necesario. Inspeccione si hay obstrucciones o componentes da\u00f1ados.<\/li>\n<\/ul>\n<p><img decoding=\"async\" src=\"https:\/\/www.hydraulic-cylinders.net\/wp-content\/uploads\/2025\/01\/songte-bushings-with-all-kinds-of-excavator-models.webp\" alt=\"Imagen de diagn\u00f3stico de fallas\"><\/p>\n<p>Siguiendo los procedimientos adecuados de instalaci\u00f3n, lubricaci\u00f3n y ajuste, se puede maximizar la longevidad y el rendimiento del cilindro del cuchar\u00f3n. Se recomienda una alineaci\u00f3n correcta durante la instalaci\u00f3n, el uso de soportes de montaje adecuados para asegurar el cilindro y revisiones, reparaciones y reemplazos regulares para prolongar su vida \u00fatil.<\/p>\n<h2>Acerca de nuestra empresa<\/h2>\n<p>Somos un fabricante y distribuidor mayorista l\u00edder de cilindros hidr\u00e1ulicos en el mercado nacional e internacional. Ofrecemos una amplia gama de productos y somos reconocidos por nuestra excelente calidad. Nuestra empresa sigue una estrategia de gesti\u00f3n de fabricaci\u00f3n que prioriza la producci\u00f3n industrializada en talleres altamente capacitados. Con un enfoque en la contrataci\u00f3n de personal cualificado, el uso de equipos de fabricaci\u00f3n digital avanzados y la implementaci\u00f3n de sistemas de prueba profesionales, mejoramos continuamente nuestra plataforma de fabricaci\u00f3n para satisfacer las diversas necesidades de nuestros clientes con eficiencia, precisi\u00f3n y calidad.<\/p>\n<p><img decoding=\"async\" src=\"https:\/\/www.hydraulic-cylinders.net\/wp-content\/uploads\/2025\/01\/songte-company-3.webp\" alt=\"Imagen de la empresa\"><\/p>\n<h3>Puntos clave sobre nuestra empresa:<\/h3>\n<ul>\n<li>Profesionalismo: Con un equipo de expertos, brindamos experiencia en la producci\u00f3n de cilindros hidr\u00e1ulicos.<\/li>\n<li>Certificaciones Internacionales: Nuestros productos cumplen con est\u00e1ndares y certificaciones internacionales.<\/li>\n<li>Servicios de personalizaci\u00f3n: Ofrecemos soluciones personalizadas para satisfacer requisitos espec\u00edficos.<\/li>\n<li>Equipo de \u00faltima generaci\u00f3n: Utilizamos equipos de fabricaci\u00f3n avanzados para lograr una calidad \u00f3ptima.<\/li>\n<li>Servicio postventa: Nuestra empresa ofrece soporte y servicios posventa integrales.<\/li>\n<\/ul>\n<p>Al organizar el art\u00edculo de forma l\u00f3gica, utilizar subt\u00edtulos para facilitar la navegaci\u00f3n, incorporar im\u00e1genes o gr\u00e1ficos relevantes para mejorar la comprensi\u00f3n y garantizar un contenido claro y conciso, nuestro objetivo es atender a lectores con distintos niveles de conocimiento t\u00e9cnico.<\/p>\n<p><em>Autor: lyl<\/em><\/p>","protected":false},"excerpt":{"rendered":"<p>Bucket Cylinder For JCHI NS55R-8 Introduction The bucket cylinder for JCHI NS55R-8 is a specialized hydraulic cylinder designed to control the movement of the bucket in heavy machinery such as excavators, backhoe loaders, and front-end loaders. Its main function is to enable the lifting, lowering, and tilting of the bucket, making it easier to handle [&hellip;]<\/p>","protected":false},"featured_media":14788,"comment_status":"open","ping_status":"closed","template":"","meta":{"_et_pb_use_builder":"","_et_pb_old_content":"","_et_gb_content_width":""},"product_brand":[],"product_cat":[1494],"product_tag":[1495,1496],"class_list":{"0":"post-15763","1":"product","2":"type-product","3":"status-publish","4":"has-post-thumbnail","6":"product_cat-bucket-cylinders","7":"product_tag-bucket-cylinders","8":"product_tag-hydraulic-cylinders","10":"first","11":"instock","12":"shipping-taxable","13":"product-type-simple"},"amp_enabled":true,"_links":{"self":[{"href":"https:\/\/www.hydraulic-cylinders.net\/es\/wp-json\/wp\/v2\/product\/15763","targetHints":{"allow":["GET"]}}],"collection":[{"href":"https:\/\/www.hydraulic-cylinders.net\/es\/wp-json\/wp\/v2\/product"}],"about":[{"href":"https:\/\/www.hydraulic-cylinders.net\/es\/wp-json\/wp\/v2\/types\/product"}],"replies":[{"embeddable":true,"href":"https:\/\/www.hydraulic-cylinders.net\/es\/wp-json\/wp\/v2\/comments?post=15763"}],"wp:featuredmedia":[{"embeddable":true,"href":"https:\/\/www.hydraulic-cylinders.net\/es\/wp-json\/wp\/v2\/media\/14788"}],"wp:attachment":[{"href":"https:\/\/www.hydraulic-cylinders.net\/es\/wp-json\/wp\/v2\/media?parent=15763"}],"wp:term":[{"taxonomy":"product_brand","embeddable":true,"href":"https:\/\/www.hydraulic-cylinders.net\/es\/wp-json\/wp\/v2\/product_brand?post=15763"},{"taxonomy":"product_cat","embeddable":true,"href":"https:\/\/www.hydraulic-cylinders.net\/es\/wp-json\/wp\/v2\/product_cat?post=15763"},{"taxonomy":"product_tag","embeddable":true,"href":"https:\/\/www.hydraulic-cylinders.net\/es\/wp-json\/wp\/v2\/product_tag?post=15763"}],"curies":[{"name":"wp","href":"https:\/\/api.w.org\/{rel}","templated":true}]}}