{"id":15769,"date":"2025-01-19T14:57:23","date_gmt":"2025-01-19T14:57:23","guid":{"rendered":"https:\/\/www.hydraulic-cylinders.net\/product\/bucket-cylinder-for-sinomach-zg3150-9c\/"},"modified":"2025-01-19T14:57:25","modified_gmt":"2025-01-19T14:57:25","slug":"bucket-cylinder-for-sinomach-zg3150-9c","status":"publish","type":"product","link":"https:\/\/www.hydraulic-cylinders.net\/es\/producto\/bucket-cylinder-for-sinomach-zg3150-9c\/","title":{"rendered":"Cilindro de cuchar\u00f3n para Sinomach ZG3150-9C"},"content":{"rendered":"<h1>Cilindro de cuchar\u00f3n para Sinomach ZG3150-9C<\/h1>\n<h2>Introducci\u00f3n<\/h2>\n<p>El cilindro de la cuchara para la Sinomach ZG3150-9C es un cilindro hidr\u00e1ulico especializado, dise\u00f1ado para controlar el movimiento de la cuchara en maquinaria pesada como excavadoras, retroexcavadoras y cargadoras frontales. Su funci\u00f3n principal es permitir la elevaci\u00f3n, el descenso y la inclinaci\u00f3n de la cuchara, facilitando la realizaci\u00f3n de diversas tareas de manipulaci\u00f3n de materiales. En un sistema hidr\u00e1ulico, el cilindro de la cuchara logra un control preciso de la cuchara variando la presi\u00f3n del aceite hidr\u00e1ulico, lo que permite a los operadores manipular cargas pesadas con eficiencia y adaptarse a entornos de trabajo complejos y a diversos requisitos.<\/p>\n<p><img decoding=\"async\" src=\"https:\/\/www.hydraulic-cylinders.net\/wp-content\/uploads\/2025\/01\/songte-company-2.webp\" alt=\"Imagen del cilindro del cubo\"><\/p>\n<h2>Caracter\u00edsticas<\/h2>\n<ul>\n<li><strong>Alta resistencia y durabilidad:<\/strong> Fabricado generalmente en acero o aluminio de alta resistencia, el cilindro del cuchar\u00f3n soporta alta presi\u00f3n y cargas pesadas, adapt\u00e1ndose a entornos de trabajo hostiles. Su dise\u00f1o considera la resistencia al desgaste y a la corrosi\u00f3n, prolongando as\u00ed su vida \u00fatil.<\/li>\n<li><strong>Operaci\u00f3n hidr\u00e1ulica eficiente:<\/strong> Al utilizar la presi\u00f3n del aceite hidr\u00e1ulico, el cilindro del cuchar\u00f3n logra movimientos telesc\u00f3picos suaves, lo que permite una respuesta r\u00e1pida a los comandos de control y proporciona poderosas fuerzas de empuje y tracci\u00f3n, adecuadas para manipular cargas pesadas y tareas laborales complejas.<\/li>\n<li><strong>Varios tipos:<\/strong> El cilindro del cuchar\u00f3n puede elegirse entre cilindros de simple efecto (presi\u00f3n hidr\u00e1ulica en una sola direcci\u00f3n) o de doble efecto (presi\u00f3n hidr\u00e1ulica en ambas direcciones), seg\u00fan los requisitos operativos. Algunos modelos son telesc\u00f3picos, lo que permite una mayor extensi\u00f3n sin aumentar las dimensiones externas, lo que los hace ideales para aplicaciones con espacio limitado.<\/li>\n<li><strong>Repuestos para cilindros hidr\u00e1ulicos:<\/strong> Nuestros productos pueden reemplazar perfectamente estos cilindros hidr\u00e1ulicos.<\/li>\n<\/ul>\n<p><img decoding=\"async\" src=\"https:\/\/www.hydraulic-cylinders.net\/wp-content\/uploads\/2025\/01\/songte-cylinder-head-with-all-kinds-excavator-models.webp\" alt=\"Imagen del producto\"><\/p>\n<h2>Aplicaciones<\/h2>\n<p>El cilindro de cuchara para Sinomach ZG3150-9C encuentra aplicaciones en diversas industrias:<\/p>\n<ul>\n<li><strong>Equipos de construcci\u00f3n:<\/strong> Se encuentran en las excavadoras y son cruciales para la excavaci\u00f3n, la carga y el movimiento de tierra o escombros. En las retroexcavadoras, el cilindro del cuchar\u00f3n facilita tanto la excavaci\u00f3n como la elevaci\u00f3n.<\/li>\n<li><strong>Maquinaria agr\u00edcola:<\/strong> Se utiliza en cargadores frontales para recoger, levantar y transportar tierra, heno y otros materiales.<\/li>\n<li><strong>Excavadoras:<\/strong> El cilindro del cuchar\u00f3n permite realizar acciones de excavaci\u00f3n al permitir que el cuchar\u00f3n penetre en el suelo.<\/li>\n<li><strong>Cargadores:<\/strong> En las cargadoras frontales, ayudan a elevar y descargar la mercanc\u00eda de forma eficiente.<\/li>\n<\/ul>\n<h2>Consideraciones de dise\u00f1o y criterios de selecci\u00f3n<\/h2>\n<ul>\n<li><strong>Capacidad de carga:<\/strong> El cilindro del cuchar\u00f3n est\u00e1 dise\u00f1ado para soportar las cargas y fuerzas previstas durante el funcionamiento.<\/li>\n<li><strong>Caza de focas:<\/strong> Se utilizan diversos sellos, como sellos de pist\u00f3n y sellos de varilla, para garantizar un sellado adecuado y evitar fugas de fluido hidr\u00e1ulico.<\/li>\n<li><strong>Durabilidad:<\/strong> El cilindro est\u00e1 construido para soportar las duras condiciones de trabajo y resistir el desgaste y la corrosi\u00f3n.<\/li>\n<li><strong>Seguridad:<\/strong> Se incorporan medidas de seguridad en el dise\u00f1o para garantizar que el cilindro funcione de manera segura y confiable.<\/li>\n<li><strong>Mantenimiento:<\/strong> Se tienen en cuenta consideraciones para facilitar el mantenimiento y la reparaci\u00f3n del cilindro, lo que permite un servicio eficiente y una vida \u00fatil prolongada.<\/li>\n<\/ul>\n<p><img decoding=\"async\" src=\"https:\/\/www.hydraulic-cylinders.net\/wp-content\/uploads\/2025\/01\/songte-oil-pipes-and-spare-parts.webp\" alt=\"Imagen del producto\"><\/p>\n<h2>Sellado y lubricaci\u00f3n<\/h2>\n<p>El cilindro del cuchar\u00f3n utiliza diversos componentes de sellado, como sellos de pist\u00f3n y de v\u00e1stago, fabricados con materiales resistentes al desgaste como poliuretano y caucho de nitrilo. El cuerpo del cilindro y las superficies roscadas de los extremos se someten a un tratamiento minucioso para mejorar la resistencia al desgaste. Es necesaria una lubricaci\u00f3n regular con la cantidad adecuada de aceite hidr\u00e1ulico para garantizar un funcionamiento suave y una larga vida \u00fatil.<\/p>\n<h2>Inspecci\u00f3n regular y mantenimiento preventivo<\/h2>\n<ul>\n<li>Inspeccione peri\u00f3dicamente el cilindro del cuchar\u00f3n para detectar signos de desgaste, fugas o da\u00f1os.<\/li>\n<li>Aseg\u00farese de que todas las partes m\u00f3viles est\u00e9n lubricadas adecuadamente.<\/li>\n<li>Reemplace peri\u00f3dicamente los sellos desgastados o da\u00f1ados para mantener un rendimiento \u00f3ptimo.<\/li>\n<li>Realice comprobaciones de calibraci\u00f3n para garantizar un funcionamiento preciso.<\/li>\n<\/ul>\n<p><img decoding=\"async\" src=\"https:\/\/www.hydraulic-cylinders.net\/wp-content\/uploads\/2025\/01\/songte-chushion-collar.webp\" alt=\"Imagen del producto\"><\/p>\n<h2>Consideraciones de seguridad y factores ambientales<\/h2>\n<p>Al utilizar el cilindro del cuchar\u00f3n, es importante seguir las medidas de seguridad para prevenir accidentes y garantizar el bienestar de los operadores y del personal circundante. Una capacitaci\u00f3n adecuada y el cumplimiento de las normas de seguridad son cruciales para una operaci\u00f3n segura. Adem\u00e1s, se deben considerar factores ambientales como la correcta eliminaci\u00f3n de fluidos y el cumplimiento de las normativas ambientales.<\/p>\n<h2>Soluci\u00f3n de problemas y problemas comunes<\/h2>\n<p>A continuaci\u00f3n se presentan algunos consejos y soluciones para la resoluci\u00f3n de problemas comunes que pueden surgir al usar el cilindro del cuchar\u00f3n:<\/p>\n<ul>\n<li>Problema: Fuga de l\u00edquido hidr\u00e1ulico.<br \/>Soluci\u00f3n: Inspeccione y reemplace los sellos o accesorios da\u00f1ados.<\/li>\n<li>Problema: Movimiento telesc\u00f3pico insuficiente o desigual.<br \/>Soluci\u00f3n: Verifique si hay problemas de presi\u00f3n hidr\u00e1ulica o componentes da\u00f1ados y realice las reparaciones o reemplazos necesarios.<\/li>\n<li>Problema: Ruido anormal durante el funcionamiento.<br \/>Soluci\u00f3n: Verifique si hay componentes sueltos o desgastados y apri\u00e9telos o reempl\u00e1celos seg\u00fan corresponda.<\/li>\n<\/ul>\n<p><img decoding=\"async\" src=\"https:\/\/www.hydraulic-cylinders.net\/wp-content\/uploads\/2025\/01\/songte-bushings-with-all-kinds-of-excavator-models.webp\" alt=\"Imagen del producto\"><\/p>\n<p>Recuerda organizar el art\u00edculo de forma l\u00f3gica, utilizando subt\u00edtulos para facilitar la navegaci\u00f3n. Incorpora im\u00e1genes o gr\u00e1ficos relevantes para mejorar la comprensi\u00f3n. Aseg\u00farate de que el contenido sea claro, conciso y adecuado para lectores con distintos niveles de conocimientos t\u00e9cnicos.<\/p>\n<h2>Nuestra empresa<\/h2>\n<p>Somos fabricantes de cilindros hidr\u00e1ulicos de repuesto y uno de los principales fabricantes y distribuidores mayoristas de cilindros hidr\u00e1ulicos en el mercado nacional e internacional. Nos adherimos a los principios de excelente calidad y a estrategias de gesti\u00f3n de la producci\u00f3n industrial basadas en talleres de fabricaci\u00f3n de alta calidad, y mejoramos continuamente nuestras plataformas de fabricaci\u00f3n y procesos de producci\u00f3n de calidad. Contamos con una s\u00f3lida capacidad de innovaci\u00f3n y nos esforzamos por satisfacer las diversas necesidades de nuestros clientes con alta eficiencia, precisi\u00f3n y calidad.<\/p>\n<p><img decoding=\"async\" src=\"https:\/\/www.hydraulic-cylinders.net\/wp-content\/uploads\/2025\/01\/songte-company-3.webp\" alt=\"Imagen de la empresa\"><\/p>\n<p>Nuestra empresa se destaca por su profesionalismo, certificaciones internacionales, servicios personalizados, equipos de producci\u00f3n y servicio postventa.<\/p>\n<p>Autor: lyl<\/p>","protected":false},"excerpt":{"rendered":"<p>Bucket Cylinder For Sinomach ZG3150-9C Introduction The Bucket Cylinder for Sinomach ZG3150-9C is a specialized hydraulic cylinder designed to control the movement of the bucket in heavy machinery such as excavators, backhoe loaders, and front-end loaders. Its main function is to enable the lifting, lowering, and tilting of the bucket, making it easier to handle [&hellip;]<\/p>","protected":false},"featured_media":14778,"comment_status":"open","ping_status":"closed","template":"","meta":{"_et_pb_use_builder":"","_et_pb_old_content":"","_et_gb_content_width":""},"product_brand":[],"product_cat":[1494],"product_tag":[1495,1496],"class_list":{"0":"post-15769","1":"product","2":"type-product","3":"status-publish","4":"has-post-thumbnail","6":"product_cat-bucket-cylinders","7":"product_tag-bucket-cylinders","8":"product_tag-hydraulic-cylinders","10":"first","11":"instock","12":"shipping-taxable","13":"product-type-simple"},"amp_enabled":true,"_links":{"self":[{"href":"https:\/\/www.hydraulic-cylinders.net\/es\/wp-json\/wp\/v2\/product\/15769","targetHints":{"allow":["GET"]}}],"collection":[{"href":"https:\/\/www.hydraulic-cylinders.net\/es\/wp-json\/wp\/v2\/product"}],"about":[{"href":"https:\/\/www.hydraulic-cylinders.net\/es\/wp-json\/wp\/v2\/types\/product"}],"replies":[{"embeddable":true,"href":"https:\/\/www.hydraulic-cylinders.net\/es\/wp-json\/wp\/v2\/comments?post=15769"}],"wp:featuredmedia":[{"embeddable":true,"href":"https:\/\/www.hydraulic-cylinders.net\/es\/wp-json\/wp\/v2\/media\/14778"}],"wp:attachment":[{"href":"https:\/\/www.hydraulic-cylinders.net\/es\/wp-json\/wp\/v2\/media?parent=15769"}],"wp:term":[{"taxonomy":"product_brand","embeddable":true,"href":"https:\/\/www.hydraulic-cylinders.net\/es\/wp-json\/wp\/v2\/product_brand?post=15769"},{"taxonomy":"product_cat","embeddable":true,"href":"https:\/\/www.hydraulic-cylinders.net\/es\/wp-json\/wp\/v2\/product_cat?post=15769"},{"taxonomy":"product_tag","embeddable":true,"href":"https:\/\/www.hydraulic-cylinders.net\/es\/wp-json\/wp\/v2\/product_tag?post=15769"}],"curies":[{"name":"wp","href":"https:\/\/api.w.org\/{rel}","templated":true}]}}