{"id":15781,"date":"2025-01-19T14:58:17","date_gmt":"2025-01-19T14:58:17","guid":{"rendered":"https:\/\/www.hydraulic-cylinders.net\/product\/bucket-cylinder-for-tck-hd1636lc-8h\/"},"modified":"2025-01-19T14:58:21","modified_gmt":"2025-01-19T14:58:21","slug":"bucket-cylinder-for-tck-hd1636lc-8h","status":"publish","type":"product","link":"https:\/\/www.hydraulic-cylinders.net\/es\/producto\/bucket-cylinder-for-tck-hd1636lc-8h\/","title":{"rendered":"Cilindro de cuchar\u00f3n para TCK HD1636LC-8H"},"content":{"rendered":"<h1>Cilindro de cuchar\u00f3n para TCK HD1636LC-8H<\/h1>\n<h2>Introducci\u00f3n<\/h2>\n<p>El cilindro del cuchar\u00f3n es un cilindro hidr\u00e1ulico especialmente dise\u00f1ado para controlar el movimiento del cuchar\u00f3n en maquinaria pesada como excavadoras, retroexcavadoras y cargadoras de ruedas. Su funci\u00f3n principal es permitir que el cuchar\u00f3n realice acciones de elevaci\u00f3n, descenso e inclinaci\u00f3n, lo que lo hace adecuado para diversas tareas de manipulaci\u00f3n de materiales. En el sistema hidr\u00e1ulico, el cilindro del cuchar\u00f3n logra un control preciso del cuchar\u00f3n mediante los cambios de presi\u00f3n del aceite hidr\u00e1ulico, lo que permite a los operadores manipular cargas pesadas con eficiencia y adaptarse a entornos de trabajo complejos y a diversos requisitos.<\/p>\n<p><img decoding=\"async\" src=\"https:\/\/www.hydraulic-cylinders.net\/wp-content\/uploads\/2025\/01\/songte-company-2.webp\" alt=\"Imagen del producto\"><\/p>\n<h2>Caracter\u00edsticas<\/h2>\n<ol>\n<li>Alta resistencia y durabilidad: Fabricado generalmente en acero o aluminio de alta resistencia, el cilindro del cuchar\u00f3n soporta alta presi\u00f3n y cargas pesadas, adapt\u00e1ndose a entornos de trabajo hostiles. Su dise\u00f1o considera la resistencia al desgaste y a la corrosi\u00f3n, lo que prolonga su vida \u00fatil.<\/li>\n<li>Operaci\u00f3n hidr\u00e1ulica eficiente: Al utilizar la presi\u00f3n del aceite hidr\u00e1ulico, el cilindro del cuchar\u00f3n logra movimientos suaves de extensi\u00f3n y retracci\u00f3n, lo que permite una respuesta r\u00e1pida a los comandos de control y proporciona potentes fuerzas de empuje y tracci\u00f3n. Es ideal para manipular cargas pesadas y realizar tareas complejas.<\/li>\n<li>Varios tipos: El cilindro del cuchar\u00f3n puede elegirse entre cilindros de simple efecto (hidr\u00e1ulico en una sola direcci\u00f3n) o de doble efecto (hidr\u00e1ulico en ambas direcciones), seg\u00fan las necesidades operativas espec\u00edficas. Algunos modelos son telesc\u00f3picos, lo que permite una mayor extensi\u00f3n sin aumentar las dimensiones externas, lo que los hace ideales para aplicaciones con espacio limitado.<\/li>\n<li>Reemplazo perfecto: Nuestros productos pueden reemplazar perfectamente estos cilindros hidr\u00e1ulicos, proporcionando un rendimiento y una funcionalidad equivalentes.<\/li>\n<\/ol>\n<p><img decoding=\"async\" src=\"https:\/\/www.hydraulic-cylinders.net\/wp-content\/uploads\/2025\/01\/songte-cylinder-head-with-all-kinds-excavator-models.webp\" alt=\"Imagen del producto\"><\/p>\n<h2>Aplicaciones<\/h2>\n<p>El cilindro de cuchara encuentra su aplicaci\u00f3n en diversos equipos de construcci\u00f3n y agr\u00edcolas:<\/p>\n<ul>\n<li>Equipo de construcci\u00f3n: Es crucial en las excavadoras para excavar, cargar y mover tierra o escombros. En las retroexcavadoras, el cilindro del cuchar\u00f3n facilita tanto la excavaci\u00f3n como la elevaci\u00f3n.<\/li>\n<li>Maquinaria agr\u00edcola: Se utiliza en cargadoras frontales para recoger, levantar y transportar tierra, heno y otros materiales.<\/li>\n<li>Excavadoras: El cilindro del cuchar\u00f3n permite realizar acciones de excavaci\u00f3n al permitir que el cuchar\u00f3n penetre en el suelo.<\/li>\n<li>Cargadoras de ruedas: En las cargadoras de ruedas, ayudan a volcar e inclinar la carga de manera eficiente.<\/li>\n<\/ul>\n<h2>Consideraciones de dise\u00f1o y criterios de selecci\u00f3n<\/h2>\n<p>A la hora de considerar el dise\u00f1o, se tienen en cuenta los siguientes factores clave:<\/p>\n<ul>\n<li>Capacidad de carga: El cilindro del cuchar\u00f3n est\u00e1 dise\u00f1ado para soportar la capacidad de carga especificada.<\/li>\n<li>Sellado: Se utilizan diversos componentes de sellado, como sellos de pist\u00f3n y de v\u00e1stago. Estos sellos est\u00e1n fabricados con materiales resistentes al desgaste, como poliuretano y caucho de nitrilo.<\/li>\n<li>Durabilidad: El cuerpo del cilindro y las superficies de los extremos roscados se someten a un procesamiento meticuloso para mejorar la resistencia al desgaste.<\/li>\n<li>Seguridad: Se incorporan caracter\u00edsticas de seguridad en el dise\u00f1o para evitar accidentes y garantizar la protecci\u00f3n del operador.<\/li>\n<li>Mantenibilidad: El cilindro del cuchar\u00f3n est\u00e1 dise\u00f1ado para facilitar el mantenimiento y la reparaci\u00f3n, lo que permite un servicio y reemplazo eficiente de los componentes.<\/li>\n<\/ul>\n<p><img decoding=\"async\" src=\"https:\/\/www.hydraulic-cylinders.net\/wp-content\/uploads\/2025\/01\/songte-oil-pipes-and-spare-parts.webp\" alt=\"Imagen del producto\"><\/p>\n<h2>Sellado y lubricaci\u00f3n<\/h2>\n<p>El cilindro del cuchar\u00f3n utiliza diversos sellos, como sellos de pist\u00f3n y sellos de v\u00e1stago, fabricados con materiales resistentes al desgaste como poliuretano y caucho de nitrilo. El cuerpo del cilindro y las superficies roscadas de los extremos est\u00e1n finamente procesadas para mejorar la resistencia al desgaste. La lubricaci\u00f3n regular con el aceite hidr\u00e1ulico adecuado es necesaria para garantizar un funcionamiento suave y prolongar la vida \u00fatil del cilindro.<\/p>\n<h2>Inspecci\u00f3n peri\u00f3dica y medidas de mantenimiento preventivo<\/h2>\n<p>Para mantener el rendimiento \u00f3ptimo del cilindro del cuchar\u00f3n, se deben tomar las siguientes medidas:<\/p>\n<ul>\n<li>Inspecciones peri\u00f3dicas para identificar cualquier signo de desgaste, fugas o da\u00f1os.<\/li>\n<li>Lubricaci\u00f3n adecuada para garantizar un funcionamiento suave y reducir la fricci\u00f3n.<\/li>\n<li>Reemplazo de sellos cuando sea necesario para mantener el rendimiento de sellado adecuado.<\/li>\n<li>Comprobaciones de calibraci\u00f3n para verificar el funcionamiento preciso del cilindro.<\/li>\n<\/ul>\n<p><img decoding=\"async\" src=\"https:\/\/www.hydraulic-cylinders.net\/wp-content\/uploads\/2025\/01\/songte-chushion-collar.webp\" alt=\"Imagen del producto\"><\/p>\n<h2>Consideraciones de seguridad y factores ambientales<\/h2>\n<p>Al utilizar el cilindro del cuchar\u00f3n, es fundamental seguir las medidas de seguridad para prevenir accidentes y garantizar el bienestar del operador. Tambi\u00e9n deben tenerse en cuenta factores ambientales como la temperatura y la exposici\u00f3n a sustancias corrosivas para garantizar la longevidad del cilindro.<\/p>\n<h2>Soluci\u00f3n de problemas y problemas comunes<\/h2>\n<p>Si encuentra problemas con el cilindro del cuchar\u00f3n, los siguientes consejos y soluciones pueden ayudarle a diagnosticarlos y resolverlos eficazmente. Implementar medidas preventivas tambi\u00e9n puede minimizar posibles problemas.<\/p>\n<p><img decoding=\"async\" src=\"https:\/\/www.hydraulic-cylinders.net\/wp-content\/uploads\/2025\/01\/songte-bushings-with-all-kinds-of-excavator-models.webp\" alt=\"Imagen del producto\"><\/p>\n<h2>Descripci\u00f3n general de la empresa<\/h2>\n<p>Somos un fabricante especializado en la producci\u00f3n de cilindros hidr\u00e1ulicos de repuesto. Con una amplia gama de productos, nos hemos convertido en uno de los principales fabricantes y distribuidores mayoristas de cilindros hidr\u00e1ulicos en el mercado nacional e internacional. Nuestra empresa se adhiere a los principios de excelencia y se basa en la estrategia de gesti\u00f3n de la producci\u00f3n industrializada de sofisticados talleres de fabricaci\u00f3n. Mejoramos continuamente nuestra plataforma de fabricaci\u00f3n, optimizamos la calidad de nuestros productos y contamos con una s\u00f3lida capacidad creativa. Con la alta eficiencia, precisi\u00f3n y calidad como principios rectores, satisfacemos las diversas necesidades de nuestros clientes.<\/p>\n<p><img decoding=\"async\" src=\"https:\/\/www.hydraulic-cylinders.net\/wp-content\/uploads\/2025\/01\/songte-company-3.webp\" alt=\"Imagen de la empresa\"><\/p>\n<p>Desde profesionalismo, certificaciones internacionales, servicios personalizados, equipos de producci\u00f3n hasta servicio posventa, brindamos una introducci\u00f3n integral a nuestra empresa.<\/p>\n<p>Autor: lyl<\/p>","protected":false},"excerpt":{"rendered":"<p>Bucket Cylinder For TCK HD1636LC-8H Introduction The bucket cylinder is a specially designed hydraulic cylinder used for controlling the movement of the bucket in heavy machinery such as excavators, backhoe loaders, and wheel loaders. Its main function is to enable the bucket to perform lifting, lowering, and tilting actions, making it suitable for various material [&hellip;]<\/p>","protected":false},"featured_media":14784,"comment_status":"open","ping_status":"closed","template":"","meta":{"_et_pb_use_builder":"","_et_pb_old_content":"","_et_gb_content_width":""},"product_brand":[],"product_cat":[1494],"product_tag":[1495,1496],"class_list":{"0":"post-15781","1":"product","2":"type-product","3":"status-publish","4":"has-post-thumbnail","6":"product_cat-bucket-cylinders","7":"product_tag-bucket-cylinders","8":"product_tag-hydraulic-cylinders","10":"first","11":"instock","12":"shipping-taxable","13":"product-type-simple"},"amp_enabled":true,"_links":{"self":[{"href":"https:\/\/www.hydraulic-cylinders.net\/es\/wp-json\/wp\/v2\/product\/15781","targetHints":{"allow":["GET"]}}],"collection":[{"href":"https:\/\/www.hydraulic-cylinders.net\/es\/wp-json\/wp\/v2\/product"}],"about":[{"href":"https:\/\/www.hydraulic-cylinders.net\/es\/wp-json\/wp\/v2\/types\/product"}],"replies":[{"embeddable":true,"href":"https:\/\/www.hydraulic-cylinders.net\/es\/wp-json\/wp\/v2\/comments?post=15781"}],"wp:featuredmedia":[{"embeddable":true,"href":"https:\/\/www.hydraulic-cylinders.net\/es\/wp-json\/wp\/v2\/media\/14784"}],"wp:attachment":[{"href":"https:\/\/www.hydraulic-cylinders.net\/es\/wp-json\/wp\/v2\/media?parent=15781"}],"wp:term":[{"taxonomy":"product_brand","embeddable":true,"href":"https:\/\/www.hydraulic-cylinders.net\/es\/wp-json\/wp\/v2\/product_brand?post=15781"},{"taxonomy":"product_cat","embeddable":true,"href":"https:\/\/www.hydraulic-cylinders.net\/es\/wp-json\/wp\/v2\/product_cat?post=15781"},{"taxonomy":"product_tag","embeddable":true,"href":"https:\/\/www.hydraulic-cylinders.net\/es\/wp-json\/wp\/v2\/product_tag?post=15781"}],"curies":[{"name":"wp","href":"https:\/\/api.w.org\/{rel}","templated":true}]}}