{"id":15787,"date":"2025-01-19T14:59:07","date_gmt":"2025-01-19T14:59:07","guid":{"rendered":"https:\/\/www.hydraulic-cylinders.net\/product\/bucket-cylinder-for-sgzg-sd25b\/"},"modified":"2025-01-19T14:59:09","modified_gmt":"2025-01-19T14:59:09","slug":"bucket-cylinder-for-sgzg-sd25b","status":"publish","type":"product","link":"https:\/\/www.hydraulic-cylinders.net\/es\/producto\/bucket-cylinder-for-sgzg-sd25b\/","title":{"rendered":"Cilindro de cuchar\u00f3n para SGZG SD25B"},"content":{"rendered":"<h1>Cilindro de cuchar\u00f3n para SGZG SD25B<\/h1>\n<h2>Introducci\u00f3n<\/h2>\n<p>Un cilindro de cuchara es un cilindro hidr\u00e1ulico especialmente dise\u00f1ado que se utiliza principalmente para controlar el movimiento de las cucharas en maquinaria pesada, como excavadoras, retroexcavadoras y cargadoras frontales. Su funci\u00f3n principal es permitir que la cuchara se eleve, baje e incline, facilitando diversas tareas de manipulaci\u00f3n de materiales. En el sistema hidr\u00e1ulico, el cilindro de la cuchara logra un control preciso de la cuchara mediante la variaci\u00f3n de la presi\u00f3n del aceite hidr\u00e1ulico, lo que permite al operador manipular objetos pesados \u200b\u200bcon eficiencia y adaptarse a entornos de trabajo complejos y diversas necesidades operativas.<\/p>\n<p><img decoding=\"async\" src=\"https:\/\/www.hydraulic-cylinders.net\/wp-content\/uploads\/2025\/01\/songte-company-2.webp\" alt=\"Imagen del cilindro del cubo\"><\/p>\n<h2>Caracter\u00edsticas<\/h2>\n<ul>\n<li>Alta resistencia y durabilidad: generalmente fabricado en acero o aluminio de alta resistencia, puede soportar alta presi\u00f3n y cargas pesadas, adaptarse a entornos de trabajo hostiles y est\u00e1 dise\u00f1ado teniendo en cuenta la resistencia al desgaste y la corrosi\u00f3n para extender su vida \u00fatil.<\/li>\n<li>Operaci\u00f3n hidr\u00e1ulica eficiente: Se logran acciones suaves de extensi\u00f3n y contracci\u00f3n mediante el uso de la presi\u00f3n del aceite hidr\u00e1ulico, lo que permite una respuesta r\u00e1pida a los comandos de control, proporciona fuertes fuerzas de empuje y tracci\u00f3n y es adecuado para manipular objetos pesados \u200b\u200b\u200b\u200by tareas operativas complejas.<\/li>\n<li>Diversos tipos: Se pueden seleccionar cilindros de simple efecto (hidr\u00e1ulicos en una sola direcci\u00f3n) o de doble efecto (hidr\u00e1ulicos en ambas direcciones) seg\u00fan sea necesario para satisfacer diferentes requisitos operativos. Algunos modelos son telesc\u00f3picos, lo que permite una mayor extensi\u00f3n sin aumentar las dimensiones externas, lo que los hace ideales para aplicaciones con espacio limitado.<\/li>\n<li>Reemplazo perfecto: Nuestros productos pueden reemplazar perfectamente estos cilindros hidr\u00e1ulicos. <\/li>\n<\/ul>\n<p><img decoding=\"async\" src=\"https:\/\/www.hydraulic-cylinders.net\/wp-content\/uploads\/2025\/01\/songte-cylinder-head-with-all-kinds-excavator-models.webp\" alt=\"Imagen del cilindro del cubo\"><\/p>\n<h2>Aplicaciones<\/h2>\n<p>Los cilindros de cangilones se utilizan com\u00fanmente en diversas maquinarias de construcci\u00f3n y agr\u00edcolas:<\/p>\n<ul>\n<li>Equipos de construcci\u00f3n: En las excavadoras, son fundamentales para la excavaci\u00f3n, la carga y el movimiento de tierra o escombros. En las retroexcavadoras, los cilindros del cuchar\u00f3n ayudan tanto en la excavaci\u00f3n como en la elevaci\u00f3n. <\/li>\n<li>Maquinaria agr\u00edcola: Se utiliza en cargadoras frontales para cavar, levantar y transportar tierra, heno y otros materiales. <\/li>\n<li>Excavadoras: Los cilindros del cuchar\u00f3n permiten que \u00e9ste penetre en el suelo para lograr la acci\u00f3n de excavaci\u00f3n. <\/li>\n<li>Cargadores: En los cargadores frontales, ayudan a levantar e inclinar las mercanc\u00edas de manera eficiente. <\/li>\n<\/ul>\n<h2>Consideraciones de dise\u00f1o y criterios de selecci\u00f3n<\/h2>\n<p>Al dise\u00f1ar cilindros de cangilones se deben tener en cuenta diversos factores como:<\/p>\n<ul>\n<li>Capacidad de carga: El cilindro debe ser capaz de soportar la carga m\u00e1xima que encontrar\u00e1 durante el funcionamiento. <\/li>\n<li>Sellado: El cilindro debe estar sellado herm\u00e9ticamente para evitar fugas de fluido hidr\u00e1ulico. <\/li>\n<li>Durabilidad: El cilindro debe poder funcionar en condiciones adversas y soportar el desgaste a lo largo del tiempo.<\/li>\n<li>Seguridad: El cilindro debe estar dise\u00f1ado teniendo en cuenta la seguridad para evitar accidentes durante el funcionamiento. <\/li>\n<li>Mantenibilidad: El cilindro debe ser f\u00e1cil de mantener y reparar para minimizar el tiempo de inactividad.<\/li>\n<\/ul>\n<p><img decoding=\"async\" src=\"https:\/\/www.hydraulic-cylinders.net\/wp-content\/uploads\/2025\/01\/songte-oil-pipes-and-spare-parts.webp\" alt=\"Imagen del cilindro del cubo\"><\/p>\n<h2>Sellado y lubricaci\u00f3n<\/h2>\n<p>Se utilizan diversos componentes de sellado, como sellos de pist\u00f3n y de v\u00e1stago, para garantizar la hermeticidad de los cilindros de cangilones. Estos componentes est\u00e1n fabricados con materiales resistentes al desgaste, como poliuretano y caucho de nitrilo. El cuerpo del cilindro y la superficie roscada del extremo han sido finamente procesados \u200b\u200bpara aumentar la resistencia al desgaste. Es necesario rellenar regularmente el aceite hidr\u00e1ulico para garantizar una lubricaci\u00f3n adecuada.<\/p>\n<h2>Mantenimiento y reparaci\u00f3n<\/h2>\n<p>La inspecci\u00f3n regular, la lubricaci\u00f3n adecuada, el reemplazo de sellos y las comprobaciones de calibraci\u00f3n son tareas comunes de mantenimiento para los cilindros de cangilones. Una correcta instalaci\u00f3n, lubricaci\u00f3n y ajuste son fundamentales para garantizar un funcionamiento seguro y confiable. Se proporciona una gu\u00eda de alineaci\u00f3n adecuada durante la instalaci\u00f3n y se recomiendan los soportes de instalaci\u00f3n adecuados para asegurar el cilindro. Se proporcionan los procedimientos recomendados de inspecci\u00f3n, reparaci\u00f3n y reemplazo, junto con consejos para prolongar la vida \u00fatil del cilindro de cangilones.<\/p>\n<p><img decoding=\"async\" src=\"https:\/\/www.hydraulic-cylinders.net\/wp-content\/uploads\/2025\/01\/songte-chushion-collar.webp\" alt=\"Imagen del cilindro del cubo\"><\/p>\n<h2>Consideraciones de seguridad y medio ambiente<\/h2>\n<p>Las medidas de seguridad son fundamentales al utilizar cilindros de cangilones. Los operadores deben recibir capacitaci\u00f3n para garantizar que cuenten con las habilidades y los conocimientos necesarios para operar el cilindro de forma segura. Tambi\u00e9n deben tenerse en cuenta consideraciones ambientales como la prevenci\u00f3n de derrames de aceite y la eliminaci\u00f3n adecuada del aceite hidr\u00e1ulico.<\/p>\n<h2>Diagn\u00f3stico y soluci\u00f3n de problemas<\/h2>\n<p>Los problemas comunes con los cilindros de cangilones incluyen fugas, rendimiento reducido y da\u00f1os en los componentes de sellado. Se ofrecen consejos y soluciones para la resoluci\u00f3n de problemas que ayudan a los lectores a diagnosticar y resolver problemas eficazmente. Tambi\u00e9n se sugieren medidas preventivas para minimizar posibles problemas.<\/p>\n<p><img decoding=\"async\" src=\"https:\/\/www.hydraulic-cylinders.net\/wp-content\/uploads\/2025\/01\/songte-bushings-with-all-kinds-of-excavator-models.webp\" alt=\"Imagen del cilindro del cubo\"><\/p>\n<h2>Acerca de nuestra empresa<\/h2>\n<p>Somos fabricantes de cilindros hidr\u00e1ulicos de repuesto con una gama completa de productos y nos hemos convertido en uno de los principales fabricantes y distribuidores mayoristas de cilindros hidr\u00e1ulicos en el mercado nacional e internacional. Nos adherimos al principio de excelente calidad, nos basamos en estrategias de gesti\u00f3n de producci\u00f3n industrializadas en talleres de alta calidad y mejoramos continuamente la plataforma de fabricaci\u00f3n del taller con talento tecnol\u00f3gico, equipos de fabricaci\u00f3n digital de alta gama y sistemas de prueba profesionales. Contamos con una s\u00f3lida capacidad creativa y ofrecemos a nuestros clientes productos eficientes, precisos y de alta calidad para satisfacer sus diversas necesidades.<\/p>\n<p><img decoding=\"async\" src=\"https:\/\/hzpt.com\/wp-content\/uploads\/2024\/11\/songte-company-1.webp\" alt=\"Imagen del cilindro del cubo\"><\/p>\n<h3>Profesional<\/h3>\n<p>Nuestra empresa cuenta con un equipo profesional de t\u00e9cnicos e ingenieros que tienen una amplia experiencia en el desarrollo, dise\u00f1o y fabricaci\u00f3n de cilindros hidr\u00e1ulicos.<\/p>\n<h3>Certificaci\u00f3n Internacional<\/h3>\n<p>Nuestros productos han sido certificados por ISO9001, ISO14001 y otras normas relacionadas, lo que garantiza que nuestros productos cumplen con los est\u00e1ndares internacionales de calidad y medio ambiente.<\/p>\n<h3>Servicios personalizados<\/h3>\n<p>Ofrecemos servicios de personalizaci\u00f3n para satisfacer los requisitos especiales de los clientes, como materiales especiales, tama\u00f1os espec\u00edficos y dise\u00f1os \u00fanicos.<\/p>\n<h3>Equipos de producci\u00f3n<\/h3>\n<p>Contamos con equipos de producci\u00f3n avanzados, incluidos centros de mecanizado CNC, m\u00e1quinas de soldadura autom\u00e1ticas y equipos de prueba de alta precisi\u00f3n, que garantizan la calidad de nuestros productos.<\/p>\n<h3>Servicios posventa<\/h3>\n<p>Brindamos a nuestros clientes servicios posventa oportunos y eficientes, que incluyen soporte t\u00e9cnico, mantenimiento y servicios de reparaci\u00f3n, para garantizar que puedan utilizar nuestros productos con confianza.<\/p>\n<p>Autor: lyl<\/p>","protected":false},"excerpt":{"rendered":"<p>Bucket Cylinder For SGZG SD25B Introduction A bucket cylinder is a specially designed hydraulic cylinder primarily used to control the movement of buckets in heavy machinery such as excavators, backhoe loaders, and front-end loaders. Its main function is to enable the bucket to lift, lower and tilt, making it easier to handle various material handling [&hellip;]<\/p>","protected":false},"featured_media":14771,"comment_status":"open","ping_status":"closed","template":"","meta":{"_et_pb_use_builder":"","_et_pb_old_content":"","_et_gb_content_width":""},"product_brand":[],"product_cat":[1494],"product_tag":[1495,1496],"class_list":{"0":"post-15787","1":"product","2":"type-product","3":"status-publish","4":"has-post-thumbnail","6":"product_cat-bucket-cylinders","7":"product_tag-bucket-cylinders","8":"product_tag-hydraulic-cylinders","10":"first","11":"instock","12":"shipping-taxable","13":"product-type-simple"},"amp_enabled":true,"_links":{"self":[{"href":"https:\/\/www.hydraulic-cylinders.net\/es\/wp-json\/wp\/v2\/product\/15787","targetHints":{"allow":["GET"]}}],"collection":[{"href":"https:\/\/www.hydraulic-cylinders.net\/es\/wp-json\/wp\/v2\/product"}],"about":[{"href":"https:\/\/www.hydraulic-cylinders.net\/es\/wp-json\/wp\/v2\/types\/product"}],"replies":[{"embeddable":true,"href":"https:\/\/www.hydraulic-cylinders.net\/es\/wp-json\/wp\/v2\/comments?post=15787"}],"wp:featuredmedia":[{"embeddable":true,"href":"https:\/\/www.hydraulic-cylinders.net\/es\/wp-json\/wp\/v2\/media\/14771"}],"wp:attachment":[{"href":"https:\/\/www.hydraulic-cylinders.net\/es\/wp-json\/wp\/v2\/media?parent=15787"}],"wp:term":[{"taxonomy":"product_brand","embeddable":true,"href":"https:\/\/www.hydraulic-cylinders.net\/es\/wp-json\/wp\/v2\/product_brand?post=15787"},{"taxonomy":"product_cat","embeddable":true,"href":"https:\/\/www.hydraulic-cylinders.net\/es\/wp-json\/wp\/v2\/product_cat?post=15787"},{"taxonomy":"product_tag","embeddable":true,"href":"https:\/\/www.hydraulic-cylinders.net\/es\/wp-json\/wp\/v2\/product_tag?post=15787"}],"curies":[{"name":"wp","href":"https:\/\/api.w.org\/{rel}","templated":true}]}}