{"id":15801,"date":"2025-01-19T15:00:19","date_gmt":"2025-01-19T15:00:19","guid":{"rendered":"https:\/\/www.hydraulic-cylinders.net\/product\/bucket-cylinder-for-carter-ct330-8c\/"},"modified":"2025-01-19T15:00:21","modified_gmt":"2025-01-19T15:00:21","slug":"bucket-cylinder-for-carter-ct330-8c","status":"publish","type":"product","link":"https:\/\/www.hydraulic-cylinders.net\/es\/producto\/bucket-cylinder-for-carter-ct330-8c\/","title":{"rendered":"Cilindro de cuchar\u00f3n para Carter CT330-8C"},"content":{"rendered":"<h1>Cilindro de cuchar\u00f3n para Carter CT330-8C<\/h1>\n<h2>Introducci\u00f3n<\/h2>\n<p>The Bucket Cylinder for Carter CT330-8C is a type of specialized hydraulic cylinder designed specifically to control the movement of the bucket in heavy machinery, such as excavators, backhoes, and front loaders. Its primary function is to enable the bucket to be lifted, lowered, and tilted, thereby facilitating various material handling tasks. In hydraulic systems, the bucket cylinder achieves precise control of the bucket&#8217;s movement through changes in hydraulic oil pressure, enabling operators to handle heavy loads efficiently and adapt to complex working environments and diverse job requirements.<\/p>\n<p><img decoding=\"async\" src=\"https:\/\/www.hydraulic-cylinders.net\/wp-content\/uploads\/2025\/01\/songte-company-2.webp\"><\/p>\n<h2>Caracter\u00edsticas<\/h2>\n<ul>\n<li>\n<h3>Alta resistencia y durabilidad<\/h3>\n<p>Los cilindros de cangilones suelen estar fabricados en acero o aluminio de alta resistencia, lo que les permite soportar altas presiones y cargas pesadas, adem\u00e1s de adaptarse a entornos de trabajo rigurosos. Su dise\u00f1o considera la resistencia al desgaste y a la corrosi\u00f3n para prolongar su vida \u00fatil.<\/p>\n<\/li>\n<li>\n<h3>Operaci\u00f3n hidr\u00e1ulica eficiente<\/h3>\n<p>Los cilindros de cuchar\u00f3n utilizan presi\u00f3n de aceite hidr\u00e1ulico para lograr acciones suaves de extensi\u00f3n y retracci\u00f3n, responder r\u00e1pidamente a los comandos de control, proporcionar potentes fuerzas de empuje y tracci\u00f3n y son adecuados para manipular cargas pesadas y tareas operativas complejas.<\/p>\n<\/li>\n<li>\n<h3>M\u00faltiples tipos<\/h3>\n<p>Los cilindros de cangilones pueden ser de simple efecto (hidr\u00e1ulicos en una sola direcci\u00f3n) o de doble efecto (hidr\u00e1ulicos en ambas direcciones), seg\u00fan las necesidades operativas. Algunos modelos son telesc\u00f3picos, lo que permite una mayor extensi\u00f3n sin aumentar el tama\u00f1o externo y son adecuados para aplicaciones con espacio limitado.<\/p>\n<\/li>\n<li>\n<h3>Compatibilidad<\/h3>\n<p>Nuestro producto puede reemplazar perfectamente estos cilindros hidr\u00e1ulicos y ofrecemos una amplia gama de opciones para diferentes modelos de equipos.<\/p>\n<\/li>\n<li>\n<h3>Personalizaci\u00f3n<\/h3>\n<p>Ofrecemos servicios de personalizaci\u00f3n que satisfacen los requisitos espec\u00edficos del cliente, garantizando compatibilidad y un rendimiento optimizado.<\/p>\n<\/li>\n<\/ul>\n<p><img decoding=\"async\" src=\"https:\/\/www.hydraulic-cylinders.net\/wp-content\/uploads\/2025\/01\/songte-cylinder-head-with-all-kinds-excavator-models.webp\"><\/p>\n<h2>Aplicaciones<\/h2>\n<p>Los cilindros de cangilones se utilizan en una variedad de industrias y maquinarias, tales como:<\/p>\n<ul>\n<li>Equipos de construcci\u00f3n: En las excavadoras, son esenciales para excavar, cargar y mover tierra o escombros. En las retroexcavadoras, los cilindros del cuchar\u00f3n facilitan tanto la excavaci\u00f3n como la elevaci\u00f3n. <\/li>\n<li>Maquinaria agr\u00edcola: Se utiliza en cargadores frontales para recoger, levantar y transportar tierra, heno y otros materiales. <\/li>\n<li>Excavadoras: Los cilindros del cuchar\u00f3n permiten que \u00e9ste penetre en el suelo para realizar acciones de excavaci\u00f3n. <\/li>\n<li>Cargadores: En los cargadores frontales, ayudan a levantar y descargar la carga de manera eficiente.<\/li>\n<\/ul>\n<p>A continuaci\u00f3n se explica cada aplicaci\u00f3n:<\/p>\n<h3>Equipos de construcci\u00f3n<\/h3>\n<p>Los cilindros del cuchar\u00f3n desempe\u00f1an un papel vital en las excavadoras, ya que facilitan la excavaci\u00f3n, la carga y el movimiento de tierra o escombros. En las retroexcavadoras, los cilindros del cuchar\u00f3n no solo ayudan a excavar, sino tambi\u00e9n a elevar el cuchar\u00f3n. Estas m\u00e1quinas se utilizan ampliamente en obras de construcci\u00f3n, obras viales y operaciones mineras. Los cilindros del cuchar\u00f3n son esenciales para el correcto funcionamiento de estas m\u00e1quinas y garantizan un trabajo eficiente y eficaz.<\/p>\n<h3>Maquinaria agr\u00edcola<\/h3>\n<p>Los cilindros de cuchar\u00f3n se utilizan en cargadoras frontales para recoger, levantar y transportar tierra, heno y otros materiales. Estas m\u00e1quinas se utilizan ampliamente en la agricultura, la silvicultura y el paisajismo. Los cilindros de cuchar\u00f3n son esenciales para el correcto funcionamiento de estas m\u00e1quinas y garantizan un trabajo eficiente y eficaz.<\/p>\n<h3>excavadoras<\/h3>\n<p>Los cilindros del cuchar\u00f3n permiten que este penetre en el suelo para realizar excavaciones. Estas m\u00e1quinas se utilizan ampliamente en obras de construcci\u00f3n, obras viales y operaciones mineras. Los cilindros del cuchar\u00f3n son esenciales para el correcto funcionamiento de estas m\u00e1quinas y garantizan un trabajo eficiente y eficaz.<\/p>\n<h3>Cargadores<\/h3>\n<p>En las cargadoras frontales, los cilindros del cuchar\u00f3n facilitan la elevaci\u00f3n y descarga eficiente de la carga. Estas m\u00e1quinas se utilizan ampliamente en obras de construcci\u00f3n, obras viales y operaciones mineras. Los cilindros del cuchar\u00f3n son esenciales para el correcto funcionamiento de estas m\u00e1quinas y garantizan un trabajo eficiente y eficaz.<\/p>\n<p><img decoding=\"async\" src=\"https:\/\/www.hydraulic-cylinders.net\/wp-content\/uploads\/2025\/01\/songte-bushings-with-all-kinds-of-excavator-models.webp\"><\/p>\n<h2>Consideraciones de dise\u00f1o y criterios de selecci\u00f3n<\/h2>\n<p>A la hora de seleccionar un cilindro de cuchara, se deben tener en cuenta varias consideraciones de dise\u00f1o y criterios de selecci\u00f3n:<\/p>\n<ul>\n<li>\n<h3>Capacidad de carga<\/h3>\n<p>El cilindro del cuchar\u00f3n debe ser capaz de soportar la carga a la que estar\u00e1 sometido.<\/p>\n<\/li>\n<li>\n<h3>Caza de focas<\/h3>\n<p>El cilindro debe estar bien sellado para garantizar que no haya fugas de aceite hidr\u00e1ulico, lo que puede provocar fallos de funcionamiento o da\u00f1os en el cilindro.<\/p>\n<\/li>\n<li>\n<h3>Durabilidad<\/h3>\n<p>El cilindro debe ser lo suficientemente duradero para soportar las duras condiciones de uso previstas.<\/p>\n<\/li>\n<li>\n<h3>Seguridad<\/h3>\n<p>El cilindro debe estar dise\u00f1ado teniendo en cuenta la seguridad y debe cumplir con todas las normas de seguridad pertinentes.<\/p>\n<\/li>\n<li>\n<h3>Mantenibilidad<\/h3>\n<p>El cilindro debe estar dise\u00f1ado para facilitar el mantenimiento, con piezas reemplazables y procedimientos de reparaci\u00f3n sencillos.<\/p>\n<\/li>\n<\/ul>\n<p><img decoding=\"async\" src=\"https:\/\/www.hydraulic-cylinders.net\/wp-content\/uploads\/2025\/01\/songte-oil-pipes-and-spare-parts.webp\"><\/p>\n<h2>Sellado y lubricaci\u00f3n<\/h2>\n<p>Los cilindros de cangilones utilizan diversos componentes de sellado, como sellos de pist\u00f3n, sellos de v\u00e1stago y rascadores, para evitar fugas de aceite hidr\u00e1ulico. Estos sellos est\u00e1n fabricados con materiales resistentes al desgaste, como poliuretano y caucho de nitrilo. El cuerpo del cilindro y la superficie del extremo de la rosca se han sometido a un cuidadoso procesamiento para mejorar su resistencia al desgaste y reducir la frecuencia de reemplazo. La lubricaci\u00f3n regular con aceite hidr\u00e1ulico es necesaria para mantener la eficiencia y el rendimiento de los cilindros de cangilones.<\/p>\n<h2>Inspecci\u00f3n y mantenimiento preventivo<\/h2>\n<p>La inspecci\u00f3n peri\u00f3dica y el mantenimiento preventivo de los cilindros de cangilones son esenciales para garantizar su correcto funcionamiento y maximizar su vida \u00fatil. Estas tareas incluyen:<\/p>\n<ul>\n<li>\n<h3>Inspecci\u00f3n regular<\/h3>\n<p>Inspecci\u00f3n peri\u00f3dica del cilindro y sus componentes para verificar desgaste, da\u00f1os u otros problemas que puedan afectar su rendimiento.<\/p>\n<\/li>\n<li>\n<h3>Lubricaci\u00f3n<\/h3>\n<p>Lubricaci\u00f3n regular con aceite hidr\u00e1ulico para garantizar que el cilindro funcione de manera suave y eficiente.<\/p>\n<\/li>\n<li>\n<h3>Reemplazo del sello<\/h3>\n<p>Regular replacement of seals and other wear parts to prevent hydraulic oil leakage and ensure the cylinder&#8217;s proper functioning.<\/p>\n<\/li>\n<li>\n<h3>Comprobaci\u00f3n de calibraci\u00f3n<\/h3>\n<p>Comprobaci\u00f3n peri\u00f3dica de la calibraci\u00f3n para garantizar que el cilindro funciona dentro de los par\u00e1metros requeridos.<\/p>\n<\/li>\n<\/ul>\n<p>Una instalaci\u00f3n correcta es crucial para el correcto funcionamiento de los cilindros de cangilones. Se recomienda una alineaci\u00f3n correcta y el uso de soportes de instalaci\u00f3n adecuados. En caso de problemas, un diagn\u00f3stico preciso y una reparaci\u00f3n r\u00e1pida pueden prevenir da\u00f1os mayores y prolongar la vida \u00fatil del cilindro.<\/p>\n<p><img decoding=\"async\" src=\"https:\/\/www.hydraulic-cylinders.net\/wp-content\/uploads\/2025\/01\/songte-chushion-collar.webp\"><\/p>\n<h2>Consideraciones de seguridad y factores ambientales<\/h2>\n<p>La seguridad del cilindro del cuchar\u00f3n y las consideraciones ambientales son cruciales para el correcto funcionamiento de la m\u00e1quina. Medidas de seguridad como una instalaci\u00f3n adecuada y una inspecci\u00f3n peri\u00f3dica pueden prevenir accidentes. La eliminaci\u00f3n adecuada del aceite hidr\u00e1ulico y otros residuos puede prevenir la contaminaci\u00f3n ambiental.<\/p>\n<h2>Soluci\u00f3n de problemas y problemas comunes<\/h2>\n<p>Los problemas comunes del cilindro del cuchar\u00f3n incluyen fugas de aceite, deformaci\u00f3n del v\u00e1stago del pist\u00f3n, da\u00f1os en los sellos y presi\u00f3n insuficiente. El diagn\u00f3stico y la resoluci\u00f3n oportunos de los problemas son clave para prevenir da\u00f1os mayores y garantizar el correcto funcionamiento del cilindro. La inspecci\u00f3n regular y el mantenimiento preventivo pueden ayudar a prevenir estos problemas.<\/p>\n<p><img decoding=\"async\" src=\"https:\/\/hzpt.com\/wp-content\/uploads\/2024\/11\/songte-company-1.webp\"><\/p>\n<h2>Sobre nosotros<\/h2>\n<p>Somos un fabricante de cilindros hidr\u00e1ulicos especializado en la sustituci\u00f3n de cilindros hidr\u00e1ulicos. Ofrecemos una amplia gama de productos y nos hemos convertido en uno de los principales fabricantes y distribuidores mayoristas de cilindros hidr\u00e1ulicos en el mercado nacional e internacional. Nos comprometemos a ofrecer una excelente calidad, bas\u00e1ndonos en estrategias de gesti\u00f3n de la producci\u00f3n industrial en talleres de fabricaci\u00f3n de alta calidad. Mejoramos continuamente nuestras plataformas de fabricaci\u00f3n con talento tecnol\u00f3gico, equipos de fabricaci\u00f3n digitales de alta gama y sistemas de prueba profesionales, y contamos con una gran creatividad para satisfacer las diversas necesidades de nuestros clientes con alta eficiencia, precisi\u00f3n y principios de alta calidad.<\/p>\n<h3>Pericia<\/h3>\n<p>Contamos con una amplia experiencia en la industria de fabricaci\u00f3n de cilindros hidr\u00e1ulicos, con un enfoque en la calidad y la optimizaci\u00f3n del rendimiento.<\/p>\n<h3>Certificaci\u00f3n Internacional<\/h3>\n<p>Hemos obtenido certificaciones internacionales de calidad como ISO9001, CE y SGS, que demuestran nuestro compromiso con la calidad y la excelencia.<\/p>\n<h3>Servicios de personalizaci\u00f3n<\/h3>\n<p>Ofrecemos servicios de personalizaci\u00f3n que satisfacen los requisitos espec\u00edficos del cliente, garantizando compatibilidad y un rendimiento optimizado.<\/p>\n<h3>Equipos de producci\u00f3n<\/h3>\n<p>Utilizamos equipos de fabricaci\u00f3n avanzados, como m\u00e1quinas CNC y sistemas de pruebas automatizados, para garantizar la calidad y la eficiencia del producto.<\/p>\n<h3>Servicio posventa<\/h3>\n<p>Nos comprometemos a brindar un excelente servicio y soporte posventa, incluidos servicios de mantenimiento, reparaci\u00f3n y reemplazo.<\/p>\n<p><img decoding=\"async\" src=\"https:\/\/www.hydraulic-cylinders.net\/wp-content\/uploads\/2025\/01\/songte-company-3.webp\"><\/p>\n<p>Autor: lyl<\/p>","protected":false},"excerpt":{"rendered":"<p>Bucket Cylinder For Carter CT330-8C Introduction The Bucket Cylinder for Carter CT330-8C is a type of specialized hydraulic cylinder designed specifically to control the movement of the bucket in heavy machinery, such as excavators, backhoes, and front loaders. Its primary function is to enable the bucket to be lifted, lowered, and tilted, thereby facilitating various [&hellip;]<\/p>","protected":false},"featured_media":14773,"comment_status":"open","ping_status":"closed","template":"","meta":{"_et_pb_use_builder":"","_et_pb_old_content":"","_et_gb_content_width":""},"product_brand":[],"product_cat":[1494],"product_tag":[1495,1496],"class_list":{"0":"post-15801","1":"product","2":"type-product","3":"status-publish","4":"has-post-thumbnail","6":"product_cat-bucket-cylinders","7":"product_tag-bucket-cylinders","8":"product_tag-hydraulic-cylinders","10":"first","11":"instock","12":"shipping-taxable","13":"product-type-simple"},"amp_enabled":true,"_links":{"self":[{"href":"https:\/\/www.hydraulic-cylinders.net\/es\/wp-json\/wp\/v2\/product\/15801","targetHints":{"allow":["GET"]}}],"collection":[{"href":"https:\/\/www.hydraulic-cylinders.net\/es\/wp-json\/wp\/v2\/product"}],"about":[{"href":"https:\/\/www.hydraulic-cylinders.net\/es\/wp-json\/wp\/v2\/types\/product"}],"replies":[{"embeddable":true,"href":"https:\/\/www.hydraulic-cylinders.net\/es\/wp-json\/wp\/v2\/comments?post=15801"}],"wp:featuredmedia":[{"embeddable":true,"href":"https:\/\/www.hydraulic-cylinders.net\/es\/wp-json\/wp\/v2\/media\/14773"}],"wp:attachment":[{"href":"https:\/\/www.hydraulic-cylinders.net\/es\/wp-json\/wp\/v2\/media?parent=15801"}],"wp:term":[{"taxonomy":"product_brand","embeddable":true,"href":"https:\/\/www.hydraulic-cylinders.net\/es\/wp-json\/wp\/v2\/product_brand?post=15801"},{"taxonomy":"product_cat","embeddable":true,"href":"https:\/\/www.hydraulic-cylinders.net\/es\/wp-json\/wp\/v2\/product_cat?post=15801"},{"taxonomy":"product_tag","embeddable":true,"href":"https:\/\/www.hydraulic-cylinders.net\/es\/wp-json\/wp\/v2\/product_tag?post=15801"}],"curies":[{"name":"wp","href":"https:\/\/api.w.org\/{rel}","templated":true}]}}