{"id":15815,"date":"2025-01-19T15:01:26","date_gmt":"2025-01-19T15:01:26","guid":{"rendered":"https:\/\/www.hydraulic-cylinders.net\/product\/bucket-cylinder-for-pengpu-sw230lc-5\/"},"modified":"2025-01-19T15:01:30","modified_gmt":"2025-01-19T15:01:30","slug":"bucket-cylinder-for-pengpu-sw230lc-5","status":"publish","type":"product","link":"https:\/\/www.hydraulic-cylinders.net\/es\/producto\/bucket-cylinder-for-pengpu-sw230lc-5\/","title":{"rendered":"Cilindro de cubo para Pengpu SW230LC-5"},"content":{"rendered":"<h1>Cilindro de cubo para Pengpu SW230LC-5<\/h1>\n<h2>Introducci\u00f3n<\/h2>\n<p>El cilindro de la cuchara es un cilindro hidr\u00e1ulico especialmente dise\u00f1ado para controlar el movimiento de la cuchara en maquinaria pesada como excavadoras, retroexcavadoras y cargadoras frontales. Su funci\u00f3n principal es permitir la elevaci\u00f3n, el descenso y la inclinaci\u00f3n de la cuchara, facilitando as\u00ed diversas tareas de manipulaci\u00f3n de materiales. En el sistema hidr\u00e1ulico, el cilindro de la cuchara logra un control preciso de la misma mediante la variaci\u00f3n de la presi\u00f3n del aceite hidr\u00e1ulico, lo que permite a los operadores manejar cargas pesadas con eficiencia y adaptarse a entornos de trabajo complejos y a diversos requisitos operativos.<\/p>\n<p><img decoding=\"async\" src=\"https:\/\/www.hydraulic-cylinders.net\/wp-content\/uploads\/2025\/01\/songte-company-2.webp\" alt=\"Imagen del cilindro del cubo\"><\/p>\n<h2>Caracter\u00edsticas<\/h2>\n<ul>\n<li>Alta resistencia y durabilidad: Generalmente fabricadas con acero o aluminio de alta resistencia, capaces de soportar altas presiones y cargas pesadas, adapt\u00e1ndose a entornos de trabajo adversos y dise\u00f1adas teniendo en cuenta la resistencia al desgaste y a la corrosi\u00f3n para prolongar su vida \u00fatil.<\/li>\n<li>Funcionamiento hidr\u00e1ulico eficiente: Utiliza la presi\u00f3n del aceite hidr\u00e1ulico para lograr una extensi\u00f3n y retracci\u00f3n suaves, lo que permite una respuesta r\u00e1pida a los comandos de control, proporcionando una potente fuerza de empuje y tracci\u00f3n, adecuada para el manejo de cargas pesadas y tareas operativas complejas.<\/li>\n<li>Tipos vers\u00e1tiles: Elija entre cilindros de simple efecto (accionamiento hidr\u00e1ulico en una sola direcci\u00f3n) o de doble efecto (accionamiento hidr\u00e1ulico en ambas direcciones) seg\u00fan sus necesidades operativas. Algunos modelos son telesc\u00f3picos, lo que permite una mayor extensi\u00f3n sin aumentar las dimensiones externas, haci\u00e9ndolos id\u00f3neos para aplicaciones con espacio limitado.<\/li>\n<\/ul>\n<p><img decoding=\"async\" src=\"https:\/\/www.hydraulic-cylinders.net\/wp-content\/uploads\/2025\/01\/songte-cylinder-head-with-all-kinds-excavator-models.webp\" alt=\"Imagen del producto\"><\/p>\n<h2>Aplicaciones<\/h2>\n<p>El cilindro de cangilones encuentra aplicaciones en diversas industrias y equipos:<\/p>\n<ul>\n<li>Equipos de construcci\u00f3n: Presentes en excavadoras, son cruciales para excavar, cargar y mover tierra o escombros. En las retroexcavadoras, el cilindro del cuchar\u00f3n facilita tanto la excavaci\u00f3n como la elevaci\u00f3n.<\/li>\n<li>Maquinaria agr\u00edcola: Se utiliza en cargadoras frontales para recoger, levantar y transportar tierra, heno y otros materiales.<\/li>\n<li>Excavadoras: El cilindro del cuchar\u00f3n permite la acci\u00f3n de excavaci\u00f3n al permitir que el cuchar\u00f3n penetre en el suelo.<\/li>\n<li>Cargadores frontales: En los cargadores frontales, ayudan a levantar y descargar mercanc\u00edas de manera eficiente.<\/li>\n<\/ul>\n<h2>Consideraciones de dise\u00f1o y criterios de selecci\u00f3n<\/h2>\n<p>Al dise\u00f1ar el cilindro del cuchar\u00f3n, se tienen en cuenta diversos factores y criterios de selecci\u00f3n:<\/p>\n<ul>\n<li>Capacidad de carga: El cilindro est\u00e1 dise\u00f1ado para soportar la carga prevista y proporcionar la resistencia necesaria para la elevaci\u00f3n y otras operaciones.<\/li>\n<li>Sellado: Se utilizan diversos componentes de sellado, como juntas de pist\u00f3n y juntas de v\u00e1stago, para evitar fugas y garantizar un funcionamiento adecuado.<\/li>\n<li>Durabilidad: El cilindro est\u00e1 dise\u00f1ado para soportar las exigentes condiciones de trabajo y proporcionar una larga vida \u00fatil.<\/li>\n<li>Seguridad: Se incorporan caracter\u00edsticas de seguridad para garantizar el bienestar del operador durante el funcionamiento.<\/li>\n<li>Mantenibilidad: Se han tenido en cuenta factores como el f\u00e1cil mantenimiento y la reparaci\u00f3n, lo que permite un servicio eficiente y minimiza el tiempo de inactividad.<\/li>\n<\/ul>\n<p><img decoding=\"async\" src=\"https:\/\/www.hydraulic-cylinders.net\/wp-content\/uploads\/2025\/01\/songte-oil-pipes-and-spare-parts.webp\" alt=\"Imagen del producto\"><\/p>\n<h2>Sellado y lubricaci\u00f3n<\/h2>\n<p>El cilindro del cuchar\u00f3n utiliza diversos sellos, como sellos de pist\u00f3n y de v\u00e1stago, fabricados con materiales resistentes al desgaste como poliuretano y caucho de nitrilo. El cuerpo del cilindro y las superficies roscadas de los extremos reciben un tratamiento especial para mejorar su resistencia al desgaste. Para un funcionamiento \u00f3ptimo, es necesaria una lubricaci\u00f3n regular con la cantidad adecuada de aceite hidr\u00e1ulico.<\/p>\n<h2>Medidas de mantenimiento y prevenci\u00f3n<\/h2>\n<p>Para garantizar un rendimiento \u00f3ptimo y una mayor vida \u00fatil del cilindro del cuchar\u00f3n, se deben realizar inspecciones peri\u00f3dicas y medidas de mantenimiento preventivo:<\/p>\n<ul>\n<li>Revisiones peri\u00f3dicas: Inspeccione el cilindro para detectar cualquier signo de desgaste, da\u00f1o o fugas.<\/li>\n<li>Lubricaci\u00f3n adecuada: Aplique el lubricante recomendado para garantizar un funcionamiento suave.<\/li>\n<li>Sustituci\u00f3n de juntas: Reemplace las juntas desgastadas para evitar fugas y mantener el rendimiento.<\/li>\n<li>Comprobaciones de calibraci\u00f3n: Verifique peri\u00f3dicamente la alineaci\u00f3n del cilindro y aj\u00fastela si es necesario.<\/li>\n<\/ul>\n<p><img decoding=\"async\" src=\"https:\/\/www.hydraulic-cylinders.net\/wp-content\/uploads\/2025\/01\/songte-chushion-collar.webp\" alt=\"Imagen del producto\"><\/p>\n<h2>Consideraciones de seguridad y factores ambientales<\/h2>\n<p>Al utilizar el cilindro del cuchar\u00f3n, es importante priorizar las medidas de seguridad para prevenir accidentes y garantizar un entorno de trabajo seguro. Tambi\u00e9n deben tenerse en cuenta los factores ambientales para minimizar cualquier impacto negativo en el entorno.<\/p>\n<h2>Diagn\u00f3stico de fallas y problemas comunes<\/h2>\n<p>En caso de aver\u00edas, es fundamental diagnosticar y solucionar los problemas con prontitud. Algunos problemas comunes son:<\/p>\n<ul>\n<li>Fugas: Identifique el origen de la fuga y repare o sustituya los componentes afectados.<\/li>\n<li>Funcionamiento lento: Compruebe si existen restricciones u obstrucciones en el sistema hidr\u00e1ulico y soluci\u00f3nelas seg\u00fan corresponda.<\/li>\n<li>Ruidos inusuales: Investigue y solucione cualquier ruido anormal, ya que podr\u00eda indicar problemas mec\u00e1nicos o mal funcionamiento.<\/li>\n<\/ul>\n<p>Para diagnosticar y resolver problemas de manera eficaz, es fundamental seguir los consejos y soluciones adecuados. Asimismo, es importante implementar medidas preventivas para minimizar posibles problemas.<\/p>\n<p><img decoding=\"async\" src=\"https:\/\/www.hydraulic-cylinders.net\/wp-content\/uploads\/2025\/01\/songte-bushings-with-all-kinds-of-excavator-models.webp\" alt=\"Imagen del producto\"><\/p>\n<h2>Conclusi\u00f3n<\/h2>\n<p>En conclusi\u00f3n, el cilindro del cuchar\u00f3n para la Pengpu SW230LC-5 es un componente vital en la maquinaria pesada, ya que permite realizar tareas de manipulaci\u00f3n de materiales de manera eficiente. Gracias a su alta resistencia, durabilidad y eficiente funcionamiento hidr\u00e1ulico, es ideal para diversas aplicaciones en la construcci\u00f3n, la agricultura, las excavaciones y la carga frontal. Un dise\u00f1o adecuado, junto con un sellado, lubricaci\u00f3n, mantenimiento y medidas de seguridad, garantizan un rendimiento \u00f3ptimo y una larga vida \u00fatil. Como fabricante y distribuidor l\u00edder de cilindros hidr\u00e1ulicos, nuestra empresa se centra en la excelencia en la calidad, la personalizaci\u00f3n y las certificaciones internacionales. Comprometidos con la satisfacci\u00f3n del cliente y con una amplia gama de productos, nos esforzamos por satisfacer las diversas demandas del mercado y proporcionar productos y servicios confiables.<\/p>\n<p><img decoding=\"async\" src=\"https:\/\/www.hydraulic-cylinders.net\/wp-content\/uploads\/2025\/01\/songte-company-3.webp\" alt=\"Imagen de la empresa\"><\/p>\n<p>Autor: lyl<\/p>","protected":false},"excerpt":{"rendered":"<p>Bucket Cylinder For Pengpu SW230LC-5 Introduction The bucket cylinder is a specially designed hydraulic cylinder used to control the movement of the bucket in heavy machinery such as excavators, backhoe loaders, and front-end loaders. Its main function is to enable the lifting, lowering, and tilting of the bucket, making it convenient for various material handling [&hellip;]<\/p>","protected":false},"featured_media":14776,"comment_status":"open","ping_status":"closed","template":"","meta":{"_et_pb_use_builder":"","_et_pb_old_content":"","_et_gb_content_width":""},"product_brand":[],"product_cat":[1494],"product_tag":[1495,1496],"class_list":{"0":"post-15815","1":"product","2":"type-product","3":"status-publish","4":"has-post-thumbnail","6":"product_cat-bucket-cylinders","7":"product_tag-bucket-cylinders","8":"product_tag-hydraulic-cylinders","10":"first","11":"instock","12":"shipping-taxable","13":"product-type-simple"},"amp_enabled":true,"_links":{"self":[{"href":"https:\/\/www.hydraulic-cylinders.net\/es\/wp-json\/wp\/v2\/product\/15815","targetHints":{"allow":["GET"]}}],"collection":[{"href":"https:\/\/www.hydraulic-cylinders.net\/es\/wp-json\/wp\/v2\/product"}],"about":[{"href":"https:\/\/www.hydraulic-cylinders.net\/es\/wp-json\/wp\/v2\/types\/product"}],"replies":[{"embeddable":true,"href":"https:\/\/www.hydraulic-cylinders.net\/es\/wp-json\/wp\/v2\/comments?post=15815"}],"wp:featuredmedia":[{"embeddable":true,"href":"https:\/\/www.hydraulic-cylinders.net\/es\/wp-json\/wp\/v2\/media\/14776"}],"wp:attachment":[{"href":"https:\/\/www.hydraulic-cylinders.net\/es\/wp-json\/wp\/v2\/media?parent=15815"}],"wp:term":[{"taxonomy":"product_brand","embeddable":true,"href":"https:\/\/www.hydraulic-cylinders.net\/es\/wp-json\/wp\/v2\/product_brand?post=15815"},{"taxonomy":"product_cat","embeddable":true,"href":"https:\/\/www.hydraulic-cylinders.net\/es\/wp-json\/wp\/v2\/product_cat?post=15815"},{"taxonomy":"product_tag","embeddable":true,"href":"https:\/\/www.hydraulic-cylinders.net\/es\/wp-json\/wp\/v2\/product_tag?post=15815"}],"curies":[{"name":"wp","href":"https:\/\/api.w.org\/{rel}","templated":true}]}}