{"id":15830,"date":"2025-01-19T15:02:37","date_gmt":"2025-01-19T15:02:37","guid":{"rendered":"https:\/\/www.hydraulic-cylinders.net\/product\/bucket-cylinder-for-nante-nt130uu\/"},"modified":"2025-01-19T15:02:39","modified_gmt":"2025-01-19T15:02:39","slug":"bucket-cylinder-for-nante-nt130uu","status":"publish","type":"product","link":"https:\/\/www.hydraulic-cylinders.net\/es\/producto\/bucket-cylinder-for-nante-nt130uu\/","title":{"rendered":"Cilindro de cuchar\u00f3n para Nante NT130UU"},"content":{"rendered":"<h1>Cilindro de cuchar\u00f3n para Nante NT130UU<\/h1>\n<h2>Introducci\u00f3n<\/h2>\n<p>El cilindro del cuchar\u00f3n para la Nante NT130UU es un cilindro hidr\u00e1ulico especializado, dise\u00f1ado para controlar el movimiento del cuchar\u00f3n en maquinaria pesada como excavadoras, retroexcavadoras y cargadoras frontales. Su funci\u00f3n principal es permitir que el cuchar\u00f3n se eleve, baje e incline, facilitando diversas tareas de manipulaci\u00f3n de materiales. En el sistema hidr\u00e1ulico, el cilindro del cuchar\u00f3n utiliza los cambios en la presi\u00f3n del aceite hidr\u00e1ulico para controlar con precisi\u00f3n el cuchar\u00f3n, lo que permite a los operadores manipular cargas pesadas con eficiencia y adaptarse a entornos de trabajo complejos y a diversos requisitos.<\/p>\n<p><img decoding=\"async\" src=\"https:\/\/www.hydraulic-cylinders.net\/wp-content\/uploads\/2025\/01\/songte-company-2.webp\" alt=\"Imagen del cilindro del cubo\"><\/p>\n<h2>Caracter\u00edsticas<\/h2>\n<ul>\n<li>\n<h3>Alta resistencia y durabilidad:<\/h3>\n<p> Generalmente fabricado de acero o aluminio de alta resistencia, puede soportar alta presi\u00f3n y cargas pesadas, adaptarse a entornos de trabajo hostiles y est\u00e1 dise\u00f1ado teniendo en cuenta la resistencia al desgaste y la corrosi\u00f3n para extender su vida \u00fatil.<\/li>\n<li>\n<h3>Operaci\u00f3n hidr\u00e1ulica eficiente:<\/h3>\n<p> Al utilizar presi\u00f3n de aceite hidr\u00e1ulico para lograr una extensi\u00f3n y retracci\u00f3n suaves, puede responder r\u00e1pidamente a los comandos de control, proporcionar poderosas fuerzas de empuje y tracci\u00f3n, y es adecuado para manipular cargas pesadas y tareas laborales complejas.<\/li>\n<li>\n<h3>Varios tipos:<\/h3>\n<p> Se pueden elegir cilindros de simple efecto (hidr\u00e1ulicos en una sola direcci\u00f3n) o de doble efecto (hidr\u00e1ulicos en ambas direcciones) seg\u00fan sea necesario para satisfacer diferentes requisitos operativos. Algunos modelos son telesc\u00f3picos, lo que permite una mayor extensi\u00f3n sin aumentar las dimensiones externas y son adecuados para aplicaciones con espacio limitado.<\/li>\n<li>\n<h3>Reemplazo del producto:<\/h3>\n<p> Nuestro producto puede sustituir perfectamente a estos cilindros hidr\u00e1ulicos.<\/li>\n<\/ul>\n<p><img decoding=\"async\" src=\"https:\/\/www.hydraulic-cylinders.net\/wp-content\/uploads\/2025\/01\/songte-cylinder-head-with-all-kinds-excavator-models.webp\" alt=\"Imagen de reemplazo de producto\"><\/p>\n<h2>Aplicaciones<\/h2>\n<p>El cilindro de cuchara para Nante NT130UU se utiliza ampliamente en muchas industrias, entre ellas:<\/p>\n<ul>\n<li>\n<h3>Equipos de construcci\u00f3n:<\/h3>\n<p> En las excavadoras, son esenciales para excavar, cargar y mover tierra o escombros. En las retroexcavadoras, los cilindros del cuchar\u00f3n ayudan tanto en la excavaci\u00f3n como en la elevaci\u00f3n. <\/li>\n<li>\n<h3>Maquinaria agr\u00edcola:<\/h3>\n<p> Se utiliza en cargadores frontales para recoger, levantar y transportar tierra, heno y otros materiales. <\/li>\n<li>\n<h3>Excavadoras:<\/h3>\n<p> El cilindro del cuchar\u00f3n logra la acci\u00f3n de excavaci\u00f3n al permitir que el cuchar\u00f3n penetre en el suelo. <\/li>\n<li>\n<h3>Cargadores:<\/h3>\n<p> En los cargadores frontales, ayudan a levantar e inclinar cargas de manera eficaz.<\/li>\n<\/ul>\n<h2>Consideraciones de dise\u00f1o y criterios de selecci\u00f3n<\/h2>\n<p>El cilindro del cuchar\u00f3n est\u00e1 dise\u00f1ado para soportar cargas pesadas y entornos operativos rigurosos, manteniendo la seguridad, la durabilidad y la facilidad de mantenimiento. Las consideraciones clave de dise\u00f1o incluyen:<\/p>\n<ul>\n<li>\n<h3>Capacidad de carga:<\/h3>\n<p> El cilindro debe ser capaz de soportar el peso de la carga manteniendo la estabilidad y la seguridad.<\/li>\n<li>\n<h3>Caza de focas:<\/h3>\n<p> Se utilizan varios componentes de sellado, como sellos de pist\u00f3n, sellos de varilla, etc., y se seleccionan materiales de sellado como poliuretano, caucho de nitrilo y otros materiales resistentes al desgaste para garantizar un alto grado de sellado.<\/li>\n<li>\n<h3>Durabilidad:<\/h3>\n<p> Las superficies del cuerpo del cilindro y del extremo de la rosca est\u00e1n finamente procesadas para mejorar la resistencia al desgaste. <\/li>\n<li>\n<h3>Seguridad:<\/h3>\n<p> El cilindro debe pasar los est\u00e1ndares internacionales de certificaci\u00f3n de seguridad para garantizar la seguridad del operador durante la operaci\u00f3n.<\/li>\n<li>\n<h3>Mantenimiento:<\/h3>\n<p> Se requieren mantenimiento y reparaciones regulares para mantener el cilindro en buenas condiciones.<\/li>\n<\/ul>\n<p><img decoding=\"async\" src=\"https:\/\/www.hydraulic-cylinders.net\/wp-content\/uploads\/2025\/01\/songte-oil-pipes-and-spare-parts.webp\" alt=\"Consideraciones de dise\u00f1o Imagen\"><\/p>\n<h2>Sellado y lubricaci\u00f3n<\/h2>\n<p>El cilindro utiliza diversos componentes de sellado, como sellos de pist\u00f3n y de v\u00e1stago. Se seleccionan materiales de sellado como poliuretano, caucho de nitrilo y otros materiales resistentes al desgaste para garantizar un alto rendimiento de sellado. Adem\u00e1s, el cuerpo del cilindro y las superficies de los extremos de las roscas se procesan con precisi\u00f3n para mejorar la resistencia al desgaste. La adici\u00f3n regular de una cantidad adecuada de aceite hidr\u00e1ulico para lubricar el cilindro puede ayudar a prolongar su vida \u00fatil.<\/p>\n<h2>Mantenimiento y reparaci\u00f3n<\/h2>\n<p>El mantenimiento y las reparaciones regulares son cruciales para mantener el rendimiento del cilindro del cuchar\u00f3n. Las tareas de mantenimiento m\u00e1s comunes incluyen:<\/p>\n<ul>\n<li>\n<h3>Inspecci\u00f3n regular:<\/h3>\n<p> Inspeccione el cilindro peri\u00f3dicamente para asegurarse de que est\u00e9 en buenas condiciones de funcionamiento y repare cualquier da\u00f1o o defecto lo antes posible.<\/li>\n<li>\n<h3>Lubricaci\u00f3n:<\/h3>\n<p> Agregue una cantidad adecuada de aceite hidr\u00e1ulico para lubricar el cilindro y reducir el desgaste.<\/li>\n<li>\n<h3>Reemplazo del sello:<\/h3>\n<p> Reemplace los sellos del cilindro seg\u00fan sea necesario para garantizar un rendimiento de sellado adecuado.<\/li>\n<li>\n<h3>Inspecci\u00f3n de calibraci\u00f3n:<\/h3>\n<p> Revise peri\u00f3dicamente la calibraci\u00f3n del cilindro para asegurarse de que funciona correctamente.<\/li>\n<\/ul>\n<p><img decoding=\"async\" src=\"https:\/\/www.hydraulic-cylinders.net\/wp-content\/uploads\/2025\/01\/songte-chushion-collar.webp\" alt=\"Imagen de mantenimiento y reparaci\u00f3n\"><\/p>\n<h2>Consideraciones de seguridad y medio ambiente<\/h2>\n<p>Al utilizar el cilindro del cuchar\u00f3n, es fundamental seguir las normas de seguridad para garantizar la seguridad del operador y prevenir la contaminaci\u00f3n ambiental. La inspecci\u00f3n y el mantenimiento regulares pueden ayudar a prevenir posibles peligros y reducir el impacto ambiental.<\/p>\n<h2>Soluci\u00f3n de problemas y problemas comunes<\/h2>\n<p>Los problemas con el cilindro del cuchar\u00f3n pueden deberse a diversas razones, como desgaste, da\u00f1os e instalaci\u00f3n incorrecta. Entre los problemas m\u00e1s comunes se incluyen fugas en el cilindro, fuerza de elevaci\u00f3n o inclinaci\u00f3n insuficiente y dificultad de operaci\u00f3n. Para solucionarlos, se recomienda inspeccionar el cilindro en busca de da\u00f1os, revisar los sellos y la lubricaci\u00f3n, y asegurar una instalaci\u00f3n y calibraci\u00f3n correctas.<\/p>\n<p><img decoding=\"async\" src=\"https:\/\/www.hydraulic-cylinders.net\/wp-content\/uploads\/2025\/01\/songte-bushings-with-all-kinds-of-excavator-models.webp\" alt=\"Soluci\u00f3n de problemas de imagen\"><\/p>\n<h2>Acerca de nuestra empresa<\/h2>\n<p>Somos un fabricante y distribuidor mayorista l\u00edder de cilindros hidr\u00e1ulicos en el mercado nacional e internacional, especializado en la producci\u00f3n de cilindros hidr\u00e1ulicos que reemplazan a los cilindros tradicionales. Nos guiamos por una filosof\u00eda de excelente calidad y nos basamos en la estrategia de gesti\u00f3n de producci\u00f3n industrializada de un taller de fabricaci\u00f3n de alta calidad. Nuestra empresa mejora continuamente la plataforma de fabricaci\u00f3n, perfecciona la calidad de producci\u00f3n del producto y cuenta con una s\u00f3lida capacidad creativa para satisfacer las diversas necesidades de los clientes con alta eficiencia, precisi\u00f3n y calidad. Ofrecemos personalizaci\u00f3n, equipos de producci\u00f3n y sistemas de prueba profesionales, y hemos obtenido numerosas certificaciones internacionales.<\/p>\n<p><img decoding=\"async\" src=\"https:\/\/hzpt.com\/wp-content\/uploads\/2024\/11\/songte-company-1.webp\" alt=\"Imagen de la empresa\"><\/p>\n<p>Nuestra empresa ofrece servicios profesionales y personalizados, equipos de producci\u00f3n y un excelente servicio posventa. Nos esforzamos por ofrecer a nuestros clientes productos y servicios de alta calidad y garantizar que nuestros productos cumplan con los est\u00e1ndares internacionales. Nuestro experimentado equipo de profesionales se dedica a brindar los mejores productos y servicios a clientes de todo el mundo.<\/p>\n<p>Autor: lyl.<\/p>","protected":false},"excerpt":{"rendered":"<p>Bucket Cylinder For Nante NT130UU Introduction The bucket cylinder for Nante NT130UU is a specialized hydraulic cylinder designed to control the movement of the bucket in heavy machinery such as excavators, backhoe excavators, and front-end loaders. Its main function is to enable the bucket to lift, lower, and tilt, making it easier to handle various [&hellip;]<\/p>","protected":false},"featured_media":14776,"comment_status":"open","ping_status":"closed","template":"","meta":{"_et_pb_use_builder":"","_et_pb_old_content":"","_et_gb_content_width":""},"product_brand":[],"product_cat":[1494],"product_tag":[1495,1496],"class_list":{"0":"post-15830","1":"product","2":"type-product","3":"status-publish","4":"has-post-thumbnail","6":"product_cat-bucket-cylinders","7":"product_tag-bucket-cylinders","8":"product_tag-hydraulic-cylinders","10":"first","11":"instock","12":"shipping-taxable","13":"product-type-simple"},"amp_enabled":true,"_links":{"self":[{"href":"https:\/\/www.hydraulic-cylinders.net\/es\/wp-json\/wp\/v2\/product\/15830","targetHints":{"allow":["GET"]}}],"collection":[{"href":"https:\/\/www.hydraulic-cylinders.net\/es\/wp-json\/wp\/v2\/product"}],"about":[{"href":"https:\/\/www.hydraulic-cylinders.net\/es\/wp-json\/wp\/v2\/types\/product"}],"replies":[{"embeddable":true,"href":"https:\/\/www.hydraulic-cylinders.net\/es\/wp-json\/wp\/v2\/comments?post=15830"}],"wp:featuredmedia":[{"embeddable":true,"href":"https:\/\/www.hydraulic-cylinders.net\/es\/wp-json\/wp\/v2\/media\/14776"}],"wp:attachment":[{"href":"https:\/\/www.hydraulic-cylinders.net\/es\/wp-json\/wp\/v2\/media?parent=15830"}],"wp:term":[{"taxonomy":"product_brand","embeddable":true,"href":"https:\/\/www.hydraulic-cylinders.net\/es\/wp-json\/wp\/v2\/product_brand?post=15830"},{"taxonomy":"product_cat","embeddable":true,"href":"https:\/\/www.hydraulic-cylinders.net\/es\/wp-json\/wp\/v2\/product_cat?post=15830"},{"taxonomy":"product_tag","embeddable":true,"href":"https:\/\/www.hydraulic-cylinders.net\/es\/wp-json\/wp\/v2\/product_tag?post=15830"}],"curies":[{"name":"wp","href":"https:\/\/api.w.org\/{rel}","templated":true}]}}