{"id":15833,"date":"2025-01-19T15:02:51","date_gmt":"2025-01-19T15:02:51","guid":{"rendered":"https:\/\/www.hydraulic-cylinders.net\/product\/bucket-cylinder-for-yanmar-vi030-6b\/"},"modified":"2025-01-19T15:02:57","modified_gmt":"2025-01-19T15:02:57","slug":"bucket-cylinder-for-yanmar-vi030-6b","status":"publish","type":"product","link":"https:\/\/www.hydraulic-cylinders.net\/es\/producto\/bucket-cylinder-for-yanmar-vi030-6b\/","title":{"rendered":"Cilindro de cuchar\u00f3n para Yanmar VI030-6B"},"content":{"rendered":"<h1>Cilindro de cuchar\u00f3n para Yanmar VI030-6B<\/h1>\n<h2>Introducci\u00f3n<\/h2>\n<p>El cilindro del cuchar\u00f3n es un cilindro hidr\u00e1ulico especialmente dise\u00f1ado que se utiliza principalmente para controlar el movimiento del cuchar\u00f3n en maquinaria pesada como excavadoras, retroexcavadoras y cargadoras frontales. Su funci\u00f3n principal es permitir que el cuchar\u00f3n se eleve, baje e incline, facilitando diversas tareas de manipulaci\u00f3n de materiales. En el sistema hidr\u00e1ulico, el cilindro del cuchar\u00f3n controla el movimiento preciso del cuchar\u00f3n mediante cambios en la presi\u00f3n del aceite hidr\u00e1ulico, lo que permite a los operadores manipular objetos pesados \u200b\u200bcon eficiencia y adaptarse a entornos de trabajo complejos y diversos requisitos operativos.<\/p>\n<p><img decoding=\"async\" src=\"https:\/\/www.hydraulic-cylinders.net\/wp-content\/uploads\/2025\/01\/songte-company-2.webp\" \/><\/p>\n<h2>Caracter\u00edsticas<\/h2>\n<ul>\n<li>Alta resistencia y durabilidad: generalmente hecho de acero o aluminio de alta resistencia, puede soportar alta presi\u00f3n y cargas pesadas, adaptarse a entornos de trabajo hostiles y est\u00e1 dise\u00f1ado con resistencia al desgaste y a la corrosi\u00f3n para una vida \u00fatil prolongada.<\/li>\n<li>Operaci\u00f3n hidr\u00e1ulica eficiente: Movimientos suaves de extensi\u00f3n y retracci\u00f3n logrados mediante la presi\u00f3n del aceite hidr\u00e1ulico, respuesta r\u00e1pida a los comandos operativos y potentes fuerzas de empuje y tracci\u00f3n, adecuados para manipular cargas pesadas y tareas operativas complejas.<\/li>\n<li>Diversos tipos: Se pueden seleccionar cilindros de simple efecto (hidr\u00e1ulicos en un solo sentido) o de doble efecto (hidr\u00e1ulicos en ambos sentidos) seg\u00fan las necesidades operativas. Algunos modelos son telesc\u00f3picos, lo que permite una mayor extensi\u00f3n sin aumentar las dimensiones externas, ideal para aplicaciones con espacio limitado.<\/li>\n<li>Reemplazo directo: Nuestros productos pueden reemplazar perfectamente estos cilindros hidr\u00e1ulicos.<\/li>\n<\/ul>\n<p><img decoding=\"async\" src=\"https:\/\/www.hydraulic-cylinders.net\/wp-content\/uploads\/2025\/01\/songte-cylinder-head-with-all-kinds-excavator-models.webp\" \/><\/p>\n<h2>Aplicaciones<\/h2>\n<p>El cilindro del cuchar\u00f3n se utiliza com\u00fanmente en diversas maquinarias pesadas, entre ellas:<\/p>\n<h3>Equipos de construcci\u00f3n<\/h3>\n<ul>\n<li>Excavadoras: Los cilindros del cuchar\u00f3n logran la acci\u00f3n de excavaci\u00f3n al permitir que el cuchar\u00f3n penetre en el suelo.<\/li>\n<li>Excavadoras retroexcavadoras: El cilindro del cuchar\u00f3n es \u00fatil tanto para cavar como para levantar.<\/li>\n<li>Cargador: En los cargadores frontales, ayudan a levantar y descargar la carga de manera eficiente.<\/li>\n<\/ul>\n<h3>Maquinaria agr\u00edcola<\/h3>\n<ul>\n<li>Cargadores frontales: Se utilizan para recoger, levantar y transportar tierra, heno y otros materiales.<\/li>\n<\/ul>\n<p>Cada aplicaci\u00f3n se describe en detalle a continuaci\u00f3n:<\/p>\n<h3>Equipos de construcci\u00f3n<\/h3>\n<p><strong>Excavadoras:<\/strong> Los cilindros del cuchar\u00f3n permiten a las excavadoras excavar y mover tierra o escombros. El cilindro del cuchar\u00f3n suele estar montado en la pluma y controla el movimiento del cuchar\u00f3n.<\/p>\n<p><strong>Excavadoras retroexcavadoras:<\/strong> El cilindro del cuchar\u00f3n facilita las tareas de excavaci\u00f3n y elevaci\u00f3n. Est\u00e1 montado en la pluma y controla el movimiento del cuchar\u00f3n.<\/p>\n<p><strong>Cargador:<\/strong> En las cargadoras frontales, los cilindros del cuchar\u00f3n ayudan a elevar y descargar la carga eficazmente. Los cilindros est\u00e1n montados en el brazo de la cargadora y controlan el movimiento del cuchar\u00f3n.<\/p>\n<h3>Maquinaria agr\u00edcola<\/h3>\n<p><strong>Cargadoras frontales:<\/strong> Los cilindros del cuchar\u00f3n se utilizan para recoger, levantar y transportar tierra, heno y otros materiales. Se montan en el brazo de la cargadora y controlan el movimiento del cuchar\u00f3n.<\/p>\n<h2>Consideraciones de dise\u00f1o y est\u00e1ndares de selecci\u00f3n<\/h2>\n<p>Al dise\u00f1ar el cilindro del cuchar\u00f3n, las consideraciones clave incluyen:<\/p>\n<ul>\n<li>capacidad de carga<\/li>\n<li>Rendimiento de sellado<\/li>\n<li>Durabilidad<\/li>\n<li>Seguridad<\/li>\n<li>Mantenibilidad<\/li>\n<\/ul>\n<p><img decoding=\"async\" src=\"https:\/\/www.hydraulic-cylinders.net\/wp-content\/uploads\/2025\/01\/songte-oil-pipes-and-spare-parts.webp\" \/><\/p>\n<p>Los est\u00e1ndares de selecci\u00f3n son:<\/p>\n<ul>\n<li>Di\u00e1metro del orificio<\/li>\n<li>Longitud de la carrera<\/li>\n<li>Presi\u00f3n de funcionamiento<\/li>\n<li>Tipo de montaje<\/li>\n<li>Amortiguaci\u00f3n<\/li>\n<\/ul>\n<p>La capacidad de carga de un cilindro se refiere a la fuerza m\u00e1xima que puede soportar sin deformarse ni sufrir da\u00f1os. El rendimiento del sellado es fundamental. El cilindro debe mantener una presi\u00f3n hidr\u00e1ulica estable, permitiendo al mismo tiempo un movimiento suave y r\u00e1pido.<\/p>\n<p>El cilindro tambi\u00e9n debe ser duradero, capaz de soportar tensi\u00f3n, corrosi\u00f3n, desgaste y fatiga durante largos periodos. La seguridad es un factor clave para garantizar que el cilindro no se vuelva inseguro ni cause da\u00f1os al operador ni al entorno. Por \u00faltimo, la facilidad de mantenimiento es fundamental, garantizando que el cilindro se pueda desmontar, reparar y mantener de forma f\u00e1cil y r\u00e1pida.<\/p>\n<h2>Sellado y lubricaci\u00f3n<\/h2>\n<p>El cilindro del cuchar\u00f3n utiliza diversos componentes de sellado, como sellos de pist\u00f3n y de v\u00e1stago, fabricados con materiales resistentes al desgaste como poliuretano y caucho de nitrilo. El cuerpo del cilindro y las superficies roscadas de los extremos est\u00e1n finamente procesadas para mejorar la resistencia al desgaste. Es necesario agregar regularmente una cantidad adecuada de aceite hidr\u00e1ulico para mantener una lubricaci\u00f3n adecuada.<\/p>\n<h2>Mantenimiento y reparaci\u00f3n<\/h2>\n<p>El mantenimiento y la reparaci\u00f3n regulares son fundamentales para garantizar el correcto funcionamiento del cilindro del cuchar\u00f3n. Las tareas habituales de mantenimiento incluyen la inspecci\u00f3n regular, la lubricaci\u00f3n adecuada, el reemplazo de sellos y las comprobaciones de calibraci\u00f3n. Una instalaci\u00f3n, lubricaci\u00f3n y ajuste adecuados son esenciales para garantizar la longevidad del cilindro. Durante la instalaci\u00f3n, se debe garantizar una alineaci\u00f3n correcta y el uso de soportes de montaje adecuados. Los procedimientos recomendados de inspecci\u00f3n, reparaci\u00f3n y reemplazo, as\u00ed como los servicios de reemplazo de piezas y reconstrucci\u00f3n, son esenciales para prolongar la vida \u00fatil del cilindro.<\/p>\n<p><img decoding=\"async\" src=\"https:\/\/www.hydraulic-cylinders.net\/wp-content\/uploads\/2025\/01\/songte-chushion-collar.webp\" \/><\/p>\n<h2>Consideraciones de seguridad y medio ambiente<\/h2>\n<p>Al utilizar el cilindro del cuchar\u00f3n, se deben tomar medidas de seguridad para garantizar un uso seguro y eficaz del equipo. El cilindro solo debe utilizarse dentro de los l\u00edmites de capacidad especificados y deben seguirse todas las instrucciones de seguridad. La correcta eliminaci\u00f3n del fluido hidr\u00e1ulico y otros materiales es esencial para proteger el medio ambiente. Se deben evitar fugas y derrames, y seguir los procedimientos de limpieza adecuados.<\/p>\n<h2>Soluci\u00f3n de problemas y problemas comunes<\/h2>\n<p>Los problemas comunes con los cilindros de cangilones incluyen fallas en los sellos, fugas y da\u00f1os en los cilindros. Los consejos y soluciones para la resoluci\u00f3n de problemas son fundamentales para ayudar a los lectores a diagnosticar y resolver problemas eficazmente. Se deben implementar medidas preventivas para minimizar posibles problemas.<\/p>\n<p><img decoding=\"async\" src=\"https:\/\/www.hydraulic-cylinders.net\/wp-content\/uploads\/2025\/01\/songte-bushings-with-all-kinds-of-excavator-models.webp\" \/><\/p>\n<h2>Acerca de nuestra empresa<\/h2>\n<p>Somos fabricantes de cilindros hidr\u00e1ulicos de repuesto, ofrecemos una gama completa de productos y nos hemos convertido en uno de los principales fabricantes y distribuidores mayoristas de cilindros hidr\u00e1ulicos en el mercado nacional e internacional. Nos guiamos por los principios de excelencia y nos basamos en una estrategia de gesti\u00f3n de producci\u00f3n industrializada en talleres de alta calidad. La empresa mejora constantemente la plataforma de fabricaci\u00f3n de nuestros talleres, perfecciona la cadena de producci\u00f3n de calidad de los productos y cuenta con una s\u00f3lida capacidad de creaci\u00f3n para satisfacer las diversas necesidades de los clientes con alta eficiencia, precisi\u00f3n y principios de alta calidad.<\/p>\n<p>Ofrecemos un alto nivel de profesionalismo, certificaci\u00f3n internacional, servicios personalizados, equipos de producci\u00f3n y servicio posventa. Nuestra empresa tambi\u00e9n cuenta con un sistema integral de control de calidad, un equipo t\u00e9cnico profesional, equipos de fabricaci\u00f3n digitales de alta gama y un sistema de inspecci\u00f3n especializado.<\/p>\n<p><img decoding=\"async\" src=\"https:\/\/hzpt.com\/wp-content\/uploads\/2024\/11\/songte-company-1.webp\" \/><\/p>\n<p>Autor: lyl<\/p>","protected":false},"excerpt":{"rendered":"<p>Bucket Cylinder For Yanmar VI030-6B Introduction The bucket cylinder is a specially designed hydraulic cylinder used primarily to control the movement of the bucket in heavy machinery such as excavators, backhoe excavators, and front-end loaders. Its main function is to enable the bucket to lift, lower, and tilt, facilitating various material handling tasks. In the [&hellip;]<\/p>","protected":false},"featured_media":14769,"comment_status":"open","ping_status":"closed","template":"","meta":{"_et_pb_use_builder":"","_et_pb_old_content":"","_et_gb_content_width":""},"product_brand":[],"product_cat":[1494],"product_tag":[1495,1496],"class_list":{"0":"post-15833","1":"product","2":"type-product","3":"status-publish","4":"has-post-thumbnail","6":"product_cat-bucket-cylinders","7":"product_tag-bucket-cylinders","8":"product_tag-hydraulic-cylinders","10":"first","11":"instock","12":"shipping-taxable","13":"product-type-simple"},"amp_enabled":true,"_links":{"self":[{"href":"https:\/\/www.hydraulic-cylinders.net\/es\/wp-json\/wp\/v2\/product\/15833","targetHints":{"allow":["GET"]}}],"collection":[{"href":"https:\/\/www.hydraulic-cylinders.net\/es\/wp-json\/wp\/v2\/product"}],"about":[{"href":"https:\/\/www.hydraulic-cylinders.net\/es\/wp-json\/wp\/v2\/types\/product"}],"replies":[{"embeddable":true,"href":"https:\/\/www.hydraulic-cylinders.net\/es\/wp-json\/wp\/v2\/comments?post=15833"}],"wp:featuredmedia":[{"embeddable":true,"href":"https:\/\/www.hydraulic-cylinders.net\/es\/wp-json\/wp\/v2\/media\/14769"}],"wp:attachment":[{"href":"https:\/\/www.hydraulic-cylinders.net\/es\/wp-json\/wp\/v2\/media?parent=15833"}],"wp:term":[{"taxonomy":"product_brand","embeddable":true,"href":"https:\/\/www.hydraulic-cylinders.net\/es\/wp-json\/wp\/v2\/product_brand?post=15833"},{"taxonomy":"product_cat","embeddable":true,"href":"https:\/\/www.hydraulic-cylinders.net\/es\/wp-json\/wp\/v2\/product_cat?post=15833"},{"taxonomy":"product_tag","embeddable":true,"href":"https:\/\/www.hydraulic-cylinders.net\/es\/wp-json\/wp\/v2\/product_tag?post=15833"}],"curies":[{"name":"wp","href":"https:\/\/api.w.org\/{rel}","templated":true}]}}