{"id":15837,"date":"2025-01-19T15:03:12","date_gmt":"2025-01-19T15:03:12","guid":{"rendered":"https:\/\/www.hydraulic-cylinders.net\/product\/bucket-cylinder-for-yanmar-sv100\/"},"modified":"2025-01-19T15:03:14","modified_gmt":"2025-01-19T15:03:14","slug":"bucket-cylinder-for-yanmar-sv100","status":"publish","type":"product","link":"https:\/\/www.hydraulic-cylinders.net\/es\/producto\/bucket-cylinder-for-yanmar-sv100\/","title":{"rendered":"Cilindro de cuchar\u00f3n para Yanmar SV100"},"content":{"rendered":"<h1>Cilindro de cuchar\u00f3n para Yanmar SV100<\/h1>\n<h2>Introducci\u00f3n<\/h2>\n<p>El cilindro de la cuchara para la Yanmar SV100 es un cilindro hidr\u00e1ulico de dise\u00f1o especial que controla el movimiento de la cuchara en maquinaria pesada como excavadoras, retroexcavadoras y cargadoras frontales. Su funci\u00f3n principal es permitir la elevaci\u00f3n, el descenso y la inclinaci\u00f3n de la cuchara, facilitando as\u00ed diversas tareas de manipulaci\u00f3n de materiales. En el sistema hidr\u00e1ulico, el cilindro de la cuchara proporciona un control preciso de la misma mediante variaciones en la presi\u00f3n del aceite hidr\u00e1ulico, lo que permite a los operadores manejar cargas pesadas con eficiencia y adaptarse a entornos de trabajo complejos y a diversas exigencias.<\/p>\n<p><img decoding=\"async\" src=\"https:\/\/www.hydraulic-cylinders.net\/wp-content\/uploads\/2025\/01\/songte-company-2.webp\" alt=\"Imagen del producto\"><\/p>\n<h2>Caracter\u00edsticas<\/h2>\n<ul>\n<li>Alta resistencia y durabilidad: Fabricado generalmente en acero o aluminio de alta resistencia, soporta altas presiones y cargas pesadas, adapt\u00e1ndose a entornos de trabajo exigentes. Su dise\u00f1o contempla la resistencia al desgaste y a la corrosi\u00f3n para prolongar su vida \u00fatil.<\/li>\n<li>Funcionamiento hidr\u00e1ulico eficiente: Gracias a la presi\u00f3n del aceite hidr\u00e1ulico, logra movimientos suaves de extensi\u00f3n y retracci\u00f3n, responde r\u00e1pidamente a las \u00f3rdenes de control, proporciona potentes fuerzas de empuje y tracci\u00f3n, y es adecuado para el manejo de cargas pesadas y tareas complejas.<\/li>\n<li>Variedad de tipos: Disponibles con cilindros de simple efecto (accionamiento hidr\u00e1ulico en un solo sentido) o de doble efecto (accionamiento hidr\u00e1ulico en ambos sentidos) para satisfacer distintas necesidades operativas. Algunos modelos son telesc\u00f3picos, lo que permite una mayor extensi\u00f3n sin aumentar las dimensiones externas, ideales para aplicaciones con espacio limitado.<\/li>\n<li>Reemplazo perfecto: Nuestros productos est\u00e1n dise\u00f1ados para reemplazar perfectamente estos cilindros hidr\u00e1ulicos.<\/li>\n<\/ul>\n<p><img decoding=\"async\" src=\"https:\/\/www.hydraulic-cylinders.net\/wp-content\/uploads\/2025\/01\/songte-cylinder-head-with-all-kinds-excavator-models.webp\" alt=\"Imagen del producto\"><\/p>\n<h2>Aplicaciones<\/h2>\n<p>El cilindro de cuchara para Yanmar SV100 encuentra aplicaciones en diversas industrias y equipos:<\/p>\n<ul>\n<li>Equipos de construcci\u00f3n: Fundamentales para las excavadoras, permiten excavar, cargar y mover tierra o escombros. En las retroexcavadoras, los cilindros del cuchar\u00f3n ayudan tanto en la excavaci\u00f3n como en la elevaci\u00f3n.<\/li>\n<li>Maquinaria agr\u00edcola: Se utiliza en cargadoras frontales para recoger, levantar y transportar tierra, heno y otros materiales.<\/li>\n<li>Excavadoras: Los cilindros del cuchar\u00f3n permiten realizar excavaciones al facilitar la penetraci\u00f3n del cuchar\u00f3n en el suelo.<\/li>\n<li>Cargadoras frontales: En las cargadoras frontales, ayudan a levantar y descargar mercanc\u00edas de manera eficiente.<\/li>\n<\/ul>\n<h2>Consideraciones de dise\u00f1o y criterios de selecci\u00f3n<\/h2>\n<p>En lo que respecta a las consideraciones de dise\u00f1o, se tienen en cuenta varios factores clave:<\/p>\n<ul>\n<li>Capacidad de carga: El cilindro debe ser capaz de soportar la carga y la presi\u00f3n previstas.<\/li>\n<li>Sellado: Se utilizan diversos componentes de sellado, como juntas de pist\u00f3n y juntas de v\u00e1stago, fabricados con materiales resistentes al desgaste como poliuretano y caucho de nitrilo.<\/li>\n<li>Durabilidad: El cilindro est\u00e1 dise\u00f1ado para ser resistente al desgaste, con el cuerpo del cilindro y las superficies de los extremos roscados tratadas finamente para mejorar la resistencia al desgaste.<\/li>\n<li>Seguridad: Se han incorporado caracter\u00edsticas de seguridad en el dise\u00f1o para garantizar un funcionamiento seguro.<\/li>\n<li>Mantenibilidad: Se han tenido en cuenta factores que facilitan el mantenimiento y la reparaci\u00f3n del cilindro.<\/li>\n<\/ul>\n<p><img decoding=\"async\" src=\"https:\/\/www.hydraulic-cylinders.net\/wp-content\/uploads\/2025\/01\/songte-oil-pipes-and-spare-parts.webp\" alt=\"Imagen del producto\"><\/p>\n<h2>Sellado y lubricaci\u00f3n<\/h2>\n<p>El cilindro del cuchar\u00f3n utiliza diversos componentes de sellado, como juntas de pist\u00f3n y de v\u00e1stago, fabricados con materiales resistentes al desgaste como poliuretano y caucho de nitrilo. El cuerpo del cilindro y las superficies roscadas reciben un tratamiento especial para mejorar su resistencia al desgaste. Es necesario lubricar regularmente con la cantidad adecuada de aceite hidr\u00e1ulico para garantizar un funcionamiento \u00f3ptimo.<\/p>\n<h2>Inspecci\u00f3n regular y mantenimiento preventivo<\/h2>\n<p>Para garantizar un rendimiento \u00f3ptimo y una mayor vida \u00fatil, es importante realizar inspecciones peri\u00f3dicas e implementar medidas de mantenimiento preventivo. Algunos puntos clave incluyen:<\/p>\n<ul>\n<li>Inspecci\u00f3n peri\u00f3dica del cilindro para detectar cualquier signo de desgaste o da\u00f1o.<\/li>\n<li>Lubricaci\u00f3n adecuada de todas las piezas m\u00f3viles.<\/li>\n<li>Sustituci\u00f3n peri\u00f3dica de las juntas para mantener su eficacia de sellado.<\/li>\n<li>Comprobaciones de calibraci\u00f3n para garantizar un funcionamiento preciso.<\/li>\n<\/ul>\n<p><img decoding=\"async\" src=\"https:\/\/www.hydraulic-cylinders.net\/wp-content\/uploads\/2025\/01\/songte-chushion-collar.webp\" alt=\"Imagen del producto\"><\/p>\n<h2>Consideraciones de seguridad y factores ambientales<\/h2>\n<p>Al utilizar el cilindro del cuchar\u00f3n, es fundamental adoptar las medidas de seguridad adecuadas para prevenir accidentes y garantizar el bienestar del operador. Es esencial seguir todas las directrices y protocolos de seguridad espec\u00edficos del equipo y del entorno.<\/p>\n<h2>Soluci\u00f3n de problemas y problemas comunes<\/h2>\n<p>En caso de aver\u00edas o problemas, es importante diagnosticarlos y solucionarlos r\u00e1pidamente. Algunos consejos y soluciones comunes para la resoluci\u00f3n de problemas incluyen:<\/p>\n<ul>\n<li>Alineaci\u00f3n correcta del cilindro durante la instalaci\u00f3n.<\/li>\n<li>Revisiones y ajustes peri\u00f3dicos de la presi\u00f3n y el caudal hidr\u00e1ulicos.<\/li>\n<li>Medidas preventivas para minimizar los problemas potenciales.<\/li>\n<\/ul>\n<p><img decoding=\"async\" src=\"https:\/\/www.hydraulic-cylinders.net\/wp-content\/uploads\/2025\/01\/songte-bushings-with-all-kinds-of-excavator-models.webp\" alt=\"Imagen del producto\"><\/p>\n<h2>Conclusi\u00f3n<\/h2>\n<p>Nuestra empresa es un fabricante y distribuidor mayorista l\u00edder de cilindros hidr\u00e1ulicos en los mercados nacionales e internacionales. Con un enfoque en la calidad superior y utilizando instalaciones de fabricaci\u00f3n de vanguardia, nos esforzamos por satisfacer las diversas necesidades de nuestros clientes. Nuestro compromiso con la excelencia, la experiencia t\u00e9cnica, las certificaciones internacionales, los servicios personalizados, los equipos de producci\u00f3n de \u00faltima generaci\u00f3n y el servicio posventa especializado nos distinguen en el sector.<\/p>\n<p><img decoding=\"async\" src=\"https:\/\/www.hydraulic-cylinders.net\/wp-content\/uploads\/2025\/01\/songte-company-3.webp\" alt=\"Imagen de la empresa\"><\/p>\n<p>Autor: lyl<\/p>","protected":false},"excerpt":{"rendered":"<p>Bucket Cylinder For Yanmar SV100 Introduction The bucket cylinder for Yanmar SV100 is a specially designed hydraulic cylinder used to control the movement of the bucket in heavy machinery such as excavators, backhoe loaders, and front-end loaders. Its main function is to enable the lifting, lowering, and tilting of the bucket, making it easier to [&hellip;]<\/p>","protected":false},"featured_media":14789,"comment_status":"open","ping_status":"closed","template":"","meta":{"_et_pb_use_builder":"","_et_pb_old_content":"","_et_gb_content_width":""},"product_brand":[],"product_cat":[1494],"product_tag":[1495,1496],"class_list":{"0":"post-15837","1":"product","2":"type-product","3":"status-publish","4":"has-post-thumbnail","6":"product_cat-bucket-cylinders","7":"product_tag-bucket-cylinders","8":"product_tag-hydraulic-cylinders","10":"first","11":"instock","12":"shipping-taxable","13":"product-type-simple"},"amp_enabled":true,"_links":{"self":[{"href":"https:\/\/www.hydraulic-cylinders.net\/es\/wp-json\/wp\/v2\/product\/15837","targetHints":{"allow":["GET"]}}],"collection":[{"href":"https:\/\/www.hydraulic-cylinders.net\/es\/wp-json\/wp\/v2\/product"}],"about":[{"href":"https:\/\/www.hydraulic-cylinders.net\/es\/wp-json\/wp\/v2\/types\/product"}],"replies":[{"embeddable":true,"href":"https:\/\/www.hydraulic-cylinders.net\/es\/wp-json\/wp\/v2\/comments?post=15837"}],"wp:featuredmedia":[{"embeddable":true,"href":"https:\/\/www.hydraulic-cylinders.net\/es\/wp-json\/wp\/v2\/media\/14789"}],"wp:attachment":[{"href":"https:\/\/www.hydraulic-cylinders.net\/es\/wp-json\/wp\/v2\/media?parent=15837"}],"wp:term":[{"taxonomy":"product_brand","embeddable":true,"href":"https:\/\/www.hydraulic-cylinders.net\/es\/wp-json\/wp\/v2\/product_brand?post=15837"},{"taxonomy":"product_cat","embeddable":true,"href":"https:\/\/www.hydraulic-cylinders.net\/es\/wp-json\/wp\/v2\/product_cat?post=15837"},{"taxonomy":"product_tag","embeddable":true,"href":"https:\/\/www.hydraulic-cylinders.net\/es\/wp-json\/wp\/v2\/product_tag?post=15837"}],"curies":[{"name":"wp","href":"https:\/\/api.w.org\/{rel}","templated":true}]}}