{"id":15840,"date":"2025-01-19T15:03:37","date_gmt":"2025-01-19T15:03:37","guid":{"rendered":"https:\/\/www.hydraulic-cylinders.net\/product\/bucket-cylinder-for-yanmar-vi085\/"},"modified":"2025-01-19T15:03:42","modified_gmt":"2025-01-19T15:03:42","slug":"bucket-cylinder-for-yanmar-vi085","status":"publish","type":"product","link":"https:\/\/www.hydraulic-cylinders.net\/es\/producto\/bucket-cylinder-for-yanmar-vi085\/","title":{"rendered":"Cilindro de cuchar\u00f3n para Yanmar VI085"},"content":{"rendered":"<h2>Cilindro de cuchar\u00f3n para Yanmar VI085<\/h2>\n<p>El cilindro hidr\u00e1ulico para la cuchara del Yanmar VI085 es un cilindro especialmente dise\u00f1ado para controlar el movimiento de la cuchara en maquinaria pesada como excavadoras, retroexcavadoras y cargadoras frontales. Su funci\u00f3n principal es permitir la elevaci\u00f3n, el descenso y la inclinaci\u00f3n de la cuchara, facilitando as\u00ed diversas tareas de manipulaci\u00f3n de materiales. En el sistema hidr\u00e1ulico, el cilindro de la cuchara logra un control preciso de la misma mediante el aprovechamiento de las variaciones de presi\u00f3n del aceite hidr\u00e1ulico, lo que permite a los operadores manejar cargas pesadas con eficiencia y adaptarse a entornos de trabajo complejos y a diversos requisitos operativos.<\/p>\n<p><img decoding=\"async\" src=\"https:\/\/www.hydraulic-cylinders.net\/wp-content\/uploads\/2025\/01\/songte-company-2.webp\" alt=\"Imagen del cilindro del cubo\"><\/p>\n<h3>Caracter\u00edsticas del cilindro de cuchar\u00f3n para Yanmar VI085:<\/h3>\n<ol>\n<li>Alta resistencia y durabilidad: Fabricado generalmente en acero o aluminio de alta resistencia, soporta altas presiones y cargas pesadas, adapt\u00e1ndose a entornos de trabajo exigentes. Su dise\u00f1o considera la resistencia al desgaste y a la corrosi\u00f3n, prolongando as\u00ed su vida \u00fatil.<\/li>\n<li>Funcionamiento hidr\u00e1ulico eficiente: Utilizando la presi\u00f3n del aceite hidr\u00e1ulico, logra una extensi\u00f3n y retracci\u00f3n suaves, una respuesta r\u00e1pida a los comandos de control y proporciona potentes fuerzas de empuje y tracci\u00f3n, adecuadas para el manejo de cargas pesadas y tareas operativas complejas.<\/li>\n<li>Variedad de tipos: Elija entre cilindros de simple efecto (accionamiento hidr\u00e1ulico en un solo sentido) o de doble efecto (accionamiento hidr\u00e1ulico en ambos sentidos) seg\u00fan sus necesidades operativas. Algunos modelos son telesc\u00f3picos, lo que permite una mayor extensi\u00f3n sin aumentar las dimensiones externas, ideales para aplicaciones con espacio limitado.<\/li>\n<li>Reemplazo perfecto: Nuestro producto puede reemplazar perfectamente estos cilindros hidr\u00e1ulicos.<\/li>\n<\/ol>\n<p><img decoding=\"async\" src=\"https:\/\/www.hydraulic-cylinders.net\/wp-content\/uploads\/2025\/01\/songte-cylinder-head-with-all-kinds-excavator-models.webp\" alt=\"Imagen de reemplazo\"><\/p>\n<h3>Aplicaciones del cilindro de cangilones para Yanmar VI085:<\/h3>\n<p>El cilindro de cuchara para Yanmar VI085 encuentra aplicaci\u00f3n en diversas industrias, incluyendo, pero no limit\u00e1ndose a:<\/p>\n<ul>\n<li>Equipos de construcci\u00f3n: Presentes en excavadoras, son cruciales para excavar, cargar y mover tierra o escombros. En las retroexcavadoras, el cilindro del cuchar\u00f3n facilita tanto la excavaci\u00f3n como la elevaci\u00f3n.<\/li>\n<li>Maquinaria agr\u00edcola: Se utiliza en cargadores frontales para recoger, levantar y transportar tierra, heno y otros materiales.<\/li>\n<li>Excavadoras: El cilindro del cuchar\u00f3n permite realizar acciones de excavaci\u00f3n al permitir que el cuchar\u00f3n penetre en el suelo.<\/li>\n<li>Cargadoras frontales: En las cargadoras frontales, ayudan a levantar e inclinar las mercanc\u00edas de forma eficaz.<\/li>\n<\/ul>\n<h3>Consideraciones de dise\u00f1o y criterios de selecci\u00f3n:<\/h3>\n<p>En lo que respecta a las consideraciones de dise\u00f1o, se tienen en cuenta factores clave como la capacidad de carga, el sellado, la durabilidad, la seguridad y la facilidad de mantenimiento:<\/p>\n<p><img decoding=\"async\" src=\"https:\/\/www.hydraulic-cylinders.net\/wp-content\/uploads\/2025\/01\/songte-oil-pipes-and-spare-parts.webp\" alt=\"Consideraciones de dise\u00f1o Imagen\"><\/p>\n<h3>Sellado y lubricaci\u00f3n:<\/h3>\n<p>El cilindro del cuchar\u00f3n utiliza diversos elementos de sellado, como juntas de pist\u00f3n y de v\u00e1stago, fabricados con materiales resistentes al desgaste como poliuretano y caucho de nitrilo. El cuerpo del cilindro y la superficie roscada reciben un tratamiento especial para mejorar su resistencia al desgaste. Es necesario lubricarlo peri\u00f3dicamente con la cantidad adecuada de aceite hidr\u00e1ulico.<\/p>\n<h3>Inspecci\u00f3n peri\u00f3dica y medidas de mantenimiento preventivo:<\/h3>\n<ul>\n<li>Inspeccione el cilindro para detectar cualquier signo de da\u00f1o o fugas.<\/li>\n<li>Aseg\u00farese de que todas las partes m\u00f3viles est\u00e9n lubricadas adecuadamente.<\/li>\n<li>Reemplace peri\u00f3dicamente las juntas y empaquetaduras desgastadas.<\/li>\n<li>Realice comprobaciones de calibraci\u00f3n para mantener un rendimiento \u00f3ptimo.<\/li>\n<\/ul>\n<h3>Pautas de instalaci\u00f3n adecuadas:<\/h3>\n<p>Siga estos pasos para una correcta instalaci\u00f3n:<\/p>\n<ol>\n<li>Alinee correctamente el cilindro durante la instalaci\u00f3n.<\/li>\n<li>Utilice soportes de instalaci\u00f3n adecuados para asegurar el cilindro.<\/li>\n<\/ol>\n<p><img decoding=\"async\" src=\"https:\/\/www.hydraulic-cylinders.net\/wp-content\/uploads\/2025\/01\/songte-chushion-collar.webp\" alt=\"Imagen de instalaci\u00f3n\"><\/p>\n<h3>Tareas de mantenimiento:<\/h3>\n<p>Las tareas de mantenimiento habituales incluyen inspecciones peri\u00f3dicas, lubricaci\u00f3n adecuada, sustituci\u00f3n de juntas y comprobaciones de calibraci\u00f3n. La correcta instalaci\u00f3n, lubricaci\u00f3n y ajuste son cruciales. Proporcione orientaci\u00f3n sobre c\u00f3mo alinear correctamente el cilindro durante la instalaci\u00f3n. Recomiende el uso de soportes de instalaci\u00f3n adecuados para fijar el cilindro. Sugiera procedimientos de inspecci\u00f3n, reparaci\u00f3n y sustituci\u00f3n, as\u00ed como consejos para prolongar la vida \u00fatil del cilindro del cuchar\u00f3n.<\/p>\n<p><img decoding=\"async\" src=\"https:\/\/www.hydraulic-cylinders.net\/wp-content\/uploads\/2025\/01\/songte-bushings-with-all-kinds-of-excavator-models.webp\" alt=\"Imagen de tareas de mantenimiento\"><\/p>\n<h3>Consideraciones sobre la seguridad del producto y factores ambientales:<\/h3>\n<p>Haga hincapi\u00e9 en la importancia de las medidas de seguridad al trabajar con el cilindro del cuchar\u00f3n, considerando factores como la capacidad de carga, las pr\u00e1cticas operativas seguras y el cumplimiento de las normas y reglamentos de seguridad. Aborde las consideraciones ambientales, incluyendo la correcta eliminaci\u00f3n del aceite hidr\u00e1ulico y el cumplimiento de la normativa ambiental.<\/p>\n<h3>Diagn\u00f3stico de fallas y problemas comunes:<\/h3>\n<p>Analizar el diagn\u00f3stico de fallas y los problemas comunes relacionados con el cilindro del cuchar\u00f3n, brindando consejos y soluciones para ayudar a los lectores a diagnosticar y resolver problemas de manera efectiva. Ofrecer medidas preventivas para minimizar posibles problemas.<\/p>\n<p><img decoding=\"async\" src=\"https:\/\/www.hydraulic-cylinders.net\/wp-content\/uploads\/2025\/01\/songte-company-1.webp\" alt=\"Imagen de diagn\u00f3stico de fallas\"><\/p>\n<p>Recuerda organizar el art\u00edculo de forma l\u00f3gica, usar subt\u00edtulos para facilitar la navegaci\u00f3n, incorporar im\u00e1genes o gr\u00e1ficos relevantes para mejorar la comprensi\u00f3n y asegurarte de que el contenido sea claro, conciso y adecuado para lectores con distintos niveles de conocimientos t\u00e9cnicos. Por \u00faltimo, destaca nuestra empresa:<\/p>\n<p><img decoding=\"async\" src=\"https:\/\/www.hydraulic-cylinders.net\/wp-content\/uploads\/2025\/01\/songte-company-3.webp\" alt=\"Imagen de la empresa\"><\/p>\n<p>Somos fabricantes de cilindros hidr\u00e1ulicos de repuesto y ofrecemos una amplia gama de productos. Nos hemos consolidado como uno de los principales fabricantes y distribuidores mayoristas de cilindros hidr\u00e1ulicos en los mercados nacionales e internacionales. Priorizamos la excelencia en la calidad y nos basamos en estrategias de gesti\u00f3n de producci\u00f3n industrializadas en nuestros modernos talleres de fabricaci\u00f3n. Gracias a nuestro enfoque en el talento tecnol\u00f3gico, equipos de fabricaci\u00f3n digital de vanguardia y sistemas de prueba profesionales, mejoramos continuamente nuestra plataforma de fabricaci\u00f3n y nuestra l\u00ednea de producci\u00f3n, lo que nos permite satisfacer las diversas necesidades de nuestros clientes con alta eficiencia, precisi\u00f3n y calidad.<\/p>\n<p>Ampliar la presentaci\u00f3n de nuestra empresa bas\u00e1ndonos en la profesionalidad, las certificaciones internacionales, los servicios personalizados, los equipos de producci\u00f3n y los servicios postventa.<\/p>\n<p>Autor: lyl<\/p>","protected":false},"excerpt":{"rendered":"<p>Bucket Cylinder For Yanmar VI085 The Bucket Cylinder for Yanmar VI085 is a specially designed hydraulic cylinder used for controlling the movement of the bucket in heavy machinery such as excavators, backhoe loaders, and front loaders. Its main function is to enable the lifting, lowering, and tilting of the bucket, making it easier to handle [&hellip;]<\/p>","protected":false},"featured_media":14785,"comment_status":"open","ping_status":"closed","template":"","meta":{"_et_pb_use_builder":"","_et_pb_old_content":"","_et_gb_content_width":""},"product_brand":[],"product_cat":[1494],"product_tag":[1495,1496],"class_list":{"0":"post-15840","1":"product","2":"type-product","3":"status-publish","4":"has-post-thumbnail","6":"product_cat-bucket-cylinders","7":"product_tag-bucket-cylinders","8":"product_tag-hydraulic-cylinders","10":"first","11":"instock","12":"shipping-taxable","13":"product-type-simple"},"amp_enabled":true,"_links":{"self":[{"href":"https:\/\/www.hydraulic-cylinders.net\/es\/wp-json\/wp\/v2\/product\/15840","targetHints":{"allow":["GET"]}}],"collection":[{"href":"https:\/\/www.hydraulic-cylinders.net\/es\/wp-json\/wp\/v2\/product"}],"about":[{"href":"https:\/\/www.hydraulic-cylinders.net\/es\/wp-json\/wp\/v2\/types\/product"}],"replies":[{"embeddable":true,"href":"https:\/\/www.hydraulic-cylinders.net\/es\/wp-json\/wp\/v2\/comments?post=15840"}],"wp:featuredmedia":[{"embeddable":true,"href":"https:\/\/www.hydraulic-cylinders.net\/es\/wp-json\/wp\/v2\/media\/14785"}],"wp:attachment":[{"href":"https:\/\/www.hydraulic-cylinders.net\/es\/wp-json\/wp\/v2\/media?parent=15840"}],"wp:term":[{"taxonomy":"product_brand","embeddable":true,"href":"https:\/\/www.hydraulic-cylinders.net\/es\/wp-json\/wp\/v2\/product_brand?post=15840"},{"taxonomy":"product_cat","embeddable":true,"href":"https:\/\/www.hydraulic-cylinders.net\/es\/wp-json\/wp\/v2\/product_cat?post=15840"},{"taxonomy":"product_tag","embeddable":true,"href":"https:\/\/www.hydraulic-cylinders.net\/es\/wp-json\/wp\/v2\/product_tag?post=15840"}],"curies":[{"name":"wp","href":"https:\/\/api.w.org\/{rel}","templated":true}]}}