{"id":15852,"date":"2025-01-19T15:04:34","date_gmt":"2025-01-19T15:04:34","guid":{"rendered":"https:\/\/www.hydraulic-cylinders.net\/product\/bucket-cylinder-for-yuchai-yc08-8\/"},"modified":"2025-01-19T15:04:36","modified_gmt":"2025-01-19T15:04:36","slug":"bucket-cylinder-for-yuchai-yc08-8","status":"publish","type":"product","link":"https:\/\/www.hydraulic-cylinders.net\/es\/producto\/bucket-cylinder-for-yuchai-yc08-8\/","title":{"rendered":"Cilindro de cuchar\u00f3n para Yuchai YC08-8"},"content":{"rendered":"<h1>Cilindro de cuchar\u00f3n para Yuchai YC08-8<\/h1>\n<h2>Introducci\u00f3n<\/h2>\n<p>El cilindro hidr\u00e1ulico para la cuchara Yuchai YC08-8 es un cilindro especialmente dise\u00f1ado para controlar el movimiento de las palas en maquinaria pesada, como excavadoras, retroexcavadoras y cargadoras frontales. Su funci\u00f3n principal es permitir la elevaci\u00f3n, el descenso y la inclinaci\u00f3n de la cuchara, facilitando as\u00ed diversas tareas de manipulaci\u00f3n de materiales. En el sistema hidr\u00e1ulico, el cilindro controla el movimiento preciso de la cuchara mediante la variaci\u00f3n de la presi\u00f3n del aceite hidr\u00e1ulico, lo que permite al operador manipular objetos pesados \u200b\u200bcon eficiencia y adaptarse a entornos de trabajo complejos y a diversas exigencias.<\/p>\n<p><img decoding=\"async\" src=\"https:\/\/www.hydraulic-cylinders.net\/wp-content\/uploads\/2025\/01\/songte-company-2.webp\"><\/p>\n<h2>Caracter\u00edsticas<\/h2>\n<ul>\n<li>Alta resistencia y durabilidad: Generalmente fabricado con acero o aluminio de alta resistencia, puede soportar altas presiones y cargas pesadas, se adapta a entornos de trabajo dif\u00edciles y est\u00e1 dise\u00f1ado con resistencia al desgaste y a la corrosi\u00f3n para prolongar su vida \u00fatil.<\/li>\n<li>Funcionamiento hidr\u00e1ulico eficiente: Los movimientos suaves de expansi\u00f3n y contracci\u00f3n se logran mediante la presi\u00f3n del aceite hidr\u00e1ulico, lo que permite una respuesta r\u00e1pida a los comandos de control, proporciona potentes fuerzas de empuje y tracci\u00f3n, y es adecuado para el manejo de objetos pesados \u200b\u200by operaciones complejas.<\/li>\n<li>Existen varios tipos: se pueden seleccionar cilindros de simple efecto (hidr\u00e1ulico utilizado solo en una direcci\u00f3n) o de doble efecto (hidr\u00e1ulico utilizado en ambas direcciones) seg\u00fan las necesidades para satisfacer diferentes requisitos de funcionamiento, y algunos modelos son telesc\u00f3picos, lo que permite una mayor extensi\u00f3n sin aumentar las dimensiones externas, adecuados para aplicaciones en espacios reducidos.<\/li>\n<li>Personalizables: Nuestros productos pueden sustituir perfectamente estos cilindros hidr\u00e1ulicos.<\/li>\n<\/ul>\n<p><img decoding=\"async\" src=\"https:\/\/www.hydraulic-cylinders.net\/wp-content\/uploads\/2025\/01\/songte-cylinder-head-with-all-kinds-excavator-models.webp\"><\/p>\n<h2>Aplicaciones<\/h2>\n<p>Los cilindros de cangilones se utilizan ampliamente en diversas industrias, entre ellas:<\/p>\n<ul>\n<li>Equipos de construcci\u00f3n: En las excavadoras, son fundamentales para excavar, cargar y mover tierra o escombros. En las retroexcavadoras, el cilindro del cuchar\u00f3n facilita la excavaci\u00f3n y la elevaci\u00f3n. <\/li>\n<li>Maquinaria agr\u00edcola: Se utiliza para cargadores frontales, para recoger, levantar y transportar tierra, heno y otros materiales. <\/li>\n<li>Excavadoras: El cilindro del cuchar\u00f3n permite que este penetre en el suelo para excavar. <\/li>\n<li>Cargadores: En los cargadores frontales, ayudan a levantar e inclinar las cargas de manera eficaz. <\/li>\n<\/ul>\n<h2>Consideraciones de dise\u00f1o y criterios de selecci\u00f3n<\/h2>\n<ul>\n<li>Capacidad de carga: El cilindro debe ser capaz de soportar el peso de la carga y la presi\u00f3n del fluido hidr\u00e1ulico sin fallar. <\/li>\n<li>Sellado: Se utilizan diversos sellos, como sellos de pist\u00f3n y sellos de v\u00e1stago, para evitar fugas de fluido hidr\u00e1ulico.<\/li>\n<li>Durabilidad: El cilindro debe estar fabricado con materiales de alta resistencia que puedan resistir el desgaste y la corrosi\u00f3n.<\/li>\n<li>Seguridad: El cilindro debe estar dise\u00f1ado con elementos de seguridad para prevenir accidentes.<\/li>\n<li>Mantenibilidad: El cilindro debe ser f\u00e1cil de mantener y reparar para garantizar su larga vida \u00fatil.<\/li>\n<\/ul>\n<p><img decoding=\"async\" src=\"https:\/\/www.hydraulic-cylinders.net\/wp-content\/uploads\/2025\/01\/songte-oil-pipes-and-spare-parts.webp\"><\/p>\n<h2>Sellado y lubricaci\u00f3n<\/h2>\n<p>En los cilindros de los cucharones se utilizan diversos sellos fabricados con materiales resistentes al desgaste, como poliuretano y caucho de nitrilo, para evitar fugas de fluido hidr\u00e1ulico. El cuerpo del cilindro y la superficie del extremo de la rosca reciben un tratamiento especial para mejorar su resistencia al desgaste. Es necesario lubricar peri\u00f3dicamente con la cantidad adecuada de aceite hidr\u00e1ulico para garantizar el correcto funcionamiento del cilindro.<\/p>\n<h2>Mantenimiento y reparaci\u00f3n<\/h2>\n<p>La inspecci\u00f3n peri\u00f3dica, la lubricaci\u00f3n adecuada, la sustituci\u00f3n de juntas y las comprobaciones de calibraci\u00f3n son tareas de mantenimiento habituales. Una correcta instalaci\u00f3n, lubricaci\u00f3n y ajuste son esenciales para prolongar la vida \u00fatil del cilindro. Se proporcionan instrucciones para una correcta alineaci\u00f3n durante la instalaci\u00f3n y se recomiendan soportes adecuados para fijar el cilindro. Se facilitan los procedimientos recomendados de inspecci\u00f3n, reparaci\u00f3n y sustituci\u00f3n, y se ofrecen servicios de reacondicionamiento para mejorar la vida \u00fatil del cilindro.<\/p>\n<p><img decoding=\"async\" src=\"https:\/\/www.hydraulic-cylinders.net\/wp-content\/uploads\/2025\/01\/songte-chushion-collar.webp\"><\/p>\n<h2>Consideraciones de seguridad y medio ambiente<\/h2>\n<p>Al utilizar cilindros de cuchar\u00f3n, las medidas de seguridad son fundamentales para prevenir accidentes. Es necesario tener en cuenta el entorno al elegir el tipo y el material del cilindro adecuado.<\/p>\n<h2>Soluci\u00f3n de problemas y problemas comunes<\/h2>\n<p>Entre los problemas m\u00e1s comunes de los cilindros de los cucharones se incluyen fugas, desplazamiento del cilindro y fuerza insuficiente. Se ofrecen consejos y soluciones para diagnosticar y resolver problemas, as\u00ed como medidas preventivas para minimizar posibles inconvenientes.<\/p>\n<p><img decoding=\"async\" src=\"https:\/\/www.hydraulic-cylinders.net\/wp-content\/uploads\/2025\/01\/songte-bushings-with-all-kinds-of-excavator-models.webp\"><\/p>\n<h2>Sobre nosotros<\/h2>\n<p>Somos fabricantes de cilindros hidr\u00e1ulicos compatibles con piezas originales. Ofrecemos una gama completa de productos y nos hemos consolidado como uno de los principales fabricantes y distribuidores mayoristas de cilindros hidr\u00e1ulicos en los mercados nacionales e internacionales. Nos regimos por el principio de la excelencia en la calidad y nos apoyamos en estrategias de gesti\u00f3n de producci\u00f3n industrializadas en talleres de fabricaci\u00f3n de \u00faltima generaci\u00f3n. Mejoramos continuamente nuestras instalaciones de producci\u00f3n mediante la incorporaci\u00f3n de personal t\u00e9cnico altamente cualificado, equipos de fabricaci\u00f3n digitales de vanguardia y sistemas de pruebas profesionales, lo que nos permite optimizar la calidad de nuestros productos y contar con una gran capacidad de innovaci\u00f3n para satisfacer las diversas necesidades de nuestros clientes con alta eficiencia, precisi\u00f3n y calidad.<\/p>\n<p><img decoding=\"async\" src=\"https:\/\/hzpt.com\/wp-content\/uploads\/2024\/11\/songte-company-1.webp\"><\/p>\n<h3>Profesionalismo<\/h3>\n<p>Contamos con un equipo profesional y una l\u00ednea de producci\u00f3n completa, desde el dise\u00f1o hasta la producci\u00f3n, las pruebas y el control de calidad, para garantizar el m\u00e1s alto nivel de profesionalismo en el proceso de fabricaci\u00f3n.<\/p>\n<h3>Certificaci\u00f3n Internacional<\/h3>\n<p>Nuestros productos han superado diversas certificaciones internacionales, como ISO, CE y RoHS, para garantizar la calidad y seguridad de nuestros productos.<\/p>\n<h3>Servicios de personalizaci\u00f3n<\/h3>\n<p>Ofrecemos servicios personalizables para satisfacer los requisitos espec\u00edficos de los clientes en cuanto a especificaciones del producto, dimensiones y materiales, y brindamos asesoramiento profesional a los clientes durante todo el proceso.<\/p>\n<h3>Equipos de fabricaci\u00f3n<\/h3>\n<p>Utilizamos equipos de fabricaci\u00f3n avanzados para garantizar la calidad y precisi\u00f3n de nuestros productos, incluyendo tornos CNC, rectificadoras de superficies y equipos de galvanoplastia.<\/p>\n<h3>Servicio posventa<\/h3>\n<p>Ofrecemos un excelente servicio postventa para garantizar la satisfacci\u00f3n del cliente, que incluye asesoramiento sobre la instalaci\u00f3n, soporte t\u00e9cnico y servicios de sustituci\u00f3n y reparaci\u00f3n.<\/p>\n<h4>Autor: lyl.<\/h4>","protected":false},"excerpt":{"rendered":"<p>Bucket Cylinder For Yuchai YC08-8 Introduction The bucket cylinder for Yuchai YC08-8 is a specially designed hydraulic cylinder mainly used to control the movement of shovels in heavy machinery, such as excavators, backhoe excavators, and front loaders. Its main function is to make the bucket lift, lower and tilt, making it easier to handle various [&hellip;]<\/p>","protected":false},"featured_media":14789,"comment_status":"open","ping_status":"closed","template":"","meta":{"_et_pb_use_builder":"","_et_pb_old_content":"","_et_gb_content_width":""},"product_brand":[],"product_cat":[1494],"product_tag":[1495,1496],"class_list":{"0":"post-15852","1":"product","2":"type-product","3":"status-publish","4":"has-post-thumbnail","6":"product_cat-bucket-cylinders","7":"product_tag-bucket-cylinders","8":"product_tag-hydraulic-cylinders","10":"first","11":"instock","12":"shipping-taxable","13":"product-type-simple"},"amp_enabled":true,"_links":{"self":[{"href":"https:\/\/www.hydraulic-cylinders.net\/es\/wp-json\/wp\/v2\/product\/15852","targetHints":{"allow":["GET"]}}],"collection":[{"href":"https:\/\/www.hydraulic-cylinders.net\/es\/wp-json\/wp\/v2\/product"}],"about":[{"href":"https:\/\/www.hydraulic-cylinders.net\/es\/wp-json\/wp\/v2\/types\/product"}],"replies":[{"embeddable":true,"href":"https:\/\/www.hydraulic-cylinders.net\/es\/wp-json\/wp\/v2\/comments?post=15852"}],"wp:featuredmedia":[{"embeddable":true,"href":"https:\/\/www.hydraulic-cylinders.net\/es\/wp-json\/wp\/v2\/media\/14789"}],"wp:attachment":[{"href":"https:\/\/www.hydraulic-cylinders.net\/es\/wp-json\/wp\/v2\/media?parent=15852"}],"wp:term":[{"taxonomy":"product_brand","embeddable":true,"href":"https:\/\/www.hydraulic-cylinders.net\/es\/wp-json\/wp\/v2\/product_brand?post=15852"},{"taxonomy":"product_cat","embeddable":true,"href":"https:\/\/www.hydraulic-cylinders.net\/es\/wp-json\/wp\/v2\/product_cat?post=15852"},{"taxonomy":"product_tag","embeddable":true,"href":"https:\/\/www.hydraulic-cylinders.net\/es\/wp-json\/wp\/v2\/product_tag?post=15852"}],"curies":[{"name":"wp","href":"https:\/\/api.w.org\/{rel}","templated":true}]}}