{"id":15853,"date":"2025-01-19T15:04:38","date_gmt":"2025-01-19T15:04:38","guid":{"rendered":"https:\/\/www.hydraulic-cylinders.net\/product\/bucket-cylinder-for-yuchai-yc18sr\/"},"modified":"2025-01-19T15:04:43","modified_gmt":"2025-01-19T15:04:43","slug":"bucket-cylinder-for-yuchai-yc18sr","status":"publish","type":"product","link":"https:\/\/www.hydraulic-cylinders.net\/es\/producto\/bucket-cylinder-for-yuchai-yc18sr\/","title":{"rendered":"Cilindro de cuchar\u00f3n para Yuchai YC18SR"},"content":{"rendered":"<h2>Cilindro de cuchar\u00f3n para Yuchai YC18SR<\/h2>\n<h3>Introducci\u00f3n<\/h3>\n<p>El cilindro de la cuchara es un cilindro hidr\u00e1ulico especialmente dise\u00f1ado que se utiliza principalmente para controlar el movimiento de la cuchara en maquinaria pesada como excavadoras, retroexcavadoras y cargadoras frontales. Su funci\u00f3n principal es permitir que la cuchara se eleve, descienda e incline, facilitando as\u00ed la realizaci\u00f3n de diversas tareas de manipulaci\u00f3n de materiales. En el sistema hidr\u00e1ulico, el cilindro de la cuchara logra un control preciso de la cuchara mediante la variaci\u00f3n de la presi\u00f3n del aceite hidr\u00e1ulico, lo que permite a los operadores manipular materiales pesados \u200b\u200bcon eficiencia, adaptarse a entornos de trabajo complejos y a diversos requisitos operativos.<\/p>\n<p><img decoding=\"async\" src=\"https:\/\/www.hydraulic-cylinders.net\/wp-content\/uploads\/2025\/01\/songte-company-2.webp\" \/><\/p>\n<h3>Caracter\u00edsticas<\/h3>\n<ul>\n<li><strong>Alta resistencia y durabilidad:<\/strong> Generalmente fabricado con acero o aluminio de alta resistencia, puede soportar altas presiones y cargas pesadas, se adapta a entornos de trabajo exigentes y est\u00e1 dise\u00f1ado teniendo en cuenta la resistencia al desgaste y a la corrosi\u00f3n, prolongando as\u00ed su vida \u00fatil.<\/li>\n<li><strong>Operaci\u00f3n hidr\u00e1ulica eficiente:<\/strong> Utiliza la presi\u00f3n del aceite hidr\u00e1ulico para lograr movimientos suaves de extensi\u00f3n y retracci\u00f3n, puede responder r\u00e1pidamente a los comandos de control, proporciona potentes fuerzas de empuje y tracci\u00f3n, y es adecuado para el manejo de materiales pesados \u200b\u200by tareas operativas complejas.<\/li>\n<li><strong>Diversos tipos:<\/strong> Se pueden seleccionar cilindros de simple efecto (hidr\u00e1ulicos solo en una direcci\u00f3n) o de doble efecto (hidr\u00e1ulicos en ambas direcciones) seg\u00fan los requisitos operativos, y algunos modelos son telesc\u00f3picos, lo que permite una mayor extensi\u00f3n sin aumentar las dimensiones externas, haci\u00e9ndolos adecuados para aplicaciones con espacio limitado.<\/li>\n<li><strong>Compatibilidad:<\/strong> Nuestro producto puede sustituir perfectamente a estos cilindros hidr\u00e1ulicos, y podemos fabricarlo.<\/li>\n<\/ul>\n<p><img decoding=\"async\" src=\"https:\/\/www.hydraulic-cylinders.net\/wp-content\/uploads\/2025\/01\/songte-cylinder-head-with-all-kinds-excavator-models.webp\" \/><\/p>\n<h3>Aplicaciones<\/h3>\n<p>Los cilindros de cangilones se utilizan ampliamente en diversas industrias, entre ellas:<\/p>\n<ul>\n<li><strong>Equipos de construcci\u00f3n:<\/strong> En las excavadoras, son fundamentales para excavar, cargar y mover tierra o escombros. En las retroexcavadoras, el cilindro del cuchar\u00f3n ayuda tanto en la excavaci\u00f3n como en la elevaci\u00f3n. <\/li>\n<li><strong>Maquinaria agr\u00edcola:<\/strong> Se utiliza en cargadores frontales para recoger, levantar y transportar tierra, heno y otros materiales. <\/li>\n<li><strong>Excavadoras:<\/strong> El cilindro del cuchar\u00f3n consigue la acci\u00f3n de excavaci\u00f3n permitiendo que el cuchar\u00f3n penetre en el suelo. <\/li>\n<li><strong>Cargadores:<\/strong> En las cargadoras frontales, ayudan a levantar e inclinar las mercanc\u00edas de forma eficiente. <\/li>\n<\/ul>\n<h3>Criterios de dise\u00f1o y selecci\u00f3n<\/h3>\n<p>Al dise\u00f1ar cilindros de cangilones, se deben tener en cuenta varias consideraciones, tales como:<\/p>\n<ul>\n<li><strong>Capacidad de carga:<\/strong> El cilindro debe ser capaz de soportar el peso del material que se levanta sin deformarse ni romperse.<\/li>\n<li><strong>Caza de focas:<\/strong> Se deben utilizar diversos componentes de sellado, como juntas de pist\u00f3n y juntas de v\u00e1stago, para evitar fugas y mantener la presi\u00f3n.<\/li>\n<li><strong>Durabilidad:<\/strong> El material del cilindro debe ser resistente al desgaste, la corrosi\u00f3n y la fatiga, y la superficie debe someterse a un tratamiento fino para aumentar su resistencia al desgaste.<\/li>\n<li><strong>Seguridad:<\/strong> El cilindro debe dise\u00f1arse para prevenir accidentes como fugas, sobrecargas y fallas repentinas.<\/li>\n<li><strong>Mantenimiento:<\/strong> El cilindro debe ser f\u00e1cil de desmontar y reparar, y las piezas de repuesto adecuadas deben estar f\u00e1cilmente disponibles.<\/li>\n<\/ul>\n<p><img decoding=\"async\" src=\"https:\/\/www.hydraulic-cylinders.net\/wp-content\/uploads\/2025\/01\/songte-oil-pipes-and-spare-parts.webp\" \/><\/p>\n<h3>Sellado y lubricaci\u00f3n<\/h3>\n<p>Los cilindros de los cucharones utilizan diversos componentes de sellado, como juntas de pist\u00f3n y de v\u00e1stago, fabricados con materiales resistentes al desgaste como poliuretano y caucho de nitrilo. El cuerpo del cilindro y las superficies de los extremos de la rosca reciben un tratamiento de precisi\u00f3n para aumentar su resistencia al desgaste. Es necesaria una lubricaci\u00f3n peri\u00f3dica con aceite hidr\u00e1ulico para garantizar un funcionamiento suave y reducir el desgaste.<\/p>\n<h3>Mantenimiento y reparaci\u00f3n<\/h3>\n<p>Se deben realizar inspecciones peri\u00f3dicas y medidas de mantenimiento preventivo para garantizar la durabilidad y el funcionamiento fiable de los cilindros del cuchar\u00f3n. Las tareas de mantenimiento comunes incluyen:<\/p>\n<ul>\n<li><strong>Inspecci\u00f3n regular:<\/strong> Compruebe si hay fugas, conexiones sueltas y signos de desgaste.<\/li>\n<li><strong>Lubricaci\u00f3n:<\/strong> Mantenga el cilindro bien lubricado con aceite hidr\u00e1ulico seg\u00fan las recomendaciones del fabricante.<\/li>\n<li><strong>Reemplazo del sello:<\/strong> Reemplace las juntas desgastadas o da\u00f1adas lo antes posible para evitar fugas y p\u00e9rdida de presi\u00f3n.<\/li>\n<li><strong>Comprobaci\u00f3n de alineaci\u00f3n:<\/strong> Alinee correctamente el cilindro durante la instalaci\u00f3n para evitar da\u00f1os y garantizar un funcionamiento sin problemas.<\/li>\n<li><strong>Reparaci\u00f3n y reemplazo:<\/strong> Siga los procedimientos recomendados para reparar o reemplazar los componentes da\u00f1ados y considere los servicios de reconstrucci\u00f3n para prolongar la vida \u00fatil del cilindro.<\/li>\n<\/ul>\n<p><img decoding=\"async\" src=\"https:\/\/www.hydraulic-cylinders.net\/wp-content\/uploads\/2025\/01\/songte-chushion-collar.webp\" \/><\/p>\n<h3>Consideraciones de seguridad y medio ambiente<\/h3>\n<p>Al utilizar cilindros hidr\u00e1ulicos para cucharones, deben tomarse medidas de seguridad para prevenir accidentes como sobrecargas, fallas repentinas y fugas. La correcta eliminaci\u00f3n de cilindros y aceite hidr\u00e1ulico usados \u200b\u200bo da\u00f1ados es esencial para prevenir la contaminaci\u00f3n y los da\u00f1os ambientales.<\/p>\n<h3>Diagn\u00f3stico y soluci\u00f3n de problemas<\/h3>\n<p>Entre los problemas m\u00e1s comunes de los cilindros de los cucharones se incluyen fugas, presi\u00f3n insuficiente y ruidos anormales. Es fundamental diagnosticar y solucionar los problemas r\u00e1pidamente, comprobando si hay conexiones sueltas, juntas da\u00f1adas y otras posibles causas. La inspecci\u00f3n y el mantenimiento peri\u00f3dicos ayudan a prevenir muchos problemas.<\/p>\n<p><img decoding=\"async\" src=\"https:\/\/www.hydraulic-cylinders.net\/wp-content\/uploads\/2025\/01\/songte-bushings-with-all-kinds-of-excavator-models.webp\" \/><\/p>\n<h2>Nuestra empresa<\/h2>\n<p>Somos fabricantes de cilindros hidr\u00e1ulicos de repuesto con una amplia gama de productos. Nos destacamos como uno de los principales fabricantes y distribuidores mayoristas de cilindros hidr\u00e1ulicos en los mercados nacionales e internacionales. Nos comprometemos con la excelencia en la calidad y aplicamos estrategias de gesti\u00f3n de producci\u00f3n industrial en talleres de fabricaci\u00f3n de alta precisi\u00f3n. La empresa mejora continuamente su plataforma de fabricaci\u00f3n mediante la incorporaci\u00f3n de personal t\u00e9cnico altamente cualificado, equipos de fabricaci\u00f3n digitales de \u00faltima generaci\u00f3n y sistemas de prueba profesionales, optimizando as\u00ed la calidad de la l\u00ednea de producci\u00f3n y perfeccionando el proceso productivo. Contamos con una s\u00f3lida capacidad creativa y nos regimos por los principios de alta eficiencia, alta precisi\u00f3n y alta calidad para satisfacer las diversas necesidades de nuestros clientes.<\/p>\n<p><img decoding=\"async\" src=\"https:\/\/hzpt.com\/wp-content\/uploads\/2024\/11\/songte-company-1.webp\" \/><\/p>\n<h3>Profesionalismo<\/h3>\n<p>Nuestro equipo est\u00e1 formado por profesionales altamente cualificados con amplia experiencia en el dise\u00f1o y la fabricaci\u00f3n de cilindros hidr\u00e1ulicos. Utilizamos procesos de dise\u00f1o y fabricaci\u00f3n avanzados para garantizar que nuestros productos cumplan con los m\u00e1s altos est\u00e1ndares del sector.<\/p>\n<h3>Certificaci\u00f3n Internacional<\/h3>\n<p>Nuestros productos cuentan con la certificaci\u00f3n de organismos internacionales de normalizaci\u00f3n, como ISO 9001 y CE. Esto demuestra nuestro compromiso con la calidad y nuestra capacidad para ofrecer productos que satisfagan las necesidades m\u00e1s exigentes de nuestros clientes.<\/p>\n<h3>Servicios de personalizaci\u00f3n<\/h3>\n<p>Ofrecemos servicios de personalizaci\u00f3n para satisfacer las necesidades espec\u00edficas de nuestros clientes. Nuestro equipo de expertos puede colaborar con los clientes para dise\u00f1ar y fabricar cilindros hidr\u00e1ulicos a medida que cumplan con sus requisitos \u00fanicos.<\/p>\n<h3>Equipos de producci\u00f3n<\/h3>\n<p>Utilizamos equipos de fabricaci\u00f3n de \u00faltima generaci\u00f3n para garantizar la m\u00e1xima calidad de nuestros productos. Nuestro equipo de producci\u00f3n incluye centros de mecanizado CNC, equipos de prueba hidr\u00e1ulicos y otra maquinaria de alta tecnolog\u00eda.<\/p>\n<h3>Servicio posventa<\/h3>\n<p>Ofrecemos un excelente servicio posventa para garantizar la satisfacci\u00f3n de nuestros clientes con sus compras. Nuestro equipo de expertos est\u00e1 disponible para responder cualquier pregunta y brindar asistencia durante todo el ciclo de vida del producto.<\/p>\n<h4>Autor: lyl<\/h4>","protected":false},"excerpt":{"rendered":"<p>Bucket Cylinder for Yuchai YC18SR Introduction A bucket cylinder is a specially designed hydraulic cylinder that is primarily used to control the movement of the bucket in heavy machinery such as excavators, backhoe excavators, and front loaders. Its main function is to allow the bucket to lift, lower, and tilt, making it easier to carry [&hellip;]<\/p>","protected":false},"featured_media":14788,"comment_status":"open","ping_status":"closed","template":"","meta":{"_et_pb_use_builder":"","_et_pb_old_content":"","_et_gb_content_width":""},"product_brand":[],"product_cat":[1494],"product_tag":[1495,1496],"class_list":{"0":"post-15853","1":"product","2":"type-product","3":"status-publish","4":"has-post-thumbnail","6":"product_cat-bucket-cylinders","7":"product_tag-bucket-cylinders","8":"product_tag-hydraulic-cylinders","10":"first","11":"instock","12":"shipping-taxable","13":"product-type-simple"},"amp_enabled":true,"_links":{"self":[{"href":"https:\/\/www.hydraulic-cylinders.net\/es\/wp-json\/wp\/v2\/product\/15853","targetHints":{"allow":["GET"]}}],"collection":[{"href":"https:\/\/www.hydraulic-cylinders.net\/es\/wp-json\/wp\/v2\/product"}],"about":[{"href":"https:\/\/www.hydraulic-cylinders.net\/es\/wp-json\/wp\/v2\/types\/product"}],"replies":[{"embeddable":true,"href":"https:\/\/www.hydraulic-cylinders.net\/es\/wp-json\/wp\/v2\/comments?post=15853"}],"wp:featuredmedia":[{"embeddable":true,"href":"https:\/\/www.hydraulic-cylinders.net\/es\/wp-json\/wp\/v2\/media\/14788"}],"wp:attachment":[{"href":"https:\/\/www.hydraulic-cylinders.net\/es\/wp-json\/wp\/v2\/media?parent=15853"}],"wp:term":[{"taxonomy":"product_brand","embeddable":true,"href":"https:\/\/www.hydraulic-cylinders.net\/es\/wp-json\/wp\/v2\/product_brand?post=15853"},{"taxonomy":"product_cat","embeddable":true,"href":"https:\/\/www.hydraulic-cylinders.net\/es\/wp-json\/wp\/v2\/product_cat?post=15853"},{"taxonomy":"product_tag","embeddable":true,"href":"https:\/\/www.hydraulic-cylinders.net\/es\/wp-json\/wp\/v2\/product_tag?post=15853"}],"curies":[{"name":"wp","href":"https:\/\/api.w.org\/{rel}","templated":true}]}}