{"id":15856,"date":"2025-01-19T15:04:54","date_gmt":"2025-01-19T15:04:54","guid":{"rendered":"https:\/\/www.hydraulic-cylinders.net\/product\/bucket-cylinder-for-yuchai-yc55-8\/"},"modified":"2025-01-19T15:05:00","modified_gmt":"2025-01-19T15:05:00","slug":"bucket-cylinder-for-yuchai-yc55-8","status":"publish","type":"product","link":"https:\/\/www.hydraulic-cylinders.net\/es\/producto\/bucket-cylinder-for-yuchai-yc55-8\/","title":{"rendered":"Cilindro de cuchar\u00f3n para Yuchai YC55-8"},"content":{"rendered":"<h1>Cilindro de cuchar\u00f3n para Yuchai YC55-8<\/h1>\n<h2>Introducci\u00f3n<\/h2>\n<p>El cilindro del cuchar\u00f3n para la Yuchai YC55-8 es un cilindro hidr\u00e1ulico especialmente dise\u00f1ado que se utiliza para controlar el movimiento del cuchar\u00f3n en maquinaria pesada como excavadoras, retroexcavadoras y cargadoras frontales. Su funci\u00f3n principal es permitir la elevaci\u00f3n, el descenso y la inclinaci\u00f3n del cuchar\u00f3n, facilitando la realizaci\u00f3n de diversas tareas de manipulaci\u00f3n de materiales. En un sistema hidr\u00e1ulico, el cilindro del cuchar\u00f3n logra un control preciso del cuchar\u00f3n mediante cambios en la presi\u00f3n del aceite hidr\u00e1ulico, lo que permite a los operadores manipular cargas pesadas con eficiencia y adaptarse a entornos de trabajo complejos y a diversos requisitos.<\/p>\n<p><img decoding=\"async\" src=\"https:\/\/www.hydraulic-cylinders.net\/wp-content\/uploads\/2025\/01\/songte-company-2.webp\" alt=\"Imagen del cilindro del cubo\"><\/p>\n<h2>Caracter\u00edsticas<\/h2>\n<ul>\n<li><strong>Alta resistencia y durabilidad:<\/strong> Fabricado generalmente en acero o aluminio de alta resistencia, el cilindro del cuchar\u00f3n puede soportar alta presi\u00f3n y cargas pesadas, adapt\u00e1ndose a entornos de trabajo hostiles. Su dise\u00f1o considera la resistencia al desgaste y a la corrosi\u00f3n, lo que prolonga su vida \u00fatil.<\/li>\n<li><strong>Operaci\u00f3n hidr\u00e1ulica eficiente:<\/strong> Al utilizar la presi\u00f3n del aceite hidr\u00e1ulico, el cilindro del cuchar\u00f3n logra acciones suaves de extensi\u00f3n y retracci\u00f3n, lo que permite una respuesta r\u00e1pida a los comandos de control y proporciona poderosas fuerzas de empuje y tracci\u00f3n, adecuadas para manipular cargas pesadas y tareas laborales complejas.<\/li>\n<li><strong>Varios tipos:<\/strong> El cilindro del cuchar\u00f3n se puede seleccionar como de acci\u00f3n simple (presi\u00f3n hidr\u00e1ulica utilizada en una sola direcci\u00f3n) o de acci\u00f3n doble (presi\u00f3n hidr\u00e1ulica utilizada en ambas direcciones) seg\u00fan los requisitos, y algunos modelos son telesc\u00f3picos, lo que permite una mayor extensi\u00f3n sin aumentar las dimensiones externas, adecuado para aplicaciones con espacio limitado.<\/li>\n<li><strong>Repuestos para cilindros hidr\u00e1ulicos:<\/strong> Nuestro producto puede sustituir perfectamente a estos cilindros hidr\u00e1ulicos.<\/li>\n<\/ul>\n<p><img decoding=\"async\" src=\"https:\/\/www.hydraulic-cylinders.net\/wp-content\/uploads\/2025\/01\/songte-cylinder-head-with-all-kinds-excavator-models.webp\" alt=\"Imagen de reemplazo del cilindro del cuchar\u00f3n\"><\/p>\n<h2>Aplicaciones<\/h2>\n<ul>\n<li><strong>Equipos de construcci\u00f3n:<\/strong> Se encuentran en las excavadoras y son cruciales para excavar, cargar y mover tierra o escombros. En las retroexcavadoras, el cilindro del cuchar\u00f3n facilita tanto la excavaci\u00f3n como la elevaci\u00f3n.<\/li>\n<li><strong>Maquinaria agr\u00edcola:<\/strong> Se utiliza en cargadores frontales para recoger, levantar y transportar tierra, heno y otros materiales.<\/li>\n<li><strong>Excavadoras:<\/strong> El cilindro del cuchar\u00f3n permite la excavaci\u00f3n al permitir que el cuchar\u00f3n penetre en el suelo.<\/li>\n<li><strong>Cargadores:<\/strong> En los cargadores frontales, ayudan a levantar e inclinar las mercanc\u00edas de manera eficaz.<\/li>\n<\/ul>\n<h2>Consideraciones de dise\u00f1o y criterios de selecci\u00f3n<\/h2>\n<ul>\n<li><strong>Capacidad de carga:<\/strong> Analice la importancia de la capacidad de carga del cilindro del cuchar\u00f3n.<\/li>\n<li><strong>Caza de focas:<\/strong> Analice la importancia de un sellado eficaz para evitar fugas y garantizar un rendimiento \u00f3ptimo.<\/li>\n<li><strong>Durabilidad:<\/strong> Analice los requisitos de durabilidad del cilindro del cuchar\u00f3n en diversas condiciones de trabajo.<\/li>\n<li><strong>Seguridad:<\/strong> Analice las consideraciones de seguridad en el dise\u00f1o del cilindro del cuchar\u00f3n.<\/li>\n<li><strong>Mantenibilidad:<\/strong> Analice la facilidad de mantenimiento y reparaci\u00f3n del cilindro del cuchar\u00f3n.<\/li>\n<\/ul>\n<p><img decoding=\"async\" src=\"https:\/\/www.hydraulic-cylinders.net\/wp-content\/uploads\/2025\/01\/songte-oil-pipes-and-spare-parts.webp\" alt=\"Imagen de piezas del cilindro hidr\u00e1ulico\"><\/p>\n<h2>Sellado y lubricaci\u00f3n<\/h2>\n<p>El cilindro del cuchar\u00f3n utiliza diversos componentes de sellado, como sellos de pist\u00f3n y de v\u00e1stago, fabricados con materiales resistentes al desgaste como poliuretano y caucho de nitrilo. El cuerpo del cilindro y los extremos roscados se someten a un procesamiento de precisi\u00f3n para mejorar la resistencia al desgaste. Se requiere una lubricaci\u00f3n regular con la cantidad adecuada de aceite hidr\u00e1ulico para garantizar un funcionamiento suave.<\/p>\n<h2>Inspecci\u00f3n regular y mantenimiento preventivo<\/h2>\n<p>La inspecci\u00f3n regular y las medidas de mantenimiento preventivo son cruciales para mantener el rendimiento \u00f3ptimo y la longevidad del cilindro del cuchar\u00f3n. Estas medidas incluyen:<\/p>\n<ul>\n<li>Inspeccionar el cilindro para detectar fugas, da\u00f1os y desgaste.<\/li>\n<li>Aplicar lubricaci\u00f3n adecuada.<\/li>\n<li>Reemplazo de sellos desgastados.<\/li>\n<li>Realizando comprobaciones de calibraci\u00f3n.<\/li>\n<\/ul>\n<p><img decoding=\"async\" src=\"https:\/\/www.hydraulic-cylinders.net\/wp-content\/uploads\/2025\/01\/songte-chushion-collar.webp\" alt=\"Imagen de mantenimiento de cilindro hidr\u00e1ulico\"><\/p>\n<h2>Consideraciones de seguridad y factores ambientales<\/h2>\n<p>Al utilizar el cilindro del cuchar\u00f3n, es importante seguir las medidas de seguridad para prevenir accidentes y garantizar el bienestar de los operadores y las personas presentes. Tambi\u00e9n se deben considerar factores ambientales como el ruido y las emisiones.<\/p>\n<h2>Soluci\u00f3n de problemas y problemas comunes<\/h2>\n<p>Analice posibles aver\u00edas y problemas comunes que pueden surgir al usar el cilindro del cuchar\u00f3n. Proporcione consejos y soluciones para diagnosticar y resolver problemas eficazmente, as\u00ed como medidas preventivas para minimizar posibles problemas.<\/p>\n<p><img decoding=\"async\" src=\"https:\/\/www.hydraulic-cylinders.net\/wp-content\/uploads\/2025\/01\/songte-bushings-with-all-kinds-of-excavator-models.webp\" alt=\"Imagen de soluci\u00f3n de problemas del cilindro del cuchar\u00f3n\"><\/p>\n<p>Recuerda organizar el art\u00edculo de forma l\u00f3gica, utilizando subt\u00edtulos para facilitar la navegaci\u00f3n. Incorpora im\u00e1genes o gr\u00e1ficos relevantes para mejorar la comprensi\u00f3n. Aseg\u00farate de que el contenido sea claro, conciso y adecuado para lectores con distintos niveles de conocimientos t\u00e9cnicos.<\/p>\n<h2>Acerca de nuestra empresa<\/h2>\n<p>Somos fabricantes de cilindros hidr\u00e1ulicos de repuesto y un fabricante y distribuidor mayorista l\u00edder en el mercado nacional e internacional. Priorizamos la excelencia en la calidad y nos basamos en estrategias de gesti\u00f3n de producci\u00f3n industrializadas en nuestros talleres de fabricaci\u00f3n. Nuestra empresa mejora continuamente la plataforma de fabricaci\u00f3n, perfecciona la ruta de producci\u00f3n para garantizar la calidad del producto y posee una s\u00f3lida capacidad de innovaci\u00f3n. Nuestro objetivo es satisfacer las diversas necesidades de nuestros clientes con alta eficiencia, precisi\u00f3n y calidad.<\/p>\n<p><img decoding=\"async\" src=\"https:\/\/hzpt.com\/wp-content\/uploads\/2024\/11\/songte-company-1.webp\" alt=\"Imagen de la empresa\"><\/p>\n<h3>Profesionalismo:<\/h3>\n<p>Contamos con un equipo de profesionales calificados dedicados a entregar cilindros hidr\u00e1ulicos de alta calidad.<\/p>\n<h3>Certificaciones internacionales:<\/h3>\n<p>Nuestra empresa cuenta con certificaciones internacionales que garantizan la calidad del producto y el cumplimiento de los est\u00e1ndares de la industria.<\/p>\n<h3>Servicios de personalizaci\u00f3n:<\/h3>\n<p>Ofrecemos servicios de personalizaci\u00f3n para satisfacer los requisitos espec\u00edficos del cliente.<\/p>\n<h3>Equipo de producci\u00f3n:<\/h3>\n<p>Utilizamos equipos de fabricaci\u00f3n digital avanzados para garantizar una producci\u00f3n precisa y eficiente.<\/p>\n<h3>Servicio postventa:<\/h3>\n<p>Brindamos servicios integrales de postventa para garantizar la satisfacci\u00f3n del cliente.<\/p>\n<p><img decoding=\"async\" src=\"https:\/\/www.hydraulic-cylinders.net\/wp-content\/uploads\/2025\/01\/songte-company-3.webp\" alt=\"Imagen de informaci\u00f3n de la empresa\"><\/p>\n<p>Autor: lyl<\/p>","protected":false},"excerpt":{"rendered":"<p>Bucket Cylinder For Yuchai YC55-8 Introduction The bucket cylinder for Yuchai YC55-8 is a specially designed hydraulic cylinder used to control the motion of the bucket in heavy machinery such as excavators, backhoe loaders, and front loaders. Its main function is to enable the lifting, lowering, and tilting of the bucket, making it easier to [&hellip;]<\/p>","protected":false},"featured_media":14784,"comment_status":"open","ping_status":"closed","template":"","meta":{"_et_pb_use_builder":"","_et_pb_old_content":"","_et_gb_content_width":""},"product_brand":[],"product_cat":[1494],"product_tag":[1495,1496],"class_list":{"0":"post-15856","1":"product","2":"type-product","3":"status-publish","4":"has-post-thumbnail","6":"product_cat-bucket-cylinders","7":"product_tag-bucket-cylinders","8":"product_tag-hydraulic-cylinders","10":"first","11":"instock","12":"shipping-taxable","13":"product-type-simple"},"amp_enabled":true,"_links":{"self":[{"href":"https:\/\/www.hydraulic-cylinders.net\/es\/wp-json\/wp\/v2\/product\/15856","targetHints":{"allow":["GET"]}}],"collection":[{"href":"https:\/\/www.hydraulic-cylinders.net\/es\/wp-json\/wp\/v2\/product"}],"about":[{"href":"https:\/\/www.hydraulic-cylinders.net\/es\/wp-json\/wp\/v2\/types\/product"}],"replies":[{"embeddable":true,"href":"https:\/\/www.hydraulic-cylinders.net\/es\/wp-json\/wp\/v2\/comments?post=15856"}],"wp:featuredmedia":[{"embeddable":true,"href":"https:\/\/www.hydraulic-cylinders.net\/es\/wp-json\/wp\/v2\/media\/14784"}],"wp:attachment":[{"href":"https:\/\/www.hydraulic-cylinders.net\/es\/wp-json\/wp\/v2\/media?parent=15856"}],"wp:term":[{"taxonomy":"product_brand","embeddable":true,"href":"https:\/\/www.hydraulic-cylinders.net\/es\/wp-json\/wp\/v2\/product_brand?post=15856"},{"taxonomy":"product_cat","embeddable":true,"href":"https:\/\/www.hydraulic-cylinders.net\/es\/wp-json\/wp\/v2\/product_cat?post=15856"},{"taxonomy":"product_tag","embeddable":true,"href":"https:\/\/www.hydraulic-cylinders.net\/es\/wp-json\/wp\/v2\/product_tag?post=15856"}],"curies":[{"name":"wp","href":"https:\/\/api.w.org\/{rel}","templated":true}]}}