{"id":15862,"date":"2025-01-19T15:05:25","date_gmt":"2025-01-19T15:05:25","guid":{"rendered":"https:\/\/www.hydraulic-cylinders.net\/product\/bucket-cylinder-for-yuchai-yc50-8\/"},"modified":"2025-01-19T15:05:27","modified_gmt":"2025-01-19T15:05:27","slug":"bucket-cylinder-for-yuchai-yc50-8","status":"publish","type":"product","link":"https:\/\/www.hydraulic-cylinders.net\/es\/producto\/bucket-cylinder-for-yuchai-yc50-8\/","title":{"rendered":"Cilindro de cuchar\u00f3n para Yuchai YC50-8"},"content":{"rendered":"<h1>Cilindro de cuchar\u00f3n para Yuchai YC50-8<\/h1>\n<h2>Introducci\u00f3n<\/h2>\n<p>El cilindro de la cuchara para la Yuchai YC50-8 es un cilindro hidr\u00e1ulico especializado dise\u00f1ado para controlar el movimiento de la cuchara en maquinaria pesada como excavadoras, retroexcavadoras y cargadoras frontales. Su funci\u00f3n principal es permitir la elevaci\u00f3n, el descenso y la inclinaci\u00f3n de la cuchara, facilitando as\u00ed diversas tareas de manipulaci\u00f3n de materiales. En un sistema hidr\u00e1ulico, el cilindro de la cuchara logra un control preciso de la misma mediante el aprovechamiento de las variaciones de presi\u00f3n del aceite hidr\u00e1ulico, lo que permite a los operadores manejar cargas pesadas con eficiencia y adaptarse a entornos de trabajo complejos y a diversos requisitos operativos.<\/p>\n<p><img decoding=\"async\" src=\"https:\/\/www.hydraulic-cylinders.net\/wp-content\/uploads\/2025\/01\/songte-company-2.webp\"\/><\/p>\n<h2>Caracter\u00edsticas<\/h2>\n<ul>\n<li><strong>Alta resistencia y durabilidad:<\/strong> El cilindro del cuchar\u00f3n, generalmente fabricado en acero de alta resistencia o aluminio, es capaz de soportar altas presiones y cargas pesadas, adapt\u00e1ndose a condiciones de trabajo exigentes. Su dise\u00f1o tiene en cuenta la resistencia al desgaste y a la corrosi\u00f3n, lo que prolonga su vida \u00fatil.<\/li>\n<li><strong>Operaci\u00f3n hidr\u00e1ulica eficiente:<\/strong> Gracias a la presi\u00f3n del aceite hidr\u00e1ulico, el cilindro del cuchar\u00f3n permite una extensi\u00f3n y retracci\u00f3n suaves, lo que facilita una respuesta r\u00e1pida a las \u00f3rdenes de control y proporciona una gran fuerza de empuje y tracci\u00f3n. Es ideal para manipular cargas pesadas y realizar tareas operativas complejas.<\/li>\n<li><strong>Varios tipos:<\/strong> El cilindro del cuchar\u00f3n puede seleccionarse como de simple efecto (presi\u00f3n hidr\u00e1ulica en una sola direcci\u00f3n) o de doble efecto (presi\u00f3n hidr\u00e1ulica en ambas direcciones) seg\u00fan las necesidades, satisfaciendo as\u00ed diferentes requerimientos operativos. Algunos modelos son telesc\u00f3picos, lo que permite una mayor extensi\u00f3n sin aumentar las dimensiones externas, haci\u00e9ndolos id\u00f3neos para aplicaciones con espacio limitado.<\/li>\n<li><strong>Reemplazo perfecto:<\/strong> Nuestro producto puede sustituir perfectamente a estos cilindros hidr\u00e1ulicos.<\/li>\n<\/ul>\n<p><img decoding=\"async\" src=\"https:\/\/www.hydraulic-cylinders.net\/wp-content\/uploads\/2025\/01\/songte-cylinder-head-with-all-kinds-excavator-models.webp\"\/><\/p>\n<h2>Aplicaciones<\/h2>\n<p>El cilindro del cuchar\u00f3n encuentra aplicaci\u00f3n en diversos equipos:<\/p>\n<ul>\n<li><strong>Equipos de construcci\u00f3n:<\/strong> Presentes en las excavadoras, son cruciales para excavar, cargar y mover tierra o escombros. En las retroexcavadoras, el cilindro del cuchar\u00f3n ayuda tanto a excavar como a levantar.<\/li>\n<li><strong>Maquinaria agr\u00edcola:<\/strong> Utilizadas en cargadoras frontales, ayudan a recoger, levantar y transportar tierra, heno y otros materiales.<\/li>\n<li><strong>Excavadoras:<\/strong> El cilindro del cuchar\u00f3n permite realizar acciones de excavaci\u00f3n al permitir que el cuchar\u00f3n penetre en el suelo.<\/li>\n<li><strong>Cargadores frontales:<\/strong> En las cargadoras frontales, ayudan a levantar e inclinar la carga de manera eficaz.<\/li>\n<\/ul>\n<h2>Consideraciones de dise\u00f1o y criterios de selecci\u00f3n<\/h2>\n<p>En lo que respecta a las consideraciones de dise\u00f1o y los criterios de selecci\u00f3n, los siguientes aspectos son importantes:<\/p>\n<ul>\n<li><strong>Capacidad de carga:<\/strong> Analice la capacidad del cilindro del cuchar\u00f3n para soportar cargas pesadas.<\/li>\n<li><strong>Caza de focas:<\/strong> Analice el uso de diversos sellos, como los sellos de pist\u00f3n y los sellos de v\u00e1stago, fabricados con materiales resistentes al desgaste como el poliuretano y el caucho de nitrilo.<\/li>\n<li><strong>Durabilidad:<\/strong> Analice el tratamiento superficial fino del cuerpo del cilindro y de la superficie del extremo roscado para mejorar la resistencia al desgaste.<\/li>\n<li><strong>Seguridad:<\/strong> Analice las medidas de seguridad asociadas al uso del cilindro del cuchar\u00f3n.<\/li>\n<li><strong>Mantenibilidad:<\/strong> Analice la facilidad de mantenimiento y reparaci\u00f3n del cilindro del cuchar\u00f3n.<\/li>\n<\/ul>\n<p><img decoding=\"async\" src=\"https:\/\/www.hydraulic-cylinders.net\/wp-content\/uploads\/2025\/01\/songte-oil-pipes-and-spare-parts.webp\"\/><\/p>\n<h2>Sellado y lubricaci\u00f3n<\/h2>\n<p>El cilindro del cuchar\u00f3n utiliza diversos sellos, como sellos de pist\u00f3n y sellos de v\u00e1stago, fabricados con materiales resistentes al desgaste como poliuretano y caucho de nitrilo. El cuerpo del cilindro y la superficie roscada reciben un tratamiento superficial de alta precisi\u00f3n para mejorar su resistencia al desgaste. Es necesario lubricar regularmente con la cantidad adecuada de aceite hidr\u00e1ulico para garantizar un funcionamiento \u00f3ptimo y una larga vida \u00fatil.<\/p>\n<h2>Inspecci\u00f3n y mantenimiento preventivo<\/h2>\n<p>La inspecci\u00f3n peri\u00f3dica y el mantenimiento preventivo son cruciales para garantizar el \u00f3ptimo funcionamiento del cilindro del cuchar\u00f3n. Deben adoptarse las siguientes medidas:<\/p>\n<ul>\n<li>Inspeccione el cilindro para detectar cualquier da\u00f1o o fuga.<\/li>\n<li>Aseg\u00farese de que todas las partes m\u00f3viles est\u00e9n lubricadas adecuadamente.<\/li>\n<li>Reemplace las juntas peri\u00f3dicamente para evitar fugas.<\/li>\n<li>Realice comprobaciones de calibraci\u00f3n para mantener un funcionamiento preciso.<\/li>\n<\/ul>\n<p><img decoding=\"async\" src=\"https:\/\/www.hydraulic-cylinders.net\/wp-content\/uploads\/2025\/01\/songte-chushion-collar.webp\"\/><\/p>\n<h2>Consideraciones de seguridad y factores ambientales<\/h2>\n<p>Es fundamental garantizar las medidas de seguridad al utilizar el cilindro del cuchar\u00f3n. Al seleccionar y utilizar el cilindro, tenga en cuenta los factores ambientales para minimizar cualquier impacto negativo.<\/p>\n<h2>Diagn\u00f3stico de fallas y problemas comunes<\/h2>\n<p>Ante fallos o problemas comunes en el cilindro del cuchar\u00f3n, los siguientes consejos y soluciones pueden ayudar a diagnosticar y resolver los problemas eficazmente. Asimismo, se proporcionan medidas preventivas para minimizar posibles problemas.<\/p>\n<p><img decoding=\"async\" src=\"https:\/\/www.hydraulic-cylinders.net\/wp-content\/uploads\/2025\/01\/songte-bushings-with-all-kinds-of-excavator-models.webp\"\/><\/p>\n<h2>Tareas de mantenimiento<\/h2>\n<p>Resalte tres tareas comunes de mantenimiento: inspecci\u00f3n regular, lubricaci\u00f3n adecuada y reemplazo de sellos, as\u00ed como la importancia de una correcta instalaci\u00f3n, lubricaci\u00f3n y ajuste. Proporcione orientaci\u00f3n para alinear correctamente el cilindro durante la instalaci\u00f3n y recomiende el uso de soportes de montaje apropiados para fijarlo. Recomiende procedimientos de inspecci\u00f3n, reparaci\u00f3n y reemplazo, ofrezca servicios de reemplazo y reconstrucci\u00f3n de piezas, y brinde consejos para prolongar la vida \u00fatil del cilindro del cuchar\u00f3n.<\/p>\n<h2>Nuestra empresa<\/h2>\n<p>Somos fabricantes especializados en cilindros hidr\u00e1ulicos de repuesto. Nuestra empresa ofrece una amplia gama de productos y se ha consolidado como uno de los principales fabricantes y distribuidores mayoristas de cilindros hidr\u00e1ulicos tanto en el mercado nacional como internacional. Nos regimos por los principios de excelencia y aplicamos estrategias de gesti\u00f3n de producci\u00f3n industrializadas en nuestro taller de fabricaci\u00f3n de \u00faltima generaci\u00f3n. Gracias a nuestro enfoque en el talento tecnol\u00f3gico, equipos de fabricaci\u00f3n digital de vanguardia y sistemas de pruebas profesionales, mejoramos continuamente nuestra plataforma de fabricaci\u00f3n y nuestros procesos de producci\u00f3n, garantizando as\u00ed una alta eficiencia, precisi\u00f3n y calidad para satisfacer las diversas necesidades de nuestros clientes.<\/p>\n<p><img decoding=\"async\" src=\"https:\/\/hzpt.com\/wp-content\/uploads\/2024\/11\/songte-company-1.webp\"\/><\/p>\n<h2>Acerca de nuestra empresa<\/h2>\n<p>Nuestra empresa destaca en el sector por las siguientes razones:<\/p>\n<ul>\n<li>Profesionalismo<\/li>\n<li>Certificaciones internacionales<\/li>\n<li>Servicios de personalizaci\u00f3n<\/li>\n<li>Equipos de producci\u00f3n<\/li>\n<li>Servicios posventa<\/li>\n<\/ul>\n<p><img decoding=\"async\" src=\"https:\/\/www.hydraulic-cylinders.net\/wp-content\/uploads\/2025\/01\/songte-company-3.webp\"\/><\/p>\n<p>Autor: lyl<\/p>","protected":false},"excerpt":{"rendered":"<p>Bucket Cylinder For Yuchai YC50-8 Introduction The bucket cylinder for Yuchai YC50-8 is a specialized hydraulic cylinder designed to control the movement of the bucket in heavy machinery such as excavators, backhoe loaders, and front loaders. Its main function is to enable the lifting, lowering, and tilting of the bucket, making it easier to handle [&hellip;]<\/p>","protected":false},"featured_media":14771,"comment_status":"open","ping_status":"closed","template":"","meta":{"_et_pb_use_builder":"","_et_pb_old_content":"","_et_gb_content_width":""},"product_brand":[],"product_cat":[1494],"product_tag":[1495,1496],"class_list":{"0":"post-15862","1":"product","2":"type-product","3":"status-publish","4":"has-post-thumbnail","6":"product_cat-bucket-cylinders","7":"product_tag-bucket-cylinders","8":"product_tag-hydraulic-cylinders","10":"first","11":"instock","12":"shipping-taxable","13":"product-type-simple"},"amp_enabled":true,"_links":{"self":[{"href":"https:\/\/www.hydraulic-cylinders.net\/es\/wp-json\/wp\/v2\/product\/15862","targetHints":{"allow":["GET"]}}],"collection":[{"href":"https:\/\/www.hydraulic-cylinders.net\/es\/wp-json\/wp\/v2\/product"}],"about":[{"href":"https:\/\/www.hydraulic-cylinders.net\/es\/wp-json\/wp\/v2\/types\/product"}],"replies":[{"embeddable":true,"href":"https:\/\/www.hydraulic-cylinders.net\/es\/wp-json\/wp\/v2\/comments?post=15862"}],"wp:featuredmedia":[{"embeddable":true,"href":"https:\/\/www.hydraulic-cylinders.net\/es\/wp-json\/wp\/v2\/media\/14771"}],"wp:attachment":[{"href":"https:\/\/www.hydraulic-cylinders.net\/es\/wp-json\/wp\/v2\/media?parent=15862"}],"wp:term":[{"taxonomy":"product_brand","embeddable":true,"href":"https:\/\/www.hydraulic-cylinders.net\/es\/wp-json\/wp\/v2\/product_brand?post=15862"},{"taxonomy":"product_cat","embeddable":true,"href":"https:\/\/www.hydraulic-cylinders.net\/es\/wp-json\/wp\/v2\/product_cat?post=15862"},{"taxonomy":"product_tag","embeddable":true,"href":"https:\/\/www.hydraulic-cylinders.net\/es\/wp-json\/wp\/v2\/product_tag?post=15862"}],"curies":[{"name":"wp","href":"https:\/\/api.w.org\/{rel}","templated":true}]}}