{"id":15867,"date":"2025-01-19T15:05:48","date_gmt":"2025-01-19T15:05:48","guid":{"rendered":"https:\/\/www.hydraulic-cylinders.net\/product\/bucket-cylinder-for-yangong-yg70c\/"},"modified":"2025-01-19T15:05:50","modified_gmt":"2025-01-19T15:05:50","slug":"bucket-cylinder-for-yangong-yg70c","status":"publish","type":"product","link":"https:\/\/www.hydraulic-cylinders.net\/es\/producto\/bucket-cylinder-for-yangong-yg70c\/","title":{"rendered":"Cilindro de cuchar\u00f3n para Yangong YG70C"},"content":{"rendered":"<h1>Cilindro de cuchar\u00f3n para Yangong YG70C<\/h1>\n<h2>Introducci\u00f3n<\/h2>\n<p>El cilindro del cuchar\u00f3n para la Yangong YG70C es un cilindro hidr\u00e1ulico especialmente dise\u00f1ado que se utiliza para controlar el movimiento del cuchar\u00f3n en maquinaria pesada como excavadoras, retroexcavadoras y cargadoras frontales. Su funci\u00f3n principal es permitir que el cuchar\u00f3n se eleve, baje e incline, facilitando diversas tareas de manipulaci\u00f3n de materiales. En el sistema hidr\u00e1ulico, el cilindro del cuchar\u00f3n logra un control preciso del cuchar\u00f3n mediante cambios en la presi\u00f3n del aceite hidr\u00e1ulico, lo que permite a los operadores manipular cargas pesadas con eficiencia y adaptarse a entornos de trabajo complejos y diversos requisitos operativos.<\/p>\n<p><img decoding=\"async\" src=\"https:\/\/www.hydraulic-cylinders.net\/wp-content\/uploads\/2025\/01\/songte-company-2.webp\"><\/p>\n<h2>Caracter\u00edsticas<\/h2>\n<ul>\n<li>Alta resistencia y durabilidad: Fabricado generalmente en acero o aluminio de alta resistencia, es capaz de soportar altas presiones y cargas pesadas, adapt\u00e1ndose a entornos de trabajo hostiles. Su dise\u00f1o considera la resistencia al desgaste y a la corrosi\u00f3n, lo que prolonga su vida \u00fatil.<\/li>\n<li>Operaci\u00f3n hidr\u00e1ulica eficiente: Utilizando la presi\u00f3n del aceite hidr\u00e1ulico para lograr una extensi\u00f3n y retracci\u00f3n suaves, puede responder r\u00e1pidamente a los comandos de control, proporcionando una fuerte fuerza de empuje y tracci\u00f3n, adecuada para manipular objetos pesados \u200b\u200b\u200b\u200by tareas operativas complejas.<\/li>\n<li>Diversos tipos: Se pueden seleccionar cilindros de simple efecto (hidr\u00e1ulicos en una sola direcci\u00f3n) o de doble efecto (hidr\u00e1ulicos en dos direcciones) seg\u00fan las necesidades operativas. Algunos modelos son telesc\u00f3picos, lo que permite una mayor extensi\u00f3n sin aumentar las dimensiones externas, ideal para aplicaciones con espacio limitado.<\/li>\n<li>Reemplazable: Nuestro producto puede reemplazar perfectamente estos cilindros hidr\u00e1ulicos.<\/li>\n<\/ul>\n<p><img decoding=\"async\" src=\"https:\/\/www.hydraulic-cylinders.net\/wp-content\/uploads\/2025\/01\/songte-cylinder-head-with-all-kinds-excavator-models.webp\"><\/p>\n<h2>Aplicaciones<\/h2>\n<p>El cilindro de cuchara para Yangong YG70C se usa ampliamente en diversas maquinarias pesadas, entre ellas:<\/p>\n<ul>\n<li>Equipos de construcci\u00f3n: En las excavadoras, son cruciales para excavar, cargar y mover tierra o escombros. En las retroexcavadoras, el cilindro del cuchar\u00f3n facilita tanto la excavaci\u00f3n como la elevaci\u00f3n. <\/li>\n<li>Maquinaria agr\u00edcola: Se utiliza en cargadoras frontales para excavar, levantar y transportar tierra, heno y otros materiales.<\/li>\n<li>Excavadoras: El cilindro del cuchar\u00f3n permite la acci\u00f3n de excavaci\u00f3n al permitir que el cuchar\u00f3n penetre en el suelo. <\/li>\n<li>Cargadores: En los cargadores frontales, ayudan a levantar y descargar mercanc\u00edas de manera eficaz. <\/li>\n<\/ul>\n<h2>Criterios de dise\u00f1o y selecci\u00f3n<\/h2>\n<p>El cilindro del cuchar\u00f3n para Yangong YG70C est\u00e1 dise\u00f1ado teniendo en cuenta las siguientes consideraciones:<\/p>\n<ul>\n<li>capacidad de carga<\/li>\n<li>Caza de focas<\/li>\n<li>Durabilidad<\/li>\n<li>Seguridad<\/li>\n<li>Mantenibilidad<\/li>\n<\/ul>\n<p>El cilindro tiene una alta capacidad de carga, buen rendimiento de sellado, excelente durabilidad y f\u00e1cil mantenimiento debido a su cuerpo de cilindro y superficie de varilla procesados \u200b\u200bcon precisi\u00f3n, materiales resistentes al desgaste y a la corrosi\u00f3n para los sellos y lubricaci\u00f3n peri\u00f3dica con una cantidad adecuada de aceite hidr\u00e1ulico.<\/p>\n<p><img decoding=\"async\" src=\"https:\/\/www.hydraulic-cylinders.net\/wp-content\/uploads\/2025\/01\/songte-oil-pipes-and-spare-parts.webp\"><\/p>\n<h2>Mantenimiento<\/h2>\n<p>El mantenimiento regular es esencial para garantizar la longevidad y el rendimiento \u00f3ptimo del cilindro del cuchar\u00f3n. Algunas tareas de mantenimiento comunes incluyen:<\/p>\n<ul>\n<li>Inspecci\u00f3n regular<\/li>\n<li>Lubricaci\u00f3n adecuada<\/li>\n<li>Reemplazo de sellos<\/li>\n<li>Comprobaci\u00f3n de calibraci\u00f3n<\/li>\n<\/ul>\n<p>La instalaci\u00f3n, lubricaci\u00f3n y ajuste adecuados son esenciales para el rendimiento \u00f3ptimo del cilindro del cuchar\u00f3n. Se recomienda utilizar soportes de instalaci\u00f3n adecuados para fijar el cilindro y seguir los procedimientos recomendados de inspecci\u00f3n, reparaci\u00f3n y reemplazo para garantizar su larga vida \u00fatil.<\/p>\n<p><img decoding=\"async\" src=\"https:\/\/www.hydraulic-cylinders.net\/wp-content\/uploads\/2025\/01\/songte-chushion-collar.webp\"><\/p>\n<h2>Consideraciones de seguridad y medio ambiente<\/h2>\n<p>Las medidas de seguridad son cruciales al utilizar el cilindro del cuchar\u00f3n para prevenir accidentes. Se recomienda el uso de equipo de seguridad, como guantes y gafas protectoras, al manipularlo. Tambi\u00e9n es fundamental desechar el aceite hidr\u00e1ulico y otros residuos de forma segura, cumpliendo con la normativa ambiental.<\/p>\n<h2>Diagn\u00f3stico y soluci\u00f3n de problemas<\/h2>\n<p>Algunos problemas comunes que pueden ocurrir al usar el cilindro del cuchar\u00f3n incluyen fugas de aceite, ruidos anormales y lentitud. Para diagnosticar y solucionar estos problemas, se recomienda seguir los procedimientos de inspecci\u00f3n y reparaci\u00f3n recomendados.<\/p>\n<p><img decoding=\"async\" src=\"https:\/\/www.hydraulic-cylinders.net\/wp-content\/uploads\/2025\/01\/songte-bushings-with-all-kinds-of-excavator-models.webp\"><\/p>\n<h2>Acerca de nuestra empresa<\/h2>\n<p>Somos un fabricante y mayorista l\u00edder de cilindros hidr\u00e1ulicos, con una gama completa de productos en los mercados nacional e internacional. Priorizamos la excelente calidad y nos basamos en estrategias de gesti\u00f3n de producci\u00f3n industrializadas, respaldadas por un taller de fabricaci\u00f3n de vanguardia, talento tecnol\u00f3gico, equipos de fabricaci\u00f3n digital de alta gama y sistemas de prueba profesionales. Mejoramos continuamente nuestra plataforma de fabricaci\u00f3n en el taller, perfeccionando la calidad de nuestros productos y contando con una s\u00f3lida capacidad de creaci\u00f3n. Nuestro objetivo es ofrecer a nuestros clientes productos eficientes, precisos y de alta calidad que satisfagan sus diversas necesidades.<\/p>\n<p><img decoding=\"async\" src=\"https:\/\/hzpt.com\/wp-content\/uploads\/2024\/11\/songte-company-1.webp\"><\/p>\n<p>Nuestra empresa ofrece servicios profesionales, certificaciones internacionales, servicios personalizados, equipos de producci\u00f3n y servicio posventa. Nos comprometemos a proporcionar a nuestros clientes cilindros hidr\u00e1ulicos de alta calidad y un servicio excelente.<\/p>\n<h2>Autor: lyl<\/h2>","protected":false},"excerpt":{"rendered":"<p>Bucket Cylinder For Yangong YG70C Introduction The bucket cylinder for Yangong YG70C is a specially designed hydraulic cylinder used to control the movement of the bucket in heavy machinery such as excavators, backhoe loaders, and front-end loaders. Its main function is to enable the bucket to lift, lower, and tilt, making it easier to handle [&hellip;]<\/p>","protected":false},"featured_media":14789,"comment_status":"open","ping_status":"closed","template":"","meta":{"_et_pb_use_builder":"","_et_pb_old_content":"","_et_gb_content_width":""},"product_brand":[],"product_cat":[1494],"product_tag":[1495,1496],"class_list":{"0":"post-15867","1":"product","2":"type-product","3":"status-publish","4":"has-post-thumbnail","6":"product_cat-bucket-cylinders","7":"product_tag-bucket-cylinders","8":"product_tag-hydraulic-cylinders","10":"first","11":"instock","12":"shipping-taxable","13":"product-type-simple"},"amp_enabled":true,"_links":{"self":[{"href":"https:\/\/www.hydraulic-cylinders.net\/es\/wp-json\/wp\/v2\/product\/15867","targetHints":{"allow":["GET"]}}],"collection":[{"href":"https:\/\/www.hydraulic-cylinders.net\/es\/wp-json\/wp\/v2\/product"}],"about":[{"href":"https:\/\/www.hydraulic-cylinders.net\/es\/wp-json\/wp\/v2\/types\/product"}],"replies":[{"embeddable":true,"href":"https:\/\/www.hydraulic-cylinders.net\/es\/wp-json\/wp\/v2\/comments?post=15867"}],"wp:featuredmedia":[{"embeddable":true,"href":"https:\/\/www.hydraulic-cylinders.net\/es\/wp-json\/wp\/v2\/media\/14789"}],"wp:attachment":[{"href":"https:\/\/www.hydraulic-cylinders.net\/es\/wp-json\/wp\/v2\/media?parent=15867"}],"wp:term":[{"taxonomy":"product_brand","embeddable":true,"href":"https:\/\/www.hydraulic-cylinders.net\/es\/wp-json\/wp\/v2\/product_brand?post=15867"},{"taxonomy":"product_cat","embeddable":true,"href":"https:\/\/www.hydraulic-cylinders.net\/es\/wp-json\/wp\/v2\/product_cat?post=15867"},{"taxonomy":"product_tag","embeddable":true,"href":"https:\/\/www.hydraulic-cylinders.net\/es\/wp-json\/wp\/v2\/product_tag?post=15867"}],"curies":[{"name":"wp","href":"https:\/\/api.w.org\/{rel}","templated":true}]}}